{"id":31709,"date":"2020-07-13T10:22:01","date_gmt":"2020-07-13T10:22:01","guid":{"rendered":"https:\/\/www.ambifuego.net\/xtempx\/?post_type=product&#038;p=31709"},"modified":"2023-10-11T12:04:27","modified_gmt":"2023-10-11T10:04:27","slug":"cesto-de-gas-e4","status":"publish","type":"product","link":"https:\/\/www.ambifuego.net\/es\/producto\/cesto-de-gas-e4\/","title":{"rendered":"CESTO &#8211; E4"},"content":{"rendered":"<p>Chimeneas de gas con forma de trapecio. Ideal para encajar en cualquier hogar o chimenea existente con salida de humos natural. Dise\u00f1o minimalista con le\u00f1os cer\u00e1micos de gran calidad. Regulaci\u00f3n manual o con opci\u00f3n de mando a distancia.<\/p>\n<ul>\n<li>Cesto de gas Lpg \/ Nat<\/li>\n<li>Acero &#8211; color negro<\/li>\n<li>Efecto de llamas le\u00f1os cer\u00e1micos<\/li>\n<li>Para instalar en chimenea \/ hogar existente<\/li>\n<li>Salida de humos tiro abierto<\/li>\n<li>Mando a distancia (Opcional)<\/li>\n<li>Decoraci\u00f3n con le\u00f1os o carbones cer\u00e1micos<\/li>\n<li>*M\u00e1s informaci\u00f3n &#8211;<a href=\"https:\/\/www.ambifuego.net\/wp-content\/uploads\/2021\/06\/18-06-21-2-Sin-estufa-columbus.pdf\"> Cat\u00e1logo<\/a> &#8211; p\u00e1g. 17 &#8211;<\/li>\n<\/ul>\n<p>&nbsp;<\/p>\n<p><img fetchpriority=\"high\" decoding=\"async\" class=\"alignnone size-full wp-image-43798\" src=\"https:\/\/www.ambifuego.net\/wp-content\/uploads\/2021\/08\/plano-e4_optimized-1-e1627899069764.jpg\" alt=\"\" width=\"455\" height=\"250\" \/><\/p>\n<p>&nbsp;<\/p>\n","protected":false},"excerpt":{"rendered":"<p><img decoding=\"async\" class=\"alignnone size-medium wp-image-43788\" src=\"https:\/\/www.ambifuego.net\/wp-content\/uploads\/2021\/08\/cesto-e4-2_optimized-480x270.jpg\" alt=\"\" width=\"480\" height=\"270\" srcset=\"https:\/\/www.ambifuego.net\/wp-content\/uploads\/2021\/08\/cesto-e4-2_optimized-480x270.jpg 480w, https:\/\/www.ambifuego.net\/wp-content\/uploads\/2021\/08\/cesto-e4-2_optimized.jpg 500w\" sizes=\"(max-width: 480px) 100vw, 480px\" \/><\/p>\n","protected":false},"featured_media":43785,"template":"","meta":[],"product_brand":[],"product_cat":[185,258],"product_tag":[],"class_list":{"0":"post-31709","1":"product","2":"type-product","3":"status-publish","4":"has-post-thumbnail","6":"product_cat-chimeneas-y-productos-gas","7":"product_cat-cestos-decorativos-de-gas","9":"first","10":"instock","11":"shipping-taxable","12":"product-type-simple"},"_links":{"self":[{"href":"https:\/\/www.ambifuego.net\/es\/wp-json\/wp\/v2\/product\/31709","targetHints":{"allow":["GET"]}}],"collection":[{"href":"https:\/\/www.ambifuego.net\/es\/wp-json\/wp\/v2\/product"}],"about":[{"href":"https:\/\/www.ambifuego.net\/es\/wp-json\/wp\/v2\/types\/product"}],"version-history":[{"count":0,"href":"https:\/\/www.ambifuego.net\/es\/wp-json\/wp\/v2\/product\/31709\/revisions"}],"wp:featuredmedia":[{"embeddable":true,"href":"https:\/\/www.ambifuego.net\/es\/wp-json\/wp\/v2\/media\/43785"}],"wp:attachment":[{"href":"https:\/\/www.ambifuego.net\/es\/wp-json\/wp\/v2\/media?parent=31709"}],"wp:term":[{"taxonomy":"product_brand","embeddable":true,"href":"https:\/\/www.ambifuego.net\/es\/wp-json\/wp\/v2\/product_brand?post=31709"},{"taxonomy":"product_cat","embeddable":true,"href":"https:\/\/www.ambifuego.net\/es\/wp-json\/wp\/v2\/product_cat?post=31709"},{"taxonomy":"product_tag","embeddable":true,"href":"https:\/\/www.ambifuego.net\/es\/wp-json\/wp\/v2\/product_tag?post=31709"}],"curies":[{"name":"wp","href":"https:\/\/api.w.org\/{rel}","templated":true}]}}