{"id":27579,"date":"2019-11-13T14:45:34","date_gmt":"2019-11-13T14:45:34","guid":{"rendered":"https:\/\/www.ambifuego.net\/xtempx\/?post_type=product&#038;p=27579"},"modified":"2025-10-23T11:50:21","modified_gmt":"2025-10-23T09:50:21","slug":"antorcha-de-gas-personalizada","status":"publish","type":"product","link":"https:\/\/www.ambifuego.net\/es\/producto\/antorcha-de-gas-personalizada\/","title":{"rendered":"QUEMADOR ANTORCHA"},"content":{"rendered":"<h2 style=\"text-align: justify;\"><span style=\"font-family: verdana, geneva, sans-serif; font-size: 14pt;\">Antorcha de gas personalizada con un quemador circular. <\/span><\/h2>\n<p style=\"text-align: justify;\"><span style=\"font-family: verdana, geneva, sans-serif;\">El quemador tambi\u00e9n es adecuado para un fog\u00f3n, un pebetero peque\u00f1o o una mesa con hueco preparado para instalar el quemador en su interior. Una <em>antorcha<\/em> de propano o gas natural <em>para su uso en exteriores y <\/em>\u00a0crear un gran ambiente en cualquier lugar al aire libre y es ideal <em>para<\/em> el patio trasero, la terraza o todo el patio.<\/span><\/p>\n<p style=\"text-align: justify;\"><span style=\"font-family: verdana, geneva, sans-serif;\">En nuestra amplia gama podr\u00e1 elegir desde quemadores para pebeteros, antorchas exteriores de varios tama\u00f1os y potencias. Estos productos son para su <a href=\"https:\/\/www.youtube.com\/watch?v=SXVSLK7RBqQ&amp;ab_channel=EuropaPress\" target=\"_blank\" rel=\"noopener\">uso en exteriores p\u00fablicos<\/a>\u00a0o\u00a0 para uso dom\u00e9stico como por ejemplo en jardines o terrazas.\u00a0Las antorchas normalmente, son de tama\u00f1os peque\u00f1os o medianos mientras que los pebeteros y los quemadores pueden ser bastante m\u00e1s grandes.\u00a0\u00a0<\/span><\/p>\n<div class='yrm-content yrm-content-1 yrm-content-hide  ' id='yrm-6IDik' data-id='1' data-show-status='false' data-after-action='' style=\"visibility: hidden;height: 0;\">\n\t\t\t<div id='yrm-inner-content-yrm-6IDik' class='yrm-inner-content-wrapper yrm-cntent-1'><\/p>\n<p style=\"text-align: justify;\"><span style=\"font-family: verdana, geneva, sans-serif;\">Finalmente si lo que busca es un toque exclusivo en su terraza o jard\u00edn, probablemente con uno de nuestros pebeteros o antorchas lograr\u00e1 su objetivo. Ciertamente las veladas junto a un buen fuego crear\u00e1 un ambiente muy confortable y ser\u00e1 la admiraci\u00f3n de cualquier visita<\/span><\/p>\n<p style=\"text-align: justify;\"><span style=\"font-family: verdana, geneva, sans-serif;\">Con este modelo de\u00a0 antorcha puede transformar f\u00e1cilmente su espacio en un elegante para\u00edso e incluso utilizarla como iluminaci\u00f3n port\u00e1til.<\/span><\/p>\n<p style=\"text-align: justify;\"><span style=\"font-family: verdana, geneva, sans-serif;\"> Producto que funciona con una botella de gas propano en el interior del tubo de acero esmaltado de color negro. Si por el contrario utilizar gas natural deber\u00e1 de tener una instalaci\u00f3n de gas fija a la entrada del gas. De igual modo puede ser instalado sobre base, pedestal o poste. Decida usted mismo la altura del poste o tubo donde quiera montarlo.\u00a0 Encendido manual con piezo electr\u00f3nico.\u00a0<\/span><\/p>\n<h2><span style=\"font-family: verdana, geneva, sans-serif; font-size: 14pt;\">Antorcha de gas personalizada de acero<\/span><\/h2>\n<ul>\n<li style=\"text-align: justify;\"><span style=\"font-family: verdana, geneva, sans-serif;\">Quemador de gas Propano \/\u00a0 gas Natural<\/span><\/li>\n<li style=\"text-align: justify;\"><span style=\"font-family: verdana, geneva, sans-serif;\">Potencia; 6 KW<\/span><\/li>\n<li style=\"text-align: justify;\"><span style=\"font-family: verdana, geneva, sans-serif;\">Manual o con un mando a distancia<\/span><\/li>\n<li style=\"text-align: justify;\"><span style=\"font-family: verdana, geneva, sans-serif;\">Medidas; 34 cm di\u00e1metro x 20 cm alto<\/span><\/li>\n<li style=\"text-align: justify;\"><span style=\"font-family: verdana, geneva, sans-serif;\">F\u00e1cil de instalar en cualquier superficie o poste estable<\/span><\/li>\n<li style=\"text-align: justify;\"><span style=\"font-family: verdana, geneva, sans-serif;\">*M\u00e1s informaci\u00f3n &#8211; <a href=\"https:\/\/www.ambifuego.net\/wp-content\/uploads\/2023\/06\/05-06-23-bbq.pub2_compressed-1.pdf\" target=\"_blank\" rel=\"noopener\">Cat\u00e1logo <\/a>&#8211;<\/span><\/li>\n<li style=\"text-align: justify;\"><a href=\"https:\/\/www.ambifuego.net\/contacto\/\" target=\"_blank\" rel=\"noopener\"><span style=\"font-family: verdana, geneva, sans-serif;\">Consultas PVP<\/span><\/a><\/li>\n<\/ul>\n<p><\/div>\n\t\t<\/div><div class='yrm-btn-wrapper yrm-btn-wrapper-1 yrm-more-button-wrapper  '\n\t\tdata-custom-more-class-name='' data-custom-less-class-name=''><span title='' data-less-title='' data-more-title='' class='yrm-toggle-expand  yrm-toggle-expand-1 ' data-rel='yrm-6IDik' data-more='M\u00e1s detalles ' data-less='Ver menos'><span class='yrm-text-wrapper yrm-text-wrapper-custom-dimensions'><span class=\"yrm-button-text-1 yrm-button-text-span\">M\u00e1s detalles <\/span><\/span><\/span><\/div>\n","protected":false},"excerpt":{"rendered":"[video width=\"320\" height=\"568\" mp4=\"https:\/\/www.ambifuego.net\/wp-content\/uploads\/2019\/11\/quemador-joe-2-small.mp4\" loop=\"true\" autoplay=\"true\"][\/video]\n<p><strong>Quemador antorcha<\/strong><\/p>\n<p>&nbsp;<\/p>\n","protected":false},"featured_media":79886,"template":"","meta":[],"product_brand":[],"product_cat":[282],"product_tag":[],"class_list":{"0":"post-27579","1":"product","2":"type-product","3":"status-publish","4":"has-post-thumbnail","6":"product_cat-fire-pits-estufas-fuegos-jardin-terrazas-exteriores-farolas","8":"first","9":"instock","10":"shipping-taxable","11":"product-type-simple"},"_links":{"self":[{"href":"https:\/\/www.ambifuego.net\/es\/wp-json\/wp\/v2\/product\/27579","targetHints":{"allow":["GET"]}}],"collection":[{"href":"https:\/\/www.ambifuego.net\/es\/wp-json\/wp\/v2\/product"}],"about":[{"href":"https:\/\/www.ambifuego.net\/es\/wp-json\/wp\/v2\/types\/product"}],"version-history":[{"count":0,"href":"https:\/\/www.ambifuego.net\/es\/wp-json\/wp\/v2\/product\/27579\/revisions"}],"wp:featuredmedia":[{"embeddable":true,"href":"https:\/\/www.ambifuego.net\/es\/wp-json\/wp\/v2\/media\/79886"}],"wp:attachment":[{"href":"https:\/\/www.ambifuego.net\/es\/wp-json\/wp\/v2\/media?parent=27579"}],"wp:term":[{"taxonomy":"product_brand","embeddable":true,"href":"https:\/\/www.ambifuego.net\/es\/wp-json\/wp\/v2\/product_brand?post=27579"},{"taxonomy":"product_cat","embeddable":true,"href":"https:\/\/www.ambifuego.net\/es\/wp-json\/wp\/v2\/product_cat?post=27579"},{"taxonomy":"product_tag","embeddable":true,"href":"https:\/\/www.ambifuego.net\/es\/wp-json\/wp\/v2\/product_tag?post=27579"}],"curies":[{"name":"wp","href":"https:\/\/api.w.org\/{rel}","templated":true}]}}