{"id":27430,"date":"2019-10-16T13:17:51","date_gmt":"2019-10-16T13:17:51","guid":{"rendered":"https:\/\/www.ambifuego.net\/xtempx\/?post_type=product&#038;p=27430"},"modified":"2025-10-30T16:47:22","modified_gmt":"2025-10-30T15:47:22","slug":"chimenea-de-gas-4-lados","status":"publish","type":"product","link":"https:\/\/www.ambifuego.net\/es\/producto\/chimenea-de-gas-4-lados\/","title":{"rendered":"4 LADOS &#8211; 1500"},"content":{"rendered":"<p style=\"text-align: justify;\"><span style=\"font-family: verdana, geneva, sans-serif;\">Chimenea de gas 4-lados modelos especiales con vista ilimitada del fuego. Si no tiene una salida de humos, a\u00fan as\u00ed puede instalar esta bonita chimenea de gas. Estos modelos de Chimeneas a\u00a0 gas con 4 caras de visi\u00f3n panor\u00e1mica, desde cualquier lugar de la estancia, tienen una salida de humos estanca. Es decir con este sistema de evacuaci\u00f3n de humos, es mucho m\u00e1s f\u00e1cil instalar una chimenea cuando no se tiene una atmosf\u00e9rica tradicional. Claro est\u00e1, puede conectar a un tiro de chimenea existente o instalarla cerca de una pared exterior (Salida estanca) donde un tubo conc\u00e9ntrico har\u00e1 la funci\u00f3n de extracci\u00f3n de gases.<\/span><\/p>\n<div class='yrm-content yrm-content-1 yrm-content-hide  ' id='yrm-VdEct' data-id='1' data-show-status='false' data-after-action='' style=\"visibility: hidden;height: 0;\">\n\t\t\t<div id='yrm-inner-content-yrm-VdEct' class='yrm-inner-content-wrapper yrm-cntent-1'><\/p>\n<h2><span style=\"font-family: verdana, geneva, sans-serif;\">Chimenea Especial, con la facilidad del gas y cuatro caras de belleza.<\/span><\/h2>\n<p style=\"text-align: justify;\"><span style=\"font-family: verdana, geneva, sans-serif;\">Con esta chimenea de gas puede disfrutar todos los d\u00edas del calor y de la vista de las bellas llamas. Adem\u00e1s de las llamas reales, imitando magn\u00edficamente un fuego real este modelo viene equipado en la base del hogar de luces Led. Estas luces Led imitan las brasas de un fuego de le\u00f1a. Creando una imagen muy natural del fuego. Esta chimenea de gas 4-lados de gas pueden actuar como <strong>Separadores de Espacios<\/strong> en grandes salones creando espacios individuales. Disfrute de la calidez y belleza de estas chimeneas.<\/span><\/p>\n<ul>\n<li><span style=\"font-family: verdana, geneva, sans-serif;\">Chimeneas panor\u00e1micas\u00a0de gas<\/span><\/li>\n<li><span style=\"font-family: verdana, geneva, sans-serif;\">Dise\u00f1os especiales<\/span><\/li>\n<li><span style=\"font-family: verdana, geneva, sans-serif;\">Gas Natural \/ Propano<\/span><\/li>\n<li><span style=\"font-family: verdana, geneva, sans-serif;\">Vista de llama del fuego varios lados<\/span><\/li>\n<li><span style=\"font-family: verdana, geneva, sans-serif;\">Eficiencia alta<\/span><\/li>\n<li><span style=\"font-family: verdana, geneva, sans-serif;\">Mando a distancia<\/span><\/li>\n<li><span style=\"font-family: verdana, geneva, sans-serif;\">Salida de humos estanca o con Extractor de humos<\/span><\/li>\n<li><span style=\"font-family: verdana, geneva, sans-serif;\">Quemadores varios seg\u00fan modelo &#8211; <a href=\"https:\/\/www.ambifuego.net\/wp-content\/uploads\/2023\/10\/20-10-23-cat.general-comprimido.pdf\" target=\"_blank\" rel=\"noopener\">Cat\u00e1logo general<\/a> -pag.4-<\/span><\/li>\n<li><span style=\"font-family: verdana, geneva, sans-serif;\">Le\u00f1os cer\u00e1micos &#8211; Piedras<\/span><\/li>\n<li><span style=\"font-family: verdana, geneva, sans-serif;\"><a href=\"https:\/\/www.ambifuego.net\/contacto\/\" target=\"_blank\" rel=\"noopener\">PVP &#8211; Disponibilidad<\/a><\/span><\/li>\n<li><span style=\"font-family: verdana, geneva, sans-serif;\"><a href=\"https:\/\/www.ambifuego.net\/wp-content\/uploads\/2022\/05\/ESPANOL-DRU-2022_compressed-1.pdf\" target=\"_blank\" rel=\"noopener\">Cat\u00e1logo-Dru<\/a><\/span><\/li>\n<\/ul>\n<p><\/div>\n\t\t<\/div><div class='yrm-btn-wrapper yrm-btn-wrapper-1 yrm-more-button-wrapper  '\n\t\tdata-custom-more-class-name='' data-custom-less-class-name=''><span title='' data-less-title='' data-more-title='' class='yrm-toggle-expand  yrm-toggle-expand-1 ' data-rel='yrm-VdEct' data-more='M\u00e1s detalles ' data-less='Ver menos'><span class='yrm-text-wrapper yrm-text-wrapper-custom-dimensions'><span class=\"yrm-button-text-1 yrm-button-text-span\">M\u00e1s detalles <\/span><\/span><\/span><\/div>\n","protected":false},"excerpt":{"rendered":"[video width=\"1280\" height=\"720\" mp4=\"https:\/\/www.ambifuego.net\/wp-content\/uploads\/2019\/10\/4-lados-gasfire.mp4\"][\/video]\n<p>&nbsp;<\/p>\n","protected":false},"featured_media":80884,"template":"","meta":[],"product_brand":[],"product_cat":[537,535],"product_tag":[],"class_list":{"0":"post-27430","1":"product","2":"type-product","3":"status-publish","4":"has-post-thumbnail","6":"product_cat-chimeneas-separando-ambientes","7":"product_cat-chimenea-de-gas-4-lados","9":"first","10":"instock","11":"shipping-taxable","12":"product-type-simple"},"_links":{"self":[{"href":"https:\/\/www.ambifuego.net\/es\/wp-json\/wp\/v2\/product\/27430","targetHints":{"allow":["GET"]}}],"collection":[{"href":"https:\/\/www.ambifuego.net\/es\/wp-json\/wp\/v2\/product"}],"about":[{"href":"https:\/\/www.ambifuego.net\/es\/wp-json\/wp\/v2\/types\/product"}],"version-history":[{"count":0,"href":"https:\/\/www.ambifuego.net\/es\/wp-json\/wp\/v2\/product\/27430\/revisions"}],"wp:featuredmedia":[{"embeddable":true,"href":"https:\/\/www.ambifuego.net\/es\/wp-json\/wp\/v2\/media\/80884"}],"wp:attachment":[{"href":"https:\/\/www.ambifuego.net\/es\/wp-json\/wp\/v2\/media?parent=27430"}],"wp:term":[{"taxonomy":"product_brand","embeddable":true,"href":"https:\/\/www.ambifuego.net\/es\/wp-json\/wp\/v2\/product_brand?post=27430"},{"taxonomy":"product_cat","embeddable":true,"href":"https:\/\/www.ambifuego.net\/es\/wp-json\/wp\/v2\/product_cat?post=27430"},{"taxonomy":"product_tag","embeddable":true,"href":"https:\/\/www.ambifuego.net\/es\/wp-json\/wp\/v2\/product_tag?post=27430"}],"curies":[{"name":"wp","href":"https:\/\/api.w.org\/{rel}","templated":true}]}}