{"id":25491,"date":"2019-03-06T15:02:07","date_gmt":"2019-03-06T15:02:07","guid":{"rendered":"https:\/\/www.ambifuego.net\/xtempx\/?post_type=product&#038;p=25491"},"modified":"2025-11-17T10:33:43","modified_gmt":"2025-11-17T09:33:43","slug":"redonda-pellet","status":"publish","type":"product","link":"https:\/\/www.ambifuego.net\/es\/producto\/redonda-pellet\/","title":{"rendered":"REDONDA &#8211; HERMETICA"},"content":{"rendered":"<h1><span style=\"font-size: 18pt;\">Redonda pellet Hermetica &#8211; Fundici\u00f3n alta eficiencia.<\/span><\/h1>\n<p><span style=\"font-family: verdana, geneva, sans-serif;\">Redonda pellet, una estufa de pellets que puede instalarse en esquina o pared lisa. Varios colores a elegir; blanco, rojo, gris.<\/span><\/p>\n<p><span style=\"font-family: verdana, geneva, sans-serif;\"><strong>Las estufas de pellets son generadores de calor<\/strong>\u00a0que utilizan\u00a0pellets de madera\u00a0prensada para realizar la combusti\u00f3n dentro de una c\u00e1mara cerrada, emitiendo un agradable calor a la estancia con una\u00a0<strong>fuente de energ\u00eda renovable<\/strong> como es la biomasa \u00a0en forma de pellet.<\/span><\/p>\n<div class='yrm-content yrm-content-1 yrm-content-hide  ' id='yrm-f9uUC' data-id='1' data-show-status='false' data-after-action='' style=\"visibility: hidden;height: 0;\">\n\t\t\t<div id='yrm-inner-content-yrm-f9uUC' class='yrm-inner-content-wrapper yrm-cntent-1'><\/p>\n<p><span style=\"font-family: verdana, geneva, sans-serif;\">Pellets \u2013 Biomasa . Chimeneas, casette y estufas de pellets \u2013 Biomasa, es un material con alto poder calor\u00edfico y baja emisi\u00f3n de CO2. Amplia gama de modelos y colores para elegir.<\/span><\/p>\n<p><span style=\"font-family: verdana, geneva, sans-serif;\">F\u00e1cil uso con panel digital o mando a distancia. Muy eficientes y potentes que distribuyen el calor r\u00e1pidamente por medio de las turbinas que incorpora. Dise\u00f1os redondos, cuadrados, rectangulares, de pasillo con poco fondo, o dise\u00f1os con frente circular de cristal vitrocer\u00e1mico.<\/span><\/p>\n<ul>\n<li><span style=\"font-family: verdana, geneva, sans-serif;\">M\u00e1s informaci\u00f3n;<a href=\"https:\/\/www.ambifuego.net\/es\/contacto-mensajes-consultas-informacion\/\" target=\"_blank\" rel=\"noopener\"> Contacto<\/a><\/span><\/li>\n<li><span style=\"font-family: verdana, geneva, sans-serif;\"><a href=\"https:\/\/vimeo.com\/ambifuego\" target=\"_blank\" rel=\"noopener\">Videos<\/a> varios<\/span><\/li>\n<\/ul>\n<p><figure id=\"attachment_81789\" aria-describedby=\"caption-attachment-81789\" style=\"width: 582px\" class=\"wp-caption alignnone\"><img decoding=\"async\" class=\" wp-image-81789\" src=\"https:\/\/www.ambifuego.net\/wp-content\/uploads\/2019\/03\/HERMETICA-COLORES-SP_11zon_11zon.webp\" alt=\"redonda pellet hermetica\" width=\"582\" height=\"73\" srcset=\"https:\/\/www.ambifuego.net\/wp-content\/uploads\/2019\/03\/HERMETICA-COLORES-SP_11zon_11zon.webp 1257w, https:\/\/www.ambifuego.net\/wp-content\/uploads\/2019\/03\/HERMETICA-COLORES-SP_11zon_11zon-768x97.webp 768w, https:\/\/www.ambifuego.net\/wp-content\/uploads\/2019\/03\/HERMETICA-COLORES-SP_11zon_11zon-800x101.webp 800w\" sizes=\"(max-width: 582px) 100vw, 582px\" \/><figcaption id=\"caption-attachment-81789\" class=\"wp-caption-text\">redonda pellet hermetica<\/figcaption><\/figure><\/p>\n<p><\/div>\n\t\t<\/div><div class='yrm-btn-wrapper yrm-btn-wrapper-1 yrm-more-button-wrapper  '\n\t\tdata-custom-more-class-name='' data-custom-less-class-name=''><span title='' data-less-title='' data-more-title='' class='yrm-toggle-expand  yrm-toggle-expand-1 ' data-rel='yrm-f9uUC' data-more='M\u00e1s detalles ' data-less='Ver menos'><span class='yrm-text-wrapper yrm-text-wrapper-custom-dimensions'><span class=\"yrm-button-text-1 yrm-button-text-span\">M\u00e1s detalles <\/span><\/span><\/span><\/div>\n","protected":false},"excerpt":{"rendered":"[caption id=\"attachment_81770\" align=\"alignnone\" width=\"455\"]<img fetchpriority=\"high\" decoding=\"async\" class=\"size-full wp-image-81770\" src=\"https:\/\/www.ambifuego.net\/wp-content\/uploads\/2019\/03\/FOTO-HERMETICA_11zon_11zon.webp\" alt=\"redonda pellet\" width=\"455\" height=\"427\" \/> redonda pellet hermetica[\/caption]\n","protected":false},"featured_media":81806,"template":"","meta":[],"product_brand":[],"product_cat":[275,278],"product_tag":[],"class_list":{"0":"post-25491","1":"product","2":"type-product","3":"status-publish","4":"has-post-thumbnail","6":"product_cat-chimeneas-de-biomasa","7":"product_cat-estufas-de-pellets-redondas","9":"first","10":"instock","11":"shipping-taxable","12":"product-type-simple"},"_links":{"self":[{"href":"https:\/\/www.ambifuego.net\/es\/wp-json\/wp\/v2\/product\/25491","targetHints":{"allow":["GET"]}}],"collection":[{"href":"https:\/\/www.ambifuego.net\/es\/wp-json\/wp\/v2\/product"}],"about":[{"href":"https:\/\/www.ambifuego.net\/es\/wp-json\/wp\/v2\/types\/product"}],"version-history":[{"count":0,"href":"https:\/\/www.ambifuego.net\/es\/wp-json\/wp\/v2\/product\/25491\/revisions"}],"wp:featuredmedia":[{"embeddable":true,"href":"https:\/\/www.ambifuego.net\/es\/wp-json\/wp\/v2\/media\/81806"}],"wp:attachment":[{"href":"https:\/\/www.ambifuego.net\/es\/wp-json\/wp\/v2\/media?parent=25491"}],"wp:term":[{"taxonomy":"product_brand","embeddable":true,"href":"https:\/\/www.ambifuego.net\/es\/wp-json\/wp\/v2\/product_brand?post=25491"},{"taxonomy":"product_cat","embeddable":true,"href":"https:\/\/www.ambifuego.net\/es\/wp-json\/wp\/v2\/product_cat?post=25491"},{"taxonomy":"product_tag","embeddable":true,"href":"https:\/\/www.ambifuego.net\/es\/wp-json\/wp\/v2\/product_tag?post=25491"}],"curies":[{"name":"wp","href":"https:\/\/api.w.org\/{rel}","templated":true}]}}