{"id":24454,"date":"2019-01-11T11:14:57","date_gmt":"2019-01-11T11:14:57","guid":{"rendered":"https:\/\/www.ambifuego.net\/xtempx\/?post_type=product&#038;p=24454"},"modified":"2025-06-09T11:41:58","modified_gmt":"2025-06-09T09:41:58","slug":"chimeneas-electricas-modernas-decorativas","status":"publish","type":"product","link":"https:\/\/www.ambifuego.net\/es\/producto\/chimeneas-electricas-modernas-decorativas\/","title":{"rendered":"GLAZER 1800-1500"},"content":{"rendered":"<h1 style=\"text-align: justify;\"><span style=\"font-size: 14pt; font-family: verdana, geneva, sans-serif;\">Chimeneas el\u00e9ctricas modernas decorativas<\/span><\/h1>\n<p style=\"text-align: justify;\"><span style=\"font-family: verdana, geneva, sans-serif;\"><em><span style=\"font-size: 12pt;\">Chimeneas el\u00e9ctricas modernas decorativas &#8211; Murales, encastrables o de suelo. <\/span><\/em><\/span><span style=\"font-family: verdana, geneva, sans-serif;\"><span style=\"font-size: 12pt;\">Aparatos el\u00e9ctricos\u00a0 por lo tanto, s<\/span><span style=\"font-size: 12pt;\">in cenizas ni holl\u00edn y es m\u00e1s sin humos. Chimeneas el\u00e9ctricas con opci\u00f3n de vista de fuego a 1, 2 o 3 caras, vers\u00e1tiles y muy realistas. Estructura de metal, cristal templado de seguridad, con calefactor en la parte frontal. Mientras que las chimeneas tradicionales requieren obras, este modelo no lo necesita. De hecho, puede ser montado sobre el suelo, con un mueble modular o tambi\u00e9n asimismo, puede empotrarse en una pared.\u00a0 Son chimeneas el\u00e9ctricas modernas decorativas con efecto llamas muy reales equipadas con un sistema de bombillas Leds.\u00a0<\/span><\/span><\/p>\n<h2 style=\"text-align: justify;\"><span style=\"font-size: 12pt; font-family: verdana, geneva, sans-serif;\">Chimeneas el\u00e9ctricas modernas decorativas<\/span><\/h2>\n<p style=\"text-align: justify;\"><span style=\"font-family: verdana, geneva, sans-serif;\">Puede que en el mercado encuentre muchas chimeneas el\u00e9ctricas modernas decorativas. Sin embargo con la calidad, belleza y versatilidad de este modelo, seguro que no. El modelo Glazer es una chimenea el\u00e9ctrica panor\u00e1mica con\u00a0 efectos de llamas muy real, dif\u00edcil de imitar. Adem\u00e1s tiene la opci\u00f3n de adquirir tambi\u00e9n los m\u00f3dulos para crear un conjunto completo con campana, base y laterales, si no quiere obras. La gama de chimeneas Glazer le brinda la posibilidad\u00a0 de crear un impresionante punto focal en cualquier\u00a0 habitaci\u00f3n de su hogar. La imagen amplia y panor\u00e1mica de la llama LED. Los Modelos pueden convertirse f\u00e1cilmente en chimeneas de 3 lados, de 2 lados de cristal o igualmente simplemente frontal.\u00a0 Puede no obstante, disfrutar de su chimenea con o sin calefacci\u00f3n ofreciendo una sensaci\u00f3n muy contempor\u00e1nea.<\/span><\/p>\n<ul>\n<li style=\"text-align: justify;\"><span style=\"font-family: verdana, geneva, sans-serif;\">Chimeneas el\u00e9ctricas modernas\u00a0 &#8211; Panor\u00e1mica de 1500 &#8211; 1800 mm<\/span><\/li>\n<li><span style=\"font-family: verdana, geneva, sans-serif;\"><a href=\"https:\/\/flameritefires.com\/en\/product-category\/fires\/fire-fitting\/built-in-wall-mounted-fires\/\" target=\"_blank\" rel=\"noopener\">Chimenea el\u00e9ctrica de gran tama\u00f1o<\/a>. Opci\u00f3n de combinar con m\u00f3dulos, lateral, campana, &#8230;<\/span><\/li>\n<li><span style=\"font-family: verdana, geneva, sans-serif;\">Chimenea fabricadas en Europa, por lo tanto de gran calidad.<\/span><\/li>\n<li><span style=\"font-family: verdana, geneva, sans-serif;\">Empresa con 20 a\u00f1os de experiencia<\/span><\/li>\n<li><span style=\"font-family: verdana, geneva, sans-serif;\">Chimenea el\u00e9ctrica\u00a0 que tambi\u00e9n puede acoplarse a un mueble &#8211; Modulo<\/span><\/li>\n<li><span style=\"font-family: verdana, geneva, sans-serif;\">Vista de llama frente, esquina o\u00a0 3 lados<\/span><\/li>\n<li><span style=\"font-family: verdana, geneva, sans-serif;\">Potencia calefactor a partir de 750 w \/ 1500 w<\/span><\/li>\n<li><span style=\"font-family: verdana, geneva, sans-serif;\">Efecto de llamas abundantes y profundas<\/span><\/li>\n<li><span style=\"font-family: verdana, geneva, sans-serif;\">Efecto de brasas rojizas<\/span><\/li>\n<li><span style=\"font-family: verdana, geneva, sans-serif;\">Le\u00f1os cer\u00e1micos &#8211; Gran Calidad- Piedras<\/span><\/li>\n<li><span style=\"font-family: verdana, geneva, sans-serif;\">Cristal frontal 2 posiciones para mayor efecto \u00f3ptico<\/span><\/li>\n<li><span style=\"font-family: verdana, geneva, sans-serif;\">Control de la chimenea &#8211; App tel\u00e9fono<\/span><\/li>\n<li><span style=\"font-family: verdana, geneva, sans-serif;\">Efecto de llamas con bombillas LED, por ello bajo consumo el\u00e9ctrico<\/span><\/li>\n<li><span style=\"font-family: verdana, geneva, sans-serif;\">Opcional<strong>&#8211;<\/strong> Nitra-Flame por lo tanto puede regular llamas de varios colores, es decir multicolores<\/span><\/li>\n<li><span style=\"font-family: verdana, geneva, sans-serif;\">Opcional &#8211; Radia-Flame regula las llamas amarillas<\/span><\/li>\n<li><span style=\"font-family: verdana, geneva, sans-serif;\">Mando de pared\u00a0 opcional<\/span><\/li>\n<li><span style=\"font-family: verdana, geneva, sans-serif;\"><a href=\"https:\/\/www.ambifuego.net\/contacto\/\" target=\"_blank\" rel=\"noopener\">PVP &#8211; Disponibilidad<\/a><\/span><\/li>\n<li><span style=\"font-family: verdana, geneva, sans-serif;\"><a href=\"https:\/\/www.ambifuego.net\/wp-content\/uploads\/2021\/06\/glazer-modular-catalogo-comprimido.pdf\" target=\"_blank\" rel=\"noopener\">Cat\u00e1logo<\/a>\u00a0<\/span><\/li>\n<li><span style=\"font-family: verdana, geneva, sans-serif;\"><a href=\"https:\/\/vimeo.com\/manage\/videos\/885655053\" target=\"_blank\" rel=\"noopener\">Video<\/a><\/span><\/li>\n<\/ul>\n<p><img fetchpriority=\"high\" decoding=\"async\" class=\"size-full wp-image-49323\" src=\"https:\/\/www.ambifuego.net\/wp-content\/uploads\/2019\/01\/glazer-1800-1500-medidas_optimized-1.jpg\" alt=\"chimenea 1800-1500 medidas glazer-modular- electric fire glazer- elektrokamin\" width=\"944\" height=\"150\" srcset=\"https:\/\/www.ambifuego.net\/wp-content\/uploads\/2019\/01\/glazer-1800-1500-medidas_optimized-1.jpg 944w, https:\/\/www.ambifuego.net\/wp-content\/uploads\/2019\/01\/glazer-1800-1500-medidas_optimized-1-480x76.jpg 480w, https:\/\/www.ambifuego.net\/wp-content\/uploads\/2019\/01\/glazer-1800-1500-medidas_optimized-1-768x122.jpg 768w, https:\/\/www.ambifuego.net\/wp-content\/uploads\/2019\/01\/glazer-1800-1500-medidas_optimized-1-780x124.jpg 780w, https:\/\/www.ambifuego.net\/wp-content\/uploads\/2019\/01\/glazer-1800-1500-medidas_optimized-1-880x140.jpg 880w, https:\/\/www.ambifuego.net\/wp-content\/uploads\/2019\/01\/glazer-1800-1500-medidas_optimized-1-800x127.jpg 800w\" sizes=\"(max-width: 944px) 100vw, 944px\" \/><\/p>\n","protected":false},"excerpt":{"rendered":"<p><img decoding=\"async\" class=\"alignnone size-full wp-image-40504\" src=\"https:\/\/www.ambifuego.net\/wp-content\/uploads\/2021\/05\/1800-glazer-gf2.jpg\" alt=\"chimenea empotrable electrica\" width=\"468\" height=\"320\" \/><\/p>\n","protected":false},"featured_media":49140,"template":"","meta":[],"product_brand":[],"product_cat":[259,264,260],"product_tag":[],"class_list":{"0":"post-24454","1":"product","2":"type-product","3":"status-publish","4":"has-post-thumbnail","6":"product_cat-chimeneas-electricas-decorativas-modernas-calefactor","7":"product_cat-chimeneas-electricas-conjuntos-suite","8":"product_cat-electricas-panoramicas","10":"first","11":"instock","12":"shipping-taxable","13":"product-type-simple"},"_links":{"self":[{"href":"https:\/\/www.ambifuego.net\/es\/wp-json\/wp\/v2\/product\/24454","targetHints":{"allow":["GET"]}}],"collection":[{"href":"https:\/\/www.ambifuego.net\/es\/wp-json\/wp\/v2\/product"}],"about":[{"href":"https:\/\/www.ambifuego.net\/es\/wp-json\/wp\/v2\/types\/product"}],"version-history":[{"count":0,"href":"https:\/\/www.ambifuego.net\/es\/wp-json\/wp\/v2\/product\/24454\/revisions"}],"wp:featuredmedia":[{"embeddable":true,"href":"https:\/\/www.ambifuego.net\/es\/wp-json\/wp\/v2\/media\/49140"}],"wp:attachment":[{"href":"https:\/\/www.ambifuego.net\/es\/wp-json\/wp\/v2\/media?parent=24454"}],"wp:term":[{"taxonomy":"product_brand","embeddable":true,"href":"https:\/\/www.ambifuego.net\/es\/wp-json\/wp\/v2\/product_brand?post=24454"},{"taxonomy":"product_cat","embeddable":true,"href":"https:\/\/www.ambifuego.net\/es\/wp-json\/wp\/v2\/product_cat?post=24454"},{"taxonomy":"product_tag","embeddable":true,"href":"https:\/\/www.ambifuego.net\/es\/wp-json\/wp\/v2\/product_tag?post=24454"}],"curies":[{"name":"wp","href":"https:\/\/api.w.org\/{rel}","templated":true}]}}