{"id":24410,"date":"2018-12-27T12:32:12","date_gmt":"2018-12-27T12:32:12","guid":{"rendered":"https:\/\/www.ambifuego.net\/xtempx\/?post_type=product&#038;p=24410"},"modified":"2025-11-10T15:26:41","modified_gmt":"2025-11-10T14:26:41","slug":"estufa-pellets-frente-redondeado","status":"publish","type":"product","link":"https:\/\/www.ambifuego.net\/es\/producto\/estufa-pellets-frente-redondeado\/","title":{"rendered":"GLASS"},"content":{"rendered":"<p style=\"text-align: justify;\"><span style=\"font-family: verdana, geneva, sans-serif;\">Estufa pellets frente redondeado de gran belleza con Frente Cristal Vitrocer\u00e1mico de color negro &#8211; Adem\u00e1s tiene un gran deposito para los pellets y un cenicero de fundici\u00f3n. Su sello distintivo son sus l\u00edneas verticales que se funden harmoniosamente en la estructura de la estufa, d\u00e1ndole un car\u00e1cter \u00fanico.<\/span><\/p>\n<p style=\"text-align: justify;\"><span style=\"font-family: verdana, geneva, sans-serif;\">Esta estufa adem\u00e1s est\u00e1 <a href=\"https:\/\/www.morettidesign.it\/es\/design\/\">fabricada<\/a> con acero con paredes interiores Firewall (refractory stone), un material especial que, adem\u00e1s de garantizar altos rendimientos, garantiza una importante protecci\u00f3n de la c\u00e1mara de combusti\u00f3n. El coraz\u00f3n de la estufa alcanza temperaturas muy altas. La composici\u00f3n de este material en contacto con los combustibles pellets, no se ve afectado ni alterado en su composici\u00f3n, con un rendimiento de alta potencia.<\/span><\/p>\n<div class='yrm-content yrm-content-1 yrm-content-hide  ' id='yrm-9IMp4' data-id='1' data-show-status='false' data-after-action='' style=\"visibility: hidden;height: 0;\">\n\t\t\t<div id='yrm-inner-content-yrm-9IMp4' class='yrm-inner-content-wrapper yrm-cntent-1'><\/p>\n<p style=\"text-align: justify;\"><span style=\"font-family: verdana, geneva, sans-serif;\">Adem\u00e1s la arcilla se convierte en una cer\u00e1mica de alta tecnolog\u00eda a trav\u00e9s de un proceso de cocci\u00f3n que supera los mil grados. Por lo tanto, a partir de aqu\u00ed, el material que cubre este producto combina la tradici\u00f3n y la exclusividad con toda su belleza<\/span><\/p>\n<h2 style=\"text-align: justify;\"><span style=\"font-family: verdana, geneva, sans-serif; font-size: 14pt;\"><b>ESTUFA DE PELLET FRENTE REDONDEADO DE CRISTAL, MAGICA<\/b><\/span><\/h2>\n<div class=\"wpb_text_column wpb_content_element \">\n<div class=\"wpb_wrapper\">\n<p style=\"text-align: justify;\"><span style=\"font-family: verdana, geneva, sans-serif;\">El cristal frontal \u2028es, de hecho, un cristal templado, resistente a altas temperaturas, sin esmalte. Su composici\u00f3n es una mezcla HI-TECH que lo hace totalmente oscuro impidiendo ver la c\u00e1mara de combusti\u00f3n. Dos principales ventajas del cristal <strong>TOTALMENTE<\/strong>\u00a0oscuro:<\/span><br \/>\n<span style=\"font-family: verdana, geneva, sans-serif;\">El dise\u00f1o de la estufa hace que no es necesario limpiar el cristal tan a menudo como en otros modelos. Como resultado, e<\/span><span style=\"font-family: verdana, geneva, sans-serif;\">l cristal se vuelve m\u00e1gico cuando la estufa se enciende. Solo puede verse la llama hasta el apagado de la estufa lo cual vuelve a ser oscuro convirtiendo la estufa en una joya decorativa.<\/span><\/p>\n<\/div>\n<\/div>\n<p style=\"text-align: justify;\"><span style=\"font-family: verdana, geneva, sans-serif;\">Por primera vez, el cristal curvado se convierte en el protagonista en cualquier estancia donde se encuentre esta estufa.<\/span><\/p>\n<p><span style=\"font-family: verdana, geneva, sans-serif;\">F\u00e1cil uso, muy eficiente. Limpio sin humos, f\u00e1cil limpieza. Alta eficiencia calor\u00edfica. Disponible en varios colores.<\/span><\/p>\n<ul>\n<li><span style=\"font-family: verdana, geneva, sans-serif;\">Estufa pellets frente redondeado u <\/span><span style=\"font-family: verdana, geneva, sans-serif;\">ovalado de cristal vitrocer\u00e1mico<\/span><\/li>\n<li><span style=\"font-family: verdana, geneva, sans-serif;\">Colores varios &#8211; Blanco, rojo, negro &#8211; <\/span><span style=\"font-family: verdana, geneva, sans-serif;\">3 modelos<\/span><\/li>\n<li><span style=\"font-family: verdana, geneva, sans-serif;\">Potencias : 7 &#8211; 9\u00a0 &#8211; 12,2 kW<\/span><\/li>\n<li><span style=\"font-family: verdana, geneva, sans-serif;\"><a href=\"https:\/\/www.ambifuego.net\/contacto\/\">PVP- Disponibilidad<\/a><\/span><\/li>\n<\/ul>\n<p><\/div>\n\t\t<\/div><div class='yrm-btn-wrapper yrm-btn-wrapper-1 yrm-more-button-wrapper  '\n\t\tdata-custom-more-class-name='' data-custom-less-class-name=''><span title='' data-less-title='' data-more-title='' class='yrm-toggle-expand  yrm-toggle-expand-1 ' data-rel='yrm-9IMp4' data-more='M\u00e1s detalles ' data-less='Ver menos'><span class='yrm-text-wrapper yrm-text-wrapper-custom-dimensions'><span class=\"yrm-button-text-1 yrm-button-text-span\">M\u00e1s detalles <\/span><\/span><\/span><\/div>\n<p style=\"text-align: justify;\">\n","protected":false},"excerpt":{"rendered":"[caption id=\"attachment_58718\" align=\"alignnone\" width=\"450\"]<img fetchpriority=\"high\" decoding=\"async\" class=\"wp-image-58718 size-full\" src=\"https:\/\/www.ambifuego.net\/wp-content\/uploads\/2018\/12\/design-pelletofen_optimized.jpg\" alt=\"Estufa pellets frente redondeado- design pelletofen\" width=\"450\" height=\"413\" srcset=\"https:\/\/www.ambifuego.net\/wp-content\/uploads\/2018\/12\/design-pelletofen_optimized.jpg 450w, https:\/\/www.ambifuego.net\/wp-content\/uploads\/2018\/12\/design-pelletofen_optimized-294x270.jpg 294w\" sizes=\"(max-width: 450px) 100vw, 450px\" \/> Estufa pellets frente redondeado &#8211; pelletofen[\/caption]\n","protected":false},"featured_media":79838,"template":"","meta":[],"product_brand":[],"product_cat":[275,278],"product_tag":[],"class_list":{"0":"post-24410","1":"product","2":"type-product","3":"status-publish","4":"has-post-thumbnail","6":"product_cat-chimeneas-de-biomasa","7":"product_cat-estufas-de-pellets-redondas","9":"first","10":"instock","11":"shipping-taxable","12":"product-type-simple"},"_links":{"self":[{"href":"https:\/\/www.ambifuego.net\/es\/wp-json\/wp\/v2\/product\/24410","targetHints":{"allow":["GET"]}}],"collection":[{"href":"https:\/\/www.ambifuego.net\/es\/wp-json\/wp\/v2\/product"}],"about":[{"href":"https:\/\/www.ambifuego.net\/es\/wp-json\/wp\/v2\/types\/product"}],"version-history":[{"count":0,"href":"https:\/\/www.ambifuego.net\/es\/wp-json\/wp\/v2\/product\/24410\/revisions"}],"wp:featuredmedia":[{"embeddable":true,"href":"https:\/\/www.ambifuego.net\/es\/wp-json\/wp\/v2\/media\/79838"}],"wp:attachment":[{"href":"https:\/\/www.ambifuego.net\/es\/wp-json\/wp\/v2\/media?parent=24410"}],"wp:term":[{"taxonomy":"product_brand","embeddable":true,"href":"https:\/\/www.ambifuego.net\/es\/wp-json\/wp\/v2\/product_brand?post=24410"},{"taxonomy":"product_cat","embeddable":true,"href":"https:\/\/www.ambifuego.net\/es\/wp-json\/wp\/v2\/product_cat?post=24410"},{"taxonomy":"product_tag","embeddable":true,"href":"https:\/\/www.ambifuego.net\/es\/wp-json\/wp\/v2\/product_tag?post=24410"}],"curies":[{"name":"wp","href":"https:\/\/api.w.org\/{rel}","templated":true}]}}