{"id":24354,"date":"2018-11-28T13:49:34","date_gmt":"2018-11-28T13:49:34","guid":{"rendered":"https:\/\/www.ambifuego.net\/xtempx\/?post_type=product&#038;p=24354"},"modified":"2025-11-05T14:40:58","modified_gmt":"2025-11-05T13:40:58","slug":"viola-6-viola-8-estufas-de-pasillo","status":"publish","type":"product","link":"https:\/\/www.ambifuego.net\/es\/producto\/viola-6-viola-8-estufas-de-pasillo\/","title":{"rendered":"VIOLA 6 &#8211; 8"},"content":{"rendered":"<h2><span style=\"font-family: verdana, geneva, sans-serif;\">Estufas de pellets de pasillo Viola con poco fondo.<\/span><\/h2>\n<p><span style=\"font-family: verdana, geneva, sans-serif;\"> Estufa pellets de pasillo poco fondo Ideal para pasillos o habitaciones ya que ocupa poco espacio. Estos modelos de estufas de pellets pueden instalarse m\u00e1s cerca de la pared. Varios colores, blanca, bourdeaux, antracita, negra.\u00a0 Preparadas para tener la salida de humos hacia arriba o atr\u00e1s y ahorrar espacio. Puede convertirse en canalizable; calentando la habitaci\u00f3n en la est\u00e1n instaladas y a elecci\u00f3n alguna conlindante.<\/span><\/p>\n<div class='yrm-content yrm-content-1 yrm-content-hide  ' id='yrm-uIFgy' data-id='1' data-show-status='false' data-after-action='' style=\"visibility: hidden;height: 0;\">\n\t\t\t<div id='yrm-inner-content-yrm-uIFgy' class='yrm-inner-content-wrapper yrm-cntent-1'><\/p>\n<ul>\n<li><span style=\"font-family: verdana, geneva, sans-serif;\">Estufa de pellets salvaespacios<\/span><\/li>\n<li><span style=\"font-family: verdana, geneva, sans-serif;\">Potencia- Viola 6:\u00a0 max.-min.: 6,53\u00a0 &#8211; 3,04 kW<\/span><\/li>\n<li><span style=\"font-family: verdana, geneva, sans-serif;\">\u00a0 \u00a0 \u00a0 \u00a0 \u00a0 \u00a0 \u00a0 \u00a0 \u00a0 Viola 8: max,- min.: 8,03 &#8211; 3.04 kW<\/span><\/li>\n<li><span style=\"font-family: verdana, geneva, sans-serif;\">Consumo max-min; 1,33 &#8211; 0,62 kg\/h<\/span><\/li>\n<li><span style=\"font-family: verdana, geneva, sans-serif;\">Peso:\u00a0 Viola 6 &#8211; 74 kg\u00a0<\/span><\/li>\n<li><span style=\"font-family: verdana, geneva, sans-serif;\">\u00a0 \u00a0 \u00a0 \u00a0 \u00a0 Viola 8 &#8211; 78 kg<\/span><\/li>\n<li><span style=\"font-family: verdana, geneva, sans-serif;\">Salida de humos; 80 mm<\/span><\/li>\n<li><span style=\"font-family: verdana, geneva, sans-serif;\">Capacidad del tanque; 10 kg<\/span><\/li>\n<li><span style=\"font-family: verdana, geneva, sans-serif;\">Eficiencia 95,93 %<\/span><\/li>\n<li><span style=\"font-family: verdana, geneva, sans-serif;\">Brasero de fundici\u00f3n<\/span><\/li>\n<li><span style=\"font-family: verdana, geneva, sans-serif;\">Salida de humos; Superior \/ Trasera<\/span><\/li>\n<li><span style=\"font-family: verdana, geneva, sans-serif;\">Autonomia m\u00edn. &#8211; m\u00e1x.; 16-7,5 h<\/span><\/li>\n<li><span style=\"font-family: verdana, geneva, sans-serif;\">Colores Antracita, negra, blanca, bourdeos<\/span><\/li>\n<li><span style=\"font-family: verdana, geneva, sans-serif;\">Accesorio; mando a distancia (Wifi)<\/span><\/li>\n<li><span style=\"font-family: verdana, geneva, sans-serif;\">Las estufas de pasillo se adaptan a espacios reducidos gracias a su poca profundidad. De hecho, la salida de humos puede ser trasera o por la parte superior de la c\u00e1mara de combusti\u00f3n, lo que ahorra un espacio considerable.<\/span><\/li>\n<li><span style=\"font-family: verdana, geneva, sans-serif;\"><a href=\"https:\/\/www.ambifuego.net\/wp-content\/uploads\/2022\/04\/TEPOR_catalogo-tecnico_2021_CORRETTO.pdf\" target=\"_blank\" rel=\"noopener\">C\u00e1talogo<\/a><\/span><\/li>\n<li><span style=\"font-family: verdana, geneva, sans-serif;\"><a href=\"https:\/\/www.ambifuego.net\/contacto\/\" target=\"_blank\" rel=\"noopener\">PVP &#8211; Disponibilidad<\/a><\/span><\/li>\n<\/ul>\n<p><\/div>\n\t\t<\/div><div class='yrm-btn-wrapper yrm-btn-wrapper-1 yrm-more-button-wrapper  '\n\t\tdata-custom-more-class-name='' data-custom-less-class-name=''><span title='' data-less-title='' data-more-title='' class='yrm-toggle-expand  yrm-toggle-expand-1 ' data-rel='yrm-uIFgy' data-more='M\u00e1s detalles ' data-less='Ver menos'><span class='yrm-text-wrapper yrm-text-wrapper-custom-dimensions'><span class=\"yrm-button-text-1 yrm-button-text-span\">M\u00e1s detalles <\/span><\/span><\/span><\/div>\n","protected":false},"excerpt":{"rendered":"<p><img fetchpriority=\"high\" decoding=\"async\" class=\"alignnone size-full wp-image-45655\" src=\"https:\/\/www.ambifuego.net\/wp-content\/uploads\/2018\/11\/viola-6-_optimized..-e1630404055117.jpg\" alt=\"\" width=\"321\" height=\"320\" \/><\/p>\n","protected":false},"featured_media":81301,"template":"","meta":[],"product_brand":[],"product_cat":[275,280],"product_tag":[],"class_list":{"0":"post-24354","1":"product","2":"type-product","3":"status-publish","4":"has-post-thumbnail","6":"product_cat-chimeneas-de-biomasa","7":"product_cat-estufas-de-pellets-de-pasillo","9":"first","10":"instock","11":"shipping-taxable","12":"product-type-simple"},"_links":{"self":[{"href":"https:\/\/www.ambifuego.net\/es\/wp-json\/wp\/v2\/product\/24354","targetHints":{"allow":["GET"]}}],"collection":[{"href":"https:\/\/www.ambifuego.net\/es\/wp-json\/wp\/v2\/product"}],"about":[{"href":"https:\/\/www.ambifuego.net\/es\/wp-json\/wp\/v2\/types\/product"}],"version-history":[{"count":0,"href":"https:\/\/www.ambifuego.net\/es\/wp-json\/wp\/v2\/product\/24354\/revisions"}],"wp:featuredmedia":[{"embeddable":true,"href":"https:\/\/www.ambifuego.net\/es\/wp-json\/wp\/v2\/media\/81301"}],"wp:attachment":[{"href":"https:\/\/www.ambifuego.net\/es\/wp-json\/wp\/v2\/media?parent=24354"}],"wp:term":[{"taxonomy":"product_brand","embeddable":true,"href":"https:\/\/www.ambifuego.net\/es\/wp-json\/wp\/v2\/product_brand?post=24354"},{"taxonomy":"product_cat","embeddable":true,"href":"https:\/\/www.ambifuego.net\/es\/wp-json\/wp\/v2\/product_cat?post=24354"},{"taxonomy":"product_tag","embeddable":true,"href":"https:\/\/www.ambifuego.net\/es\/wp-json\/wp\/v2\/product_tag?post=24354"}],"curies":[{"name":"wp","href":"https:\/\/api.w.org\/{rel}","templated":true}]}}