{"id":24094,"date":"2018-10-04T11:02:45","date_gmt":"2018-10-04T11:02:45","guid":{"rendered":"https:\/\/www.ambifuego.net\/xtempx\/?post_type=product&#038;p=24094"},"modified":"2025-10-23T14:51:38","modified_gmt":"2025-10-23T12:51:38","slug":"estufa-exterior-eficiente-gas","status":"publish","type":"product","link":"https:\/\/www.ambifuego.net\/es\/producto\/estufa-exterior-eficiente-gas\/","title":{"rendered":"CALEFACTOR EXTERIOR &#8211; GAS"},"content":{"rendered":"<p style=\"text-align: justify;\"><span style=\"font-family: verdana, geneva, sans-serif;\">Estufa exterior eficiente gas, ideal para calentar terrazas, porches, chill outs, lounges, \u00e1reas de descanso, espacios para fumadores&#8230; y por lo tanto, en general todo tipo de establecimiento al aire libre. Naturalmente tambi\u00e9n puede usarse al intemperie y\u00a0 zonas tales como di\u00e1fanas, terrazas o jardines.<\/span><\/p>\n<p style=\"text-align: justify;\"><span style=\"font-family: verdana, geneva, sans-serif;\">Estas estufas de gas son id\u00f3neas para su uso a la intemperie, ya que est\u00e1n fabricadas con pintura epoxi inoxidable y con acabado cromado. Pueden calentar superficies hasta 16 m2 con una autonom\u00eda de 12 horas. Est\u00e1 recomendada para uso dom\u00e9stico o comercial, siempre en espacios bien ventilados.<\/span><\/p>\n<p style=\"text-align: justify;\"><span style=\"font-family: verdana, geneva, sans-serif;\">Gracias a sus ruedas se transporta con facilidad a pesar de tener una estructura muy robusta y estable. El sistema de encendido es piezoel\u00e9ctrico, lo que la hace muy c\u00f3moda y segura de encender. Su quemador y reja radiante en acero inoxidable aseguran una gran durabilidad.<\/span><\/p>\n<p style=\"text-align: justify;\"><span style=\"font-family: verdana, geneva, sans-serif;\">Estas <strong>estufas de gas butano o propano<\/strong>\u00a0 de hecho, funcionan muy bien en espacios exteriores ventilados. Y son adem\u00e1s la soluci\u00f3n perfecta si no cuenta con la posibilidad de una chimenea cerca o una toma de corriente cerca para otros <strong>tipos de calefacci\u00f3n.<\/strong> Presentamos un modelo que tiene una autonom\u00eda de desde 12 horas y hasta 70 horas seg\u00fan su uso. Son una buena opci\u00f3n para espacios 20 m\u00b2. Ciertamente usted puede regular la intensidad de las llamas una mayor eficiencia. <\/span><\/p>\n<p style=\"text-align: justify;\"><span style=\"font-family: verdana, geneva, sans-serif;\">Calienta patios con un dise\u00f1o en forma de seta, viene con gran sombrerete para mayor reflejo del calor, con compartimento para la botella del gas. Calienta patios con paneles met\u00e1licos, color plata, esmaltado color negro o cobre.<\/span><\/p>\n<p><span style=\"font-family: verdana, geneva, sans-serif;\">F\u00e1cil uso, alta eficiencia con ruedas para f\u00e1cil desplazamiento con freno. <\/span><span style=\"font-family: verdana, geneva, sans-serif;\">Tambi\u00e9n tenemos <a href=\"https:\/\/www.pinterest.es\/ambifuegopinterest\">otras opciones<\/a> para calentar el interior de su vivienda.<\/span><\/p>\n<h1><span style=\"font-family: verdana, geneva, sans-serif; font-size: 14pt;\">\u00a0Car\u00e1cteristica de estufa exterior eficiente gas <\/span><\/h1>\n<ul>\n<li style=\"text-align: justify;\"><span style=\"font-family: verdana, geneva, sans-serif;\"><a href=\"https:\/\/www.ambifuego.net\/articulos\/fire-pits-estufas-fuegos-jardin-terrazas-exteriores-farolas\/\">Estufas exterior<\/a> eficientes a gas.<\/span><\/li>\n<li>Colores, <strong>INOXIDABLE, NEGRO, COBRE &#8211; ESMALTADO<\/strong><\/li>\n<li><span style=\"font-family: verdana, geneva, sans-serif;\">Apta para gas propano y butano aunque se recomiendo el uso de propano (dado que otorga m\u00e1s potencia al quemador.).<\/span><\/li>\n<li style=\"text-align: justify;\"><span style=\"font-family: verdana, geneva, sans-serif;\">Calienta patios, calefactor, estufa de exterior.<\/span><\/li>\n<li style=\"text-align: justify;\"><span style=\"font-family: verdana, geneva, sans-serif;\">Superficie calentada 10 m\u00b2.<\/span><\/li>\n<li style=\"text-align: justify;\"><span style=\"font-family: verdana, geneva, sans-serif;\">Dise\u00f1o pr\u00e1ctico.<\/span><\/li>\n<li><span style=\"font-family: verdana, geneva, sans-serif;\">F\u00e1cil desplazamiento con ruedas que adem\u00e1s disponen de freno para asegurar la estufa en el sitio.<\/span><\/li>\n<li><span style=\"font-family: verdana, geneva, sans-serif;\">Autonom\u00eda de funcionamiento 14 horas.<\/span><\/li>\n<li style=\"text-align: justify;\"><span style=\"font-family: verdana, geneva, sans-serif;\">Potencia; 10,5 kW<\/span><\/li>\n<li style=\"text-align: justify;\"><span style=\"font-family: verdana, geneva, sans-serif;\">Peso;\u00a0 17 kg\u00a0\u00a0<\/span><\/li>\n<li style=\"text-align: justify;\"><span style=\"font-family: verdana, geneva, sans-serif;\">Acabado del producto, acero inoxidable, acero lacado.<\/span><\/li>\n<li><span style=\"font-family: verdana, geneva, sans-serif;\">Dispositivo de encendido, Piezoel\u00e9ctrico.<\/span><\/li>\n<li><span style=\"font-family: verdana, geneva, sans-serif;\">Regulaci\u00f3n de la temperatura progresivo.<\/span><\/li>\n<li style=\"text-align: justify;\"><span style=\"font-family: verdana, geneva, sans-serif;\">Dispositivo de Seguridad contra perdidas de gas, Termopar.<\/span><\/li>\n<li style=\"text-align: justify;\"><span style=\"font-family: verdana, geneva, sans-serif;\">Sistema de Seguridad si la llama se apaga o el patio cae, Termopar antivuelco.<\/span><\/li>\n<li><span style=\"font-family: verdana, geneva, sans-serif;\">Entrega con regulador del gas y tubo.<\/span><\/li>\n<\/ul>\n<p><img fetchpriority=\"high\" decoding=\"async\" class=\"alignnone wp-image-62108\" src=\"https:\/\/www.ambifuego.net\/wp-content\/uploads\/2018\/10\/medidas-patio-heater-champinon.jpg\" alt=\"estufa exterior gas\" width=\"290\" height=\"316\" srcset=\"https:\/\/www.ambifuego.net\/wp-content\/uploads\/2018\/10\/medidas-patio-heater-champinon.jpg 400w, https:\/\/www.ambifuego.net\/wp-content\/uploads\/2018\/10\/medidas-patio-heater-champinon-248x270.jpg 248w\" sizes=\"(max-width: 290px) 100vw, 290px\" \/><\/p>\n","protected":false},"excerpt":{"rendered":"<p><img decoding=\"async\" class=\"alignnone size-medium wp-image-62111\" src=\"https:\/\/www.ambifuego.net\/wp-content\/uploads\/2018\/10\/patio-heater-cobre-217x480.jpg\" alt=\"estufa exterior gas cobre \" width=\"217\" height=\"480\" srcset=\"https:\/\/www.ambifuego.net\/wp-content\/uploads\/2018\/10\/patio-heater-cobre-217x480.jpg 217w, https:\/\/www.ambifuego.net\/wp-content\/uploads\/2018\/10\/patio-heater-cobre-122x270.jpg 122w, https:\/\/www.ambifuego.net\/wp-content\/uploads\/2018\/10\/patio-heater-cobre-353x780.jpg 353w, https:\/\/www.ambifuego.net\/wp-content\/uploads\/2018\/10\/patio-heater-cobre-199x439.jpg 199w, https:\/\/www.ambifuego.net\/wp-content\/uploads\/2018\/10\/patio-heater-cobre-306x675.jpg 306w, https:\/\/www.ambifuego.net\/wp-content\/uploads\/2018\/10\/patio-heater-cobre-399x880.jpg 399w, https:\/\/www.ambifuego.net\/wp-content\/uploads\/2018\/10\/patio-heater-cobre.jpg 401w\" sizes=\"(max-width: 217px) 100vw, 217px\" \/><\/p>\n","protected":false},"featured_media":79941,"template":"","meta":[],"product_brand":[],"product_cat":[282],"product_tag":[],"class_list":{"0":"post-24094","1":"product","2":"type-product","3":"status-publish","4":"has-post-thumbnail","6":"product_cat-fire-pits-estufas-fuegos-jardin-terrazas-exteriores-farolas","8":"first","9":"instock","10":"shipping-taxable","11":"product-type-simple"},"_links":{"self":[{"href":"https:\/\/www.ambifuego.net\/es\/wp-json\/wp\/v2\/product\/24094","targetHints":{"allow":["GET"]}}],"collection":[{"href":"https:\/\/www.ambifuego.net\/es\/wp-json\/wp\/v2\/product"}],"about":[{"href":"https:\/\/www.ambifuego.net\/es\/wp-json\/wp\/v2\/types\/product"}],"version-history":[{"count":0,"href":"https:\/\/www.ambifuego.net\/es\/wp-json\/wp\/v2\/product\/24094\/revisions"}],"wp:featuredmedia":[{"embeddable":true,"href":"https:\/\/www.ambifuego.net\/es\/wp-json\/wp\/v2\/media\/79941"}],"wp:attachment":[{"href":"https:\/\/www.ambifuego.net\/es\/wp-json\/wp\/v2\/media?parent=24094"}],"wp:term":[{"taxonomy":"product_brand","embeddable":true,"href":"https:\/\/www.ambifuego.net\/es\/wp-json\/wp\/v2\/product_brand?post=24094"},{"taxonomy":"product_cat","embeddable":true,"href":"https:\/\/www.ambifuego.net\/es\/wp-json\/wp\/v2\/product_cat?post=24094"},{"taxonomy":"product_tag","embeddable":true,"href":"https:\/\/www.ambifuego.net\/es\/wp-json\/wp\/v2\/product_tag?post=24094"}],"curies":[{"name":"wp","href":"https:\/\/api.w.org\/{rel}","templated":true}]}}