{"id":23264,"date":"2018-07-05T13:41:49","date_gmt":"2018-07-05T13:41:49","guid":{"rendered":"https:\/\/www.ambifuego.net\/xtempx\/?post_type=product&#038;p=23264"},"modified":"2025-10-15T16:05:50","modified_gmt":"2025-10-15T14:05:50","slug":"andorra-serpentino","status":"publish","type":"product","link":"https:\/\/www.ambifuego.net\/es\/producto\/andorra-serpentino\/","title":{"rendered":"ANDORRA Serpentino"},"content":{"rendered":"<ul>\n<li><span style=\"font-family: verdana, geneva, sans-serif;\">Estufa le\u00f1a\/Briquetas carb\u00f3n -m\u00e1x- 25 cm<\/span><\/li>\n<li><span style=\"font-family: verdana, geneva, sans-serif;\">Laterales de piedra refractaria<\/span><\/li>\n<li><span style=\"font-family: verdana, geneva, sans-serif;\">Potencia; min- 3,8 \/ max- 11,2 kw<\/span><\/li>\n<li><span style=\"font-family: verdana, geneva, sans-serif;\">Salida de humos; Arriba<\/span><\/li>\n<li><span style=\"font-family: verdana, geneva, sans-serif;\">Calor refractario<\/span><\/li>\n<li><span style=\"font-family: verdana, geneva, sans-serif;\">Entrada de aire exterior por abajo o detr\u00e1s. * Instalaci\u00f3n\u00a0 sin acceso\u00a0 exterior tambi\u00e9n posible<\/span><\/li>\n<li><span style=\"font-family: verdana, geneva, sans-serif;\">Material; Acero (cuerpo) Piedra (laterales)<\/span><\/li>\n<li><span style=\"font-family: verdana, geneva, sans-serif;\">C\u00e1mara interior; vermiculite comprimido<\/span><\/li>\n<li><span style=\"font-family: verdana, geneva, sans-serif;\">Eficiencia; 80%<\/span><\/li>\n<li><span style=\"font-family: verdana, geneva, sans-serif;\">Peso; 235 kg<\/span><\/li>\n<li><span style=\"font-family: verdana, geneva, sans-serif;\">Distancias de seguridad; Detr\u00e1s 15cm \/ Laterales 25 cm<\/span><\/li>\n<li><span style=\"font-family: verdana, geneva, sans-serif;\"><a href=\"https:\/\/www.ambifuego.net\/wp-content\/uploads\/2021\/12\/Thorma-Exclusive_compressed.pdf\" target=\"_blank\" rel=\"noopener\">Cat\u00e1logo<\/a><\/span><\/li>\n<\/ul>\n<p>&nbsp;<\/p>\n<p>&nbsp;<\/p>\n","protected":false},"excerpt":{"rendered":"<p><span style=\"font-family: verdana, geneva, sans-serif;\">Estufa independiente contempor\u00e1nea que ofrece magn\u00edficas vistas de un fuego danzante a trav\u00e9s de una amplia ventana curva de vidrio cer\u00e1mico, que se mantiene limpia gracias al sistema de lavado por aire.<\/span><\/p>\n","protected":false},"featured_media":79275,"template":"","meta":[],"product_brand":[],"product_cat":[265,401],"product_tag":[],"class_list":{"0":"post-23264","1":"product","2":"type-product","3":"status-publish","4":"has-post-thumbnail","6":"product_cat-chimeneas-y-estufas-de-lena","7":"product_cat-estufas-de-lena-redondas-holzkamin-holzofen-fuer-atmosphaere","9":"first","10":"instock","11":"shipping-taxable","12":"product-type-simple"},"_links":{"self":[{"href":"https:\/\/www.ambifuego.net\/es\/wp-json\/wp\/v2\/product\/23264","targetHints":{"allow":["GET"]}}],"collection":[{"href":"https:\/\/www.ambifuego.net\/es\/wp-json\/wp\/v2\/product"}],"about":[{"href":"https:\/\/www.ambifuego.net\/es\/wp-json\/wp\/v2\/types\/product"}],"version-history":[{"count":1,"href":"https:\/\/www.ambifuego.net\/es\/wp-json\/wp\/v2\/product\/23264\/revisions"}],"predecessor-version":[{"id":83654,"href":"https:\/\/www.ambifuego.net\/es\/wp-json\/wp\/v2\/product\/23264\/revisions\/83654"}],"wp:featuredmedia":[{"embeddable":true,"href":"https:\/\/www.ambifuego.net\/es\/wp-json\/wp\/v2\/media\/79275"}],"wp:attachment":[{"href":"https:\/\/www.ambifuego.net\/es\/wp-json\/wp\/v2\/media?parent=23264"}],"wp:term":[{"taxonomy":"product_brand","embeddable":true,"href":"https:\/\/www.ambifuego.net\/es\/wp-json\/wp\/v2\/product_brand?post=23264"},{"taxonomy":"product_cat","embeddable":true,"href":"https:\/\/www.ambifuego.net\/es\/wp-json\/wp\/v2\/product_cat?post=23264"},{"taxonomy":"product_tag","embeddable":true,"href":"https:\/\/www.ambifuego.net\/es\/wp-json\/wp\/v2\/product_tag?post=23264"}],"curies":[{"name":"wp","href":"https:\/\/api.w.org\/{rel}","templated":true}]}}