{"id":21007,"date":"2018-05-07T15:16:12","date_gmt":"2018-05-07T15:16:12","guid":{"rendered":"https:\/\/www.ambifuego.net\/xtempx\/?post_type=product&#038;p=21007"},"modified":"2023-10-23T14:07:30","modified_gmt":"2023-10-23T12:07:30","slug":"estufa-de-lena-circular","status":"publish","type":"product","link":"https:\/\/www.ambifuego.net\/es\/producto\/estufa-de-lena-circular\/","title":{"rendered":"ODIN"},"content":{"rendered":"<p><span style=\"font-family: verdana, geneva, sans-serif;\">Estufa de le\u00f1a circular. Simplemente colgada en techo, pared o sobre suelo. Estufa de dise\u00f1o moderno en acero y fundici\u00f3n. Alta calidad y eficiencia.\u00a0 Atrae la atenci\u00f3n por su dise\u00f1o y el efectos de las bellas llamas.<\/span><\/p>\n<p><span style=\"font-family: verdana, geneva, sans-serif;\"> La estufa\u00a0 ODIN\u00a0 Front, Base es una chimenea con un dise\u00f1o \u00fanico. Debido a su forma redonda, siempre llama la atenci\u00f3n y su forma tambi\u00e9n proporciona una gran imagen flam\u00edgera. La \u00abBase\u00bb es una base de nuevo desarrollo que proporciona a la chimenea posibilidades adicionales de colocaci\u00f3n. Para cualquier suministro de aire extra, se puede colocar una conexi\u00f3n de aire exterior dentro de esta Base.<\/span><\/p>\n<p><span style=\"font-size: 14pt;\"><strong>Estufa de le\u00f1a circular simplemente bell\u00edsima<\/strong><\/span><\/p>\n<ul>\n<li><span style=\"font-family: verdana, geneva, sans-serif;\">Estufa de le\u00f1a con dise\u00f1o moderno.<\/span><\/li>\n<li><span style=\"font-family: verdana, geneva, sans-serif;\">Para colgar en techo, montar sobre pared o sobre el suelo<\/span>.<\/li>\n<li><span style=\"font-family: verdana, geneva, sans-serif;\">\u00a0Potencia, 4 &#8211; 8 kW<\/span><\/li>\n<li><span style=\"font-family: verdana, geneva, sans-serif;\">Eficiencia 75,2 %<\/span><\/li>\n<li><span style=\"font-family: verdana, geneva, sans-serif;\">Clase eficiencia; A<\/span><\/li>\n<li><span style=\"font-family: verdana, geneva, sans-serif;\">Peso; 90 &#8211; 110 kg<\/span><\/li>\n<li><span style=\"font-family: verdana, geneva, sans-serif;\">Vista de llama; frente o t\u00fanel<\/span><\/li>\n<li><span style=\"font-family: verdana, geneva, sans-serif;\">Fabricada en acero y fundici\u00f3n<\/span><\/li>\n<li><span style=\"font-family: verdana, geneva, sans-serif;\">Color; Antracita oscura<\/span><\/li>\n<li><span style=\"font-family: verdana, geneva, sans-serif;\">Material; Acero<\/span><\/li>\n<li><span style=\"font-family: verdana, geneva, sans-serif;\">*M\u00e1s informaci\u00f3n &#8211; <a href=\"https:\/\/www.ambifuego.net\/wp-content\/uploads\/2023\/10\/22-23-dik-geurts-comp.pdf\">Cat\u00e1logo<\/a>&#8211;<\/span><\/li>\n<li><span style=\"font-family: verdana, geneva, sans-serif;\"> <a href=\"https:\/\/vimeo.com\/user155862233\">Video<\/a><\/span><\/li>\n<li><a href=\"https:\/\/www.ambifuego.net\/contacto\/\"><span style=\"font-family: verdana, geneva, sans-serif;\">PVP &#8211; Disponibilidad<\/span><\/a><\/li>\n<\/ul>\n<p>&nbsp;<\/p>\n<p><img fetchpriority=\"high\" decoding=\"async\" class=\"alignnone size-full wp-image-46958\" src=\"https:\/\/www.ambifuego.net\/wp-content\/uploads\/2018\/05\/odin-2_optimized.jpg\" alt=\"\" width=\"634\" height=\"250\" srcset=\"https:\/\/www.ambifuego.net\/wp-content\/uploads\/2018\/05\/odin-2_optimized.jpg 634w, https:\/\/www.ambifuego.net\/wp-content\/uploads\/2018\/05\/odin-2_optimized-480x189.jpg 480w\" sizes=\"(max-width: 634px) 100vw, 634px\" \/><img decoding=\"async\" class=\"alignnone size-full wp-image-46955\" src=\"https:\/\/www.ambifuego.net\/wp-content\/uploads\/2018\/05\/odin-1_optimized.jpg\" alt=\"\" width=\"422\" height=\"250\" \/><\/p>\n<p style=\"text-align: justify;\">\n","protected":false},"excerpt":{"rendered":"[caption id=\"attachment_46961\" align=\"alignnone\" width=\"468\"]<img decoding=\"async\" class=\"size-full wp-image-46961\" src=\"https:\/\/www.ambifuego.net\/wp-content\/uploads\/2018\/05\/dg-odin-wall-1_optimized.jpg\" alt=\"chimenea circular odin con pie\" width=\"468\" height=\"320\" srcset=\"https:\/\/www.ambifuego.net\/wp-content\/uploads\/2018\/05\/dg-odin-wall-1_optimized.jpg 468w, https:\/\/www.ambifuego.net\/wp-content\/uploads\/2018\/05\/dg-odin-wall-1_optimized-395x270.jpg 395w\" sizes=\"(max-width: 468px) 100vw, 468px\" \/> chimenea circular odin con pie &#8211; dirk geuert[\/caption]\n","protected":false},"featured_media":46967,"template":"","meta":[],"product_brand":[],"product_cat":[265,272,269],"product_tag":[],"class_list":{"0":"post-21007","1":"product","2":"type-product","3":"status-publish","4":"has-post-thumbnail","6":"product_cat-chimeneas-y-estufas-de-lena","7":"product_cat-chimeneas-estufas-de-disenos","8":"product_cat-tunel-2-lados","10":"first","11":"instock","12":"shipping-taxable","13":"product-type-simple"},"_links":{"self":[{"href":"https:\/\/www.ambifuego.net\/es\/wp-json\/wp\/v2\/product\/21007","targetHints":{"allow":["GET"]}}],"collection":[{"href":"https:\/\/www.ambifuego.net\/es\/wp-json\/wp\/v2\/product"}],"about":[{"href":"https:\/\/www.ambifuego.net\/es\/wp-json\/wp\/v2\/types\/product"}],"version-history":[{"count":0,"href":"https:\/\/www.ambifuego.net\/es\/wp-json\/wp\/v2\/product\/21007\/revisions"}],"wp:featuredmedia":[{"embeddable":true,"href":"https:\/\/www.ambifuego.net\/es\/wp-json\/wp\/v2\/media\/46967"}],"wp:attachment":[{"href":"https:\/\/www.ambifuego.net\/es\/wp-json\/wp\/v2\/media?parent=21007"}],"wp:term":[{"taxonomy":"product_brand","embeddable":true,"href":"https:\/\/www.ambifuego.net\/es\/wp-json\/wp\/v2\/product_brand?post=21007"},{"taxonomy":"product_cat","embeddable":true,"href":"https:\/\/www.ambifuego.net\/es\/wp-json\/wp\/v2\/product_cat?post=21007"},{"taxonomy":"product_tag","embeddable":true,"href":"https:\/\/www.ambifuego.net\/es\/wp-json\/wp\/v2\/product_tag?post=21007"}],"curies":[{"name":"wp","href":"https:\/\/api.w.org\/{rel}","templated":true}]}}