{"id":20910,"date":"2018-05-02T14:39:28","date_gmt":"2018-05-02T14:39:28","guid":{"rendered":"https:\/\/www.ambifuego.net\/xtempx\/?post_type=product&#038;p=20910"},"modified":"2023-10-24T14:54:30","modified_gmt":"2023-10-24T12:54:30","slug":"cocina-horno-lena-esse","status":"publish","type":"product","link":"https:\/\/www.ambifuego.net\/es\/producto\/cocina-horno-lena-esse\/","title":{"rendered":"BAKEHEARTH"},"content":{"rendered":"<p style=\"text-align: justify;\"><span style=\"font-family: verdana, geneva, sans-serif;\">El nuevo Bakeheart es una <strong>cocina horno le\u00f1a ESSE <\/strong>de proporciones elegantes que proporciona calor radiante como una estufa.<\/span><\/p>\n<h2 style=\"text-align: justify;\"><span style=\"font-size: 12pt; font-family: verdana, geneva, sans-serif;\">Bakehearth una cocina horno de le\u00f1a para disfrutar<\/span><\/h2>\n<p style=\"text-align: justify;\"><span style=\"font-family: verdana, geneva, sans-serif;\">Es una Cocina, horno y estufa, todo en uno,\u00a0 con una gran puerta para una amplia visi\u00f3n de las llamas trav\u00e9s. Adem\u00e1s, este modelo\u00a0 <a href=\"https:\/\/www.esse.com\/the-ironheart-range\/bakeheart\"><strong>Bakehear<\/strong>t,<\/a> de le\u00f1a, proporciona suficiente calor para mantener una cocina confortable y c\u00e1lida. Ya que, sus paneles de convecci\u00f3n irradian calor a la estancia d\u00f3nde se encuentran del mismo modo que una estufa de le\u00f1a. La exclusiva tecnolog\u00eda de la estufa de transferencia de calor de ESSE canaliza de manera eficiente el calor de la c\u00e1mara de combusti\u00f3n al horno de<strong> 32 litros<\/strong> y a los anillos de\u00a0 la encimera alcanzando la temperatura de cocci\u00f3n en solo unos minutos trAs el encendido.<\/span><\/p>\n<p style=\"text-align: justify;\"><span style=\"font-family: verdana, geneva, sans-serif;\">As\u00cd mismo puede controlar el calor de la encimera. La encimera\u00a0 puede alcanzar los\u00a0 300\u00b0 C\u00a0 en la zona del centro \u00f3\u00a0 \u00a0190 \u00b0 C en la zona\u00a0 exterior del anillo.<\/span><\/p>\n<p style=\"text-align: justify;\"><span style=\"font-family: verdana, geneva, sans-serif;\">Si la combina con una caldera dom\u00e9stica los\u00a0 5kW de la cocina Bakeheart calentar\u00e1 el agua.\u00a0 Mientras tanto,\u00a0 con la encimera y el horno puede cocinar una variedad ilimitada de platos sanos y abundantes, desde calentar cazuelas hasta hornear deliciosos bizcochos y panes.<\/span><\/p>\n<p style=\"text-align: justify;\"><span style=\"font-family: verdana, geneva, sans-serif;\">La cocina horno de le\u00f1a Esse tiene una c\u00e1mara de combusti\u00f3n que de hecho, puede acoger troncos secos de\u00a0 hasta 360 mm\u00a0 de largo. Este modelo puede instalarse en cualquier lugar d\u00f3nde exista o pueda construirse una salida de humos. Ciertamente podr\u00e1 disfrutar de esta cocina muchos a\u00f1os y tendr\u00e1 una fuente eficiente de calor.<\/span><\/p>\n<h2 style=\"text-align: justify;\"><span style=\"font-size: 12pt; font-family: verdana, geneva, sans-serif;\">CarActer\u00cdsticas<\/span><\/h2>\n<ul style=\"text-align: justify;\">\n<li><span style=\"font-family: verdana, geneva, sans-serif;\">Temperatura de la placa de cocci\u00f3n de hierro fundido entre 190 \u00b0 C y 300 \u00b0 C<\/span><\/li>\n<li><span style=\"font-family: verdana, geneva, sans-serif;\">Calefacci\u00f3n y cocina todo en uno.<\/span><\/li>\n<li><span style=\"font-family: verdana, geneva, sans-serif;\">Compatible con caldera dom\u00e9stica.<\/span><\/li>\n<li><span style=\"font-family: verdana, geneva, sans-serif;\">Generoso horno de 32 litros de capacidad.<\/span><\/li>\n<li><span style=\"font-family: verdana, geneva, sans-serif;\">Control de aire simple<\/span><\/li>\n<li><span style=\"font-family: verdana, geneva, sans-serif;\">Potencia\u00a0 de 5kW<\/span><\/li>\n<li><span style=\"font-family: verdana, geneva, sans-serif;\">\u00cdndice de eficiencia del 82,3%.<\/span><\/li>\n<li><span style=\"font-family: verdana, geneva, sans-serif;\">Calificaci\u00f3n energ\u00e9tica \u00abA +\u00bb<\/span><\/li>\n<li><span style=\"font-family: verdana, geneva, sans-serif;\"><a href=\"https:\/\/www.ambifuego.net\/wp-content\/uploads\/2022\/02\/bakeheart-warmheart-Manual_compressed.pdf\">Informaci\u00f3n<\/a><\/span><\/li>\n<li><span style=\"font-family: verdana, geneva, sans-serif;\">Peso 195 Kg<\/span><\/li>\n<\/ul>\n<p style=\"text-align: justify;\">\n<ul>\n<li><img fetchpriority=\"high\" decoding=\"async\" class=\"alignnone wp-image-50060\" src=\"https:\/\/www.ambifuego.net\/wp-content\/uploads\/2018\/05\/bakeheart-dimensions-line-drawing_optimized-e1646125353923.png\" alt=\"\" width=\"472\" height=\"408\" \/><\/li>\n<\/ul>\n","protected":false},"excerpt":{"rendered":"<p><img decoding=\"async\" class=\"alignnone size-full wp-image-50007\" src=\"https:\/\/www.ambifuego.net\/wp-content\/uploads\/2018\/05\/bakeheart-front-cooking-steak_optimized.jpg\" alt=\"\" width=\"450\" height=\"338\" srcset=\"https:\/\/www.ambifuego.net\/wp-content\/uploads\/2018\/05\/bakeheart-front-cooking-steak_optimized.jpg 450w, https:\/\/www.ambifuego.net\/wp-content\/uploads\/2018\/05\/bakeheart-front-cooking-steak_optimized-359x270.jpg 359w\" sizes=\"(max-width: 450px) 100vw, 450px\" \/><\/p>\n","protected":false},"featured_media":49989,"template":"","meta":[],"product_brand":[],"product_cat":[289],"product_tag":[],"class_list":{"0":"post-20910","1":"product","2":"type-product","3":"status-publish","4":"has-post-thumbnail","6":"product_cat-fabricante-cocinas-fundicion-antigua","8":"first","9":"instock","10":"shipping-taxable","11":"product-type-simple"},"_links":{"self":[{"href":"https:\/\/www.ambifuego.net\/es\/wp-json\/wp\/v2\/product\/20910","targetHints":{"allow":["GET"]}}],"collection":[{"href":"https:\/\/www.ambifuego.net\/es\/wp-json\/wp\/v2\/product"}],"about":[{"href":"https:\/\/www.ambifuego.net\/es\/wp-json\/wp\/v2\/types\/product"}],"version-history":[{"count":0,"href":"https:\/\/www.ambifuego.net\/es\/wp-json\/wp\/v2\/product\/20910\/revisions"}],"wp:featuredmedia":[{"embeddable":true,"href":"https:\/\/www.ambifuego.net\/es\/wp-json\/wp\/v2\/media\/49989"}],"wp:attachment":[{"href":"https:\/\/www.ambifuego.net\/es\/wp-json\/wp\/v2\/media?parent=20910"}],"wp:term":[{"taxonomy":"product_brand","embeddable":true,"href":"https:\/\/www.ambifuego.net\/es\/wp-json\/wp\/v2\/product_brand?post=20910"},{"taxonomy":"product_cat","embeddable":true,"href":"https:\/\/www.ambifuego.net\/es\/wp-json\/wp\/v2\/product_cat?post=20910"},{"taxonomy":"product_tag","embeddable":true,"href":"https:\/\/www.ambifuego.net\/es\/wp-json\/wp\/v2\/product_tag?post=20910"}],"curies":[{"name":"wp","href":"https:\/\/api.w.org\/{rel}","templated":true}]}}