{"id":20544,"date":"2018-04-09T13:02:28","date_gmt":"2018-04-09T13:02:28","guid":{"rendered":"https:\/\/www.ambifuego.net\/xtempx\/?post_type=product&#038;p=20544"},"modified":"2025-10-23T11:30:59","modified_gmt":"2025-10-23T09:30:59","slug":"pebeteros-antorchas-de-gas","status":"publish","type":"product","link":"https:\/\/www.ambifuego.net\/es\/producto\/pebeteros-antorchas-de-gas\/","title":{"rendered":"ANTORCHAS &#8211; PEBETEROS"},"content":{"rendered":"<p style=\"text-align: justify;\"><span style=\"font-family: verdana, geneva, sans-serif;\">Antorchas Quemadores Pebeteros &#8211; Gas &#8211; Uso p\u00fablico o dom\u00e9stico &#8211; Si necesita un pebetero para un espacio exterior, plaza, jardin, terraza o negocio, disponemos del que busca.<\/span><\/p>\n<h1 style=\"text-align: justify;\"><span style=\"font-size: 12pt; font-family: verdana, geneva, sans-serif;\">\u00bfQu\u00e9 es un Quemador pebetero?<\/span><\/h1>\n<p style=\"text-align: justify;\"><span style=\"font-family: verdana, geneva, sans-serif;\">Son dispositivos que queman combustible l\u00edquido, gaseoso o ambos y produce calor, generalmente mediante una llama. Los quemadores de los pebeteros funcionan con gas propano o gas natural.<\/span><\/p>\n<p style=\"text-align: justify;\"><span style=\"font-family: verdana, geneva, sans-serif;\">De hecho hay quemadores antorchas de tama\u00f1o peque\u00f1o, mediano o grandes. Los pebeteros normalmente vienen incorporados en un cuenco de cobre y pueden instalarse sobre una superficie preparada para ello, sobre columnas, etc&#8230; Los pebeteros son de f\u00e1cil uso y sobre todo los de<strong> exterior en espacios p\u00fablico no requieren<\/strong> de <strong>atenci\u00f3n permanente<\/strong>. De hecho tienen un sistema de seguridad con doble termopar que evita que se apague la llama.<\/span><\/p>\n<div class='yrm-content yrm-content-1 yrm-content-hide  ' id='yrm-IHa7m' data-id='1' data-show-status='false' data-after-action='' style=\"visibility: hidden;height: 0;\">\n\t\t\t<div id='yrm-inner-content-yrm-IHa7m' class='yrm-inner-content-wrapper yrm-cntent-1'><\/p>\n<p style=\"text-align: justify;\"><span style=\"font-family: verdana, geneva, sans-serif;\">Para los amantes de veladas al aire libre, que buscan es crear un ambiente especial en su jard\u00edn, las antorchas pueden ser lo adecuado para ello. Es m\u00e1s, para quien quiera una <a href=\"https:\/\/vimeo.com\/ambifuego\" target=\"_blank\" rel=\"noopener\">chimenea de gas<\/a> para exterior puede, claro est\u00e1, elegir entre varios tama\u00f1os y formas; redondo, cuadrado o rectangular.<\/span><\/p>\n<p style=\"text-align: justify;\"><span style=\"font-family: verdana, geneva, sans-serif;\">En nuestra gama podr\u00e1 elegir pebeteros, antorchas o quemadores para exteriores de varios tama\u00f1os y potencias. Estos productos son para su \u00a0uso en exteriores p\u00fablicos o\u00a0 para uso dom\u00e9stico como por ejemplo en jardines o terrazas. <span style=\"font-size: 16px;\">Las antorchas normalmente, son de tama\u00f1os peque\u00f1os o medianos mientras que los pebeteros y los quemadores pueden ser bastante m\u00e1s grandes.\u00a0\u00a0<\/span><\/span><\/p>\n<p style=\"text-align: justify;\"><span style=\"font-family: verdana, geneva, sans-serif;\">Finalmente si lo que busca es un toque exclusivo en su terraza o jard\u00edn, probablemente con uno de nuestros pebeteros o antorchas lograr\u00e1 su objetivo. Ciertamente las veladas junto a un buen fuego crear\u00e1 un ambiente muy confortable y ser\u00e1 la admiraci\u00f3n de cualquier visita.<\/span><\/p>\n<h2><span style=\"font-size: 12pt; font-family: verdana, geneva, sans-serif;\">Antorchas -Quemadores-Pebeteros-Gas &#8211;<\/span><\/h2>\n<ul>\n<li><span style=\"font-family: verdana, geneva, sans-serif;\">Fabricado en acero inoxidable.<\/span><\/li>\n<li><span style=\"font-family: verdana, geneva, sans-serif;\">Cuenco cobre martillado<\/span><\/li>\n<li><span style=\"font-family: verdana, geneva, sans-serif;\">Sistema de evacuaci\u00f3n de agua de lluvia.<\/span><\/li>\n<li><span style=\"font-family: verdana, geneva, sans-serif;\">Encendido autom\u00e1tico.<\/span><\/li>\n<li><span style=\"font-family: verdana, geneva, sans-serif;\">Sistema de seguridad con doble termopar.<\/span><\/li>\n<li><span style=\"font-family: verdana, geneva, sans-serif;\">Antorchas y Pebeteros de gas.<\/span><\/li>\n<li><span style=\"font-family: verdana, geneva, sans-serif;\">Cuencos de gas &#8211; Antorchas &#8211; Quemadores adaptados<\/span><\/li>\n<li><span style=\"font-family: verdana, geneva, sans-serif;\">Gas : <strong>Propano \/ Natural<\/strong><\/span><\/li>\n<li><span style=\"font-family: verdana, geneva, sans-serif;\">Cuencos de cobre pulido\u00a0 &#8211; Aluminio natural<\/span><\/li>\n<li><span style=\"font-family: verdana, geneva, sans-serif;\">Llama regulable con; encendido manual \/ Mando \/ Interruptor\u00a0 (seg\u00fan modelo)<\/span><\/li>\n<li><span style=\"font-family: verdana, geneva, sans-serif;\">Con soporte \/ Sin soporte \/ Para adaptar en hueco<\/span><\/li>\n<li><span style=\"font-family: verdana, geneva, sans-serif;\">Columnas y soportes de varias alturas<\/span><\/li>\n<li><span style=\"font-family: verdana, geneva, sans-serif;\">*Para medidas especiales consultar a su distribuidor<\/span><\/li>\n<li><span style=\"font-family: verdana, geneva, sans-serif;\">*M\u00e1s informaci\u00f3n <a href=\"https:\/\/www.ambifuego.net\/wp-content\/uploads\/2023\/06\/05-06-23-bbq.pub2_compressed-1.pdf\" target=\"_blank\" rel=\"noopener\">&#8211; Cat\u00e1logo<\/a><\/span><\/li>\n<\/ul>\n<p><\/div>\n\t\t<\/div><div class='yrm-btn-wrapper yrm-btn-wrapper-1 yrm-more-button-wrapper  '\n\t\tdata-custom-more-class-name='' data-custom-less-class-name=''><span title='' data-less-title='' data-more-title='' class='yrm-toggle-expand  yrm-toggle-expand-1 ' data-rel='yrm-IHa7m' data-more='M\u00e1s detalles ' data-less='Ver menos'><span class='yrm-text-wrapper yrm-text-wrapper-custom-dimensions'><span class=\"yrm-button-text-1 yrm-button-text-span\">M\u00e1s detalles <\/span><\/span><\/span><\/div>\n","protected":false},"excerpt":{"rendered":"<p><img fetchpriority=\"high\" decoding=\"async\" class=\"alignnone size-full wp-image-49411\" src=\"https:\/\/www.ambifuego.net\/wp-content\/uploads\/2018\/04\/pebetero1_optimized_optimized.jpg\" alt=\"\" width=\"529\" height=\"381\" srcset=\"https:\/\/www.ambifuego.net\/wp-content\/uploads\/2018\/04\/pebetero1_optimized_optimized.jpg 529w, https:\/\/www.ambifuego.net\/wp-content\/uploads\/2018\/04\/pebetero1_optimized_optimized-480x346.jpg 480w, https:\/\/www.ambifuego.net\/wp-content\/uploads\/2018\/04\/pebetero1_optimized_optimized-375x270.jpg 375w\" sizes=\"(max-width: 529px) 100vw, 529px\" \/><\/p>\n","protected":false},"featured_media":79876,"template":"","meta":[],"product_brand":[],"product_cat":[282],"product_tag":[],"class_list":{"0":"post-20544","1":"product","2":"type-product","3":"status-publish","4":"has-post-thumbnail","6":"product_cat-fire-pits-estufas-fuegos-jardin-terrazas-exteriores-farolas","8":"first","9":"instock","10":"shipping-taxable","11":"product-type-simple"},"_links":{"self":[{"href":"https:\/\/www.ambifuego.net\/es\/wp-json\/wp\/v2\/product\/20544","targetHints":{"allow":["GET"]}}],"collection":[{"href":"https:\/\/www.ambifuego.net\/es\/wp-json\/wp\/v2\/product"}],"about":[{"href":"https:\/\/www.ambifuego.net\/es\/wp-json\/wp\/v2\/types\/product"}],"version-history":[{"count":0,"href":"https:\/\/www.ambifuego.net\/es\/wp-json\/wp\/v2\/product\/20544\/revisions"}],"wp:featuredmedia":[{"embeddable":true,"href":"https:\/\/www.ambifuego.net\/es\/wp-json\/wp\/v2\/media\/79876"}],"wp:attachment":[{"href":"https:\/\/www.ambifuego.net\/es\/wp-json\/wp\/v2\/media?parent=20544"}],"wp:term":[{"taxonomy":"product_brand","embeddable":true,"href":"https:\/\/www.ambifuego.net\/es\/wp-json\/wp\/v2\/product_brand?post=20544"},{"taxonomy":"product_cat","embeddable":true,"href":"https:\/\/www.ambifuego.net\/es\/wp-json\/wp\/v2\/product_cat?post=20544"},{"taxonomy":"product_tag","embeddable":true,"href":"https:\/\/www.ambifuego.net\/es\/wp-json\/wp\/v2\/product_tag?post=20544"}],"curies":[{"name":"wp","href":"https:\/\/api.w.org\/{rel}","templated":true}]}}