{"id":20494,"date":"2018-04-09T10:56:27","date_gmt":"2018-04-09T10:56:27","guid":{"rendered":"https:\/\/www.ambifuego.net\/xtempx\/?post_type=product&#038;p=20494"},"modified":"2025-10-23T10:45:46","modified_gmt":"2025-10-23T08:45:46","slug":"chimeneas-de-jardin-quemador-rectangular","status":"publish","type":"product","link":"https:\/\/www.ambifuego.net\/es\/producto\/chimeneas-de-jardin-quemador-rectangular\/","title":{"rendered":"QUEMADOR RECTANGULAR"},"content":{"rendered":"<h1 style=\"text-align: justify;\"><span style=\"font-size: 12pt; font-family: verdana, geneva, sans-serif;\">\u00bfQuieres disfrutar de\u00a0 la terraza o el <em>jard\u00edn<\/em> todo el a\u00f1o?<\/span><\/h1>\n<p style=\"text-align: justify;\"><span style=\"font-family: verdana, geneva, sans-serif;\">Chimeneas de jard\u00edn &#8211; Quemador-rectangular &#8211; Primero si desea personalizar su jard\u00edn con una chimenea\u00a0 probablemente con una mesa o fogata de jard\u00edn puede lograr su objetivo.<\/span><\/p>\n<p style=\"text-align: justify;\"><span style=\"font-family: verdana, geneva, sans-serif;\">En segundo lugar, por lo tanto puede construir una chimenea o una mesa y adaptar el \u2013 Quemador-Rectangular- de gas al hueco dejado. Una chimenea exterior con un quemador incorporado de gas, es de hecho, la alternativa perfecta a una de le\u00f1a.<\/span><\/p>\n<p style=\"text-align: justify;\"><span style=\"font-family: verdana, geneva, sans-serif;\">Mientras que con una <a href=\"https:\/\/vimeo.com\/ambifuego\" target=\"_blank\" rel=\"noopener\">chimenea<\/a> de le\u00f1a se producen humos, chispas y cenizas con un quemador de gas incorporado, se ahora por lo tanto todo el trabajo y la suciedad.\u00a0 \u00a1Por supuesto, ya no tendr\u00e1 que cargar y almacenar le\u00f1a! Una chimenea de exterior, con un quemador de gas integrado, no requiere pr\u00e1cticamente casi mantenimiento.<\/span><\/p>\n<div class='yrm-content yrm-content-1 yrm-content-hide  ' id='yrm-oGIa4' data-id='1' data-show-status='false' data-after-action='' style=\"visibility: hidden;height: 0;\">\n\t\t\t<div id='yrm-inner-content-yrm-oGIa4' class='yrm-inner-content-wrapper yrm-cntent-1'><\/p>\n<p style=\"text-align: justify;\"><span style=\"font-family: verdana, geneva, sans-serif;\">De hecho, aunque el tiempo no sea el mejor, igualmente podr\u00e1 disfrutar de la belleza de las llamas del fuego y relajarse en el rinc\u00f3n preferido de su jard\u00edn o terraza. Ya sea en un jard\u00edn, terraza o espacio exterior un quemador de gas, sobre todo le dar\u00e1 un toque excepcional de lujo y confort.<\/span><\/p>\n<p style=\"text-align: justify;\"><span style=\"font-family: verdana, geneva, sans-serif;\">Los quemadores de gas son de fabricaci\u00f3n Europea, y por lo tanto son productos de calidad. Sobre todo en Europa cualquier debe pasar rigurosos controles de seguridad y calidad. Por eso mismo si\u00a0 durante su uso hay una lluvia repentina el quemador, claro est\u00e1,\u00a0 se apagar\u00e1 autom\u00e1ticamente. Los quemadores tienen encendido el\u00e9ctrico manual, e igualmente pueden ir con mando, o en cambio, con un interruptor.<\/span><\/p>\n<p style=\"text-align: justify;\"><span style=\"font-family: verdana, geneva, sans-serif;\">Naturalmente, si lo necesita tiene la opci\u00f3n de adquirir un protector de viento o tapadera. Adem\u00e1s el quemador se entrega con piedras de lava rojas, blancas carrara o le\u00f1os cer\u00e1micos. Tambi\u00e9n tiene adaptado la goma del gas y el regulador de presi\u00f3n de gas. Funciona con gas propano o gas natural.<\/span><\/p>\n<h2 style=\"text-align: justify;\"><span style=\"font-size: 12pt; font-family: verdana, geneva, sans-serif;\">Chimeneas de jard\u00edn &#8211; Quemador-rectangular<\/span><\/h2>\n<ul style=\"text-align: justify;\">\n<li><span style=\"font-family: verdana, geneva, sans-serif;\">Quemador<strong> exterior<\/strong> de gas Propano o\u00a0 Natural<\/span><\/li>\n<li><span style=\"font-family: verdana, geneva, sans-serif;\">Encendido manual o asimismo con mando a distancia<\/span><\/li>\n<li><span style=\"font-family: verdana, geneva, sans-serif;\">Piedras decorativas de lava, m\u00e1rmol o en cambio le\u00f1os cer\u00e1micos<\/span><\/li>\n<li><span style=\"font-family: verdana, geneva, sans-serif;\">Control de seguridad desconecta la entrada del gas si accidentalmente se apaga la llama<\/span><\/li>\n<li><span style=\"font-family: verdana, geneva, sans-serif;\">*Disponible tambi\u00e9n en otras medidas<\/span><\/li>\n<li><span style=\"font-family: verdana, geneva, sans-serif;\">Opcional protector de vientos y tapa<\/span><\/li>\n<li><span style=\"font-family: verdana, geneva, sans-serif;\">*M\u00e1s informaci\u00f3n &#8211;<a href=\"https:\/\/www.ambifuego.net\/wp-content\/uploads\/2023\/06\/05-06-23-bbq.pub2_compressed-1.pdf\" target=\"_blank\" rel=\"noopener\">cat\u00e1logo<\/a>&#8211;<\/span><\/li>\n<\/ul>\n<p><\/div>\n\t\t<\/div><div class='yrm-btn-wrapper yrm-btn-wrapper-1 yrm-more-button-wrapper  '\n\t\tdata-custom-more-class-name='' data-custom-less-class-name=''><span title='' data-less-title='' data-more-title='' class='yrm-toggle-expand  yrm-toggle-expand-1 ' data-rel='yrm-oGIa4' data-more='M\u00e1s detalles ' data-less='Ver menos'><span class='yrm-text-wrapper yrm-text-wrapper-custom-dimensions'><span class=\"yrm-button-text-1 yrm-button-text-span\">M\u00e1s detalles <\/span><\/span><\/span><\/div>\n","protected":false},"excerpt":{"rendered":"[video width=\"400\" height=\"320\" mp4=\"https:\/\/www.ambifuego.net\/wp-content\/uploads\/2018\/04\/rectangulo-quemador-exterior.mp4\" autoplay=\"true\" preload=\"auto\"][\/video]\n<p>&nbsp;<\/p>\n","protected":false},"featured_media":79863,"template":"","meta":[],"product_brand":[],"product_cat":[282],"product_tag":[],"class_list":{"0":"post-20494","1":"product","2":"type-product","3":"status-publish","4":"has-post-thumbnail","6":"product_cat-fire-pits-estufas-fuegos-jardin-terrazas-exteriores-farolas","8":"first","9":"instock","10":"shipping-taxable","11":"product-type-simple"},"_links":{"self":[{"href":"https:\/\/www.ambifuego.net\/es\/wp-json\/wp\/v2\/product\/20494","targetHints":{"allow":["GET"]}}],"collection":[{"href":"https:\/\/www.ambifuego.net\/es\/wp-json\/wp\/v2\/product"}],"about":[{"href":"https:\/\/www.ambifuego.net\/es\/wp-json\/wp\/v2\/types\/product"}],"version-history":[{"count":0,"href":"https:\/\/www.ambifuego.net\/es\/wp-json\/wp\/v2\/product\/20494\/revisions"}],"wp:featuredmedia":[{"embeddable":true,"href":"https:\/\/www.ambifuego.net\/es\/wp-json\/wp\/v2\/media\/79863"}],"wp:attachment":[{"href":"https:\/\/www.ambifuego.net\/es\/wp-json\/wp\/v2\/media?parent=20494"}],"wp:term":[{"taxonomy":"product_brand","embeddable":true,"href":"https:\/\/www.ambifuego.net\/es\/wp-json\/wp\/v2\/product_brand?post=20494"},{"taxonomy":"product_cat","embeddable":true,"href":"https:\/\/www.ambifuego.net\/es\/wp-json\/wp\/v2\/product_cat?post=20494"},{"taxonomy":"product_tag","embeddable":true,"href":"https:\/\/www.ambifuego.net\/es\/wp-json\/wp\/v2\/product_tag?post=20494"}],"curies":[{"name":"wp","href":"https:\/\/api.w.org\/{rel}","templated":true}]}}