{"id":19943,"date":"2018-03-21T13:08:47","date_gmt":"2018-03-21T13:08:47","guid":{"rendered":"https:\/\/www.ambifuego.net\/xtempx\/?post_type=product&#038;p=19943"},"modified":"2025-10-22T17:24:50","modified_gmt":"2025-10-22T15:24:50","slug":"barbacoa-para-cocina-exterior","status":"publish","type":"product","link":"https:\/\/www.ambifuego.net\/es\/producto\/barbacoa-para-cocina-exterior\/","title":{"rendered":"BBQ ISLA P4"},"content":{"rendered":"<p><span style=\"font-family: verdana, geneva, sans-serif;\">Barbacoa para cocina exterior<\/span><\/p>\n<h2><span style=\"font-family: verdana, geneva, sans-serif; font-size: 14pt;\">Ponga una cocina en su jard\u00edn o terraza!<\/span><\/h2>\n<p style=\"text-align: justify;\"><span style=\"font-family: verdana, geneva, sans-serif;\">Cuando llega el buen tiempo y si se dispone de un espacio exterior lo suficientemente amplio, instalar una cocina de exterior asegura muchos momentos buenos en compa\u00f1\u00eda. Es una manera de romper con la rutina y hacer part\u00edcipe a todo el mundo en la preparaci\u00f3n de la comida. Pero\u00a0<strong>las cocinas de exterior <\/strong>no son solo para grandes\u00a0jardines\u00a0o\u00a0porches,\u00a0basta con tener un espacio que te permita colocar la barbacoa y un carrito o m\u00f3dulo auxiliar al lado que sirva de apoyo y ya tendr\u00e1s la cocina. A partir de aqu\u00ed, hay verdaderas cocinas de chef con horno, fregadero, frigor\u00edfico, vinoteca\u2026 Todo depende de los metros de los que dispongas porque este tipo de cocinas de exterior se compone por m\u00f3dulos.<\/span><\/p>\n<div class='yrm-content yrm-content-1 yrm-content-hide  ' id='yrm-oQsti' data-id='1' data-show-status='false' data-after-action='' style=\"visibility: hidden;height: 0;\">\n\t\t\t<div id='yrm-inner-content-yrm-oQsti' class='yrm-inner-content-wrapper yrm-cntent-1'><\/p>\n<p><span style=\"font-family: verdana, geneva, sans-serif;\">La barbacoa P4 es ideal para los amantes de la buena comida. Con su excelente construcci\u00f3n y su dise\u00f1o elegante, esta barbacoa lucir\u00e1 fant\u00e1stica en cualquier jard\u00edn o patio. Con solo tocar un bot\u00f3n, la parrilla se enciende y alcanza la temperatura de cocci\u00f3n en cuesti\u00f3n de minutos. Gracias al medidor de temperatura incorporado, puede obtener las temperaturas perfectas para hornear, cocinar en el horno y asar.<\/span><\/p>\n<h4><span style=\"font-family: verdana, geneva, sans-serif;\">Barbacoa para cocina exterior<\/span><\/h4>\n<p><span style=\"font-family: verdana, geneva, sans-serif;\">Dise\u00f1ado con una generosa superficie de cocci\u00f3n de 60 x 44 cm. cubierta con 2 rejillas de hierro fundido revestidas de porcelana y 1 placa calefactora de hierro fundido revestida de porcelana. Debajo de estas placas encontrar\u00e1 4 quemadores que se controlan individualmente mediante las elegantes perillas de control ubicadas en el panel de control frontal. Una rejilla para calentar cromada se encuentra en la parte posterior del \u00e1rea de cocci\u00f3n para mantener calientes los alimentos cocinados. Los jugos que gotean entre los quemadores se recogen en una bandeja de goteo galvanizada que se puede deslizar desde la parte delantera de la barbacoa para facilitar la limpieza y el mantenimiento.<\/span><\/p>\n<p><span style=\"font-family: verdana, geneva, sans-serif;\">Esta barbacoa est\u00e1 dise\u00f1ada para ser empotrada en el patio, viene completamente ensamblada y es f\u00e1cil de instalar. Se pueden comprar gabinetes laterales para este modelo para convertirlo en una isla.<\/span><\/p>\n<p><span style=\"font-family: verdana, geneva, sans-serif;\">Caracter\u00edsticas principales:<\/span><\/p>\n<ul>\n<li><span style=\"font-family: verdana, geneva, sans-serif;\">&#8211; 4 Quemadores de Acero Inoxidable.<\/span><\/li>\n<li><span style=\"font-family: verdana, geneva, sans-serif;\">&#8211; 3 Domadores de llama de acero revestidos de porcelana.<\/span><\/li>\n<li><span style=\"font-family: verdana, geneva, sans-serif;\">&#8211; Rendimiento total: 12,6 kW.<\/span><\/li>\n<li><span style=\"font-family: verdana, geneva, sans-serif;\">&#8211; 1 Placa de cocci\u00f3n de hierro fundido revestida de porcelana de 19 x 44 cm.<\/span><\/li>\n<li><span style=\"font-family: verdana, geneva, sans-serif;\">&#8211; 2 Rejillas de hierro fundido revestidas de porcelana de 19 x 44 cm.<\/span><\/li>\n<li><span style=\"font-family: verdana, geneva, sans-serif;\">&#8211; Superficie de asado 60 x 44 cm. &#8211; 1 Parrilla para calentar.<\/span><\/li>\n<li><span style=\"font-family: verdana, geneva, sans-serif;\">&#8211; Encendido electr\u00f3nico mediante pulsador.<\/span><\/li>\n<li><span style=\"font-family: verdana, geneva, sans-serif;\">&#8211; Term\u00f3metro.<\/span><\/li>\n<li><span style=\"font-family: verdana, geneva, sans-serif;\">&#8211; Extra\u00edble por delante con tirador en S\/N.<\/span><\/li>\n<li><span style=\"font-family: verdana, geneva, sans-serif;\">&#8211; Ancho: 61 x Alto: 50 x Fondo: 61 cm.<\/span><\/li>\n<li><span style=\"font-family: verdana, geneva, sans-serif;\">&#8211; Peso: 30 Kg<\/span><\/li>\n<\/ul>\n<ul>\n<li><a href=\"https:\/\/www.ambifuego.net\/wp-content\/uploads\/2023\/06\/05-06-23-bbq.pub2_compressed-1.pdf\" target=\"_blank\" rel=\"noopener\"><span style=\"font-family: verdana, geneva, sans-serif;\">Cat\u00e1logo<\/span><\/a><\/li>\n<li><span style=\"font-family: verdana, geneva, sans-serif;\"><a href=\"https:\/\/www.ambifuego.net\/contacto\/\" target=\"_blank\" rel=\"noopener\">PVP &#8211; Disponibilidad<\/a><\/span><\/li>\n<\/ul>\n<p><\/div>\n\t\t<\/div><div class='yrm-btn-wrapper yrm-btn-wrapper-1 yrm-more-button-wrapper  '\n\t\tdata-custom-more-class-name='' data-custom-less-class-name=''><span title='' data-less-title='' data-more-title='' class='yrm-toggle-expand  yrm-toggle-expand-1 ' data-rel='yrm-oQsti' data-more='M\u00e1s detalles ' data-less='Ver menos'><span class='yrm-text-wrapper yrm-text-wrapper-custom-dimensions'><span class=\"yrm-button-text-1 yrm-button-text-span\">M\u00e1s detalles <\/span><\/span><\/span><\/div>\n","protected":false},"excerpt":{"rendered":"[caption id=\"attachment_52822\" align=\"alignnone\" width=\"380\"]<img fetchpriority=\"high\" decoding=\"async\" class=\"size-full wp-image-52822\" src=\"https:\/\/www.ambifuego.net\/wp-content\/uploads\/2017\/09\/parrillas-isla-3-quemadores_optimized.jpg\" alt=\"cocina exterior barbacoa\" width=\"380\" height=\"456\" srcset=\"https:\/\/www.ambifuego.net\/wp-content\/uploads\/2017\/09\/parrillas-isla-3-quemadores_optimized.jpg 380w, https:\/\/www.ambifuego.net\/wp-content\/uploads\/2017\/09\/parrillas-isla-3-quemadores_optimized-225x270.jpg 225w, https:\/\/www.ambifuego.net\/wp-content\/uploads\/2017\/09\/parrillas-isla-3-quemadores_optimized-366x439.jpg 366w\" sizes=\"(max-width: 380px) 100vw, 380px\" \/> cocina exterior parrillas y plancha[\/caption]\n","protected":false},"featured_media":79814,"template":"","meta":[],"product_brand":[],"product_cat":[287],"product_tag":[],"class_list":{"0":"post-19943","1":"product","2":"type-product","3":"status-publish","4":"has-post-thumbnail","6":"product_cat-barbacoas-islas-cocina-exterior-barbecues-ovens-kamado-gas-wood","8":"first","9":"instock","10":"shipping-taxable","11":"product-type-simple"},"_links":{"self":[{"href":"https:\/\/www.ambifuego.net\/es\/wp-json\/wp\/v2\/product\/19943","targetHints":{"allow":["GET"]}}],"collection":[{"href":"https:\/\/www.ambifuego.net\/es\/wp-json\/wp\/v2\/product"}],"about":[{"href":"https:\/\/www.ambifuego.net\/es\/wp-json\/wp\/v2\/types\/product"}],"version-history":[{"count":0,"href":"https:\/\/www.ambifuego.net\/es\/wp-json\/wp\/v2\/product\/19943\/revisions"}],"wp:featuredmedia":[{"embeddable":true,"href":"https:\/\/www.ambifuego.net\/es\/wp-json\/wp\/v2\/media\/79814"}],"wp:attachment":[{"href":"https:\/\/www.ambifuego.net\/es\/wp-json\/wp\/v2\/media?parent=19943"}],"wp:term":[{"taxonomy":"product_brand","embeddable":true,"href":"https:\/\/www.ambifuego.net\/es\/wp-json\/wp\/v2\/product_brand?post=19943"},{"taxonomy":"product_cat","embeddable":true,"href":"https:\/\/www.ambifuego.net\/es\/wp-json\/wp\/v2\/product_cat?post=19943"},{"taxonomy":"product_tag","embeddable":true,"href":"https:\/\/www.ambifuego.net\/es\/wp-json\/wp\/v2\/product_tag?post=19943"}],"curies":[{"name":"wp","href":"https:\/\/api.w.org\/{rel}","templated":true}]}}