{"id":19850,"date":"2018-03-20T11:34:17","date_gmt":"2018-03-20T11:34:17","guid":{"rendered":"https:\/\/www.ambifuego.net\/xtempx\/?post_type=product&#038;p=19850"},"modified":"2026-04-08T17:34:43","modified_gmt":"2026-04-08T15:34:43","slug":"puertas-de-acero-inoxidable","status":"publish","type":"product","link":"https:\/\/www.ambifuego.net\/es\/producto\/puertas-de-acero-inoxidable\/","title":{"rendered":"PUERTAS INOX"},"content":{"rendered":"<p><span style=\"font-family: verdana, geneva, sans-serif;\">Puertas acero inoxidable cocinas exterior.<\/span><\/p>\n<ul>\n<li><span style=\"font-family: verdana, geneva, sans-serif;\">Puerta dos hojas de acero inoxidable resistente y duradero.<\/span><\/li>\n<li><span style=\"font-family: verdana, geneva, sans-serif;\">Para empotrar y combinar en mueble o pared de su cocina exterior.<\/span><\/li>\n<li><span style=\"font-family: verdana, geneva, sans-serif;\">Ideal para personalizar su cocina en el exterior, patio, jardin, etc&#8230;..<\/span><\/li>\n<li><span style=\"font-family: verdana, geneva, sans-serif;\">Medidas; 686 x 559 x 72 mm<\/span><\/li>\n<li><span style=\"font-family: verdana, geneva, sans-serif;\">\u00a0 \u00a0 \u00a0 \u00a0 \u00a0 \u00a0 \u00a0 \u00a0 \u00a0 839 x 559 x 72 mm<\/span><\/li>\n<li><span style=\"font-family: verdana, geneva, sans-serif;\">\u00a0 \u00a0 \u00a0 \u00a0 \u00a0 \u00a0 \u00a0 \u00a0 \u00a01143 x 559 x 72 mm<\/span><\/li>\n<li><span style=\"font-family: verdana, geneva, sans-serif;\">Dise\u00f1ada con manijas f\u00e1ciles de usar, la puerta abre y cierra suavemente mediante los imanes que tiene en la parte superior.<\/span><\/li>\n<li><span style=\"font-family: verdana, geneva, sans-serif;\">Superficie lisa para limpieza r\u00e1pida.\u00a0<\/span><\/li>\n<li><span style=\"font-family: verdana, geneva, sans-serif;\">Tama\u00f1o vers\u00e1til pra varias cofiguraciones.<\/span><\/li>\n<li><span style=\"font-family: verdana, geneva, sans-serif;\"><a href=\"https:\/\/www.ambifuego.net\/es\/contacto-mensajes-consultas-informacion\/\" target=\"_blank\" rel=\"noopener\">Precios y disponibilidad.<\/a><\/span><\/li>\n<li><span style=\"font-family: verdana, geneva, sans-serif;\">Otras <a href=\"https:\/\/vimeo.com\/ambifuego\" target=\"_blank\" rel=\"noopener\">opciones<\/a><\/span><\/li>\n<\/ul>\n","protected":false},"excerpt":{"rendered":"<p><span style=\"font-family: verdana, geneva, sans-serif;\">Puertas de acero inoxidable para cocinas de exterior. Puertas de f\u00e1cil instalacion sin taladro, con superficie lisa para r\u00e1pida limpieza. Maneta ergon\u00f3mica para f\u00e1cil acceso. Tama\u00f1os vers\u00e1tiles para varias configuraciones de cocina exterior.<\/span><\/p>\n","protected":false},"featured_media":83961,"template":"","meta":[],"product_brand":[],"product_cat":[288],"product_tag":[],"class_list":{"0":"post-19850","1":"product","2":"type-product","3":"status-publish","4":"has-post-thumbnail","6":"product_cat-accesorios-para-cocinar-barbacoas","8":"first","9":"instock","10":"shipping-taxable","11":"product-type-simple"},"_links":{"self":[{"href":"https:\/\/www.ambifuego.net\/es\/wp-json\/wp\/v2\/product\/19850","targetHints":{"allow":["GET"]}}],"collection":[{"href":"https:\/\/www.ambifuego.net\/es\/wp-json\/wp\/v2\/product"}],"about":[{"href":"https:\/\/www.ambifuego.net\/es\/wp-json\/wp\/v2\/types\/product"}],"version-history":[{"count":4,"href":"https:\/\/www.ambifuego.net\/es\/wp-json\/wp\/v2\/product\/19850\/revisions"}],"predecessor-version":[{"id":83976,"href":"https:\/\/www.ambifuego.net\/es\/wp-json\/wp\/v2\/product\/19850\/revisions\/83976"}],"wp:featuredmedia":[{"embeddable":true,"href":"https:\/\/www.ambifuego.net\/es\/wp-json\/wp\/v2\/media\/83961"}],"wp:attachment":[{"href":"https:\/\/www.ambifuego.net\/es\/wp-json\/wp\/v2\/media?parent=19850"}],"wp:term":[{"taxonomy":"product_brand","embeddable":true,"href":"https:\/\/www.ambifuego.net\/es\/wp-json\/wp\/v2\/product_brand?post=19850"},{"taxonomy":"product_cat","embeddable":true,"href":"https:\/\/www.ambifuego.net\/es\/wp-json\/wp\/v2\/product_cat?post=19850"},{"taxonomy":"product_tag","embeddable":true,"href":"https:\/\/www.ambifuego.net\/es\/wp-json\/wp\/v2\/product_tag?post=19850"}],"curies":[{"name":"wp","href":"https:\/\/api.w.org\/{rel}","templated":true}]}}