{"id":19633,"date":"2018-03-05T14:24:28","date_gmt":"2018-03-05T14:24:28","guid":{"rendered":"https:\/\/www.ambifuego.net\/xtempx\/?post_type=product&#038;p=19633"},"modified":"2024-10-22T10:34:05","modified_gmt":"2024-10-22T08:34:05","slug":"compton-chimenea-electrica-moderna-mueble","status":"publish","type":"product","link":"https:\/\/www.ambifuego.net\/es\/producto\/compton-chimenea-electrica-moderna-mueble\/","title":{"rendered":"COMPTON"},"content":{"rendered":"<p style=\"text-align: justify;\"><span class=\"Y2IQFc\" lang=\"es\" style=\"font-family: verdana, geneva, sans-serif;\">Presentamos un dise\u00f1o de\u00a0 Chimenea el\u00e9ctrica moderna que viene con mueble incorporado y simplemente para colgar en pared. Tambi\u00e9n es una chimenea mural el\u00e9ctrica con dise\u00f1o panor\u00e1mico, frente abierto y con luces Leds.<\/span><\/p>\n<h2 dir=\"ltr\" style=\"text-align: justify;\" data-placeholder=\"Traducci\u00f3n\"><span style=\"font-size: 12pt; font-family: verdana, geneva, sans-serif;\">Chimeneas El\u00e9ctricas y tambi\u00e9n Conjuntos \u00a0moderno Compton<\/span><\/h2>\n<p style=\"text-align: justify;\"><span style=\"font-family: verdana, geneva, sans-serif;\">Las chimeneas el\u00e9ctricas del fabricante Evonic Fires nos ofrecen unos modelos el\u00e9ctricos de bajo consumo. El sistema\u00a0 de funcionamiento EvoFlame, es de hecho, de ultima generaci\u00f3n y ofrece un efecto de llamas muy real. Con todo esto, son modelos totalmente acristalados y adem\u00e1s con gran visi\u00f3n del fuego. Los troncos decorativos incorporados son de gran realismo y calidad. El efecto de las llamas se logra mediante luces Led, y se regula manualmente o\u00a0 mediante App del fabricante.<\/span><\/p>\n<p style=\"text-align: justify;\"><span style=\"font-family: verdana, geneva, sans-serif;\"><strong>El\u00a0efecto\u00a0evoflame\u00ae<\/strong> sobre todo, da la impresi\u00f3n de una imagen de llama rica y profunda con un lecho de combustible con efecto de ceniza caliente a trav\u00e9s de su reflectividad \u00fanica.<\/span><\/p>\n<p style=\"text-align: justify;\"><span style=\"font-family: verdana, geneva, sans-serif;\">La imagen de la llama que se produce con LED puede proporcionar hasta 50,000 horas de tiempo de funcionamiento.<\/span><\/p>\n<p class=\"tw-data-text tw-text-large tw-ta\" dir=\"ltr\" style=\"text-align: justify;\" data-placeholder=\"Traducci\u00f3n\"><span class=\"Y2IQFc\" lang=\"es\" style=\"font-family: verdana, geneva, sans-serif;\"><a href=\"https:\/\/evonicfires.co.uk\/the-range\/suites\/compton-1000\/\" target=\"_blank\" rel=\"noopener\">El Compton 1000<\/a> es un kit de Chimenea el\u00e9ctrica de tres lados. Adem\u00e1s, las paredes laterales vienen con un motivo envolvente de azulejos negros contempor\u00e1neo. Del mismo modo si lo prefiere, tambi\u00e9n est\u00e1 disponible en acabado de piedras blancas. De hecho, con la tecnolog\u00eda Evoflame crea un impresionante efecto de llama.\u00a0 Por lo tanto, brinda al mismo tiempo todos los beneficios adicionales de una chimenea el\u00e9ctrica. Adicionalmente es un modelo que es de bajo consumo, luces Leds\u00a0 y flexible de instalar.<\/span><\/p>\n<h2 dir=\"ltr\" style=\"text-align: justify;\" data-placeholder=\"Traducci\u00f3n\"><span style=\"font-size: 12pt; font-family: verdana, geneva, sans-serif;\">Chimenea el\u00e9ctrica moderna mueble.<\/span><\/h2>\n<p style=\"text-align: justify;\"><span style=\"font-family: verdana, geneva, sans-serif;\">Una chimenea moderna de tres lados ciertamente para cualquier espacio contempor\u00e1neo. No obstante, esta chimenea puede adaptarse a una gran variedad de espacios y adem\u00e1s no necesita ventilaci\u00f3n. As\u00ed mismo tiene con un calefactor incorporado\u00a0 y\u00a0 una decoraci\u00f3n del fuego con\u00a0 le\u00f1os decorativos de gran calidad. (Woodland) Claro est\u00e1 tendr\u00e1 la sensaci\u00f3n de estar sentado al lado de una chimenea de le\u00f1a cl\u00e1sica con un toque contempor\u00e1neo.<\/span><\/p>\n<ul>\n<li style=\"text-align: justify;\"><span style=\"font-family: verdana, geneva, sans-serif;\"><strong>FABRICADO EN EUROPA<\/strong><\/span><\/li>\n<li style=\"text-align: justify;\"><span style=\"font-family: verdana, geneva, sans-serif;\">Chimenea el\u00e9ctrica a tres lados para colgar<\/span><\/li>\n<li style=\"text-align: justify;\"><span style=\"font-family: verdana, geneva, sans-serif;\">Calefactor\u00a0 750\/1500 W<\/span><\/li>\n<li style=\"text-align: justify;\"><span style=\"font-family: verdana, geneva, sans-serif;\"><strong>Le\u00f1os cer\u00e1micos &#8211; Gran Calidad<\/strong><\/span><\/li>\n<li style=\"text-align: justify;\"><span style=\"font-family: verdana, geneva, sans-serif;\">Paneles decorativos con luces laterales<\/span><\/li>\n<li style=\"text-align: justify;\"><span style=\"font-family: verdana, geneva, sans-serif;\">Colores; blanco &#8211; blanco piedra \/ beige &#8211; Beige piedra<\/span><\/li>\n<li style=\"text-align: justify;\"><span style=\"font-family: verdana, geneva, sans-serif;\">Compton &#8211;\u00a0 Alto 520 x Fondo 365 x Ancho 1500 mm<\/span><\/li>\n<li style=\"text-align: justify;\"><span style=\"font-family: verdana, geneva, sans-serif;\"><a href=\"https:\/\/www.ambifuego.net\/wp-content\/uploads\/2023\/10\/20-10-23-cat.general-comprimido.pdf\" target=\"_blank\" rel=\"noopener\">Cat\u00e1logo<\/a><\/span><\/li>\n<li><span style=\"font-family: verdana, geneva, sans-serif;\"><a href=\"https:\/\/evonicfires.co.uk\/videos\/\" target=\"_blank\" rel=\"noopener\">Video<\/a><\/span><\/li>\n<li style=\"text-align: justify;\"><span style=\"font-family: verdana, geneva, sans-serif;\">Gesti\u00f3n a trav\u00e9s de App del fabricante.<\/span><\/li>\n<li style=\"text-align: justify;\"><span style=\"font-family: verdana, geneva, sans-serif;\">Paneles laterales de cristal.<\/span><\/li>\n<li style=\"text-align: justify;\"><span style=\"font-family: verdana, geneva, sans-serif;\">Decoraci\u00f3n interior con juego de troncos cer\u00e1micos de madera.<\/span><\/li>\n<li style=\"text-align: justify;\"><span style=\"font-family: verdana, geneva, sans-serif;\">Iluminaci\u00f3n lateral.<\/span><\/li>\n<li style=\"text-align: justify;\"><span style=\"font-family: verdana, geneva, sans-serif;\">Opcional : iluminaci\u00f3n multicolor.<\/span><\/li>\n<li style=\"text-align: justify;\"><span style=\"font-family: verdana, geneva, sans-serif;\">Efecto Evoflame vista de llama 100 cm.<\/span><\/li>\n<\/ul>\n<p>&nbsp;<\/p>\n<figure id=\"attachment_50147\" aria-describedby=\"caption-attachment-50147\" style=\"width: 449px\" class=\"wp-caption alignnone\"><img fetchpriority=\"high\" decoding=\"async\" class=\"size-full wp-image-50147\" src=\"https:\/\/www.ambifuego.net\/wp-content\/uploads\/2018\/03\/compton-1000_opti.jpg\" alt=\"Chimenea el\u00e9ctrica moderna mueble medidas\" width=\"449\" height=\"205\" \/><figcaption id=\"caption-attachment-50147\" class=\"wp-caption-text\">Chimenea el\u00e9ctrica moderna mueble medidas<\/figcaption><\/figure>\n","protected":false},"excerpt":{"rendered":"[caption id=\"attachment_65913\" align=\"alignnone\" width=\"454\"]<img decoding=\"async\" class=\"size-full wp-image-65913\" src=\"https:\/\/www.ambifuego.net\/wp-content\/uploads\/2018\/03\/compton-1000-new-tiles-copia_optimized-3.jpg\" alt=\"Chimenea el\u00e9ctrica moderna mueble\" width=\"454\" height=\"417\" srcset=\"https:\/\/www.ambifuego.net\/wp-content\/uploads\/2018\/03\/compton-1000-new-tiles-copia_optimized-3.jpg 454w, https:\/\/www.ambifuego.net\/wp-content\/uploads\/2018\/03\/compton-1000-new-tiles-copia_optimized-3-294x270.jpg 294w\" sizes=\"(max-width: 454px) 100vw, 454px\" \/> Chimenea el\u00e9ctrica moderna mueble[\/caption]\n","protected":false},"featured_media":65916,"template":"","meta":[],"product_brand":[],"product_cat":[259,264,262],"product_tag":[],"class_list":{"0":"post-19633","1":"product","2":"type-product","3":"status-publish","4":"has-post-thumbnail","6":"product_cat-chimeneas-electricas-decorativas-modernas-calefactor","7":"product_cat-chimeneas-electricas-conjuntos-suite","8":"product_cat-electricas-sobre-pared","10":"first","11":"instock","12":"shipping-taxable","13":"product-type-simple"},"_links":{"self":[{"href":"https:\/\/www.ambifuego.net\/es\/wp-json\/wp\/v2\/product\/19633","targetHints":{"allow":["GET"]}}],"collection":[{"href":"https:\/\/www.ambifuego.net\/es\/wp-json\/wp\/v2\/product"}],"about":[{"href":"https:\/\/www.ambifuego.net\/es\/wp-json\/wp\/v2\/types\/product"}],"version-history":[{"count":0,"href":"https:\/\/www.ambifuego.net\/es\/wp-json\/wp\/v2\/product\/19633\/revisions"}],"wp:featuredmedia":[{"embeddable":true,"href":"https:\/\/www.ambifuego.net\/es\/wp-json\/wp\/v2\/media\/65916"}],"wp:attachment":[{"href":"https:\/\/www.ambifuego.net\/es\/wp-json\/wp\/v2\/media?parent=19633"}],"wp:term":[{"taxonomy":"product_brand","embeddable":true,"href":"https:\/\/www.ambifuego.net\/es\/wp-json\/wp\/v2\/product_brand?post=19633"},{"taxonomy":"product_cat","embeddable":true,"href":"https:\/\/www.ambifuego.net\/es\/wp-json\/wp\/v2\/product_cat?post=19633"},{"taxonomy":"product_tag","embeddable":true,"href":"https:\/\/www.ambifuego.net\/es\/wp-json\/wp\/v2\/product_tag?post=19633"}],"curies":[{"name":"wp","href":"https:\/\/api.w.org\/{rel}","templated":true}]}}