{"id":19574,"date":"2018-03-02T14:48:04","date_gmt":"2018-03-02T14:48:04","guid":{"rendered":"https:\/\/www.ambifuego.net\/xtempx\/?post_type=product&#038;p=19574"},"modified":"2025-11-13T12:51:41","modified_gmt":"2025-11-13T11:51:41","slug":"chimenea-electrica-moderna-conjunto-gotham","status":"publish","type":"product","link":"https:\/\/www.ambifuego.net\/es\/producto\/chimenea-electrica-moderna-conjunto-gotham\/","title":{"rendered":"GOTHAM 1300"},"content":{"rendered":"<p style=\"text-align: justify;\"><span style=\"font-family: verdana, geneva, sans-serif;\">Chimenea El\u00e9ctrica Moderna Conjunto. Disponible tambi\u00e9n para insertar, encastrar, con mueble completo y\u00a0 calefactor modelo <a href=\"https:\/\/flameritefires.com\/en\/product-category\/fires\/fire-fitting\/built-in-wall-mounted-fires\/\" target=\"_blank\" rel=\"noopener\"><strong>Gotham.<\/strong><\/a><\/span><\/p>\n<h1 style=\"text-align: justify;\"><span style=\"font-size: 14pt; font-family: verdana, geneva, sans-serif;\">Conjunto el\u00e9ctrico\u00a0 insertado o de igual modo tambi\u00e9n con opci\u00f3n\u00a0 sobre el suelo con un mueble.<\/span><\/h1>\n<p style=\"text-align: justify;\"><span style=\"font-family: verdana, geneva, sans-serif;\">En primer lugar, estas chimeneas unen la belleza de la visi\u00f3n de las llamas con la limpieza y la facilidad de su instalaci\u00f3n. El Modelo Gotham es un conjunto moderno, muy decorativo e ideal\u00a0 para crear\u00a0 ambientes en cualquier estancia. <\/span><\/p>\n<div class='yrm-content yrm-content-1 yrm-content-hide  ' id='yrm-GVwo1' data-id='1' data-show-status='false' data-after-action='' style=\"visibility: hidden;height: 0;\">\n\t\t\t<div id='yrm-inner-content-yrm-GVwo1' class='yrm-inner-content-wrapper yrm-cntent-1'><\/p>\n<p style=\"text-align: justify;\"><span style=\"font-family: verdana, geneva, sans-serif;\">De hecho, para su funcionamiento, solo es necesario un enchufe y adem\u00e1s casi sin apenas mantenimiento. Por lo tanto es la soluci\u00f3n, cuando no hay posibilidad de otro tipo de chimenea. Sobre todo es una chimenea\u00a0 decorativa y sin\u00a0 obras ni\u00a0 instalaciones costosas, simplemente sobre el suelo.\u00a0 No obstante, ofrecen todas las ventajas del calor el\u00e9ctrico con la belleza de\u00a0 llamas.<\/span><\/p>\n<p style=\"text-align: justify;\"><span style=\"font-family: verdana, geneva, sans-serif;\">Tambi\u00e9n debe de tener en cuenta que claro est\u00e1, que por consiguiente no tendr\u00e1 cenizas, ni holl\u00edn y tampoco humos. Viene con una estructura de metal y es m\u00e1s con un cristal templado de seguridad con dos posiciones. Estos modelos funcionan con bombillas Leds, por lo tanto el consumo el\u00e9ctrico es muy bajo. Para instalar una chimenea el\u00e9ctrica, m\u00e1s bien lo que necesita es un punto de luz con toma de tierra. Del mismo modo, no requiere salida de humos ni abastecimiento de le\u00f1a. Siguiendo con la descripci\u00f3n los modelos el\u00e9ctricos pueden tener el efecto llama sin calor. No obstante si lo desea puede activar el calefactor de dos potencias. Con todo esto, tambi\u00e9n tiene diferentes opciones de acabado y efectos de llamas.<\/span><\/p>\n<div class=\"row\" style=\"text-align: justify;\">\n<div class=\"columns medium-12\">\n<p><span style=\"font-family: verdana, geneva, sans-serif;\">El cristal del panel frontal puede ser inclinado y por lo tanto en esa posici\u00f3n el fuego adquiere una profundidad mayor.\u00a0 Es m\u00e1s en esa posici\u00f3n el lecho con los le\u00f1os decorativos aparece duplicado y deja libre las rejillas donde sale el aire caliente del calefactor.\u00a0<\/span><\/p>\n<\/div>\n<\/div>\n<h3 style=\"text-align: justify;\"><span style=\"font-size: 14pt; font-family: verdana, geneva, sans-serif;\">Chimenea El\u00e9ctrica Moderna Conjunto<\/span><\/h3>\n<ul style=\"text-align: justify;\">\n<li style=\"text-align: justify;\"><span style=\"font-family: verdana, geneva, sans-serif;\"><strong>FABRICADO EN EUROPA<\/strong><\/span><\/li>\n<li><span style=\"font-family: verdana, geneva, sans-serif;\">Primero; <\/span><span style=\"font-family: verdana, geneva, sans-serif;\">Conjunto el\u00e9ctrico Gotham sobre el suelo para instalar contra una pared lisa.<\/span><\/li>\n<li style=\"text-align: justify;\"><span style=\"font-family: verdana, geneva, sans-serif;\">Segundo; Opci\u00f3n a troncos y adem\u00e1s brasas con piedras blancas y de cristal.<\/span><\/li>\n<li style=\"text-align: justify;\"><span style=\"font-family: verdana, geneva, sans-serif;\">Tercero; Cristal frontal OmniGlide 2 posiciones de cristal, por consiguiente m\u00e1s profundidad de efecto de vista del fuego.<\/span><\/li>\n<li style=\"text-align: justify;\"><span style=\"font-family: verdana, geneva, sans-serif;\">Control remoto opcional.<\/span><\/li>\n<li style=\"text-align: justify;\"><span style=\"font-family: verdana, geneva, sans-serif;\">Opciones marco decorativo: grafito, plata y tambi\u00e9n cristal negro o gris.<\/span><\/li>\n<li style=\"text-align: justify;\"><span style=\"font-family: verdana, geneva, sans-serif;\">V\u00e1lido para empotrar o montar en la pared.<\/span><\/li>\n<li style=\"text-align: justify;\"><span id=\"result_box\" class=\"\" lang=\"es\" style=\"font-family: verdana, geneva, sans-serif;\"><span class=\"\">Instalaci\u00f3n f\u00e1cil, montada en la pared casi como un televisor.<\/span><\/span><\/li>\n<li style=\"text-align: justify;\"><span style=\"font-family: verdana, geneva, sans-serif;\">Finalmente; Efecto llama panor\u00e1mico, por lo tanto mayor impacto \u00f3ptico.<\/span><\/li>\n<li style=\"text-align: justify;\"><span style=\"font-family: verdana, geneva, sans-serif;\">Adem\u00e1s con calefactor 750W\/1500W<\/span><\/li>\n<li style=\"text-align: justify;\"><span style=\"font-family: verdana, geneva, sans-serif;\">Es m\u00e1s el control es mediante App (Tel\u00e9fono).<\/span><\/li>\n<li style=\"text-align: justify;\"><span style=\"font-family: verdana, geneva, sans-serif;\">Marco plata y asimismo en color dorado o sin marco.<\/span><\/li>\n<li style=\"text-align: justify;\"><span style=\"font-family: verdana, geneva, sans-serif;\">Acabado de pintura en mueble liso o texturado en color crema marfil y adem\u00e1s blanco \u00e1rtico o gris.<\/span><\/li>\n<li style=\"text-align: justify;\"><span style=\"font-family: verdana, geneva, sans-serif;\">Insertable : Ancho-1300<\/span><\/li>\n<li style=\"text-align: justify;\"><span style=\"font-family: verdana, geneva, sans-serif;\"><a href=\"https:\/\/www.ambifuego.net\/wp-content\/uploads\/2023\/10\/20-10-23-cat.general-comprimido.pdf\" target=\"_blank\" rel=\"noopener\">Cat\u00e1logo<\/a> &#8211;<\/span><\/li>\n<\/ul>\n<p><img fetchpriority=\"high\" decoding=\"async\" class=\"wp-image-50152 \" src=\"https:\/\/www.ambifuego.net\/wp-content\/uploads\/2018\/03\/gotham-medidas-_optimized-e1646406535184.jpg\" alt=\"medidaschimenea electrica moderna gotham-suite-conjunto-electrico_optimized\" width=\"403\" height=\"239\" \/><\/p>\n<table style=\"border-collapse: collapse; width: 1006px; height: 134px;\">\n<tbody>\n<tr style=\"height: 24px;\">\n<td style=\"width: 11.1111%; height: 24px;\"><span style=\"font-family: verdana, geneva, sans-serif;\">\u00a0<strong>Name<\/strong><\/span><\/td>\n<td style=\"width: 8.80163%; height: 24px;\"><span style=\"font-family: verdana, geneva, sans-serif;\">\u00a0 \u00a0 \u00a0 \u00a0<strong> A<\/strong><\/span><\/td>\n<td style=\"width: 7.99326%; height: 24px;\"><span style=\"font-family: verdana, geneva, sans-serif;\"><strong>\u00a0 \u00a0 \u00a0 B<\/strong><\/span><\/td>\n<td style=\"width: 7.4159%; height: 24px;\"><span style=\"font-family: verdana, geneva, sans-serif;\"><strong>\u00a0 \u00a0 \u00a0 \u00a0C<\/strong><\/span><\/td>\n<td style=\"width: 6.83858%; height: 24px;\"><span style=\"font-family: verdana, geneva, sans-serif;\"><strong>\u00a0 \u00a0 \u00a0 \u00a0D<\/strong><\/span><\/td>\n<td style=\"width: 8.92972%; height: 24px;\"><span style=\"font-family: verdana, geneva, sans-serif;\"><strong>\u00a0 \u00a0 \u00a0 \u00a0E<\/strong><\/span><\/td>\n<td style=\"width: 7.94562%; height: 24px;\"><span style=\"font-family: verdana, geneva, sans-serif;\"><strong>\u00a0 \u00a0 \u00a0 \u00a0F<\/strong><\/span><\/td>\n<td style=\"width: 7.6416%; height: 24px;\"><span style=\"font-family: verdana, geneva, sans-serif;\"><strong>\u00a0 \u00a0 \u00a0 \u00a0G<\/strong><\/span><\/td>\n<\/tr>\n<tr style=\"height: 24px;\">\n<td style=\"width: 11.1111%; height: 24px;\"><span style=\"font-family: verdana, geneva, sans-serif;\">Gotham 1300<\/span><\/td>\n<td style=\"width: 8.80163%; height: 24px;\"><span style=\"font-family: verdana, geneva, sans-serif;\">\u00a0 \u00a0 1304<\/span><\/td>\n<td style=\"width: 7.99326%; height: 24px;\"><span style=\"font-family: verdana, geneva, sans-serif;\">\u00a0 \u00a0 \u00a0 280<\/span><\/td>\n<td style=\"width: 7.4159%; height: 24px;\"><span style=\"font-family: verdana, geneva, sans-serif;\">\u00a0 \u00a0 \u00a01400<\/span><\/td>\n<td style=\"width: 6.83858%; height: 24px;\"><span style=\"font-family: verdana, geneva, sans-serif;\">\u00a0 \u00a0 \u00a01305<\/span><\/td>\n<td style=\"width: 8.92972%; height: 24px;\"><span style=\"font-family: verdana, geneva, sans-serif;\">\u00a0 \u00a0 \u00a0 160<\/span><\/td>\n<td style=\"width: 7.94562%; height: 24px;\"><span style=\"font-family: verdana, geneva, sans-serif;\">\u00a0 \u00a0 \u00a0 20<\/span><\/td>\n<td style=\"width: 7.6416%; height: 24px;\"><span style=\"font-family: verdana, geneva, sans-serif;\">\u00a0 \u00a0 \u00a0 500<\/span><\/td>\n<\/tr>\n<\/tbody>\n<\/table>\n<p><\/div>\n\t\t<\/div><div class='yrm-btn-wrapper yrm-btn-wrapper-1 yrm-more-button-wrapper  '\n\t\tdata-custom-more-class-name='' data-custom-less-class-name=''><span title='' data-less-title='' data-more-title='' class='yrm-toggle-expand  yrm-toggle-expand-1 ' data-rel='yrm-GVwo1' data-more='M\u00e1s detalles ' data-less='Ver menos'><span class='yrm-text-wrapper yrm-text-wrapper-custom-dimensions'><span class=\"yrm-button-text-1 yrm-button-text-span\">M\u00e1s detalles <\/span><\/span><\/span><\/div>\n","protected":false},"excerpt":{"rendered":"[caption id=\"attachment_49104\" align=\"alignnone\" width=\"480\"]<img decoding=\"async\" class=\"size-medium wp-image-49104\" src=\"https:\/\/www.ambifuego.net\/wp-content\/uploads\/2018\/03\/gotham-suite-conjunto-electrico_optimized-1-480x480.jpg\" alt=\"chimenea electrica conjunto gotham\" width=\"480\" height=\"480\" srcset=\"https:\/\/www.ambifuego.net\/wp-content\/uploads\/2018\/03\/gotham-suite-conjunto-electrico_optimized-1-480x480.jpg 480w, https:\/\/www.ambifuego.net\/wp-content\/uploads\/2018\/03\/gotham-suite-conjunto-electrico_optimized-1-150x150.jpg 150w, https:\/\/www.ambifuego.net\/wp-content\/uploads\/2018\/03\/gotham-suite-conjunto-electrico_optimized-1-270x270.jpg 270w, https:\/\/www.ambifuego.net\/wp-content\/uploads\/2018\/03\/gotham-suite-conjunto-electrico_optimized-1-439x439.jpg 439w, https:\/\/www.ambifuego.net\/wp-content\/uploads\/2018\/03\/gotham-suite-conjunto-electrico_optimized-1-388x388.jpg 388w, https:\/\/www.ambifuego.net\/wp-content\/uploads\/2018\/03\/gotham-suite-conjunto-electrico_optimized-1-40x40.jpg 40w, https:\/\/www.ambifuego.net\/wp-content\/uploads\/2018\/03\/gotham-suite-conjunto-electrico_optimized-1-100x100.jpg 100w, https:\/\/www.ambifuego.net\/wp-content\/uploads\/2018\/03\/gotham-suite-conjunto-electrico_optimized-1.jpg 564w\" sizes=\"(max-width: 480px) 100vw, 480px\" \/> chimenea el\u00e9ctrica moderna Gotham-suite-conjunto-el\u00e9ctrico[\/caption]\n","protected":false},"featured_media":49104,"template":"","meta":[],"product_brand":[],"product_cat":[259,264,261],"product_tag":[],"class_list":{"0":"post-19574","1":"product","2":"type-product","3":"status-publish","4":"has-post-thumbnail","6":"product_cat-chimeneas-electricas-decorativas-modernas-calefactor","7":"product_cat-chimeneas-electricas-conjuntos-suite","8":"product_cat-chimeneas-electricas-empotrar-insertar","10":"first","11":"instock","12":"shipping-taxable","13":"product-type-simple"},"_links":{"self":[{"href":"https:\/\/www.ambifuego.net\/es\/wp-json\/wp\/v2\/product\/19574","targetHints":{"allow":["GET"]}}],"collection":[{"href":"https:\/\/www.ambifuego.net\/es\/wp-json\/wp\/v2\/product"}],"about":[{"href":"https:\/\/www.ambifuego.net\/es\/wp-json\/wp\/v2\/types\/product"}],"version-history":[{"count":0,"href":"https:\/\/www.ambifuego.net\/es\/wp-json\/wp\/v2\/product\/19574\/revisions"}],"wp:featuredmedia":[{"embeddable":true,"href":"https:\/\/www.ambifuego.net\/es\/wp-json\/wp\/v2\/media\/49104"}],"wp:attachment":[{"href":"https:\/\/www.ambifuego.net\/es\/wp-json\/wp\/v2\/media?parent=19574"}],"wp:term":[{"taxonomy":"product_brand","embeddable":true,"href":"https:\/\/www.ambifuego.net\/es\/wp-json\/wp\/v2\/product_brand?post=19574"},{"taxonomy":"product_cat","embeddable":true,"href":"https:\/\/www.ambifuego.net\/es\/wp-json\/wp\/v2\/product_cat?post=19574"},{"taxonomy":"product_tag","embeddable":true,"href":"https:\/\/www.ambifuego.net\/es\/wp-json\/wp\/v2\/product_tag?post=19574"}],"curies":[{"name":"wp","href":"https:\/\/api.w.org\/{rel}","templated":true}]}}