{"id":18640,"date":"2018-02-02T15:56:52","date_gmt":"2018-02-02T15:56:52","guid":{"rendered":"https:\/\/www.ambifuego.net\/xtempx\/?post_type=product&#038;p=18640"},"modified":"2024-05-15T15:38:21","modified_gmt":"2024-05-15T13:38:21","slug":"estufa-electrica-inglesa","status":"publish","type":"product","link":"https:\/\/www.ambifuego.net\/es\/producto\/estufa-electrica-inglesa\/","title":{"rendered":"BANFF"},"content":{"rendered":"<p style=\"text-align: justify;\"><span style=\"font-family: verdana, geneva, sans-serif;\">Estufa el\u00e9ctrica inglesa de gran calidad, modelo <\/span><span style=\"font-family: verdana, geneva, sans-serif;\">Banff, una estufa<\/span><span style=\"font-family: verdana, geneva, sans-serif;\"> para decorar y caldear, el excelente y seguro <\/span><span style=\"font-family: verdana, geneva, sans-serif;\">sustituto de las chimeneas tradicionales. Puede instalar una chimenea el\u00e9ctrica no s\u00f3lo en un piso, sino tambi\u00e9n en cualquier vivienda.<\/span><\/p>\n<p style=\"text-align: justify;\"><span class=\"Y2IQFc\" lang=\"es\" style=\"font-family: verdana, geneva, sans-serif;\">La estufa El\u00e9ctrica Banff adem\u00e1s, tiene un estilo contempor\u00e1neo y es la estufa m\u00e1s compacta de nuestra gama el\u00e9ctrica. Tiene vista de llamas a 3 lados, al frente y a en los laterales, a diferencia de la mayor\u00eda de las estufas el\u00e9ctricas del mercado. <\/span><\/p>\n<p style=\"text-align: justify;\"><span class=\"Y2IQFc\" lang=\"es\" style=\"font-family: verdana, geneva, sans-serif;\">Fabricada en acero de alta calidad y acabado con una capa de pintura en polvo negra duradera. La estufa electrica Banff\u00a0 le ofrece una potencia de 1 y 2 Kw. Igualmente puede configurarla para ver solo el efecto llama y podr\u00e1 relajarse esas noches que desea relajarse con su contemplaci\u00f3n. <\/span><\/p>\n<p style=\"text-align: justify;\"><span class=\"Y2IQFc\" lang=\"es\" style=\"font-family: verdana, geneva, sans-serif;\">La llama es incre\u00edblemente realista y puede configurarla a placer. Las brasas de cristal y los le\u00f1os de cer\u00e1mica le dan un aspecto natural y realista a la estufa. La estufa se puede controlar desde el propio equipo o desde el mando que se suministra de serie.\u00a0<\/span><\/p>\n<h2 style=\"text-align: justify;\"><span style=\"font-family: verdana, geneva, sans-serif; font-size: 14pt;\">Estufa el\u00e9ctrica inglesa gran calidad, bajo consumo, f\u00e1cil y pr\u00e1ctica <\/span><\/h2>\n<div style=\"text-align: justify;\"><span style=\"font-family: verdana, geneva, sans-serif;\">Este modelo de estufa es de hecho es una excelente opci\u00f3n para decorar estancias peque\u00f1as. Adem\u00e1s no requiere de ninguna chimenea ni de un proyecto, no hay que preocuparse por la le\u00f1a y la ceniza y, por supuesto, no hay peligro de llamas abiertas. S\u00f3lo requiere un punto de luz, enchufe conectar y ya est\u00e1 listo para usar.\u00a0<\/span><\/div>\n<div style=\"text-align: justify;\"><\/div>\n<div style=\"text-align: justify;\"><span style=\"font-family: verdana, geneva, sans-serif;\">Una chimenea el\u00e9ctrica es naturalmente, una forma estupenda de relajarse cuando contemplando las llamas. Actualmente el efecto de las llamas es tan real que a veces pensar\u00e1 que est\u00e1 frente a un fuego real.<\/span><\/div>\n<p style=\"text-align: justify;\"><span style=\"font-family: verdana, geneva, sans-serif;\">Las\u00a0<strong>chimeneas<\/strong>\u00a0el\u00e9ctricas las podemos considerar como alternativa a la\u00a0<strong>chimenea tradicional de le\u00f1a.<\/strong><\/span><\/p>\n<ul>\n<li><span style=\"font-family: verdana, geneva, sans-serif;\">Fabricaci\u00f3n Europea<\/span><\/li>\n<li><span style=\"font-family: verdana, geneva, sans-serif;\">Estufa el\u00e9ctrica\u00a0<\/span><\/li>\n<li><span style=\"font-family: verdana, geneva, sans-serif;\">Vista de llamas 3D &#8211; 3 lados<\/span><\/li>\n<li><span style=\"font-family: verdana, geneva, sans-serif;\">Material acero<\/span><\/li>\n<li><span style=\"font-family: verdana, geneva, sans-serif;\">Potencia 1000W- 2000W<\/span><\/li>\n<li><span style=\"font-family: verdana, geneva, sans-serif;\">Colores negro &#8211; crema<\/span><\/li>\n<li><span style=\"font-family: verdana, geneva, sans-serif;\">Le\u00f1os cer\u00e1micos &#8211; Gran Calidad<\/span><\/li>\n<li><span style=\"font-family: verdana, geneva, sans-serif;\">Control remoto o APP<\/span><\/li>\n<li><span style=\"font-family: verdana, geneva, sans-serif;\">Alto 680 \/ Fondo 350 \/ Ancho 460 mm<\/span><\/li>\n<li><span style=\"font-family: verdana, geneva, sans-serif;\"><a href=\"https:\/\/www.ambifuego.net\/wp-content\/uploads\/2023\/10\/20-10-23-cat.general-comprimido.pdf\" target=\"_blank\" rel=\"noopener\">Cat\u00e1logo<\/a>\u00a0<\/span><\/li>\n<li><a href=\"https:\/\/www.ambifuego.net\/contacto\/\" target=\"_blank\" rel=\"noopener\"><span style=\"font-family: verdana, geneva, sans-serif;\">PVP &#8211; Disponibilidad<\/span><\/a><\/li>\n<\/ul>\n<p>&nbsp;<\/p>\n","protected":false},"excerpt":{"rendered":"[caption id=\"attachment_56846\" align=\"alignnone\" width=\"380\"]<img fetchpriority=\"high\" decoding=\"async\" class=\"size-full wp-image-56846\" src=\"https:\/\/www.ambifuego.net\/wp-content\/uploads\/2022\/09\/estufa-evonic-banff-copia_optimized.jpg\" alt=\"estufa electrica evonic banff\" width=\"380\" height=\"459\" srcset=\"https:\/\/www.ambifuego.net\/wp-content\/uploads\/2022\/09\/estufa-evonic-banff-copia_optimized.jpg 380w, https:\/\/www.ambifuego.net\/wp-content\/uploads\/2022\/09\/estufa-evonic-banff-copia_optimized-224x270.jpg 224w, https:\/\/www.ambifuego.net\/wp-content\/uploads\/2022\/09\/estufa-evonic-banff-copia_optimized-363x439.jpg 363w\" sizes=\"(max-width: 380px) 100vw, 380px\" \/> Estufa el\u00e9ctrica Evonic banff[\/caption]\n","protected":false},"featured_media":56849,"template":"","meta":[],"product_brand":[],"product_cat":[259,404],"product_tag":[],"class_list":{"0":"post-18640","1":"product","2":"type-product","3":"status-publish","4":"has-post-thumbnail","6":"product_cat-chimeneas-electricas-decorativas-modernas-calefactor","7":"product_cat-estufas-chimeneas-electricas-decorativas","9":"first","10":"instock","11":"shipping-taxable","12":"product-type-simple"},"_links":{"self":[{"href":"https:\/\/www.ambifuego.net\/es\/wp-json\/wp\/v2\/product\/18640","targetHints":{"allow":["GET"]}}],"collection":[{"href":"https:\/\/www.ambifuego.net\/es\/wp-json\/wp\/v2\/product"}],"about":[{"href":"https:\/\/www.ambifuego.net\/es\/wp-json\/wp\/v2\/types\/product"}],"version-history":[{"count":0,"href":"https:\/\/www.ambifuego.net\/es\/wp-json\/wp\/v2\/product\/18640\/revisions"}],"wp:featuredmedia":[{"embeddable":true,"href":"https:\/\/www.ambifuego.net\/es\/wp-json\/wp\/v2\/media\/56849"}],"wp:attachment":[{"href":"https:\/\/www.ambifuego.net\/es\/wp-json\/wp\/v2\/media?parent=18640"}],"wp:term":[{"taxonomy":"product_brand","embeddable":true,"href":"https:\/\/www.ambifuego.net\/es\/wp-json\/wp\/v2\/product_brand?post=18640"},{"taxonomy":"product_cat","embeddable":true,"href":"https:\/\/www.ambifuego.net\/es\/wp-json\/wp\/v2\/product_cat?post=18640"},{"taxonomy":"product_tag","embeddable":true,"href":"https:\/\/www.ambifuego.net\/es\/wp-json\/wp\/v2\/product_tag?post=18640"}],"curies":[{"name":"wp","href":"https:\/\/api.w.org\/{rel}","templated":true}]}}