{"id":17851,"date":"2017-12-15T18:43:47","date_gmt":"2017-12-15T18:43:47","guid":{"rendered":"https:\/\/www.ambifuego.net\/xtempx\/web17\/?post_type=product&#038;p=17851"},"modified":"2026-03-16T16:43:04","modified_gmt":"2026-03-16T15:43:04","slug":"estufa-de-lena-ovalada","status":"publish","type":"product","link":"https:\/\/www.ambifuego.net\/es\/producto\/estufa-de-lena-ovalada\/","title":{"rendered":"OVAL"},"content":{"rendered":"<h2 id=\"tw-target-text\" class=\"tw-data-text tw-text-large tw-ta\" dir=\"ltr\" style=\"text-align: justify;\" data-placeholder=\"Traducci\u00f3n\" data-ved=\"2ahUKEwiyoq_8ov-BAxWWTaQEHe-uBPMQ3ewLegQIDRAQ\"><span class=\"Y2IQFc\" lang=\"es\" style=\"font-family: verdana, geneva, sans-serif; font-size: 14pt;\">Estufa de le\u00f1a Ovalada, la simplicidad nunca pasa de moda. <\/span><\/h2>\n<p class=\"tw-data-text tw-text-large tw-ta\" dir=\"ltr\" style=\"text-align: justify;\" data-placeholder=\"Traducci\u00f3n\" data-ved=\"2ahUKEwiyoq_8ov-BAxWWTaQEHe-uBPMQ3ewLegQIDRAQ\"><span class=\"Y2IQFc\" lang=\"es\" style=\"font-family: verdana, geneva, sans-serif;\">Estufa de le\u00f1a ovalada, con vidrio semicircular creando una impresi\u00f3n visual \u00fanica. <\/span><span style=\"font-family: verdana, geneva, sans-serif;\">La construcci\u00f3n de acero compacta y atemporal de la estufa est\u00e1 pensada para interiores con un dise\u00f1o excepcional. <span class=\"Y2IQFc\" lang=\"es\" style=\"font-family: verdana, geneva, sans-serif;\">La forma cil\u00edndrica garantiza la posibilidad de instalar la estufa para quienes no disponen de mucho espacio.<\/span><\/span><\/p>\n<p dir=\"ltr\" style=\"text-align: justify;\" data-placeholder=\"Traducci\u00f3n\" data-ved=\"2ahUKEwiyoq_8ov-BAxWWTaQEHe-uBPMQ3ewLegQIDRAQ\"><span class=\"Y2IQFc\" lang=\"es\" style=\"font-family: verdana, geneva, sans-serif;\">Debido a sus moderadas dimensiones y a la falta de grandes trabajos para su instalaci\u00f3n, esta estufa puede montarse incluso en habitaciones de peque\u00f1o tama\u00f1o.<\/span><\/p>\n<div class='yrm-content yrm-content-1 yrm-content-hide  ' id='yrm-zmEwD' data-id='1' data-show-status='false' data-after-action='' style=\"visibility: hidden;height: 0;\">\n\t\t\t<div id='yrm-inner-content-yrm-zmEwD' class='yrm-inner-content-wrapper yrm-cntent-1'><\/p>\n<p class=\"tw-data-text tw-text-large tw-ta\" dir=\"ltr\" lang=\"es\" style=\"font-family: verdana, geneva, sans-serif;\" data-placeholder=\"Traducci\u00f3n\" data-ved=\"2ah&lt;span class=\">El modelo OVAL tiene un dise\u00f1o minimalista, simple contempor\u00e1neo y moderno, sin embargo es robusta y muy eficiente.\u00a0 Tiene una amplia c\u00e1mara, la cual permite introducir troncos de gran tama\u00f1o. Su gran ventana de vidrio permite un amplia visi\u00f3n del fuego, creando ese ambiente c\u00e1lido tan acogedor que se busca cuando las temperaturas bajan.<\/p>\n<p dir=\"ltr\" style=\"text-align: justify;\" data-placeholder=\"Traducci\u00f3n\" data-ved=\"2ahUKEwiyoq_8ov-BAxWWTaQEHe-uBPMQ3ewLegQIDRAQ\"><span class=\"Y2IQFc\" lang=\"es\" style=\"font-family: verdana, geneva, sans-serif;\">Las estufas\u00a0 son una alternativa a las <a href=\"https:\/\/www.ambifuego.net\/articulos\/chimeneas-y-estufas-de-lena\/\">chimeneas<\/a> convencionales sin el elevado coste, suciedad y trabajo de una chimenea completa.<\/span><\/p>\n<p class=\"tw-data-text tw-text-large tw-ta\" dir=\"ltr\" style=\"text-align: justify;\" data-placeholder=\"Traducci\u00f3n\" data-ved=\"2ahUKEwiyoq_8ov-BAxWWTaQEHe-uBPMQ3ewLegQIDRAQ\"><span class=\"Y2IQFc\" lang=\"es\" style=\"font-family: verdana, geneva, sans-serif;\">\u00a0<\/span><span style=\"font-family: verdana, geneva, sans-serif;\">Caracter\u00edsticas<\/span><\/p>\n<ul>\n<li><span id=\"result_box\" class=\"\" lang=\"es\" style=\"font-family: verdana, geneva, sans-serif;\"><span class=\"\">Salida de humos: arriba<\/span><br \/>\n<\/span><\/li>\n<li><span id=\"result_box\" class=\"\" lang=\"es\" style=\"font-family: verdana, geneva, sans-serif;\"><span class=\"\">Combustible: madera, briquetas<\/span><\/span><\/li>\n<li><span style=\"font-family: verdana, geneva, sans-serif;\">Rango de poder:3,6 &#8211; 10,8 kilovatios<\/span><\/li>\n<li><span style=\"font-family: verdana, geneva, sans-serif;\">Clase de eficiencia energ\u00e9tica: A<\/span><\/li>\n<li><span style=\"font-family: verdana, geneva, sans-serif;\">Di\u00e1metro de humos: 150mm<\/span><\/li>\n<li><span style=\"font-family: verdana, geneva, sans-serif;\">Eficiencia: 75,5%<\/span><\/li>\n<li><span style=\"font-family: verdana, geneva, sans-serif;\">Emisiones de CO (13% O2) 0,09%<\/span><\/li>\n<li><span style=\"font-family: verdana, geneva, sans-serif;\">Temperatura de los gases de combusti\u00f3n: 310\u00b0C<\/span><\/li>\n<li><span style=\"font-family: verdana, geneva, sans-serif;\">Tiro de chimenea: 12\u00b12Pa<\/span><\/li>\n<li><span style=\"font-family: verdana, geneva, sans-serif;\">Longitud m\u00e1xima del registro: 400 mil\u00edmetros<\/span><\/li>\n<li><span style=\"font-family: verdana, geneva, sans-serif;\">Di\u00e1metro de entrada de aire:\u00a0 125mm<\/span><\/li>\n<li><span style=\"font-family: verdana, geneva, sans-serif;\">Peso:\u00a0 ~175 kilogramos<\/span><span id=\"result_box\" class=\"\" lang=\"es\"><br \/>\n<\/span><\/li>\n<\/ul>\n<p>&nbsp;<\/p>\n<p><\/div>\n\t\t<\/div><div class='yrm-btn-wrapper yrm-btn-wrapper-1 yrm-more-button-wrapper  '\n\t\tdata-custom-more-class-name='' data-custom-less-class-name=''><span title='' data-less-title='' data-more-title='' class='yrm-toggle-expand  yrm-toggle-expand-1 ' data-rel='yrm-zmEwD' data-more='M\u00e1s detalles ' data-less='Ver menos'><span class='yrm-text-wrapper yrm-text-wrapper-custom-dimensions'><span class=\"yrm-button-text-1 yrm-button-text-span\">M\u00e1s detalles <\/span><\/span><\/span><\/div>\n","protected":false},"excerpt":{"rendered":"[caption id=\"attachment_66059\" align=\"alignnone\" width=\"572\"]<img fetchpriority=\"high\" decoding=\"async\" class=\"size-full wp-image-66059\" src=\"https:\/\/www.ambifuego.net\/wp-content\/uploads\/2017\/12\/defro7-copia.jpg\" alt=\"Peso: 124 kgRango de regulaci\u00f3n: 3,8 \u00f7 11,2 kW Capacidad de calor: 98 \u00f7 180 m Salida de humos: arriba, atr\u00e1s Combustible: madera, briquetas Flujo de gas de combusti\u00f3n - madera \/ briquetas: 6,9 \/ 8,1 g \/ s estufa de le\u00f1a oval\" width=\"572\" height=\"322\" srcset=\"https:\/\/www.ambifuego.net\/wp-content\/uploads\/2017\/12\/defro7-copia.jpg 572w, https:\/\/www.ambifuego.net\/wp-content\/uploads\/2017\/12\/defro7-copia-480x270.jpg 480w\" sizes=\"(max-width: 572px) 100vw, 572px\" \/> estufa de le\u00f1a Oval[\/caption]\n","protected":false},"featured_media":66055,"template":"","meta":[],"product_brand":[],"product_cat":[265,401],"product_tag":[],"class_list":{"0":"post-17851","1":"product","2":"type-product","3":"status-publish","4":"has-post-thumbnail","6":"product_cat-chimeneas-y-estufas-de-lena","7":"product_cat-estufas-de-lena-redondas-holzkamin-holzofen-fuer-atmosphaere","9":"first","10":"instock","11":"shipping-taxable","12":"product-type-simple"},"_links":{"self":[{"href":"https:\/\/www.ambifuego.net\/es\/wp-json\/wp\/v2\/product\/17851","targetHints":{"allow":["GET"]}}],"collection":[{"href":"https:\/\/www.ambifuego.net\/es\/wp-json\/wp\/v2\/product"}],"about":[{"href":"https:\/\/www.ambifuego.net\/es\/wp-json\/wp\/v2\/types\/product"}],"version-history":[{"count":4,"href":"https:\/\/www.ambifuego.net\/es\/wp-json\/wp\/v2\/product\/17851\/revisions"}],"predecessor-version":[{"id":83649,"href":"https:\/\/www.ambifuego.net\/es\/wp-json\/wp\/v2\/product\/17851\/revisions\/83649"}],"wp:featuredmedia":[{"embeddable":true,"href":"https:\/\/www.ambifuego.net\/es\/wp-json\/wp\/v2\/media\/66055"}],"wp:attachment":[{"href":"https:\/\/www.ambifuego.net\/es\/wp-json\/wp\/v2\/media?parent=17851"}],"wp:term":[{"taxonomy":"product_brand","embeddable":true,"href":"https:\/\/www.ambifuego.net\/es\/wp-json\/wp\/v2\/product_brand?post=17851"},{"taxonomy":"product_cat","embeddable":true,"href":"https:\/\/www.ambifuego.net\/es\/wp-json\/wp\/v2\/product_cat?post=17851"},{"taxonomy":"product_tag","embeddable":true,"href":"https:\/\/www.ambifuego.net\/es\/wp-json\/wp\/v2\/product_tag?post=17851"}],"curies":[{"name":"wp","href":"https:\/\/api.w.org\/{rel}","templated":true}]}}