{"id":15451,"date":"2017-09-26T20:39:34","date_gmt":"2017-09-26T20:39:34","guid":{"rendered":"https:\/\/www.ambifuego.net\/xtempx\/web17\/?post_type=product&#038;p=15451"},"modified":"2026-03-17T13:42:48","modified_gmt":"2026-03-17T12:42:48","slug":"estufa-barbacoa-jardin-portable","status":"publish","type":"product","link":"https:\/\/www.ambifuego.net\/es\/producto\/estufa-barbacoa-jardin-portable\/","title":{"rendered":"ESTUFA-BARBACOA"},"content":{"rendered":"<p style=\"text-align: justify;\"><span class=\"Y2IQFc\" lang=\"es\" style=\"font-family: verdana, geneva, sans-serif;\">Estufa barbacoa jard\u00edn portable para exteriores. Tiene parrillas incorporadas para transformar la estufa en una barbacoa y disfrutar de agradables veladas en su jard\u00edn o terraza.\u00a0 Ciertamente, este modelo tiene un dise\u00f1o moderno pero a la vez un toque cl\u00e1sico. <\/span><\/p>\n<h1 class=\"tw-data-text tw-text-large tw-ta\" dir=\"ltr\" style=\"text-align: justify;\" data-placeholder=\"Traducci\u00f3n\"><span style=\"font-size: 12pt; font-family: verdana, geneva, sans-serif;\"><span class=\"Y2IQFc\" lang=\"es\">Estufa jard\u00edn portable<\/span> y Cocina de <a href=\"https:\/\/www.youtube.com\/watch?v=AsITX2VtyMw&amp;ab_channel=ESSECookers%26Stoves\" target=\"_blank\" rel=\"noopener\">Jard\u00edn o Terraza<\/a><\/span><\/h1>\n<p style=\"text-align: justify;\"><span style=\"font-family: verdana, geneva, sans-serif;\">En primer lugar este modelo es una mini estufa de le\u00f1a para exteriores, con parrilla. No obstante, puede ser desplazada f\u00e1cilmente al\u00a0 jard\u00edn, terraza o cualquier espacio exterior. De hecho, gracias a la estructura trasera puede llevarse como si fuera un carrito de la compra.\u00a0 Asimismo la tapa superior que puede levantarse y deja libre unas\u00a0 parrillas para asar alimentos. Adem\u00e1s, viene con una estructura trasera para poder transportarla a modo de carretilla.<\/span><\/p>\n<p style=\"text-align: justify;\"><span style=\"font-family: verdana, geneva, sans-serif;\">Esta Cocina Esse, es una estufa de le\u00f1a cerrada dise\u00f1ada para su uso en el exterior. De hecho con este modelo usted podr\u00e1 disfrutar de su rinc\u00f3n\u00a0 favorito en el jard\u00edn, tambi\u00e9n hasta altas horas de la noche.<\/span><\/p>\n<div class='yrm-content yrm-content-1 yrm-content-hide  ' id='yrm-fPYjQ' data-id='1' data-show-status='false' data-after-action='' style=\"visibility: hidden;height: 0;\">\n\t\t\t<div id='yrm-inner-content-yrm-fPYjQ' class='yrm-inner-content-wrapper yrm-cntent-1'><\/p>\n<h2><span style=\"font-size: 14pt;\">Estufa barbacoa jard\u00edn portable tambi\u00e9n para disfrutar de una buena barbacoa<\/span><\/h2>\n<p style=\"text-align: justify;\"><span style=\"font-family: verdana, geneva, sans-serif;\">En la parte superior hay una tapa que\u00a0 puede levantarse. Una vez levantada tiene una parrilla en la cual puede cocinar o asar los alimentos que desee. No obstante, tambi\u00e9n puede colocar una sart\u00e9n, cazuela, tetera o cualquier recipiente sobre las parrillas para cocinar.\u00a0<\/span><\/p>\n<p style=\"text-align: justify;\"><span style=\"font-family: verdana, geneva, sans-serif;\">Las ruedas desmontables facilitan el traslado de la estufa una vez fr\u00eda, al cobertizo o al garaje. Esta estufa -barbacoa-jard\u00edn-portable de jard\u00edn, terraza o exteriores est\u00e1 construida a mano por la empresa Europea y se entrega completa con tubo de salida de humos.<\/span><\/p>\n<p class=\"product-title-text\" style=\"text-align: justify;\" data-spm-anchor-id=\"a2g0o.detail.1000016.i2.41aa78a48yfAbH\"><span style=\"font-family: verdana, geneva, sans-serif;\">Peque\u00f1a estufa de le\u00f1a para exteriores con parrilla port\u00e1til para convertirla f\u00e1cilmente en una <a href=\"https:\/\/www.ambifuego.net\/articulos\/barbacoas-gas-hornos-lena-exteriores-jardin\/\" target=\"_blank\" rel=\"noopener\">barbacoa<\/a>. Tiene tapa superior que puede alzarse y deja libre las parrillas para asar alimentos si as\u00ed lo desea. Viene con estructura trasera para poder transportarla a modo de carretilla.<\/span><\/p>\n<h2 id=\"tw-target-text\" class=\"tw-data-text tw-text-large tw-ta\" dir=\"ltr\" style=\"text-align: justify;\" data-placeholder=\"Traducci\u00f3n\"><span class=\"Y2IQFc\" lang=\"es\" style=\"font-family: verdana, geneva, sans-serif;\"><span style=\"font-size: 12pt;\"> Caracter\u00edsticas\u00a0<\/span><\/span><\/h2>\n<ul style=\"text-align: justify;\">\n<li class=\"tw-data-text tw-text-large tw-ta\" dir=\"ltr\" data-placeholder=\"Traducci\u00f3n\"><span class=\"Y2IQFc\" lang=\"es\" style=\"font-family: verdana, geneva, sans-serif;\">Estufa-Barbacoa y parrilla al aire libre.<\/span><\/li>\n<li class=\"tw-data-text tw-text-large tw-ta\" dir=\"ltr\" data-placeholder=\"Traducci\u00f3n\"><span class=\"Y2IQFc\" lang=\"es\" style=\"font-family: verdana, geneva, sans-serif;\">Fabricaci\u00f3n artesana echa a mano.<\/span><\/li>\n<li class=\"tw-data-text tw-text-large tw-ta\" dir=\"ltr\" data-placeholder=\"Traducci\u00f3n\"><span class=\"Y2IQFc\" lang=\"es\" style=\"font-family: verdana, geneva, sans-serif;\">Material, acero y hierro fundido. <\/span><\/li>\n<li class=\"tw-data-text tw-text-large tw-ta\" dir=\"ltr\" data-placeholder=\"Traducci\u00f3n\"><span class=\"Y2IQFc\" lang=\"es\" style=\"font-family: verdana, geneva, sans-serif;\">Incluye conducto de humos de 1000 mm.<\/span><\/li>\n<li class=\"tw-data-text tw-text-large tw-ta\" dir=\"ltr\" data-placeholder=\"Traducci\u00f3n\"><span class=\"Y2IQFc\" lang=\"es\" style=\"font-family: verdana, geneva, sans-serif;\"> Estructura con ruedas para f\u00e1cil desplazamiento desmontables.<\/span><\/li>\n<li class=\"tw-data-text tw-text-large tw-ta\" dir=\"ltr\" data-placeholder=\"Traducci\u00f3n\"><span class=\"Y2IQFc\" lang=\"es\" style=\"font-family: verdana, geneva, sans-serif;\">Placa superior movible para cocinar y calentar.<\/span><\/li>\n<li class=\"tw-data-text tw-text-large tw-ta\" dir=\"ltr\" data-placeholder=\"Traducci\u00f3n\"><span class=\"Y2IQFc\" lang=\"es\" style=\"font-family: verdana, geneva, sans-serif;\">Parrillas en la parte superior.<\/span><\/li>\n<li class=\"tw-data-text tw-text-large tw-ta\" dir=\"ltr\" data-placeholder=\"Traducci\u00f3n\"><span class=\"Y2IQFc\" lang=\"es\" style=\"font-family: verdana, geneva, sans-serif;\"> Recomendamos aceite de lino para protegerla en el exterior.<\/span><\/li>\n<li dir=\"ltr\" data-placeholder=\"Traducci\u00f3n\"><span style=\"font-family: verdana, geneva, sans-serif;\">Capacidad de le\u00f1os de hasta 300 mm<\/span><\/li>\n<li dir=\"ltr\" data-placeholder=\"Traducci\u00f3n\"><span style=\"font-family: verdana, geneva, sans-serif;\">Eficiencia 82,3%<\/span><\/li>\n<li dir=\"ltr\" data-placeholder=\"Traducci\u00f3n\"><span style=\"font-family: verdana, geneva, sans-serif;\">Peso 88 Kg<\/span><\/li>\n<li dir=\"ltr\" data-placeholder=\"Traducci\u00f3n\"><span style=\"font-family: verdana, geneva, sans-serif;\">Color-Negro<\/span><\/li>\n<li dir=\"ltr\" data-placeholder=\"Traducci\u00f3n\"><span style=\"font-family: verdana, geneva, sans-serif;\">Eficiencia Case A+<\/span><\/li>\n<li dir=\"ltr\" data-placeholder=\"Traducci\u00f3n\"><span style=\"font-family: verdana, geneva, sans-serif;\">Potencia 5 Kw<\/span><\/li>\n<\/ul>\n<p><\/div>\n\t\t<\/div><div class='yrm-btn-wrapper yrm-btn-wrapper-1 yrm-more-button-wrapper  '\n\t\tdata-custom-more-class-name='' data-custom-less-class-name=''><span title='' data-less-title='' data-more-title='' class='yrm-toggle-expand  yrm-toggle-expand-1 ' data-rel='yrm-fPYjQ' data-more='M\u00e1s detalles ' data-less='Ver menos'><span class='yrm-text-wrapper yrm-text-wrapper-custom-dimensions'><span class=\"yrm-button-text-1 yrm-button-text-span\">M\u00e1s detalles <\/span><\/span><\/span><\/div>\n<p>&nbsp;<\/p>\n","protected":false},"excerpt":{"rendered":"[caption id=\"attachment_50068\" align=\"alignnone\" width=\"440\"]<img fetchpriority=\"high\" decoding=\"async\" class=\"size-full wp-image-50068\" src=\"https:\/\/www.ambifuego.net\/wp-content\/uploads\/2017\/09\/gs_food_1_optimized.jpg\" alt=\"Estufa -barbacoa-jardin-portable food\" width=\"440\" height=\"440\" srcset=\"https:\/\/www.ambifuego.net\/wp-content\/uploads\/2017\/09\/gs_food_1_optimized.jpg 440w, https:\/\/www.ambifuego.net\/wp-content\/uploads\/2017\/09\/gs_food_1_optimized-150x150.jpg 150w, https:\/\/www.ambifuego.net\/wp-content\/uploads\/2017\/09\/gs_food_1_optimized-270x270.jpg 270w, https:\/\/www.ambifuego.net\/wp-content\/uploads\/2017\/09\/gs_food_1_optimized-388x388.jpg 388w, https:\/\/www.ambifuego.net\/wp-content\/uploads\/2017\/09\/gs_food_1_optimized-40x40.jpg 40w, https:\/\/www.ambifuego.net\/wp-content\/uploads\/2017\/09\/gs_food_1_optimized-100x100.jpg 100w\" sizes=\"(max-width: 440px) 100vw, 440px\" \/> Estufa -barbacoa-jardin-portable -brochetas[\/caption]\n","protected":false},"featured_media":79954,"template":"","meta":[],"product_brand":[],"product_cat":[274],"product_tag":[],"class_list":{"0":"post-15451","1":"product","2":"type-product","3":"status-publish","4":"has-post-thumbnail","6":"product_cat-chimeneas-de-lena-para-jardin","8":"first","9":"instock","10":"shipping-taxable","11":"product-type-simple"},"_links":{"self":[{"href":"https:\/\/www.ambifuego.net\/es\/wp-json\/wp\/v2\/product\/15451","targetHints":{"allow":["GET"]}}],"collection":[{"href":"https:\/\/www.ambifuego.net\/es\/wp-json\/wp\/v2\/product"}],"about":[{"href":"https:\/\/www.ambifuego.net\/es\/wp-json\/wp\/v2\/types\/product"}],"version-history":[{"count":2,"href":"https:\/\/www.ambifuego.net\/es\/wp-json\/wp\/v2\/product\/15451\/revisions"}],"predecessor-version":[{"id":83681,"href":"https:\/\/www.ambifuego.net\/es\/wp-json\/wp\/v2\/product\/15451\/revisions\/83681"}],"wp:featuredmedia":[{"embeddable":true,"href":"https:\/\/www.ambifuego.net\/es\/wp-json\/wp\/v2\/media\/79954"}],"wp:attachment":[{"href":"https:\/\/www.ambifuego.net\/es\/wp-json\/wp\/v2\/media?parent=15451"}],"wp:term":[{"taxonomy":"product_brand","embeddable":true,"href":"https:\/\/www.ambifuego.net\/es\/wp-json\/wp\/v2\/product_brand?post=15451"},{"taxonomy":"product_cat","embeddable":true,"href":"https:\/\/www.ambifuego.net\/es\/wp-json\/wp\/v2\/product_cat?post=15451"},{"taxonomy":"product_tag","embeddable":true,"href":"https:\/\/www.ambifuego.net\/es\/wp-json\/wp\/v2\/product_tag?post=15451"}],"curies":[{"name":"wp","href":"https:\/\/api.w.org\/{rel}","templated":true}]}}