{"id":15446,"date":"2017-09-26T20:32:42","date_gmt":"2017-09-26T20:32:42","guid":{"rendered":"https:\/\/www.ambifuego.net\/xtempx\/web17\/?post_type=product&#038;p=15446"},"modified":"2023-10-24T14:56:36","modified_gmt":"2023-10-24T12:56:36","slug":"cocinas-rusticas-modernas-gran-calidad-ironhearth","status":"publish","type":"product","link":"https:\/\/www.ambifuego.net\/es\/producto\/cocinas-rusticas-modernas-gran-calidad-ironhearth\/","title":{"rendered":"COCINA FUNDICI\u00d3N &#8211; LE\u00d1A"},"content":{"rendered":"<div id=\"page-container\">\n<div id=\"et-boc\" class=\"et-boc\">\n<div id=\"et-main-area\">\n<div id=\"main-content\">\n<div class=\"et-l et-l--body\">\n<div class=\"et_builder_inner_content et_pb_gutters3 product\">\n<div class=\"et_pb_section et_pb_section_0_tb_body et_section_regular\">\n<div class=\"et_pb_row et_pb_row_3_tb_body\">\n<div class=\"et_pb_column et_pb_column_4_4 et_pb_column_4_tb_body et_pb_css_mix_blend_mode_passthrough et-last-child\">\n<div class=\"et_pb_module et_pb_tabs et_pb_tabs_0_tb_body product-tabs et_slide_transition_to_1 et_slide_transition_to_2 et_slide_transition_to_0\">\n<div class=\"et_pb_all_tabs\">\n<div class=\"et_pb_tab et_pb_tab_0_tb_body clearfix et_pb_active_content et-pb-active-slide\">\n<div class=\"et_pb_tab_content\">\n<div class=\"woocommerce et-dynamic-content-woo et-dynamic-content-woo--product_description\">\n<p style=\"text-align: justify;\"><span style=\"font-size: 12pt; font-family: verdana, geneva, sans-serif;\">Cocinas r\u00fasticas modernas gran-calidad de estilo Vintage para dar un toque especial a su cocina.<\/span><\/p>\n<h2 style=\"text-align: justify;\"><span style=\"font-size: 12pt; font-family: verdana, geneva, sans-serif;\"><strong>Ambifuego- Distribuidor oficial del fabricante de cocinas r\u00fasticas de gran calidad ESSE.<\/strong><\/span><\/h2>\n<p style=\"text-align: justify;\"><span style=\"font-family: verdana, geneva, sans-serif;\"><span style=\"font-size: 12pt;\">El modelo<\/span><span style=\"font-size: 12pt;\">\u00a0<strong>Ironhearth<\/strong>, es cocina, estufa y horno a la vez. <\/span>La <b style=\"font-size: 16px;\">cocina vintage<\/b><span style=\"font-size: 16px;\"> combina detalles antiguos, piezas decorativas que estan inspiradas en tendencias pasadas y elementos nuevos. Lo <\/span>retro<span style=\"font-size: 16px;\"> se ha convertido en una corriente estrella en la decoraci\u00f3n y dise\u00f1o de interiores, porque es una manifestaci\u00f3n de originalidad. Le presentamos cocinas Vintage, de gran calidad para durar toda la vida, pero con la comodidad que ofrece la tecnolog\u00eda actual.\u00a0<\/span><\/span><\/p>\n<p style=\"text-align: justify;\"><span style=\"font-family: verdana, geneva, sans-serif;\">La cocina <a href=\"https:\/\/www.esse.com\/the-ironheart-range\/ironheart-wood-fired-cook-stove\"><strong>Ironheart<\/strong> <\/a>es una mezcla entre estufa y cocina. Mientras cocina, disfruta y admira la belleza de las llamas del fuego.<\/span><\/p>\n<p style=\"text-align: justify;\"><span style=\"font-family: verdana, geneva, sans-serif;\">El modelo Ironhearth, Las cocinas r\u00fasticas modernas gran-calidad a le\u00f1a puede ser personalizarse gracias a una amplia gama de accesorios y colores. Dispone de compartimientos de conservaci\u00f3n los alimentos calientes puede acoger a varios recipientes y dispone de una amplia encimera. El acabado de los colores pueden ser en mate o vitrificado brillante. Los cubrefuegos son de color cromo en satinado o brillante, el cuerpo de color antracita, el color est\u00e1ndar.<\/span><\/p>\n<p style=\"text-align: justify;\"><span style=\"font-family: verdana, geneva, sans-serif;\">A diferencia de otras cocinas el modelo Ironheart tiene paneles de convecci\u00f3n que irradian calor como una estufa de le\u00f1a.<\/span><\/p>\n<p style=\"text-align: justify;\"><span style=\"font-family: verdana, geneva, sans-serif;\">El horno tiene una capacidad de casi 50 litros, y tambi\u00e9n puede al mismo tiempo cocinar directamente sobre la encimera de la cocina. Sobre la encimera de la cocina usted puede cocinar hasta con seis cacerolas o sartenes.<\/span><\/p>\n<p style=\"text-align: justify;\"><span style=\"font-family: verdana, geneva, sans-serif;\">El combustible que utiliza es la le\u00f1a o el carb\u00f3n. La rendimiento puede alcanzar los 9,7 Kwh., dependiendo siempre del combustible utilizado y de la regulaci\u00f3n.<\/span><\/p>\n<h2 style=\"text-align: justify;\"><span style=\"font-size: 12pt; font-family: verdana, geneva, sans-serif;\">Ironheart es una cocinas r\u00fasticas y modernas gran-calidad pero tambi\u00e9n moderna. <strong>Hechas Para Durar!!<\/strong><\/span><\/h2>\n<p style=\"text-align: justify;\"><span style=\"font-size: 12pt; font-family: verdana, geneva, sans-serif;\">Ideal cocineros creativos por su versatilidad, espacio y eficiencia.\u00a0<\/span><\/p>\n<ul style=\"text-align: justify;\">\n<li><span style=\"font-family: verdana, geneva, sans-serif;\">Horno de 47 litros<\/span><\/li>\n<li><span style=\"font-family: verdana, geneva, sans-serif;\">Hotplate hasta 6 sartenes<\/span><\/li>\n<li><span style=\"font-family: verdana, geneva, sans-serif;\">Conveniente para la operaci\u00f3n continua<\/span><\/li>\n<li><span style=\"font-family: verdana, geneva, sans-serif;\">Salida de calor a la habitaci\u00f3n hasta 7,6kw.<\/span><\/li>\n<li><span style=\"font-family: verdana, geneva, sans-serif;\">Estante adicional opcional<\/span><\/li>\n<li><a href=\"https:\/\/www.ambifuego.net\/wp-content\/uploads\/2022\/03\/2022-esse-ironheart-range-brochure_compressed.pdf\"><span style=\"font-family: verdana, geneva, sans-serif;\">M\u00e1s informaci\u00f3n sobre el Ironheart<\/span><\/a><\/li>\n<\/ul>\n<p style=\"text-align: justify;\"><span style=\"font-family: verdana, geneva, sans-serif;\">Tambi\u00e9n puede mirar sus hermanos peque\u00f1os el\u00a0<a href=\"https:\/\/www.esse.com\/the-ironheart-range\/warmheart\/\">Warmheart<\/a>\u00a0y el\u00a0<a href=\"https:\/\/www.esse.com\/the-ironheart-range\/bakeheart\/\">Bakeheart<\/a><\/span><\/p>\n<\/div>\n<\/div>\n<\/div>\n<\/div>\n<\/div>\n<\/div>\n<\/div>\n<\/div>\n<\/div>\n<\/div>\n<\/div>\n<\/div>\n<\/div>\n<\/div>\n<p><img fetchpriority=\"high\" decoding=\"async\" class=\"alignnone wp-image-45113\" src=\"https:\/\/www.ambifuego.net\/wp-content\/uploads\/2021\/08\/ironhearth-plano_optimized.jpg\" alt=\"\" width=\"589\" height=\"312\" srcset=\"https:\/\/www.ambifuego.net\/wp-content\/uploads\/2021\/08\/ironhearth-plano_optimized.jpg 749w, https:\/\/www.ambifuego.net\/wp-content\/uploads\/2021\/08\/ironhearth-plano_optimized-480x254.jpg 480w\" sizes=\"(max-width: 589px) 100vw, 589px\" \/><\/p>\n<p>&nbsp;<\/p>\n","protected":false},"excerpt":{"rendered":"[caption id=\"attachment_49929\" align=\"alignnone\" width=\"456\"]<img decoding=\"async\" class=\"size-full wp-image-49929\" src=\"https:\/\/www.ambifuego.net\/wp-content\/uploads\/2022\/02\/cocina_optimized.lena_-e1646039974147.jpg\" alt=\"Mejores Cocinas R\u00fasticas gran-calidad\" width=\"456\" height=\"342\" \/> Mejores Cocinas R\u00fasticas gran-calidad le\u00f1a[\/caption]\n<p>&nbsp;<\/p>\n","protected":false},"featured_media":49914,"template":"","meta":[],"product_brand":[],"product_cat":[289],"product_tag":[],"class_list":{"0":"post-15446","1":"product","2":"type-product","3":"status-publish","4":"has-post-thumbnail","6":"product_cat-fabricante-cocinas-fundicion-antigua","8":"first","9":"instock","10":"shipping-taxable","11":"product-type-simple"},"_links":{"self":[{"href":"https:\/\/www.ambifuego.net\/es\/wp-json\/wp\/v2\/product\/15446","targetHints":{"allow":["GET"]}}],"collection":[{"href":"https:\/\/www.ambifuego.net\/es\/wp-json\/wp\/v2\/product"}],"about":[{"href":"https:\/\/www.ambifuego.net\/es\/wp-json\/wp\/v2\/types\/product"}],"version-history":[{"count":0,"href":"https:\/\/www.ambifuego.net\/es\/wp-json\/wp\/v2\/product\/15446\/revisions"}],"wp:featuredmedia":[{"embeddable":true,"href":"https:\/\/www.ambifuego.net\/es\/wp-json\/wp\/v2\/media\/49914"}],"wp:attachment":[{"href":"https:\/\/www.ambifuego.net\/es\/wp-json\/wp\/v2\/media?parent=15446"}],"wp:term":[{"taxonomy":"product_brand","embeddable":true,"href":"https:\/\/www.ambifuego.net\/es\/wp-json\/wp\/v2\/product_brand?post=15446"},{"taxonomy":"product_cat","embeddable":true,"href":"https:\/\/www.ambifuego.net\/es\/wp-json\/wp\/v2\/product_cat?post=15446"},{"taxonomy":"product_tag","embeddable":true,"href":"https:\/\/www.ambifuego.net\/es\/wp-json\/wp\/v2\/product_tag?post=15446"}],"curies":[{"name":"wp","href":"https:\/\/api.w.org\/{rel}","templated":true}]}}