{"id":15424,"date":"2017-09-26T18:58:37","date_gmt":"2017-09-26T18:58:37","guid":{"rendered":"https:\/\/www.ambifuego.net\/xtempx\/web17\/?post_type=product&#038;p=15424"},"modified":"2026-02-12T11:53:06","modified_gmt":"2026-02-12T10:53:06","slug":"set-pack-para-horno-o-barbacoa","status":"publish","type":"product","link":"https:\/\/www.ambifuego.net\/es\/producto\/set-pack-para-horno-o-barbacoa\/","title":{"rendered":"ACCESORIOS HORNO"},"content":{"rendered":"<p>Set &#8211; Accesorios horno de pizza, accesorios varios; una pala para empujar la pizza dentro del horno, una pala para dar la vuelta a la pizza u otro alimento, un cepillo pra la limpieza de las piedras refractarias del horno y un racleta para empujar las brasas.<\/p>\n<p>Opcional 2 modelos de soporte para los utensilios. Consta de pala, cepillo, separador y paleta peque\u00f1a.<\/p>\n<p>Accesorios de alta calidad, fabricados en Italia para\u00a0 mejor uso de su horno de le\u00f1a o su barbacoa. Palas para pizza, cepillo,\u00a0 kit recoge brasas, guantes, &#8230; estos\u00a0 productos son las herramientas necesarias para cocinar con el horno.<\/p>\n<p>Para cocinar una buena pizza no es suficiente el horno de le\u00f1a, tambi\u00e9n necesitar\u00e1s los accesorios adecuados.\u00a0 Le ofrecemos algunas herramientas para hornos de le\u00f1a dom\u00e9sticos y profesionales como palas para pizza redonda y rectangular, cepillos con cerdas de lat\u00f3n, kits para pizza, pan y mucho m\u00e1s.<\/p>\n","protected":false},"excerpt":{"rendered":"<p>Set &#8211; Pack accesorios\u00a0 para el uso de hornos.<br \/>\nSet completo para uso con barbacoa u horno; una pala para empujar la pizza dentro del horno, una pala para dar la vuelta a la pizza u otro alimento, un cepillo pra la limpieza de las piedras refractarias del horno y un racleta para empujar las brasas.<\/p>\n<p>El portapalas\u00a0<strong>Vela<\/strong>, adem\u00e1s de ser c\u00f3modo y funcional, es un accesorio con formas rebuscadas e innovadoras, que se adapta perfectamente a los ambientes de la casa, tanto interiores como exteriores.<\/p>\n<p>Portavelas para colocar las palas despu\u00e9s de su uso.<\/p>\n","protected":false},"featured_media":45491,"template":"","meta":[],"product_brand":[],"product_cat":[288],"product_tag":[],"class_list":{"0":"post-15424","1":"product","2":"type-product","3":"status-publish","4":"has-post-thumbnail","6":"product_cat-accesorios-para-cocinar-barbacoas","8":"first","9":"instock","10":"shipping-taxable","11":"product-type-simple"},"_links":{"self":[{"href":"https:\/\/www.ambifuego.net\/es\/wp-json\/wp\/v2\/product\/15424","targetHints":{"allow":["GET"]}}],"collection":[{"href":"https:\/\/www.ambifuego.net\/es\/wp-json\/wp\/v2\/product"}],"about":[{"href":"https:\/\/www.ambifuego.net\/es\/wp-json\/wp\/v2\/types\/product"}],"version-history":[{"count":2,"href":"https:\/\/www.ambifuego.net\/es\/wp-json\/wp\/v2\/product\/15424\/revisions"}],"predecessor-version":[{"id":83260,"href":"https:\/\/www.ambifuego.net\/es\/wp-json\/wp\/v2\/product\/15424\/revisions\/83260"}],"wp:featuredmedia":[{"embeddable":true,"href":"https:\/\/www.ambifuego.net\/es\/wp-json\/wp\/v2\/media\/45491"}],"wp:attachment":[{"href":"https:\/\/www.ambifuego.net\/es\/wp-json\/wp\/v2\/media?parent=15424"}],"wp:term":[{"taxonomy":"product_brand","embeddable":true,"href":"https:\/\/www.ambifuego.net\/es\/wp-json\/wp\/v2\/product_brand?post=15424"},{"taxonomy":"product_cat","embeddable":true,"href":"https:\/\/www.ambifuego.net\/es\/wp-json\/wp\/v2\/product_cat?post=15424"},{"taxonomy":"product_tag","embeddable":true,"href":"https:\/\/www.ambifuego.net\/es\/wp-json\/wp\/v2\/product_tag?post=15424"}],"curies":[{"name":"wp","href":"https:\/\/api.w.org\/{rel}","templated":true}]}}