{"id":15423,"date":"2017-09-26T18:57:55","date_gmt":"2017-09-26T18:57:55","guid":{"rendered":"https:\/\/www.ambifuego.net\/xtempx\/web17\/?post_type=product&#038;p=15423"},"modified":"2026-02-11T16:05:56","modified_gmt":"2026-02-11T15:05:56","slug":"wook-de-acero-inoxidable","status":"publish","type":"product","link":"https:\/\/www.ambifuego.net\/es\/producto\/wook-de-acero-inoxidable\/","title":{"rendered":"GRILL WOK"},"content":{"rendered":"<div class=\"wWOJcd\" tabindex=\"0\" role=\"button\" aria-controls=\"exacc_-zKfYo_RMNa7lwTt2YjoBQ2\" aria-expanded=\"true\" aria-labelledby=\"exacc_-zKfYo_RMNa7lwTt2YjoBQ1\">\n<div data-hveid=\"CBoQAQ\" data-ved=\"2ahUKEwjPusr9mpv4AhXW3YUKHe0sAl0Quk56BAgaEAE\">\n<p style=\"text-align: justify;\"><span style=\"font-family: verdana, geneva, sans-serif;\">El\u00a0<strong>wok <\/strong>de acero inoxidable es un <strong>utensilio de cocina<\/strong>\u00a0originario de China. El wok es como una sart\u00e9n m\u00e1s honda y c\u00f3ncava, ligero y manejable, para favorecer la\u00a0<strong>t\u00e9cnica de cocci\u00f3n en el wok<\/strong>\u00a0que es la de un\u00a0<strong>salteado r\u00e1pido<\/strong>\u00a0(stir frying en ingl\u00e9s), donde los alimentos deben quedar siempre\u00a0<strong>al dente<\/strong>\u00a0pero\u00a0<strong>nunca quemados<\/strong>, aun y cocinarlos a elevadas temperaturas, gracias a la rapidez de cocci\u00f3n, el movimiento o zarandeo continuado y el vapor natural que genera la forma del wok. Gracias a su forma caracter\u00edstica es una herramienta perfecta para realizar <em><strong>salteados<\/strong> <strong>de pescados, carnes, mariscos o verduras<\/strong><\/em>.<\/span><\/p>\n<p style=\"text-align: justify;\"><span style=\"font-family: verdana, geneva, sans-serif;\">Es muy importante, para ejecutar los pasos de la\u00a0<strong>t\u00e9cnica de cocci\u00f3n en el wok<\/strong> de forma r\u00e1pida y evitar que se quemen los alimentos, el hacer una buena preparaci\u00f3n previa de los <strong>ingredientes b\u00e1sicos para cocinar <\/strong>que usaremos, dejandolos cortados y preparados en\u00a0<strong>recipientes, boles y cuencos de cocina<\/strong> separados antes de empezar a cocinar al wok .<\/span><\/p>\n<h2 id=\"exacc_-zKfYo_RMNa7lwTt2YjoBQ3\" class=\"iDjcJe IX9Lgd wwB5gf\" style=\"text-align: justify;\" aria-hidden=\"true\"><span style=\"font-family: verdana, geneva, sans-serif; font-size: 14pt;\">Wok de acero inoxidable ideal para cocinar en su barbacoa, como hacerlo;<\/span><\/h2>\n<p><span style=\"font-family: verdana, geneva, sans-serif;\">1.Calentar el wok a elevada temperatura coloc\u00e1ndolo sobre la barbacoa<\/span><\/p>\n<p><span style=\"font-family: verdana, geneva, sans-serif;\">2.A\u00f1adimos un poco de aceite vegetal y la calentamos hasta punto de humo.<\/span><\/p>\n<p style=\"text-align: justify;\"><span style=\"font-family: verdana, geneva, sans-serif;\">3.Ponemos el ajo y el jengibre picados bien finos, por lo que recomendamos un buen rallador fino para jengibre y un picador de ajos. Cocer y remover unos pocos segundos, apenas para desarrollar sus aromas, pero sin llegar a quemar ni dorar tanto el ajo como el jengibre.<\/span><\/p>\n<p>4.<span style=\"font-family: verdana, geneva, sans-serif;\">A continuaci\u00f3n a\u00f1adir el alimento con prote\u00edna (carne, pescado, pollo &#8230; ), remover y dorar ligeramente.<\/span><\/p>\n<p style=\"text-align: justify;\"><span style=\"font-family: verdana, geneva, sans-serif;\">5.Una vez dorada la carne dorada, se a\u00f1aden los vegetales, el arroz o fideos (ya cocidos). A continuaci\u00f3n tambi\u00e9n a\u00f1adimos la salsa que preferimos, de soja, de ostras , caldos , fumet , fondo, vinagre , vino, almid\u00f3n disuelto, etc&#8230;) y se rectifica de sal y az\u00facar (seg\u00fan receta).<\/span><\/p>\n<p><span style=\"font-family: verdana, geneva, sans-serif;\">6.En este punto se puede tapar y el calor residual termina la cocci\u00f3n y se potencia que los ingredientes l\u00edquidos se impregnen en el resto de alimentos.<\/span><\/p>\n<p style=\"text-align: justify;\"><span style=\"font-family: verdana, geneva, sans-serif;\">Todas estos pasos del 1 al 6 van seguidos, sin pausa, y es fundamental <em><strong>remover continuamente<\/strong><\/em> los ingredientes con una esp\u00e1tula de silicona o sacudir, para que los alimentos <em><strong>siempre est\u00e9n en movimiento<\/strong><\/em> . Esto har\u00e1 que no se quemen y <em><strong>se cocinen aprovechando el vapor<\/strong> <\/em>que genera la propia forma del wok, logrando una cocci\u00f3n al dente.<\/span><\/p>\n<h2 style=\"text-align: justify;\"><span style=\"font-family: verdana, geneva, sans-serif; font-size: 14pt;\">Algunas variantes de esta t\u00e9cnica de cocci\u00f3n con un wok<\/span><\/h2>\n<p style=\"text-align: justify;\"><span style=\"font-family: verdana, geneva, sans-serif;\">\u2022 Algunos chefs retiran la carne antes de a\u00f1adir las verduras y los ingredientes l\u00edquidos. Saltean las verduras y los ingredientes l\u00edquidos y cuando ya est\u00e1n al dente vuelven a poner la carne .<\/span><\/p>\n<p style=\"text-align: justify;\"><span style=\"font-family: verdana, geneva, sans-serif;\">\u2022 Otros cocineros prefieren saltear por separado los ingredientes y luego se pueden utilizar en un mismo plato o en cuencos de servir separados.<\/span><\/p>\n<p style=\"text-align: justify;\"><span style=\"font-family: verdana, geneva, sans-serif;\">\u2022 Para cocciones m\u00e1s lentas , se puede a\u00f1adir agua , caldo o fumet al wok y entonces se tapa , haciendo una semi cocci\u00f3n al vapor .<\/span><\/p>\n<p style=\"text-align: justify;\"><span style=\"font-family: verdana, geneva, sans-serif;\">\u00a0Medidas: 30 x 30 x 5 cm.<\/span><\/p>\n<\/div>\n<\/div>\n<p><a href=\"https:\/\/www.ambifuego.net\/wp-content\/uploads\/2023\/06\/05-06-23-bbq.pub2_compressed-1.pdf\"><span style=\"font-family: verdana, geneva, sans-serif;\">Cat\u00e1logo general Bbq<\/span><\/a><\/p>\n","protected":false},"excerpt":{"rendered":"<p><img fetchpriority=\"high\" decoding=\"async\" class=\"alignnone size-full wp-image-45415\" src=\"https:\/\/www.ambifuego.net\/wp-content\/uploads\/2017\/09\/wok1_optimized.jpg\" alt=\"\" width=\"390\" height=\"317\" srcset=\"https:\/\/www.ambifuego.net\/wp-content\/uploads\/2017\/09\/wok1_optimized.jpg 390w, https:\/\/www.ambifuego.net\/wp-content\/uploads\/2017\/09\/wok1_optimized-332x270.jpg 332w\" sizes=\"(max-width: 390px) 100vw, 390px\" \/><\/p>\n","protected":false},"featured_media":45421,"template":"","meta":[],"product_brand":[],"product_cat":[288],"product_tag":[],"class_list":{"0":"post-15423","1":"product","2":"type-product","3":"status-publish","4":"has-post-thumbnail","6":"product_cat-accesorios-para-cocinar-barbacoas","8":"first","9":"instock","10":"shipping-taxable","11":"product-type-simple"},"_links":{"self":[{"href":"https:\/\/www.ambifuego.net\/es\/wp-json\/wp\/v2\/product\/15423","targetHints":{"allow":["GET"]}}],"collection":[{"href":"https:\/\/www.ambifuego.net\/es\/wp-json\/wp\/v2\/product"}],"about":[{"href":"https:\/\/www.ambifuego.net\/es\/wp-json\/wp\/v2\/types\/product"}],"version-history":[{"count":1,"href":"https:\/\/www.ambifuego.net\/es\/wp-json\/wp\/v2\/product\/15423\/revisions"}],"predecessor-version":[{"id":83263,"href":"https:\/\/www.ambifuego.net\/es\/wp-json\/wp\/v2\/product\/15423\/revisions\/83263"}],"wp:featuredmedia":[{"embeddable":true,"href":"https:\/\/www.ambifuego.net\/es\/wp-json\/wp\/v2\/media\/45421"}],"wp:attachment":[{"href":"https:\/\/www.ambifuego.net\/es\/wp-json\/wp\/v2\/media?parent=15423"}],"wp:term":[{"taxonomy":"product_brand","embeddable":true,"href":"https:\/\/www.ambifuego.net\/es\/wp-json\/wp\/v2\/product_brand?post=15423"},{"taxonomy":"product_cat","embeddable":true,"href":"https:\/\/www.ambifuego.net\/es\/wp-json\/wp\/v2\/product_cat?post=15423"},{"taxonomy":"product_tag","embeddable":true,"href":"https:\/\/www.ambifuego.net\/es\/wp-json\/wp\/v2\/product_tag?post=15423"}],"curies":[{"name":"wp","href":"https:\/\/api.w.org\/{rel}","templated":true}]}}