{"id":15396,"date":"2017-09-26T18:43:14","date_gmt":"2017-09-26T18:43:14","guid":{"rendered":"https:\/\/www.ambifuego.net\/xtempx\/web17\/?post_type=product&#038;p=15396"},"modified":"2025-10-22T14:12:50","modified_gmt":"2025-10-22T12:12:50","slug":"barbacoa-gas-encastrable-2-quemadores","status":"publish","type":"product","link":"https:\/\/www.ambifuego.net\/es\/producto\/barbacoa-gas-encastrable-2-quemadores\/","title":{"rendered":"BBQ ISLA &#8211; P2 GH"},"content":{"rendered":"<p class=\"\" style=\"text-align: justify;\"><span style=\"font-family: verdana, geneva, sans-serif;\">Barbacoa gas encastrable 2 quemadores, probablemente el modelo adecuado para los amantes de la buena comida. Es m\u00e1s con su excelente construcci\u00f3n y dise\u00f1o esta barbacoa se ver\u00e1 fant\u00e1stica en cualquier jard\u00edn o patio. De hecho con s\u00f3lo pulsar un bot\u00f3n, el quemador se enciende y alcanza la temperatura de cocci\u00f3n deseada en minutos. Gracias al term\u00f3metro incorporado en la tapa horno podr\u00e1 hornear y asar cualquier alimento a la perfecci\u00f3n.<\/span><\/p>\n<div class='yrm-content yrm-content-1 yrm-content-hide  ' id='yrm-oUpK6' data-id='1' data-show-status='false' data-after-action='' style=\"visibility: hidden;height: 0;\">\n\t\t\t<div id='yrm-inner-content-yrm-oUpK6' class='yrm-inner-content-wrapper yrm-cntent-1'><\/p>\n<h2><span style=\"font-size: 12pt;\"><strong>Barbacoa gas encastrable 2 quemadores un de modelo Isla P2\u00a0 para los amantes de la buena mesa.<\/strong><\/span><\/h2>\n<p class=\"\" style=\"text-align: justify;\"><span style=\"font-family: verdana, geneva, sans-serif;\">Esta barbacoa tiene una zona de cocci\u00f3n de casi 40 x 45 cm y<\/span><span style=\"font-family: verdana, geneva, sans-serif;\"> 2 rejillas de hierro fundido recubiertas de porcelana. Adem\u00e1s incorpora una rejilla cromada de calentamiento en la parte posterior para mantener caliente los alimentos mientras cocina otros sin quemarlos. Los jugos que gotean entre los quemadores se recogen en una bandeja recoge jugos galvanizada. A\u00fan as\u00ed la bandeja recoge jugos puede sacarse hac\u00eda delante\u00a0 para facilitar\u00a0 la limpieza y el mantenimiento de la barbacoa.<\/span><\/p>\n<p class=\"\" style=\"text-align: justify;\"><span style=\"font-family: verdana, geneva, sans-serif;\">Por lo tanto usted puede dise\u00f1ar una <a href=\"https:\/\/www.ambifuego.net\/articulos\/barbacoas-gas-hornos-lena-exteriores-jardin\/\">cocina de exterior<\/a> y claro est\u00e1 adaptar la barbacoa, ya que es muy f\u00e1cil de instalar puesto que viene completamente ensamblada.\u00a0<\/span><\/p>\n<p style=\"text-align: justify;\"><span style=\"font-family: verdana, geneva, sans-serif;\">Es m\u00e1s con solo presionar un bot\u00f3n, los quemadores se encienden y alcanzan la temperatura de cocci\u00f3n en cuesti\u00f3n de minutos. Gracias al term\u00f3metro que integra en el tapa, usted podr\u00e1 conseguir las temperaturas perfectas cuando utilice su barbacoa en la funci\u00f3n horno para realizar <a href=\"https:\/\/delivita.com\/recipes\/\">asados, rustideras, pizzas<\/a>, pescados al horno, etc.<\/span><\/p>\n<ul>\n<li><span style=\"font-family: verdana, geneva, sans-serif;\">Primero es una barbacoa de gas encastrable 2 quemadores de acero inoxidable.\u00a0<\/span><\/li>\n<li><span style=\"font-family: verdana, geneva, sans-serif;\">Potencia total de 8,4 kW.<\/span><\/li>\n<li><span style=\"font-family: verdana, geneva, sans-serif;\">Encendido electr\u00f3nico.<\/span><\/li>\n<li><span style=\"font-family: verdana, geneva, sans-serif;\">2 Parrillas de hierro fundido con ba\u00f1o de porcelana de 19 x 44,8 cm.<\/span><\/li>\n<li><span style=\"font-family: verdana, geneva, sans-serif;\">Superficie de cocci\u00f3n principal: 40 x 44,8 cm.<\/span><\/li>\n<li><span style=\"font-family: verdana, geneva, sans-serif;\">2 Supresores de llama de Acero Vitrificado.<\/span><\/li>\n<li><span style=\"font-family: verdana, geneva, sans-serif;\">1 Parrilla de calentamiento de Acero Cromado.<\/span><\/li>\n<li><span style=\"font-family: verdana, geneva, sans-serif;\"> Term\u00f3metro integrado en la tapa.<\/span><\/li>\n<li><span style=\"font-family: verdana, geneva, sans-serif;\">Bandeja recoge grasas frontal con asa de Acero Inoxidable.<\/span><\/li>\n<li><span style=\"font-family: verdana, geneva, sans-serif;\"> Barbacoa fabricada en Acero vitrificado y Acero Inoxidable.<\/span><\/li>\n<li><span style=\"font-family: verdana, geneva, sans-serif;\">Funciona con gas butano y gas propano indistintamente.<\/span><\/li>\n<li><span style=\"font-family: verdana, geneva, sans-serif;\">Alto: 51 x Ancho: 46 x Fondo: 54 cm.<\/span><\/li>\n<li><span style=\"font-family: verdana, geneva, sans-serif;\">Peso: 22 Kg.<\/span><\/li>\n<li><a href=\"https:\/\/www.ambifuego.net\/wp-content\/uploads\/2023\/06\/05-06-23-bbq.pub2_compressed-1.pdf\"><span style=\"font-family: verdana, geneva, sans-serif;\">Cat\u00e1logo<\/span><\/a><\/li>\n<\/ul>\n<p><\/div>\n\t\t<\/div><div class='yrm-btn-wrapper yrm-btn-wrapper-1 yrm-more-button-wrapper  '\n\t\tdata-custom-more-class-name='' data-custom-less-class-name=''><span title='' data-less-title='' data-more-title='' class='yrm-toggle-expand  yrm-toggle-expand-1 ' data-rel='yrm-oUpK6' data-more='M\u00e1s detalles ' data-less='Ver menos'><span class='yrm-text-wrapper yrm-text-wrapper-custom-dimensions'><span class=\"yrm-button-text-1 yrm-button-text-span\">M\u00e1s detalles <\/span><\/span><\/span><\/div>\n","protected":false},"excerpt":{"rendered":"<p><img fetchpriority=\"high\" decoding=\"async\" class=\"alignnone size-full wp-image-52782\" src=\"https:\/\/www.ambifuego.net\/wp-content\/uploads\/2017\/09\/barbacoa_gas_encastral-_isla-p2.jpg\" alt=\"\" width=\"380\" height=\"455\" srcset=\"https:\/\/www.ambifuego.net\/wp-content\/uploads\/2017\/09\/barbacoa_gas_encastral-_isla-p2.jpg 380w, https:\/\/www.ambifuego.net\/wp-content\/uploads\/2017\/09\/barbacoa_gas_encastral-_isla-p2-225x270.jpg 225w, https:\/\/www.ambifuego.net\/wp-content\/uploads\/2017\/09\/barbacoa_gas_encastral-_isla-p2-367x439.jpg 367w\" sizes=\"(max-width: 380px) 100vw, 380px\" \/><\/p>\n","protected":false},"featured_media":79757,"template":"","meta":[],"product_brand":[],"product_cat":[287],"product_tag":[],"class_list":{"0":"post-15396","1":"product","2":"type-product","3":"status-publish","4":"has-post-thumbnail","6":"product_cat-barbacoas-islas-cocina-exterior-barbecues-ovens-kamado-gas-wood","8":"first","9":"instock","10":"shipping-taxable","11":"product-type-simple"},"_links":{"self":[{"href":"https:\/\/www.ambifuego.net\/es\/wp-json\/wp\/v2\/product\/15396","targetHints":{"allow":["GET"]}}],"collection":[{"href":"https:\/\/www.ambifuego.net\/es\/wp-json\/wp\/v2\/product"}],"about":[{"href":"https:\/\/www.ambifuego.net\/es\/wp-json\/wp\/v2\/types\/product"}],"version-history":[{"count":0,"href":"https:\/\/www.ambifuego.net\/es\/wp-json\/wp\/v2\/product\/15396\/revisions"}],"wp:featuredmedia":[{"embeddable":true,"href":"https:\/\/www.ambifuego.net\/es\/wp-json\/wp\/v2\/media\/79757"}],"wp:attachment":[{"href":"https:\/\/www.ambifuego.net\/es\/wp-json\/wp\/v2\/media?parent=15396"}],"wp:term":[{"taxonomy":"product_brand","embeddable":true,"href":"https:\/\/www.ambifuego.net\/es\/wp-json\/wp\/v2\/product_brand?post=15396"},{"taxonomy":"product_cat","embeddable":true,"href":"https:\/\/www.ambifuego.net\/es\/wp-json\/wp\/v2\/product_cat?post=15396"},{"taxonomy":"product_tag","embeddable":true,"href":"https:\/\/www.ambifuego.net\/es\/wp-json\/wp\/v2\/product_tag?post=15396"}],"curies":[{"name":"wp","href":"https:\/\/api.w.org\/{rel}","templated":true}]}}