{"id":15377,"date":"2017-09-26T18:25:20","date_gmt":"2017-09-26T18:25:20","guid":{"rendered":"https:\/\/www.ambifuego.net\/xtempx\/web17\/?post_type=product&#038;p=15377"},"modified":"2025-10-22T10:27:29","modified_gmt":"2025-10-22T08:27:29","slug":"paramunt-540-black","status":"publish","type":"product","link":"https:\/\/www.ambifuego.net\/es\/producto\/paramunt-540-black\/","title":{"rendered":"PARAMOUNT 540 BLACK"},"content":{"rendered":"<p><span style=\"font-family: verdana, geneva, sans-serif;\">El modelo 540 es el buque insignia de la serie e incorpora una cubierta de parrilla de doble pared de acero inoxidable V2A y puertas de acero inoxidable en el armario inferior.<\/span><\/p>\n<p><span style=\"font-family: verdana, geneva, sans-serif;\">Adem\u00e1s de su dise\u00f1o exclusivo, esta gran parrilla ofrece caracter\u00edsticas interiores que solo se encuentran en electrodom\u00e9sticos profesionales. Materiales de alta calidad y f\u00e1cil mantenimiento, con una fabricaci\u00f3n impecable.<\/span><\/p>\n<ul>\n<li><span style=\"font-family: verdana, geneva, sans-serif;\">Barbacoa a gas butano \/ propano<\/span><\/li>\n<li><span style=\"font-family: verdana, geneva, sans-serif;\">Material: Fundici\u00f3n de aluminio<\/span><\/li>\n<li><span style=\"font-family: verdana, geneva, sans-serif;\">2 Parrillas de acero inoxidable<\/span><\/li>\n<li><span style=\"font-family: verdana, geneva, sans-serif;\">Superficie de cocci\u00f3n 71 x 46 cm<\/span><\/li>\n<li><span style=\"font-family: verdana, geneva, sans-serif;\">Bot\u00f3n encendido autom\u00e1tico<\/span><\/li>\n<li><span style=\"font-family: verdana, geneva, sans-serif;\">Bandeja recoge-jugos de acero inoxidable<\/span><\/li>\n<li><span style=\"font-family: verdana, geneva, sans-serif;\">4 Quemadores acero inoxidable 4,2 Kw cada uno<\/span><\/li>\n<li><span style=\"font-family: verdana, geneva, sans-serif;\">Quemador lateral cer\u00e1mico sellador\u00a0 4,4 Kw<\/span><\/li>\n<li><span style=\"font-family: verdana, geneva, sans-serif;\">Quemador trasero cer\u00e1mico sellador 3,5 kW<\/span><\/li>\n<li><span style=\"font-family: verdana, geneva, sans-serif;\">Iluminaci\u00f3n hal\u00f3gena<\/span><\/li>\n<li><span style=\"font-family: verdana, geneva, sans-serif;\">Tapa de fundici\u00f3n de aluminio con term\u00f3metro<\/span><\/li>\n<li><span style=\"font-family: verdana, geneva, sans-serif;\">Cuerpo de fundici\u00f3n de aluminio<\/span><\/li>\n<li><span style=\"font-family: verdana, geneva, sans-serif;\">Carro de acero galvanizado<\/span><\/li>\n<li><span style=\"font-family: verdana, geneva, sans-serif;\">Peso 94 Kg<\/span><\/li>\n<li><span style=\"font-family: verdana, geneva, sans-serif;\">Medidas; L 163 x A 127 x F 64 cm<\/span><\/li>\n<\/ul>\n","protected":false},"excerpt":{"rendered":"<p><span style=\"font-family: verdana, geneva, sans-serif;\">Barbacoa de gas con un dise\u00f1o exclusivo, esta gran barbacoa ofrece caracter\u00edsticas interiores excepcionales.\u00a0<\/span><\/p>\n","protected":false},"featured_media":79690,"template":"","meta":[],"product_brand":[],"product_cat":[286],"product_tag":[],"class_list":{"0":"post-15377","1":"product","2":"type-product","3":"status-publish","4":"has-post-thumbnail","6":"product_cat-barbacoas-gas-con-carro","8":"first","9":"instock","10":"shipping-taxable","11":"product-type-simple"},"_links":{"self":[{"href":"https:\/\/www.ambifuego.net\/es\/wp-json\/wp\/v2\/product\/15377","targetHints":{"allow":["GET"]}}],"collection":[{"href":"https:\/\/www.ambifuego.net\/es\/wp-json\/wp\/v2\/product"}],"about":[{"href":"https:\/\/www.ambifuego.net\/es\/wp-json\/wp\/v2\/types\/product"}],"version-history":[{"count":0,"href":"https:\/\/www.ambifuego.net\/es\/wp-json\/wp\/v2\/product\/15377\/revisions"}],"wp:featuredmedia":[{"embeddable":true,"href":"https:\/\/www.ambifuego.net\/es\/wp-json\/wp\/v2\/media\/79690"}],"wp:attachment":[{"href":"https:\/\/www.ambifuego.net\/es\/wp-json\/wp\/v2\/media?parent=15377"}],"wp:term":[{"taxonomy":"product_brand","embeddable":true,"href":"https:\/\/www.ambifuego.net\/es\/wp-json\/wp\/v2\/product_brand?post=15377"},{"taxonomy":"product_cat","embeddable":true,"href":"https:\/\/www.ambifuego.net\/es\/wp-json\/wp\/v2\/product_cat?post=15377"},{"taxonomy":"product_tag","embeddable":true,"href":"https:\/\/www.ambifuego.net\/es\/wp-json\/wp\/v2\/product_tag?post=15377"}],"curies":[{"name":"wp","href":"https:\/\/api.w.org\/{rel}","templated":true}]}}