{"id":15363,"date":"2017-09-26T18:09:28","date_gmt":"2017-09-26T18:09:28","guid":{"rendered":"https:\/\/www.ambifuego.net\/xtempx\/web17\/?post_type=product&#038;p=15363"},"modified":"2026-04-16T12:01:17","modified_gmt":"2026-04-16T10:01:17","slug":"cocina-exterior-completa-280-cm","status":"publish","type":"product","link":"https:\/\/www.ambifuego.net\/es\/producto\/cocina-exterior-completa-280-cm\/","title":{"rendered":"COCINA BARBACOA 280"},"content":{"rendered":"<p class=\"font_2\" style=\"text-align: justify;\"><span style=\"font-family: verdana, geneva, sans-serif;\">Cocina exterior modular inoxidable o negra. Puede combinarse con modulos varios, modulo fregadero, frigor\u00edfico, almacenaje, plancha, esquinera, etc.. <\/span><span style=\"font-family: verdana, geneva, sans-serif;\">Presentamos una impresionante cocina,<\/span><span style=\"font-family: verdana, geneva, sans-serif;\"> robusta, muy estable construida para uso en el exterior.<\/span><span style=\"font-family: verdana, geneva, sans-serif;\"> Adem\u00e1s es un producto de alta gama, con unidades prefabricadas integradas en m\u00f3dulos y con barbacoa de gas. Igualmente viene equipada con rustidor y sellador de carnes, una nevera, fregadero con encimera de granito negro, cajoneras y armarios de almacenaje.\u00a0 Esta barbacoa modular completa es f\u00e1cilmente desplazable ya que incorpora ruedas con freno. Por lo tanto puede sacarla a su terraza o balc\u00f3n y m\u00e1s tarde volver a guardar en su garaje. Esta cocina exterior completa, es de hecho, un modelo dise\u00f1ado para verdaderos entusiastas y amantes de deliciosas comidas en buena compa\u00f1\u00eda.<\/span><\/p>\n<p>* IMPORTANTE; TODOS LOS M\u00d3DULOS SE ENVIAN ENSAMBLADOS<\/p>\n<div class='yrm-content yrm-content-1 yrm-content-hide  ' id='yrm-rZ5gq' data-id='1' data-show-status='false' data-after-action='' style=\"visibility: hidden;height: 0;\">\n\t\t\t<div id='yrm-inner-content-yrm-rZ5gq' class='yrm-inner-content-wrapper yrm-cntent-1'><\/p>\n<h2 style=\"text-align: justify;\"><span style=\"font-family: verdana, geneva, sans-serif;\"><strong><span style=\"font-size: 14pt;\">Barbacoa exterior completa 280 a gas totalmente equipada.<\/span><\/strong><\/span><\/h2>\n<ul>\n<li><span style=\"font-family: verdana, geneva, sans-serif; text-align: justify;\">Barbacoa cocina a gas propano o tambi\u00e9n a gas butano.<\/span><\/li>\n<li><span style=\"font-family: verdana, geneva, sans-serif;\">Tapa horno con <strong>ventana de cristal para vista de la cocci\u00f3n<\/strong>.<\/span><\/li>\n<li><span style=\"font-family: verdana, geneva, sans-serif;\">Adem\u00e1s viene equipada con 6 quemadores con una potencia total de 31,5 kW<\/span><\/li>\n<li><span style=\"font-family: verdana, geneva, sans-serif;\">6 Quemadores principales. 12,6 kW <\/span><\/li>\n<li><span style=\"font-family: verdana, geneva, sans-serif;\">Quemador infrarrojo trasero 3,2 kW <\/span><\/li>\n<li><span style=\"font-family: verdana, geneva, sans-serif;\">Quemador sellador de carnes 2,5 kW<\/span><\/li>\n<li><span style=\"font-family: verdana, geneva, sans-serif;\">Superficie de cocci\u00f3n 94 x 45 cm con iluminaci\u00f3n con Leds<\/span><\/li>\n<li><span style=\"font-family: verdana, geneva, sans-serif; text-align: justify;\">Un quemador lateral para cocinar con cazuelas o sartenes, 4,4 kW<\/span><\/li>\n<li><span style=\"font-family: verdana, geneva, sans-serif; text-align: justify;\">6 difusores de llama que controlan llamaradas producidas por las grasas de los alimentos<\/span><\/li>\n<li><span style=\"font-family: verdana, geneva, sans-serif; text-align: justify;\">Por supuesto las 3 Parrillas son de gran calidad, cada una pesa 3 kg.\u00a0 De hecho, est\u00e1n fabricada con barras de acero al carbono de 8 mm<\/span><\/li>\n<li><span style=\"font-family: verdana, geneva, sans-serif; text-align: justify;\">Tres compartimentos para almacenaje y tambi\u00e9n tres cajoneras, todos con funci\u00f3n de cierre suave.<\/span><\/li>\n<li><span style=\"font-family: verdana, geneva, sans-serif;\">Puertas de los compartimento doble capa.<\/span><\/li>\n<li><span style=\"font-family: verdana, geneva, sans-serif; text-align: justify;\">La cocina-barbacoa est\u00e1 construida en acero inoxidable 304 SS. <\/span><\/li>\n<li><span style=\"font-family: verdana, geneva, sans-serif; text-align: justify;\">Frigor\u00edfico enfriador de bebidas y Vino con capacidad de 63 L<\/span><\/li>\n<li><span style=\"font-family: verdana, geneva, sans-serif;\">Iluminaci\u00f3n interior con Leds color azul en el frigor\u00edfico, la botonadura de los quemadores e igualmente en la cavidad de cocci\u00f3n.<\/span><\/li>\n<\/ul>\n<h2><span style=\"font-size: 14pt;\"><span style=\"font-family: verdana, geneva, sans-serif;\">Cocina cocina exterior completa para combinar con m\u00f3dulos varios.<\/span><\/span><\/h2>\n<ul>\n<li><span style=\"font-family: verdana, geneva, sans-serif;\">M\u00f3dulo con fregadero que incorpora grifo extensible y encimera de granito negro<\/span><\/li>\n<li><span style=\"font-family: verdana, geneva, sans-serif;\">Asimismo las puertas tienen el cierre magn\u00e9tico<\/span><\/li>\n<li><strong><span style=\"font-family: verdana, geneva, sans-serif;\">Grifo monomando extensible y por supuesto con agua fr\u00eda-caliente y fregadero con desag\u00fce\u00a0<\/span><\/strong><\/li>\n<li><span style=\"font-family: verdana, geneva, sans-serif;\">Botones de encendido con piezo<\/span><\/li>\n<li><span style=\"font-family: verdana, geneva, sans-serif;\">Bandeja recoge grasas frontal de acero inoxidable<\/span><\/li>\n<li><span style=\"font-family: verdana, geneva, sans-serif;\">Compartimento almacenaje de la botella del gas<\/span><\/li>\n<li><span style=\"font-family: verdana, geneva, sans-serif;\">Rustidor de carnes opcional<\/span><\/li>\n<li><span style=\"font-family: verdana, geneva, sans-serif;\">Tapa horno con paredes doble capa y term\u00f3metro.<\/span><\/li>\n<li><span style=\"font-family: verdana, geneva, sans-serif;\">Toda la cocina puede desplazarse f\u00e1cilmente ya que incorpora ruedas bloqueables<\/span><\/li>\n<li><span style=\"font-family: verdana, geneva, sans-serif;\">Montaje f\u00e1cil y flexible ya que\u00a0 usted mismo elige en qu\u00e9 lado quiere montado el fregadero y la mesa extensible lateral plegable<\/span><\/li>\n<li><span style=\"font-family: verdana, geneva, sans-serif;\">Adem\u00e1s incluye funda de tejido Oxford resistente a los rayos UV y al agua.\u00a0<\/span><\/li>\n<\/ul>\n<h2><span style=\"font-family: verdana, geneva, sans-serif; font-size: 14pt;\">Amplio espacio de trabajo.<\/span><\/h2>\n<ul>\n<li><span style=\"font-family: verdana, geneva, sans-serif;\">Dimensiones posibles con modulos fregadero y frigor\u00edfico: An. 240 x Al. 90 x F. 60 cm + Mesa lateral plegable An. 40 cm- Ancho total de la cocina 280 cm<\/span><\/li>\n<li><span style=\"font-family: verdana, geneva, sans-serif;\">1 modulo con fregadero y grifo extensible An. 33 x Al. 18 x F. 28 cm.<\/span><\/li>\n<li><span style=\"font-family: verdana, geneva, sans-serif;\">Nevera enfriadora de bebidas con capacidad de\u00a0 63 Lts.<\/span><\/li>\n<li><span style=\"font-family: verdana, geneva, sans-serif;\">Opci\u00f3n mueble lateral con Kamado y compartimento. An. 75 x Fondo 75 x Alto 90 cm.<\/span><\/li>\n<li><a href=\"https:\/\/www.ambifuego.net\/wp-content\/uploads\/2023\/06\/05-06-23-bbq.pub2_compressed-1.pdf\" target=\"_blank\" rel=\"noopener\"><span style=\"font-family: verdana, geneva, sans-serif;\">Cat\u00e1logo<\/span><\/a><\/li>\n<li><a href=\"https:\/\/www.youtube.com\/user\/ambifuego\/videos\" target=\"_blank\" rel=\"noopener\"><span style=\"font-family: verdana, geneva, sans-serif;\">Otros art\u00edculos<\/span><\/a><\/li>\n<li><span style=\"font-family: verdana, geneva, sans-serif;\"><a href=\"https:\/\/www.ambifuego.net\/contacto\/\" target=\"_blank\" rel=\"noopener\">Pvp &#8211; Disponibilidad<\/a><\/span><\/li>\n<li><em><strong>Las barbacoas Isla con m\u00f3dulos necesitan de un mantenimiento frecuente. Es recomendable protegerlas de las inclemencias meteorol\u00f3gicas.<\/strong><\/em><\/li>\n<\/ul>\n<p><\/div>\n\t\t<\/div><div class='yrm-btn-wrapper yrm-btn-wrapper-1 yrm-more-button-wrapper  '\n\t\tdata-custom-more-class-name='' data-custom-less-class-name=''><span title='' data-less-title='' data-more-title='' class='yrm-toggle-expand  yrm-toggle-expand-1 ' data-rel='yrm-rZ5gq' data-more='M\u00e1s detalles ' data-less='Ver menos'><span class='yrm-text-wrapper yrm-text-wrapper-custom-dimensions'><span class=\"yrm-button-text-1 yrm-button-text-span\">M\u00e1s detalles <\/span><\/span><\/span><\/div>\n","protected":false},"excerpt":{"rendered":"<p><span style=\"font-family: verdana, geneva, sans-serif;\">Cocina exterior completa 280 con m\u00f3dulos extra y acabados de alta gama. M\u00f3delo de barbacoa de gas con rustidor, para asar,\u00a0 sellador de carnes, fregadero con encimera de granito, nevera, m\u00f3dulos de almacenaje con cajoneras y armarios. Robusta, estable y f\u00e1cilmente desplazable gracias a sus ruedas con freno. Ideal para disfrutar de la cocina al aire libre con todo el confort.<\/span><\/p>\n<ul>\n<li>IMPORTANTE; LOS M\u00d3DULOS SE ENVIAN ENSAMBLADOS<\/li>\n<\/ul>\n","protected":false},"featured_media":82969,"template":"","meta":[],"product_brand":[],"product_cat":[284,287],"product_tag":[],"class_list":{"0":"post-15363","1":"product","2":"type-product","3":"status-publish","4":"has-post-thumbnail","6":"product_cat-barbacoas-gas-hornos-lena-exteriores-jardin","7":"product_cat-barbacoas-islas-cocina-exterior-barbecues-ovens-kamado-gas-wood","9":"first","10":"instock","11":"shipping-taxable","12":"product-type-simple"},"_links":{"self":[{"href":"https:\/\/www.ambifuego.net\/es\/wp-json\/wp\/v2\/product\/15363","targetHints":{"allow":["GET"]}}],"collection":[{"href":"https:\/\/www.ambifuego.net\/es\/wp-json\/wp\/v2\/product"}],"about":[{"href":"https:\/\/www.ambifuego.net\/es\/wp-json\/wp\/v2\/types\/product"}],"version-history":[{"count":9,"href":"https:\/\/www.ambifuego.net\/es\/wp-json\/wp\/v2\/product\/15363\/revisions"}],"predecessor-version":[{"id":84162,"href":"https:\/\/www.ambifuego.net\/es\/wp-json\/wp\/v2\/product\/15363\/revisions\/84162"}],"wp:featuredmedia":[{"embeddable":true,"href":"https:\/\/www.ambifuego.net\/es\/wp-json\/wp\/v2\/media\/82969"}],"wp:attachment":[{"href":"https:\/\/www.ambifuego.net\/es\/wp-json\/wp\/v2\/media?parent=15363"}],"wp:term":[{"taxonomy":"product_brand","embeddable":true,"href":"https:\/\/www.ambifuego.net\/es\/wp-json\/wp\/v2\/product_brand?post=15363"},{"taxonomy":"product_cat","embeddable":true,"href":"https:\/\/www.ambifuego.net\/es\/wp-json\/wp\/v2\/product_cat?post=15363"},{"taxonomy":"product_tag","embeddable":true,"href":"https:\/\/www.ambifuego.net\/es\/wp-json\/wp\/v2\/product_tag?post=15363"}],"curies":[{"name":"wp","href":"https:\/\/api.w.org\/{rel}","templated":true}]}}