{"id":15361,"date":"2017-09-26T18:07:57","date_gmt":"2017-09-26T18:07:57","guid":{"rendered":"https:\/\/www.ambifuego.net\/xtempx\/web17\/?post_type=product&#038;p=15361"},"modified":"2026-03-17T15:09:43","modified_gmt":"2026-03-17T14:09:43","slug":"modelo-exclusivo-chimenea-exterior","status":"publish","type":"product","link":"https:\/\/www.ambifuego.net\/es\/producto\/modelo-exclusivo-chimenea-exterior\/","title":{"rendered":"CUBO JARDIN"},"content":{"rendered":"<p style=\"text-align: justify;\"><span style=\"font-family: verdana, geneva, sans-serif;\">Modelo Exclusivo chimenea exterior, Cubo Jard\u00edn, un modelo para utilizar en terrazas, jardines, patios o cualquier espacio exterior para aprovecharlos al m\u00e1ximo tambi\u00e9n cuando las temperaturas bajan.<\/span><\/p>\n<p style=\"text-align: justify;\"><span class=\"Y2IQFc\" lang=\"es\" style=\"font-family: verdana, geneva, sans-serif;\">Disfrute al m\u00e1ximo su jard\u00edn sin importar el clima con este modelo exclusivo de chimenea de le\u00f1a para exterior.<\/span><span class=\"Y2IQFc\" lang=\"es\" style=\"font-family: verdana, geneva, sans-serif;\"> El calor de las llamas irradia calor desde sus 4 lados, adem\u00e1s de ofrecerle una cautivadora vista del fuego desde cualquier \u00e1ngulo.<\/span><\/p>\n<p style=\"text-align: justify;\"><span class=\"Y2IQFc\" lang=\"es\" style=\"font-family: verdana, geneva, sans-serif;\">Esta chimenea viene con cristal vitro-cer\u00e1mico a los cuatro lados y una salida de los humos en la parte superior con un tubo de 1,50 metros.<\/span><\/p>\n<div class='yrm-content yrm-content-1 yrm-content-hide  ' id='yrm-Cmvxl' data-id='1' data-show-status='false' data-after-action='' style=\"visibility: hidden;height: 0;\">\n\t\t\t<div id='yrm-inner-content-yrm-Cmvxl' class='yrm-inner-content-wrapper yrm-cntent-1'><\/p>\n<p style=\"text-align: justify;\"><span class=\"Y2IQFc\" lang=\"es\" style=\"font-family: verdana, geneva, sans-serif;\">El Cubo Jard\u00edn, es un modelo contempor\u00e1neo de chimenea exterior y est\u00e1 dise\u00f1ada teniendo en cuenta tanto su rendimiento como su. Adem\u00e1s de bella, crea un ambiente de tranquilidad y confort y es una alternativa mucho m\u00e1s segura que las chimeneas o las fogatas tradicionales. Su salida de humos le permite evacuar humos hac\u00eda arriba y alejados a la zona donde se encuentre el usuario. De este modo<\/span><span class=\"Y2IQFc\" lang=\"es\" style=\"font-family: verdana, geneva, sans-serif;\"> ya no tiene que preocuparse por el persistente olor a humo que permanece durante d\u00edas. <\/span><\/p>\n<p style=\"text-align: justify;\"><span class=\"Y2IQFc\" lang=\"es\" style=\"font-family: verdana, geneva, sans-serif;\">Mejor a\u00fan, dispone de una ingeniosa bandeja\u00a0 en la parte baja para la recolecci\u00f3n de cenizas, ayudando mantener la chimenea libre de cenizas m\u00e1s tiempo.\u00a0<\/span><\/p>\n<h1><span style=\"font-size: 14pt;\">Modelo Exclusivo chimenea exterior de gran calidad.<\/span><\/h1>\n<p style=\"text-align: justify;\"><span class=\"Y2IQFc\" lang=\"es\" style=\"font-family: verdana, geneva, sans-serif;\">Su cuerpo de acero robusto, pintada con pintura de polvo garantiza que pueda soportar su exposici\u00f3n al aire libre. Es decir, es un modelo de chimenea exterior a le\u00f1a para<\/span><span class=\"Y2IQFc\" lang=\"es\" style=\"font-family: verdana, geneva, sans-serif;\"> disfrutar temporada tras temporada con el m\u00ednimo esfuerzo. Este producto, de alta calidad, est\u00e1 dise\u00f1ado, fabricado y ensamblado en Europa.<\/span><\/p>\n<p><span style=\"font-family: verdana, geneva, sans-serif;\">Por supuesto tambi\u00e9n dispone que otras opciones para jardines, terrazas o exteriores como son chimeneas o calefactores a gas o le\u00f1as.<\/span><\/p>\n<p><a href=\"https:\/\/www.ambifuego.net\/wp-content\/uploads\/2023\/06\/05-06-23-bbq.pub2_compressed-1.pdf\" target=\"_blank\" rel=\"noopener\"><span style=\"font-family: verdana, geneva, sans-serif;\">Cat\u00e1logo<\/span><\/a><\/p>\n<p><\/div>\n\t\t<\/div><div class='yrm-btn-wrapper yrm-btn-wrapper-1 yrm-more-button-wrapper  '\n\t\tdata-custom-more-class-name='' data-custom-less-class-name=''><span title='' data-less-title='' data-more-title='' class='yrm-toggle-expand  yrm-toggle-expand-1 ' data-rel='yrm-Cmvxl' data-more='M\u00e1s detalles ' data-less='Ver menos'><span class='yrm-text-wrapper yrm-text-wrapper-custom-dimensions'><span class=\"yrm-button-text-1 yrm-button-text-span\">M\u00e1s detalles <\/span><\/span><\/span><\/div>\n","protected":false},"excerpt":{"rendered":"<p><span style=\"font-family: verdana, geneva, sans-serif;\">Cubo Jardin &#8211; Chimenea para exteriores, prolongue sus noches con nuestra impresionante estufa de le\u00f1a para patio y jard\u00edn. El calor de las llamas reales emana por los cuatro lados del Cubo de Jard\u00edn, creando el ambiente exterior perfecto.<\/span><\/p>\n","protected":false},"featured_media":79950,"template":"","meta":[],"product_brand":[],"product_cat":[274],"product_tag":[],"class_list":{"0":"post-15361","1":"product","2":"type-product","3":"status-publish","4":"has-post-thumbnail","6":"product_cat-chimeneas-de-lena-para-jardin","8":"first","9":"instock","10":"shipping-taxable","11":"product-type-simple"},"_links":{"self":[{"href":"https:\/\/www.ambifuego.net\/es\/wp-json\/wp\/v2\/product\/15361","targetHints":{"allow":["GET"]}}],"collection":[{"href":"https:\/\/www.ambifuego.net\/es\/wp-json\/wp\/v2\/product"}],"about":[{"href":"https:\/\/www.ambifuego.net\/es\/wp-json\/wp\/v2\/types\/product"}],"version-history":[{"count":2,"href":"https:\/\/www.ambifuego.net\/es\/wp-json\/wp\/v2\/product\/15361\/revisions"}],"predecessor-version":[{"id":83680,"href":"https:\/\/www.ambifuego.net\/es\/wp-json\/wp\/v2\/product\/15361\/revisions\/83680"}],"wp:featuredmedia":[{"embeddable":true,"href":"https:\/\/www.ambifuego.net\/es\/wp-json\/wp\/v2\/media\/79950"}],"wp:attachment":[{"href":"https:\/\/www.ambifuego.net\/es\/wp-json\/wp\/v2\/media?parent=15361"}],"wp:term":[{"taxonomy":"product_brand","embeddable":true,"href":"https:\/\/www.ambifuego.net\/es\/wp-json\/wp\/v2\/product_brand?post=15361"},{"taxonomy":"product_cat","embeddable":true,"href":"https:\/\/www.ambifuego.net\/es\/wp-json\/wp\/v2\/product_cat?post=15361"},{"taxonomy":"product_tag","embeddable":true,"href":"https:\/\/www.ambifuego.net\/es\/wp-json\/wp\/v2\/product_tag?post=15361"}],"curies":[{"name":"wp","href":"https:\/\/api.w.org\/{rel}","templated":true}]}}