{"id":15326,"date":"2017-09-26T17:27:27","date_gmt":"2017-09-26T17:27:27","guid":{"rendered":"https:\/\/www.ambifuego.net\/xtempx\/web17\/?post_type=product&#038;p=15326"},"modified":"2025-10-22T10:09:48","modified_gmt":"2025-10-22T08:09:48","slug":"robusta-barbacoa-acero-inoxidable","status":"publish","type":"product","link":"https:\/\/www.ambifuego.net\/es\/producto\/robusta-barbacoa-acero-inoxidable\/","title":{"rendered":"PARAMOUNT 430"},"content":{"rendered":"<p style=\"text-align: justify;\"><span style=\"font-family: verdana, geneva, sans-serif;\"><em><strong>Robusta Barbacoa acero inoxidable<\/strong><\/em> de la serie Paramount. En primer lugar, este modelo se caracteriza por sus <em>materiales de alta calidad.<\/em> <span class=\"Y2IQFc\" lang=\"es\" style=\"font-family: verdana, geneva, sans-serif;\">Son modelos de alto rendimiento y durabilidad.<\/span> En consecuencia es una barbacoa de excelente dise\u00f1o que le acompa\u00f1ara durante muchos a\u00f1os.<\/span><\/p>\n<p id=\"tw-target-text\" class=\"tw-data-text tw-text-large tw-ta\" dir=\"ltr\" data-placeholder=\"Traducci\u00f3n\"><span class=\"Y2IQFc\" lang=\"es\" style=\"font-family: verdana, geneva, sans-serif;\">No hay nada mejor que el aroma de una deliciosa comida a la parrilla, disfrutada con amigos y familiares. De hecho, esta barbacoa le brinda los suculentos resultados de un horno convencional, con la versatilidad para preparar casi cualquier tipo de comida. Sus bistecs se churrascan a la perfecci\u00f3n e incluso puede cocinar postres, pescado o carnes al horno.\u00a0<\/span><\/p>\n<div class='yrm-content yrm-content-1 yrm-content-hide  ' id='yrm-3Eefb' data-id='1' data-show-status='false' data-after-action='' style=\"visibility: hidden;height: 0;\">\n\t\t\t<div id='yrm-inner-content-yrm-3Eefb' class='yrm-inner-content-wrapper yrm-cntent-1'><\/p>\n<p>&nbsp;<\/p>\n<p id=\"tw-target-text\" class=\"tw-data-text tw-text-large tw-ta\" dir=\"ltr\" style=\"text-align: justify;\" data-placeholder=\"Traducci\u00f3n\"><span class=\"Y2IQFc\" lang=\"es\" style=\"font-family: verdana, geneva, sans-serif;\">Especialmente para aquellos que buscan algo especial, este modelo es una alternativa de primera clase comparada con los modelos que se encuentra en el mercado.\u00a0<\/span><\/p>\n<h2 style=\"text-align: justify;\"><span style=\"font-family: verdana, geneva, sans-serif; font-size: 14pt;\">Robusta barbacoa de acero inoxidable.<\/span><\/h2>\n<p class=\"tw-data-text tw-text-large tw-ta\" dir=\"ltr\" style=\"text-align: justify;\" data-placeholder=\"Traducci\u00f3n\"><span class=\"Y2IQFc\" lang=\"es\" style=\"font-family: verdana, geneva, sans-serif;\">Adem\u00e1s de los cuatro quemadores principales, la barbacoa tiene dos quemadores cer\u00e1micos de alto rendimiento y encendido electr\u00f3nico. De igual modo, el quemador de infrarrojos de la parte trasera de la c\u00e1mara del quemador alcanza los 3,5 kW. As\u00ed mismo las parrillas redondeadas de acero inoxidable tienen un grosor de 9 mm.<\/span><\/p>\n<p class=\"tw-data-text tw-text-large tw-ta\" dir=\"ltr\" style=\"text-align: justify;\" data-placeholder=\"Traducci\u00f3n\"><span class=\"Y2IQFc\" lang=\"es\" style=\"font-family: verdana, geneva, sans-serif;\">Adem\u00e1s, la barbacoa puede llegar a alcanzar una temperatura de hasta 800 \u00baC y darle un toque \u00abcrujiente\u00bb cuando cocine carnes.<\/span><\/p>\n<ul>\n<li class=\"dark-for-buttons\" style=\"text-align: justify;\"><span style=\"font-family: verdana, geneva, sans-serif;\">Robusta barbacoa acero inoxidable.<\/span><\/li>\n<li><span style=\"font-family: verdana, geneva, sans-serif;\">Laterales de acero o tambi\u00e9n de color negro.<\/span><\/li>\n<li style=\"text-align: justify;\"><span style=\"font-family: verdana, geneva, sans-serif;\">L\u00e1mparas laterales\u00a0 en c\u00e1mara de cocci\u00f3n.<\/span><\/li>\n<li style=\"text-align: justify;\"><span style=\"font-family: verdana, geneva, sans-serif;\">3 Quemadores de fundici\u00f3n de acero inoxidable 4,2 kW cada uno.\u00a0<\/span><\/li>\n<li style=\"text-align: justify;\"><span style=\"font-family: verdana, geneva, sans-serif;\">1 Quemador cer\u00e1mico en el fondo de la c\u00e1mara de cocci\u00f3n 3,5 kW.<\/span><\/li>\n<li style=\"text-align: justify;\"><span style=\"font-family: verdana, geneva, sans-serif;\">1 Quemador cer\u00e1mico lateral 4,4 kW.<\/span><\/li>\n<li><span style=\"font-family: verdana, geneva, sans-serif;\">Quemador infrarrojo trasero 3,5 Kw.<\/span><\/li>\n<li style=\"text-align: justify;\"><span style=\"font-family: verdana, geneva, sans-serif;\">Bot\u00f3n de encendido autom\u00e1tico.<\/span><\/li>\n<li><span style=\"font-family: verdana, geneva, sans-serif;\">Ganchos para colgar los utensilios, en los laterales de la barbacoa.<\/span><\/li>\n<li style=\"text-align: justify;\"><span style=\"font-family: verdana, geneva, sans-serif;\">2 robustas parrillas de acero inoxidable con cantos redondeados. <\/span><\/li>\n<li style=\"text-align: justify;\"><span style=\"font-family: verdana, geneva, sans-serif;\">Superficie total de cocci\u00f3n de las parrillas 455 x 605 mm.<\/span><\/li>\n<li style=\"text-align: justify;\"><span style=\"font-family: verdana, geneva, sans-serif;\">Term\u00f3metro incorporado en tapa-horno inoxidable doble capa.<\/span><\/li>\n<li><span style=\"font-family: verdana, geneva, sans-serif;\">Tambi\u00e9n vienen equipadas con ruedas con freno.<\/span><\/li>\n<li style=\"text-align: justify;\"><span style=\"font-family: verdana, geneva, sans-serif;\">Bandejas recoge jugos con acceso al frente.<\/span><\/li>\n<li style=\"text-align: justify;\"><span style=\"font-family: verdana, geneva, sans-serif;\">Ancho total 146 cm &#8211; Fondo total (con tapa abierta) 82 cm &#8211; Altura 127 cm.<\/span><\/li>\n<li style=\"text-align: justify;\"><span style=\"font-family: verdana, geneva, sans-serif;\"><a href=\"https:\/\/www.ambifuego.net\/wp-content\/uploads\/2023\/06\/05-06-23-bbq.pub2_compressed-1.pdf\" target=\"_blank\" rel=\"noopener\">Cat\u00e1logo<\/a><\/span><\/li>\n<li><a href=\"https:\/\/www.youtube.com\/user\/ambifuego\/videos\" target=\"_blank\" rel=\"noopener\"><span style=\"font-family: verdana, geneva, sans-serif;\">Otros productos<\/span><\/a><\/li>\n<\/ul>\n<p><\/div>\n\t\t<\/div><div class='yrm-btn-wrapper yrm-btn-wrapper-1 yrm-more-button-wrapper  '\n\t\tdata-custom-more-class-name='' data-custom-less-class-name=''><span title='' data-less-title='' data-more-title='' class='yrm-toggle-expand  yrm-toggle-expand-1 ' data-rel='yrm-3Eefb' data-more='M\u00e1s detalles ' data-less='Ver menos'><span class='yrm-text-wrapper yrm-text-wrapper-custom-dimensions'><span class=\"yrm-button-text-1 yrm-button-text-span\">M\u00e1s detalles <\/span><\/span><\/span><\/div>\n<p>&nbsp;<\/p>\n","protected":false},"excerpt":{"rendered":"<p><img fetchpriority=\"high\" decoding=\"async\" class=\"alignnone size-full wp-image-44133\" src=\"https:\/\/www.ambifuego.net\/wp-content\/uploads\/2017\/09\/paramount-430-11_optimized.jpg\" alt=\"\" width=\"480\" height=\"320\" srcset=\"https:\/\/www.ambifuego.net\/wp-content\/uploads\/2017\/09\/paramount-430-11_optimized.jpg 480w, https:\/\/www.ambifuego.net\/wp-content\/uploads\/2017\/09\/paramount-430-11_optimized-405x270.jpg 405w\" sizes=\"(max-width: 480px) 100vw, 480px\" \/><\/p>\n","protected":false},"featured_media":79687,"template":"","meta":[],"product_brand":[],"product_cat":[286],"product_tag":[],"class_list":{"0":"post-15326","1":"product","2":"type-product","3":"status-publish","4":"has-post-thumbnail","6":"product_cat-barbacoas-gas-con-carro","8":"first","9":"instock","10":"shipping-taxable","11":"product-type-simple"},"_links":{"self":[{"href":"https:\/\/www.ambifuego.net\/es\/wp-json\/wp\/v2\/product\/15326","targetHints":{"allow":["GET"]}}],"collection":[{"href":"https:\/\/www.ambifuego.net\/es\/wp-json\/wp\/v2\/product"}],"about":[{"href":"https:\/\/www.ambifuego.net\/es\/wp-json\/wp\/v2\/types\/product"}],"version-history":[{"count":0,"href":"https:\/\/www.ambifuego.net\/es\/wp-json\/wp\/v2\/product\/15326\/revisions"}],"wp:featuredmedia":[{"embeddable":true,"href":"https:\/\/www.ambifuego.net\/es\/wp-json\/wp\/v2\/media\/79687"}],"wp:attachment":[{"href":"https:\/\/www.ambifuego.net\/es\/wp-json\/wp\/v2\/media?parent=15326"}],"wp:term":[{"taxonomy":"product_brand","embeddable":true,"href":"https:\/\/www.ambifuego.net\/es\/wp-json\/wp\/v2\/product_brand?post=15326"},{"taxonomy":"product_cat","embeddable":true,"href":"https:\/\/www.ambifuego.net\/es\/wp-json\/wp\/v2\/product_cat?post=15326"},{"taxonomy":"product_tag","embeddable":true,"href":"https:\/\/www.ambifuego.net\/es\/wp-json\/wp\/v2\/product_tag?post=15326"}],"curies":[{"name":"wp","href":"https:\/\/api.w.org\/{rel}","templated":true}]}}