{"id":15310,"date":"2017-09-26T17:13:06","date_gmt":"2017-09-26T17:13:06","guid":{"rendered":"https:\/\/www.ambifuego.net\/xtempx\/web17\/?post_type=product&#038;p=15310"},"modified":"2025-10-23T12:40:10","modified_gmt":"2025-10-23T10:40:10","slug":"farolas-a-gas","status":"publish","type":"product","link":"https:\/\/www.ambifuego.net\/es\/producto\/farolas-a-gas\/","title":{"rendered":"FAROLAS"},"content":{"rendered":"<h2><span style=\"font-size: 14pt;\">Farola a gas\u00a0 l\u00e1mparas<\/span><\/h2>\n<p><span style=\"font-family: verdana, geneva, sans-serif;\">La iluminaci\u00f3n a gas consiste en la producci\u00f3n de luz artificial mediante la combusti\u00f3n de un gas combustible como el gas natural, el metano, el propano, el butano, el acetileno, el etileno, el hidr\u00f3geno, el mon\u00f3xido de carbono o el gas de hulla a veces llamado gas ciudad. La luz se produce directamente por la llama, generalmente mediante mezclas especiales (t\u00edpicamente propano o butano) de gas de iluminaci\u00f3n para aumentar la luminosidad, o indirectamente con otros componentes como la manta de gas o la luz de cal, donde el gas funciona principalmente para calentar la manta o la cal hasta la incandescencia.<\/span><\/p>\n<div class='yrm-content yrm-content-1 yrm-content-hide  ' id='yrm-3ILO9' data-id='1' data-show-status='false' data-after-action='' style=\"visibility: hidden;height: 0;\">\n\t\t\t<div id='yrm-inner-content-yrm-3ILO9' class='yrm-inner-content-wrapper yrm-cntent-1'><\/p>\n<p><span style=\"font-family: verdana, geneva, sans-serif;\">Antes de que la electricidad se generalizara y abaratara lo suficiente como para permitir su uso p\u00fablico, la iluminaci\u00f3n a gas era frecuente tanto en interiores como en exteriores en ciudades y suburbios donde la infraestructura para la distribuci\u00f3n de gas era viable. En aquella \u00e9poca, los combustibles m\u00e1s comunes para la iluminaci\u00f3n a gas eran el gas de madera, el gas de hulla y, en casos limitados, el gas de agua.[3] Las primeras luces de gas se encend\u00edan manualmente por faroleros, aunque muchos dise\u00f1os posteriores son autoencendidos.<\/span><\/p>\n<ul>\n<li class=\"dark-for-buttons\"><span style=\"font-family: verdana, geneva, sans-serif;\">Farolas de gas propano \/ Natural<\/span><\/li>\n<li><span style=\"font-family: verdana, geneva, sans-serif;\">Varios modelos y estilos<\/span><\/li>\n<li><span style=\"font-family: verdana, geneva, sans-serif;\">Materiales varios<\/span><\/li>\n<li><span style=\"font-family: verdana, geneva, sans-serif;\">*Consultar caracter\u00edsticas seg\u00fan el modelo deseado<\/span><\/li>\n<li><span style=\"font-family: verdana, geneva, sans-serif;\"><a href=\"https:\/\/www.ambifuego.net\/contacto\/\" target=\"_blank\" rel=\"noopener\">Informaci\u00f3n<\/a><\/span><\/li>\n<\/ul>\n<p><\/div>\n\t\t<\/div><div class='yrm-btn-wrapper yrm-btn-wrapper-1 yrm-more-button-wrapper  '\n\t\tdata-custom-more-class-name='' data-custom-less-class-name=''><span title='' data-less-title='' data-more-title='' class='yrm-toggle-expand  yrm-toggle-expand-1 ' data-rel='yrm-3ILO9' data-more='M\u00e1s detalles ' data-less='Ver menos'><span class='yrm-text-wrapper yrm-text-wrapper-custom-dimensions'><span class=\"yrm-button-text-1 yrm-button-text-span\">M\u00e1s detalles <\/span><\/span><\/span><\/div>\n","protected":false},"excerpt":{"rendered":"<p><span style=\"font-family: verdana, geneva, sans-serif;\">Farolas y l\u00e1mparas de gas conservan el ambiente hist\u00f3rico en algunas zonas urbanas en su alumbrado p\u00fablico a gas. Este tipo de\u00a0 iluminaci\u00f3n a gas para interiores o exteriores se utilizan para crear o preservar un efecto nost\u00e1lgico.<\/span><\/p>\n","protected":false},"featured_media":79909,"template":"","meta":[],"product_brand":[],"product_cat":[282],"product_tag":[],"class_list":{"0":"post-15310","1":"product","2":"type-product","3":"status-publish","4":"has-post-thumbnail","6":"product_cat-fire-pits-estufas-fuegos-jardin-terrazas-exteriores-farolas","8":"first","9":"instock","10":"shipping-taxable","11":"product-type-simple"},"_links":{"self":[{"href":"https:\/\/www.ambifuego.net\/es\/wp-json\/wp\/v2\/product\/15310","targetHints":{"allow":["GET"]}}],"collection":[{"href":"https:\/\/www.ambifuego.net\/es\/wp-json\/wp\/v2\/product"}],"about":[{"href":"https:\/\/www.ambifuego.net\/es\/wp-json\/wp\/v2\/types\/product"}],"version-history":[{"count":0,"href":"https:\/\/www.ambifuego.net\/es\/wp-json\/wp\/v2\/product\/15310\/revisions"}],"wp:featuredmedia":[{"embeddable":true,"href":"https:\/\/www.ambifuego.net\/es\/wp-json\/wp\/v2\/media\/79909"}],"wp:attachment":[{"href":"https:\/\/www.ambifuego.net\/es\/wp-json\/wp\/v2\/media?parent=15310"}],"wp:term":[{"taxonomy":"product_brand","embeddable":true,"href":"https:\/\/www.ambifuego.net\/es\/wp-json\/wp\/v2\/product_brand?post=15310"},{"taxonomy":"product_cat","embeddable":true,"href":"https:\/\/www.ambifuego.net\/es\/wp-json\/wp\/v2\/product_cat?post=15310"},{"taxonomy":"product_tag","embeddable":true,"href":"https:\/\/www.ambifuego.net\/es\/wp-json\/wp\/v2\/product_tag?post=15310"}],"curies":[{"name":"wp","href":"https:\/\/api.w.org\/{rel}","templated":true}]}}