{"id":15307,"date":"2017-09-26T17:10:00","date_gmt":"2017-09-26T17:10:00","guid":{"rendered":"https:\/\/www.ambifuego.net\/xtempx\/web17\/?post_type=product&#038;p=15307"},"modified":"2025-10-23T09:44:01","modified_gmt":"2025-10-23T07:44:01","slug":"chimeneas-de-jardin-quemador-redondo-circular","status":"publish","type":"product","link":"https:\/\/www.ambifuego.net\/es\/producto\/chimeneas-de-jardin-quemador-redondo-circular\/","title":{"rendered":"QUEMADOR REDONDO"},"content":{"rendered":"<h1 style=\"text-align: justify;\"><span style=\"font-size: 12pt; font-family: verdana, geneva, sans-serif;\">\u00bfQuieres disfrutar de\u00a0 la terraza o el <em>jard\u00edn<\/em> todo el a\u00f1o?<\/span><\/h1>\n<p style=\"text-align: justify;\"><span style=\"font-family: verdana, geneva, sans-serif;\">Chimeneas de jard\u00edn \u2013 <a href=\"https:\/\/www.youtube.com\/shorts\/TEFIjLVrArI?&amp;ab_channel=ambifuegosur\">Quemador-Redondo<\/a>&#8211; Puede que usted quiera personalizar su jard\u00edn con una chimenea de gas exterior. Probablemente con una mesa o fogata de jard\u00edn obtendr\u00e1 el efecto deseado.<\/span><\/p>\n<p style=\"text-align: justify;\"><span style=\"font-family: verdana, geneva, sans-serif;\">Por lo tanto puede construir una chimenea o una mesa y despu\u00e9s adaptar el quemador de gas al hueco dejado. Por eso mismo, el tiempo meteorol\u00f3gico ya no ser\u00e1 ning\u00fan impedimento para disfrutar de la belleza de las llamas y relajarse en el rinc\u00f3n preferido de su jard\u00edn o terraza. Ya sea en un jard\u00edn, terraza o espacio exterior ciertamente\u00a0 un quemador de gas le dar\u00e1 un toque excepcional de lujo y confort.<\/span><\/p>\n<div class='yrm-content yrm-content-1 yrm-content-hide  ' id='yrm-5VAEz' data-id='1' data-show-status='false' data-after-action='' style=\"visibility: hidden;height: 0;\">\n\t\t\t<div id='yrm-inner-content-yrm-5VAEz' class='yrm-inner-content-wrapper yrm-cntent-1'><\/p>\n<p style=\"text-align: justify;\"><span style=\"font-family: verdana, geneva, sans-serif;\">Una chimenea exterior con un quemador incorporado, es de hecho, la alternativa perfecta a una de le\u00f1a. Mientras que con una chimenea de le\u00f1a se producen humos y chispas con una de gas,\u00a0 claro est\u00e1, no tiene humos, ni chispas y adem\u00e1s sin suciedad\u00a0 \u00a1Sin tener que cargar y almacenar le\u00f1a! Una chimenea de exterior, con un quemador de gas integrado, no requieren pr\u00e1cticamente casi ning\u00fan mantenimiento.<\/span><\/p>\n<p style=\"text-align: justify;\"><span style=\"font-family: verdana, geneva, sans-serif;\">Estos productos son de fabricaci\u00f3n Europea, y por lo tanto, de alta calidad y de acero inoxidable. Sobre todo son productos de fabricaci\u00f3n Europea y claro est\u00e1 sometidos a los m\u00e1s altos controles de seguridad y calidad. En consecuencia, durante una lluvia repentina el quemador, de hecho, se apagar\u00e1 autom\u00e1ticamente. Los quemadores tienen encendido el\u00e9ctrico manual, e igualmente pueden ir con mando, o en cambio, con un interruptor.<\/span><\/p>\n<h2 style=\"text-align: justify;\"><span style=\"font-size: 12pt; font-family: verdana, geneva, sans-serif;\">Chimeneas de jardin \u2013 Quemador-Redondo<\/span><\/h2>\n<p style=\"text-align: justify;\"><span style=\"font-family: verdana, geneva, sans-serif;\">Cuando sea necesario, naturalmente, tiene la opci\u00f3n de un protector de viento. Adem\u00e1s el quemador se entrega con piedras de lava rojas, blanca carrara o le\u00f1os cer\u00e1micos. Tambi\u00e9n tiene adaptado la goma del gas y el regulador de presi\u00f3n de gas. Funciona con gas propano o gas natural.<\/span><\/p>\n<p style=\"text-align: justify;\"><span style=\"font-family: verdana, geneva, sans-serif;\">Siguiendo con la descripci\u00f3n;<\/span><\/p>\n<ul>\n<li style=\"text-align: justify;\"><span style=\"font-family: verdana, geneva, sans-serif;\">Quemadores para exteriores o jardines<\/span><\/li>\n<li style=\"text-align: justify;\"><span style=\"font-family: verdana, geneva, sans-serif;\">Disponibles para gas Propano asimismo para gas Natural<\/span><\/li>\n<li style=\"text-align: justify;\"><span style=\"font-family: verdana, geneva, sans-serif;\">Piedras &#8211; Le\u00f1os cer\u00e1micos<\/span><\/li>\n<li style=\"text-align: justify;\"><span style=\"font-family: verdana, geneva, sans-serif;\">Dispositivo de seguridad &#8211; Sensor de llama- Adem\u00e1s corta autom\u00e1ticamente la entrada de gas al apagarse accidentalmente la llama<\/span><\/li>\n<li style=\"text-align: justify;\"><span style=\"font-family: verdana, geneva, sans-serif;\">Manual o mando a distancia<\/span><\/li>\n<li style=\"text-align: justify;\"><span style=\"font-family: verdana, geneva, sans-serif;\">F\u00e1cil de integrar en una hueco existente, s\u00f3lo necesita conectar al gas.<\/span><\/li>\n<li style=\"text-align: justify;\"><span style=\"font-family: verdana, geneva, sans-serif;\">*Opcional con protector de viento y tapa<\/span><\/li>\n<li><a href=\"https:\/\/www.ambifuego.net\/wp-content\/uploads\/2023\/06\/05-06-23-bbq.pub2_compressed-1.pdf\" target=\"_blank\" rel=\"noopener\">Cat\u00e1logo<\/a><\/li>\n<\/ul>\n<p><\/div>\n\t\t<\/div><div class='yrm-btn-wrapper yrm-btn-wrapper-1 yrm-more-button-wrapper  '\n\t\tdata-custom-more-class-name='' data-custom-less-class-name=''><span title='' data-less-title='' data-more-title='' class='yrm-toggle-expand  yrm-toggle-expand-1 ' data-rel='yrm-5VAEz' data-more='M\u00e1s detalles ' data-less='Ver menos'><span class='yrm-text-wrapper yrm-text-wrapper-custom-dimensions'><span class=\"yrm-button-text-1 yrm-button-text-span\">M\u00e1s detalles <\/span><\/span><\/span><\/div>\n<p>&nbsp;<\/p>\n<p>&nbsp;<\/p>\n","protected":false},"excerpt":{"rendered":"[video width=\"600\" height=\"320\" mp4=\"https:\/\/www.ambifuego.net\/wp-content\/uploads\/2017\/09\/quemador-exterior-circular2-2.mp4\" autoplay=\"true\" preload=\"auto\"][\/video]\n<p>&nbsp;<\/p>\n","protected":false},"featured_media":79847,"template":"","meta":[],"product_brand":[],"product_cat":[282],"product_tag":[],"class_list":{"0":"post-15307","1":"product","2":"type-product","3":"status-publish","4":"has-post-thumbnail","6":"product_cat-fire-pits-estufas-fuegos-jardin-terrazas-exteriores-farolas","8":"first","9":"instock","10":"shipping-taxable","11":"product-type-grouped"},"_links":{"self":[{"href":"https:\/\/www.ambifuego.net\/es\/wp-json\/wp\/v2\/product\/15307","targetHints":{"allow":["GET"]}}],"collection":[{"href":"https:\/\/www.ambifuego.net\/es\/wp-json\/wp\/v2\/product"}],"about":[{"href":"https:\/\/www.ambifuego.net\/es\/wp-json\/wp\/v2\/types\/product"}],"version-history":[{"count":0,"href":"https:\/\/www.ambifuego.net\/es\/wp-json\/wp\/v2\/product\/15307\/revisions"}],"wp:featuredmedia":[{"embeddable":true,"href":"https:\/\/www.ambifuego.net\/es\/wp-json\/wp\/v2\/media\/79847"}],"wp:attachment":[{"href":"https:\/\/www.ambifuego.net\/es\/wp-json\/wp\/v2\/media?parent=15307"}],"wp:term":[{"taxonomy":"product_brand","embeddable":true,"href":"https:\/\/www.ambifuego.net\/es\/wp-json\/wp\/v2\/product_brand?post=15307"},{"taxonomy":"product_cat","embeddable":true,"href":"https:\/\/www.ambifuego.net\/es\/wp-json\/wp\/v2\/product_cat?post=15307"},{"taxonomy":"product_tag","embeddable":true,"href":"https:\/\/www.ambifuego.net\/es\/wp-json\/wp\/v2\/product_tag?post=15307"}],"curies":[{"name":"wp","href":"https:\/\/api.w.org\/{rel}","templated":true}]}}