{"id":15293,"date":"2017-09-26T16:59:36","date_gmt":"2017-09-26T16:59:36","guid":{"rendered":"https:\/\/www.ambifuego.net\/xtempx\/web17\/?post_type=product&#038;p=15293"},"modified":"2025-11-17T10:54:16","modified_gmt":"2025-11-17T09:54:16","slug":"viola10-12-pellet","status":"publish","type":"product","link":"https:\/\/www.ambifuego.net\/es\/producto\/viola10-12-pellet\/","title":{"rendered":"VIOLA 10 &#8211; 12"},"content":{"rendered":"<h2><span style=\"font-family: verdana, geneva, sans-serif; font-size: 18pt;\">Estufa pellets pasillo viola &#8211; Poco fondo, f\u00e1cil uso y r\u00e1pidez calefactora.<\/span><\/h2>\n<p><span style=\"font-family: verdana, geneva, sans-serif;\">Estufa Viola 10 &#8211; 12 es un modelo con alta eficiencia y con poco fondo. Varios colores. Salida de humos superior o trasera. Combusti\u00f3n estanca, potente, f\u00e1cil de usar y muy eficiente.<\/span><\/p>\n<p><span style=\"font-family: verdana, geneva, sans-serif;\"><strong>Las estufas de pellets son generadores de calor<\/strong>\u00a0que utilizan\u00a0pellets de madera\u00a0prensada para realizar la combusti\u00f3n dentro de una c\u00e1mara cerrada, emitiendo un agradable calor a la estancia con una\u00a0<strong>fuente de energ\u00eda renovable<\/strong> como es la biomasa \u00a0en forma de pellet.<\/span><\/p>\n<div class='yrm-content yrm-content-1 yrm-content-hide  ' id='yrm-TuG5w' data-id='1' data-show-status='false' data-after-action='' style=\"visibility: hidden;height: 0;\">\n\t\t\t<div id='yrm-inner-content-yrm-TuG5w' class='yrm-inner-content-wrapper yrm-cntent-1'><\/p>\n<h3><span style=\"font-size: 14pt;\"><span style=\"font-family: verdana, geneva, sans-serif;\">\u00bfQ\u00fae son los pellets?<\/span><\/span><\/h3>\n<p><span style=\"font-family: verdana, geneva, sans-serif;\">Los pellets de madera son peque\u00f1as piezas prensadas cil\u00edndricas y normalizadas, de madera natural y sin tratar de unos 2 cms de tama\u00f1o. Para la fabricaci\u00f3n de pellets, las virutas de madera producidas en el aserradero son secadas, limpiadas y prensadas en matrices para formar pellets. Durante este proceso, las virutas se aglutinan de forma natural.<\/span><\/p>\n<h4><span style=\"font-family: verdana, geneva, sans-serif; font-size: 14pt;\">Ventajas de las estufas de pellets<\/span><\/h4>\n<p><span style=\"font-family: verdana, geneva, sans-serif;\">Utilizan combustible 100% renovable (el pellet) que adem\u00e1s, ofrece un precio competitivo y estable contra los combustibles f\u00f3siles.<\/span><\/p>\n<p><span style=\"font-family: verdana, geneva, sans-serif;\">El pellet se caracteriza por su alto poder calor\u00edfico, homogeneidad y composici\u00f3n constante, lo que permite conseguir rendimientos energ\u00e9ticos muy elevados.<\/span><\/p>\n<p><span style=\"font-family: verdana, geneva, sans-serif;\">Adem\u00e1s de calentar el aire de forma natural, de la estufa emana un calor radiante muy agradable.<\/span><\/p>\n<p><span style=\"font-family: verdana, geneva, sans-serif;\">El control se produce de manera electr\u00f3nica. Gracias al uso de termostatos digitales y programables, este tipo de calefacci\u00f3n puede regularse incluso a distancia desde el tel\u00e9fono.<\/span><\/p>\n<p><span style=\"font-family: verdana, geneva, sans-serif;\">Pellets \u2013 Biomasa . Chimeneas, casette y estufas de pellets \u2013 Biomasa, es un material con alto poder calor\u00edfico y baja emisi\u00f3n de CO2. Amplia gama de modelos y colores para elegir.<\/span><\/p>\n<p><span style=\"font-family: verdana, geneva, sans-serif;\">F\u00e1cil uso con panel digital o mando a distancia. Muy eficientes y potentes que distribuyen el calor r\u00e1pidamente por medio de las turbinas que incorpora. Dise\u00f1os redondos, cuadrados, rectangulares, de pasillo con poco fondo, o dise\u00f1os con frente circular de cristal vitrocer\u00e1mico.<\/span><\/p>\n<ul>\n<li class=\"dark-for-buttons\"><span style=\"font-family: verdana, geneva, sans-serif;\">Colores: Burdeos \/ Blanco \/Negro<\/span><\/li>\n<li><span style=\"font-family: verdana, geneva, sans-serif;\">Brasero de hierro fundido<\/span><\/li>\n<li><span style=\"font-family: verdana, geneva, sans-serif;\">Turbina salida de aire frontal con 5 potencias<\/span><\/li>\n<li class=\"dark-for-buttons\"><span style=\"font-family: verdana, geneva, sans-serif;\">Potencia min. &#8211; max. ; Viola 10- 2,92 &#8211;\u00a0 9,01 kW\u00a0 \u00a0 \u00a0<\/span><\/li>\n<\/ul>\n<p><span style=\"font-family: verdana, geneva, sans-serif;\">\u00a0 \u00a0 \u00a0 \u00a0 \u00a0 \u00a0 \u00a0 \u00a0 \u00a0 \u00a0 \u00a0 \u00a0 \u00a0 \u00a0 \u00a0 \u00a0 \u00a0 \u00a0 \u00a0 \u00a0-Viola 12- 2,92 &#8211; 11.14 kW<\/span><\/p>\n<ul>\n<li class=\"dark-for-buttons\"><span style=\"font-family: verdana, geneva, sans-serif;\">Eficiencia: 92,7%<\/span><\/li>\n<li class=\"dark-for-buttons\"><span style=\"font-family: verdana, geneva, sans-serif;\">Capacidad dep\u00f3sito: Viola 10 &#8211; 10 kg<\/span><\/li>\n<\/ul>\n<p><span style=\"font-family: verdana, geneva, sans-serif;\">\u00a0 \u00a0 \u00a0 \u00a0 \u00a0 \u00a0 \u00a0 \u00a0 \u00a0 \u00a0 \u00a0 \u00a0 \u00a0 \u00a0 \u00a0 \u00a0 \u00a0 \u00a0 -Viola 12 &#8211; 19 kg<\/span><\/p>\n<ul>\n<li class=\"dark-for-buttons\"><span style=\"font-family: verdana, geneva, sans-serif;\">Consumo kg\/h:\u00a0 Viola 10 &#8211; 0,2 &#8211; 0,2 kg\/h<\/span><\/li>\n<\/ul>\n<p><span style=\"font-family: verdana, geneva, sans-serif;\">\u00a0 \u00a0 \u00a0 \u00a0 \u00a0 \u00a0 \u00a0 \u00a0 \u00a0 \u00a0 \u00a0 \u00a0 \u00a0 \u00a0 \u00a0 -Viola 12 &#8211; 0,62 -2,45 kg\/h<\/span><\/p>\n<ul>\n<li class=\"dark-for-buttons\"><span style=\"font-family: verdana, geneva, sans-serif;\">Di\u00e1metro tubo salida humos: 80 mm<\/span><\/li>\n<li class=\"dark-for-buttons\"><span style=\"font-family: verdana, geneva, sans-serif;\">Peso: 80kg \/ 116 kg<\/span><\/li>\n<li class=\"dark-for-buttons\"><span style=\"font-family: verdana, geneva, sans-serif;\">Mando a distancia \/ Wifi : opcional<\/span><\/li>\n<li><span style=\"font-family: verdana, geneva, sans-serif;\"><a href=\"https:\/\/www.ambifuego.net\/wp-content\/uploads\/2022\/04\/TEPOR_catalogo-tecnico_2021_CORRETTO.pdf\" target=\"_blank\" rel=\"noopener\">Cat\u00e1logo<\/a><\/span><\/li>\n<li><span style=\"font-family: verdana, geneva, sans-serif;\"><a href=\"https:\/\/vimeo.com\/ambifuego\" target=\"_blank\" rel=\"noopener\">Otras opciones<\/a> de calefacci\u00f3n<\/span><\/li>\n<\/ul>\n<p><\/div>\n\t\t<\/div><div class='yrm-btn-wrapper yrm-btn-wrapper-1 yrm-more-button-wrapper  '\n\t\tdata-custom-more-class-name='' data-custom-less-class-name=''><span title='' data-less-title='' data-more-title='' class='yrm-toggle-expand  yrm-toggle-expand-1 ' data-rel='yrm-TuG5w' data-more='M\u00e1s detalles ' data-less='Ver menos'><span class='yrm-text-wrapper yrm-text-wrapper-custom-dimensions'><span class=\"yrm-button-text-1 yrm-button-text-span\">M\u00e1s detalles <\/span><\/span><\/span><\/div>\n","protected":false},"excerpt":{"rendered":"<p><span style=\"font-family: verdana, geneva, sans-serif;\">Este tipo de estufas de pellets han sido pensado para ahorrar valioso espacio en pasillos ya que existe la posibilidad de instalar el tubo de la salida de humos vertical.<\/span><\/p>\n","protected":false},"featured_media":81114,"template":"","meta":[],"product_brand":[],"product_cat":[275,280],"product_tag":[],"class_list":{"0":"post-15293","1":"product","2":"type-product","3":"status-publish","4":"has-post-thumbnail","6":"product_cat-chimeneas-de-biomasa","7":"product_cat-estufas-de-pellets-de-pasillo","9":"first","10":"instock","11":"shipping-taxable","12":"product-type-simple"},"_links":{"self":[{"href":"https:\/\/www.ambifuego.net\/es\/wp-json\/wp\/v2\/product\/15293","targetHints":{"allow":["GET"]}}],"collection":[{"href":"https:\/\/www.ambifuego.net\/es\/wp-json\/wp\/v2\/product"}],"about":[{"href":"https:\/\/www.ambifuego.net\/es\/wp-json\/wp\/v2\/types\/product"}],"version-history":[{"count":0,"href":"https:\/\/www.ambifuego.net\/es\/wp-json\/wp\/v2\/product\/15293\/revisions"}],"wp:featuredmedia":[{"embeddable":true,"href":"https:\/\/www.ambifuego.net\/es\/wp-json\/wp\/v2\/media\/81114"}],"wp:attachment":[{"href":"https:\/\/www.ambifuego.net\/es\/wp-json\/wp\/v2\/media?parent=15293"}],"wp:term":[{"taxonomy":"product_brand","embeddable":true,"href":"https:\/\/www.ambifuego.net\/es\/wp-json\/wp\/v2\/product_brand?post=15293"},{"taxonomy":"product_cat","embeddable":true,"href":"https:\/\/www.ambifuego.net\/es\/wp-json\/wp\/v2\/product_cat?post=15293"},{"taxonomy":"product_tag","embeddable":true,"href":"https:\/\/www.ambifuego.net\/es\/wp-json\/wp\/v2\/product_tag?post=15293"}],"curies":[{"name":"wp","href":"https:\/\/api.w.org\/{rel}","templated":true}]}}