{"id":15282,"date":"2017-09-26T16:56:08","date_gmt":"2017-09-26T16:56:08","guid":{"rendered":"https:\/\/www.ambifuego.net\/xtempx\/web17\/?post_type=product&#038;p=15282"},"modified":"2025-11-12T17:01:36","modified_gmt":"2025-11-12T16:01:36","slug":"estufa-compacta-de-pellets","status":"publish","type":"product","link":"https:\/\/www.ambifuego.net\/es\/producto\/estufa-compacta-de-pellets\/","title":{"rendered":"PETITE"},"content":{"rendered":"<p style=\"text-align: justify;\"><span style=\"font-family: verdana, geneva, sans-serif;\">Estufa compacta de pellets, <a href=\"https:\/\/www.facebook.com\/teporstufe\/videos\/808988600008541\" target=\"_blank\" rel=\"noopener\">modelo\u00a0Petite<\/a> &#8211; Estufa peque\u00f1a dise\u00f1ada para ser colocada en habitaciones con espacios limitados; su tama\u00f1o en efecto es peque\u00f1o y con un dise\u00f1o moderno por lo tanto, perfecta para cualquier tipo de ambiente.<\/span><\/p>\n<h2><span style=\"font-size: 14pt;\">Tipos de estufa de pellets<\/span><\/h2>\n<p style=\"text-align: justify;\"><span style=\"font-family: verdana, geneva, sans-serif;\">Existen muchos tipos de estufas de pellets: murales, de pasillo, de rinc\u00f3n, de exterior, redondas, incluso insertables o encastrables. <\/span><\/p>\n<div class='yrm-content yrm-content-1 yrm-content-hide  ' id='yrm-E1qSv' data-id='1' data-show-status='false' data-after-action='' style=\"visibility: hidden;height: 0;\">\n\t\t\t<div id='yrm-inner-content-yrm-E1qSv' class='yrm-inner-content-wrapper yrm-cntent-1'><\/p>\n<p style=\"text-align: justify;\"><span style=\"font-family: verdana, geneva, sans-serif;\">El modelo Petite es un modelo peque\u00f1o y compacto que expulsa el calor hac\u00eda el frente mediante una turbina, las llamada estufas de aire forzado.<\/span><\/p>\n<h3>Que son las estufas de aire forzado<\/h3>\n<p style=\"text-align: justify;\"><span style=\"font-family: verdana, geneva, sans-serif;\">En primer lugar las hay a partir de 4 kW y b\u00e1sicamente son un sistema de encendido y apagado electr\u00f3nico y programable, donde una turbina expulsa al exterior al aire caliente que las paredes del cuerpo intercambian con la llama. Suelen adem\u00e1s, tener varias potencias de llama y de turbina extractora del aire caliente.<\/span><\/p>\n<p style=\"text-align: justify;\"><span style=\"font-family: verdana, geneva, sans-serif;\">Las estufas de pellets son de hecho, ideales para espacios amplios o un salones sin mucha distribuci\u00f3n de habitaciones. La salida de humos suele ser de 8 cm y solo necesita una toma de corriente a 220 V. De igual forma suele tener un sistema de seguridad por sobre-temperatura y apertura de puerta de la estufa. Mientras que en algunos modelos hay incluso la posibilidad de conectar un termostato ambiente o mediante un mando a distancia puede regularla.\u00a0<\/span><\/p>\n<p style=\"text-align: justify;\"><span style=\"font-family: verdana, geneva, sans-serif;\">En el modelo Petite sobre todo, est\u00e1 fabricada de acero que cubre la estructura compacta de la estufa. Este modelo adem\u00e1s se adapta perfectamente a cualquier estilo de hogar, conviert\u00ede<\/span><span style=\"font-family: verdana, geneva, sans-serif;\">ndolo la estufa en un objeto de dise\u00f1o. Tiene tambi\u00e9n el \u00abWif-Fi\u00bb opcional y le permite de controlar la estufa desde una ubicaci\u00f3n remota.<\/span><\/p>\n<p style=\"text-align: justify;\"><span style=\"font-family: verdana, geneva, sans-serif;\">En consecuencia Este modelo es una estufa con una alta eficiencia y baja emisi\u00f3n de CO2. F\u00e1cil de utilizar y mantener con la salida de\u00a0 humos superior. Sin humos, apenas cenizas y gran poder calor\u00edfico.<\/span><\/p>\n<ul style=\"text-align: justify;\">\n<li><span style=\"font-family: verdana, geneva, sans-serif;\">Estufa compacta de pellets funciona con biocombustible.<\/span><\/li>\n<li><span style=\"font-family: verdana, geneva, sans-serif;\">Acabado en acero lacado<\/span><\/li>\n<li><span style=\"font-family: verdana, geneva, sans-serif;\">Laterales color Bourdeos\/Blanco\/Negro\/Antracita<\/span><\/li>\n<li><span style=\"font-family: verdana, geneva, sans-serif;\">Potencia min. &#8211; max.; 3-\u00a0 6,2 kW<\/span><\/li>\n<li><span style=\"font-family: verdana, geneva, sans-serif;\">Rendimiento: 89,8%<\/span><\/li>\n<li><span style=\"font-family: verdana, geneva, sans-serif;\">Capacidad dep\u00f3sito: 11kg<\/span><\/li>\n<li><span style=\"font-family: verdana, geneva, sans-serif;\">Consumo kg\/h: 0,7 m\u00edn. \/ 1,4 m\u00e1x.<\/span><\/li>\n<li><span style=\"font-family: verdana, geneva, sans-serif;\">Di\u00e1metro tubo salida humos: 80 mm<\/span><\/li>\n<li><span style=\"font-family: verdana, geneva, sans-serif;\">Auton\u00eda m\u00e1x. m\u00edn. kg\/h : 14 &#8211; 7 Kg\/h<\/span><\/li>\n<li><span style=\"font-family: verdana, geneva, sans-serif;\">Peso: 45 kg<\/span><\/li>\n<li><span style=\"font-family: verdana, geneva, sans-serif;\">Brasero de pellets de fundici\u00f3n<\/span><\/li>\n<li><span style=\"font-family: verdana, geneva, sans-serif;\">Mando a distancia \/ Wifi : opcional<\/span><\/li>\n<li><span style=\"font-family: verdana, geneva, sans-serif;\"><a href=\"https:\/\/www.ambifuego.net\/wp-content\/uploads\/2022\/04\/TEPOR_catalogo-tecnico_2021_CORRETTO.pdf\" target=\"_blank\" rel=\"noopener\">Cat\u00e1logo<\/a><\/span><\/li>\n<li><a href=\"https:\/\/www.ambifuego.net\/contacto\/\" target=\"_blank\" rel=\"noopener\"><span style=\"font-family: verdana, geneva, sans-serif;\">PVP &#8211; Disponibilidad<\/span><\/a><\/li>\n<\/ul>\n<p><figure id=\"attachment_81698\" aria-describedby=\"caption-attachment-81698\" style=\"width: 751px\" class=\"wp-caption alignnone\"><img decoding=\"async\" class=\" wp-image-81698\" src=\"https:\/\/www.ambifuego.net\/wp-content\/uploads\/2017\/09\/ETIQUETA-EFICIENCIA-MINI-COLORES_11zon_11zon.webp\" alt=\"estufa pellets peque\u00f1a petit\" width=\"751\" height=\"63\" srcset=\"https:\/\/www.ambifuego.net\/wp-content\/uploads\/2017\/09\/ETIQUETA-EFICIENCIA-MINI-COLORES_11zon_11zon.webp 1144w, https:\/\/www.ambifuego.net\/wp-content\/uploads\/2017\/09\/ETIQUETA-EFICIENCIA-MINI-COLORES_11zon_11zon-768x64.webp 768w, https:\/\/www.ambifuego.net\/wp-content\/uploads\/2017\/09\/ETIQUETA-EFICIENCIA-MINI-COLORES_11zon_11zon-800x67.webp 800w\" sizes=\"(max-width: 751px) 100vw, 751px\" \/><figcaption id=\"caption-attachment-81698\" class=\"wp-caption-text\">estufa pellets peque\u00f1a petit<\/figcaption><\/figure><\/p>\n<p><\/div>\n\t\t<\/div><div class='yrm-btn-wrapper yrm-btn-wrapper-1 yrm-more-button-wrapper  '\n\t\tdata-custom-more-class-name='' data-custom-less-class-name=''><span title='' data-less-title='' data-more-title='' class='yrm-toggle-expand  yrm-toggle-expand-1 ' data-rel='yrm-E1qSv' data-more='M\u00e1s detalles ' data-less='Ver menos'><span class='yrm-text-wrapper yrm-text-wrapper-custom-dimensions'><span class=\"yrm-button-text-1 yrm-button-text-span\">M\u00e1s detalles <\/span><\/span><\/span><\/div>\n","protected":false},"excerpt":{"rendered":"<p><span style=\"font-family: verdana, geneva, sans-serif;\">Estufa compacta de pellets modelo Petit. Recomendado para \u00e1reas de hasta 60 m2. \u2013 Encendido autom\u00e1tico. \u2013 Temperatura ajustable.<\/span><\/p>\n","protected":false},"featured_media":81077,"template":"","meta":[],"product_brand":[],"product_cat":[275,279],"product_tag":[],"class_list":{"0":"post-15282","1":"product","2":"type-product","3":"status-publish","4":"has-post-thumbnail","6":"product_cat-chimeneas-de-biomasa","7":"product_cat-estufa-pellets-pequena-eficiente","9":"first","10":"instock","11":"shipping-taxable","12":"product-type-simple"},"_links":{"self":[{"href":"https:\/\/www.ambifuego.net\/es\/wp-json\/wp\/v2\/product\/15282","targetHints":{"allow":["GET"]}}],"collection":[{"href":"https:\/\/www.ambifuego.net\/es\/wp-json\/wp\/v2\/product"}],"about":[{"href":"https:\/\/www.ambifuego.net\/es\/wp-json\/wp\/v2\/types\/product"}],"version-history":[{"count":0,"href":"https:\/\/www.ambifuego.net\/es\/wp-json\/wp\/v2\/product\/15282\/revisions"}],"wp:featuredmedia":[{"embeddable":true,"href":"https:\/\/www.ambifuego.net\/es\/wp-json\/wp\/v2\/media\/81077"}],"wp:attachment":[{"href":"https:\/\/www.ambifuego.net\/es\/wp-json\/wp\/v2\/media?parent=15282"}],"wp:term":[{"taxonomy":"product_brand","embeddable":true,"href":"https:\/\/www.ambifuego.net\/es\/wp-json\/wp\/v2\/product_brand?post=15282"},{"taxonomy":"product_cat","embeddable":true,"href":"https:\/\/www.ambifuego.net\/es\/wp-json\/wp\/v2\/product_cat?post=15282"},{"taxonomy":"product_tag","embeddable":true,"href":"https:\/\/www.ambifuego.net\/es\/wp-json\/wp\/v2\/product_tag?post=15282"}],"curies":[{"name":"wp","href":"https:\/\/api.w.org\/{rel}","templated":true}]}}