{"id":15276,"date":"2017-09-26T16:54:12","date_gmt":"2017-09-26T16:54:12","guid":{"rendered":"https:\/\/www.ambifuego.net\/xtempx\/web17\/?post_type=product&#038;p=15276"},"modified":"2025-11-14T12:35:25","modified_gmt":"2025-11-14T11:35:25","slug":"modelo-10-estufa-de-pellets-redonda","status":"publish","type":"product","link":"https:\/\/www.ambifuego.net\/es\/producto\/modelo-10-estufa-de-pellets-redonda\/","title":{"rendered":"MODELO 8-10-12"},"content":{"rendered":"<h1><span style=\"font-family: verdana, geneva, sans-serif; font-size: 18pt;\">Estufa de pellets redonda, Alta eficiencia y f\u00e1cil uso.<\/span><\/h1>\n<p><span style=\"font-family: verdana, geneva, sans-serif;\">Estufa de pellets redonda &#8211; Biomasa, material con alto poder calor\u00edfico y baja emisi\u00f3n de CO2. Modelo con forma circular con turbina frontal. Alta eficiencia y f\u00e1cil uso. F\u00e1cil de mantener, sin humos. Caldea r\u00e1pidamente el area donde se encuentre instalada. Varios colores disponibles.<\/span><\/p>\n<div class='yrm-content yrm-content-1 yrm-content-hide  ' id='yrm-Cb3uR' data-id='1' data-show-status='false' data-after-action='' style=\"visibility: hidden;height: 0;\">\n\t\t\t<div id='yrm-inner-content-yrm-Cb3uR' class='yrm-inner-content-wrapper yrm-cntent-1'><\/p>\n<p><span style=\"font-family: verdana, geneva, sans-serif;\">Estufas de pellets <strong>Redondas <\/strong>combinan un <a href=\"https:\/\/www.amg-spa.com\/en\/shop\/tepor-en\/pellet-stoves-and-inserts-tepor\/redonda-basic\/\" target=\"_blank\" rel=\"noopener\">dise\u00f1o moderno y formas cl\u00e1sicas<\/a> para embellecer el entorno en el que se inserta. Adecuado para una posici\u00f3n angular. Modelos muy eficientes y f\u00e1ciles de regular. Disponibles en varios colores. La opci\u00f3n m\u00e1s ecol\u00f3gica y eficiente. Funcionan con pellets, un material con alto poder calor\u00edfico y baja emisi\u00f3n de CO2.<\/span><\/p>\n<p><span style=\"font-family: verdana, geneva, sans-serif; font-size: 18pt;\"><strong>\u00bfQu\u00e9 son los pellets?<\/strong><\/span><\/p>\n<p><span style=\"font-family: verdana, geneva, sans-serif;\">Los pellets de madera son peque\u00f1as piezas prensadas cil\u00edndricas y normalizadas, de madera natural y sin tratar de unos 2 cms de tama\u00f1o. Para la fabricaci\u00f3n de pellets, las virutas de madera producidas en el aserradero son secadas, limpiadas y prensadas en matrices para formar pellets.\u00a0<\/span><\/p>\n<h3><span style=\"font-family: verdana, geneva, sans-serif;\">Ventajas de una estufa de pellets\u00a0redonda<\/span><\/h3>\n<p><span style=\"font-family: verdana, geneva, sans-serif;\">Utilizan combustible 100% renovable (el pellet) que adem\u00e1s, ofrece un precio competitivo y estable contra los combustibles f\u00f3siles.<\/span><\/p>\n<p><span style=\"font-family: verdana, geneva, sans-serif;\">El pellet se caracteriza por su alto poder calor\u00edfico, homogeneidad y composici\u00f3n constante, lo que permite conseguir rendimientos energ\u00e9ticos muy elevados.<\/span><\/p>\n<p><span style=\"font-family: verdana, geneva, sans-serif;\">Adem\u00e1s de calentar el aire de forma natural, de la estufa emana un calor radiante muy agradable.<\/span><\/p>\n<p><span style=\"font-family: verdana, geneva, sans-serif;\">El control se produce de manera electr\u00f3nica. Gracias al uso de termostatos digitales y programables, este tipo de calefacci\u00f3n puede regularse incluso a distancia desde el tel\u00e9fono.<\/span><\/p>\n<ul>\n<li><span style=\"font-family: verdana, geneva, sans-serif;\"><a href=\"https:\/\/www.ambifuego.net\/es\/contacto-mensajes-consultas-informacion\/\" target=\"_blank\" rel=\"noopener\">Contacto<\/a><\/span><\/li>\n<\/ul>\n<p><img fetchpriority=\"high\" decoding=\"async\" class=\" wp-image-81552\" src=\"https:\/\/www.ambifuego.net\/wp-content\/uploads\/2019\/03\/ETIQUETA-EFICIENCIA-esp_11zon-1.webp\" alt=\"pellet estufas pellets stoves\" width=\"875\" height=\"78\" \/><\/p>\n<p><\/div>\n\t\t<\/div><div class='yrm-btn-wrapper yrm-btn-wrapper-1 yrm-more-button-wrapper  '\n\t\tdata-custom-more-class-name='' data-custom-less-class-name=''><span title='' data-less-title='' data-more-title='' class='yrm-toggle-expand  yrm-toggle-expand-1 ' data-rel='yrm-Cb3uR' data-more='M\u00e1s detalles ' data-less='Ver menos'><span class='yrm-text-wrapper yrm-text-wrapper-custom-dimensions'><span class=\"yrm-button-text-1 yrm-button-text-span\">M\u00e1s detalles <\/span><\/span><\/span><\/div>\n","protected":false},"excerpt":{"rendered":"[caption id=\"attachment_45749\" align=\"alignnone\" width=\"459\"]<img decoding=\"async\" class=\"size-full wp-image-45749\" src=\"https:\/\/www.ambifuego.net\/wp-content\/uploads\/2017\/09\/redonda8_optimized...jpg\" alt=\"Estufa pellets redonda 8\" width=\"459\" height=\"320\" srcset=\"https:\/\/www.ambifuego.net\/wp-content\/uploads\/2017\/09\/redonda8_optimized...jpg 459w, https:\/\/www.ambifuego.net\/wp-content\/uploads\/2017\/09\/redonda8_optimized..-387x270.jpg 387w\" sizes=\"(max-width: 459px) 100vw, 459px\" \/> Estufa pellets redonda 8[\/caption]\n","protected":false},"featured_media":81524,"template":"","meta":[],"product_brand":[],"product_cat":[275,278],"product_tag":[],"class_list":{"0":"post-15276","1":"product","2":"type-product","3":"status-publish","4":"has-post-thumbnail","6":"product_cat-chimeneas-de-biomasa","7":"product_cat-estufas-de-pellets-redondas","9":"first","10":"instock","11":"shipping-taxable","12":"product-type-simple"},"_links":{"self":[{"href":"https:\/\/www.ambifuego.net\/es\/wp-json\/wp\/v2\/product\/15276","targetHints":{"allow":["GET"]}}],"collection":[{"href":"https:\/\/www.ambifuego.net\/es\/wp-json\/wp\/v2\/product"}],"about":[{"href":"https:\/\/www.ambifuego.net\/es\/wp-json\/wp\/v2\/types\/product"}],"version-history":[{"count":0,"href":"https:\/\/www.ambifuego.net\/es\/wp-json\/wp\/v2\/product\/15276\/revisions"}],"wp:featuredmedia":[{"embeddable":true,"href":"https:\/\/www.ambifuego.net\/es\/wp-json\/wp\/v2\/media\/81524"}],"wp:attachment":[{"href":"https:\/\/www.ambifuego.net\/es\/wp-json\/wp\/v2\/media?parent=15276"}],"wp:term":[{"taxonomy":"product_brand","embeddable":true,"href":"https:\/\/www.ambifuego.net\/es\/wp-json\/wp\/v2\/product_brand?post=15276"},{"taxonomy":"product_cat","embeddable":true,"href":"https:\/\/www.ambifuego.net\/es\/wp-json\/wp\/v2\/product_cat?post=15276"},{"taxonomy":"product_tag","embeddable":true,"href":"https:\/\/www.ambifuego.net\/es\/wp-json\/wp\/v2\/product_tag?post=15276"}],"curies":[{"name":"wp","href":"https:\/\/api.w.org\/{rel}","templated":true}]}}