{"id":15260,"date":"2017-09-26T16:48:48","date_gmt":"2017-09-26T16:48:48","guid":{"rendered":"https:\/\/www.ambifuego.net\/xtempx\/web17\/?post_type=product&#038;p=15260"},"modified":"2025-10-24T13:23:43","modified_gmt":"2025-10-24T11:23:43","slug":"bio-750-bioetanol-estufa","status":"publish","type":"product","link":"https:\/\/www.ambifuego.net\/es\/producto\/bio-750-bioetanol-estufa\/","title":{"rendered":"BIO 750"},"content":{"rendered":"<h1><span style=\"font-size: 14pt;\">\u00a0BIO 750 &#8211; Hybrid Estufa de Bioetanol sobre pared<\/span><\/h1>\n<p><span style=\"font-family: verdana, geneva, sans-serif;\">Estufa de Bioetanol BIO 750 &#8211; Hybrid con un dise\u00f1o lineal moderno,<span class=\"Y2IQFc\" lang=\"es\"> fascinantes llamas y una potencia calor\u00edfica de hasta 3,5 kW. Este modelo es\u00a0 una alternativa perfecta para aquellos que quieren evitar todo lo involucrado con el encendido de un fuego de le\u00f1a, su mantenimiento y posterior limpieza.\u00a0<\/span><\/span><\/p>\n<p><span style=\"font-family: verdana, geneva, sans-serif;\">Ciertamente hoy en d\u00eda, cada vez hay un n\u00famero mayor de personas que reconocen la necesidad urgente de proteger el medio ambiente. <span class=\"Y2IQFc\" lang=\"es\">Por ello \u00faltimamente las chimeneas de bioetanol crecen r\u00e1pidamente en popularidad y uso. Son chimeneas limpias y f\u00e1ciles de instalar adem\u00e1s de ecol\u00f3gicas.<\/span><\/span><\/p>\n<div class='yrm-content yrm-content-1 yrm-content-hide  ' id='yrm-So3lZ' data-id='1' data-show-status='false' data-after-action='' style=\"visibility: hidden;height: 0;\">\n\t\t\t<div id='yrm-inner-content-yrm-So3lZ' class='yrm-inner-content-wrapper yrm-cntent-1'><\/p>\n<p><span style=\"font-family: verdana, geneva, sans-serif;\">El\u00a0bioetanol es un combustible org\u00e1nico que supone una alternativa a los de origen f\u00f3sil, se extrae de productos como el ma\u00edz, la yuca o la paja.\u00a0Es un alcohol muy inflamable que, a su vez, es un combustible\u00a0limpio y renovable.<\/span><\/p>\n<p><span style=\"font-family: verdana, geneva, sans-serif;\">Adem\u00e1s de ofrecer una opci\u00f3n respetuosa con el medio ambiente, una estufa o un quemador de bioetanol le permite tener una chimenea con llamas vivas y esto sin necesidad de costos de instalaci\u00f3n elevados. Solo se requiere un suministro de electricidad cerca o tambi\u00e9n puede ir con un kit especial con pilas. Es decir una chimenea de etanol puede ser instalada en casi cualquier lugar. La estufa puede ser controlada con un mando a distancia y viene equipada con \u00abSummerlighting\u00bb ,Leds bajo el quemador imitando brasas ardiendo.<\/span><\/p>\n<p><span style=\"font-family: verdana, geneva, sans-serif;\"><a href=\"https:\/\/vimeo.com\/ambifuego\" target=\"_blank\" rel=\"noopener\">Ambifuego<\/a> se enorgullece de ofrecer esta nueva generaci\u00f3n de chimeneas de bioetanol. Este modelo pertenece a una gama \u00fanica de aparatos de calefacci\u00f3n de lujo respetuosos con el medio ambiente que incorporan tecnolog\u00edas innovadoras en t\u00e9rminos de seguridad, funcionalidad y eficiencia.<\/span><\/p>\n<ul>\n<li><span style=\"font-family: verdana, geneva, sans-serif;\">Salida de humos no necesaria.<\/span><\/li>\n<li><span style=\"font-family: verdana, geneva, sans-serif;\">Control con mando a distancia.<\/span><\/li>\n<li><span style=\"font-family: verdana, geneva, sans-serif;\">100% de eficiencia.<\/span><\/li>\n<li><span style=\"font-family: verdana, geneva, sans-serif;\">Encendido autom\u00e1tico.<\/span><\/li>\n<li><span style=\"font-family: verdana, geneva, sans-serif;\">Potencia m\u00e1xima; 3,5Kw.<\/span><\/li>\n<li><span style=\"font-family: verdana, geneva, sans-serif;\">Potencia m\u00ednima; 2,8Kw.<\/span><\/li>\n<li><span style=\"font-family: verdana, geneva, sans-serif;\">Sistema de recarga de combustible mediante una bomba autom\u00e1tica.<\/span><\/li>\n<li><span style=\"font-family: verdana, geneva, sans-serif;\">Sin olores, humos ni suciedad.<\/span><\/li>\n<li><span style=\"font-family: verdana, geneva, sans-serif;\">Consumo de bioetanol al m\u00e1ximo; 0,45 litros por hora.<\/span><\/li>\n<li><span style=\"font-family: verdana, geneva, sans-serif;\">Consumo de bioetanol al m\u00ednimo; 0,30 litros por hora.<\/span><\/li>\n<li><span style=\"font-family: verdana, geneva, sans-serif;\">Relleno autom\u00e1tico de combustible<\/span><\/li>\n<li><span style=\"font-family: verdana, geneva, sans-serif;\">Para m\u00e1s informaci\u00f3n <a href=\"https:\/\/www.ambifuego.net\/contacto\/\" target=\"_blank\" rel=\"noopener\">contactar<\/a><\/span><\/li>\n<\/ul>\n<p><\/div>\n\t\t<\/div><div class='yrm-btn-wrapper yrm-btn-wrapper-1 yrm-more-button-wrapper  '\n\t\tdata-custom-more-class-name='' data-custom-less-class-name=''><span title='' data-less-title='' data-more-title='' class='yrm-toggle-expand  yrm-toggle-expand-1 ' data-rel='yrm-So3lZ' data-more='M\u00e1s detalles ' data-less='Ver menos'><span class='yrm-text-wrapper yrm-text-wrapper-custom-dimensions'><span class=\"yrm-button-text-1 yrm-button-text-span\">M\u00e1s detalles <\/span><\/span><\/span><\/div>\n","protected":false},"excerpt":{"rendered":"[video width=\"1220\" height=\"700\" mp4=\"https:\/\/www.ambifuego.net\/wp-content\/uploads\/2017\/09\/estufa-bio-llamas-altas.mp4\" autoplay=\"true\"][\/video]\n","protected":false},"featured_media":79997,"template":"","meta":[],"product_brand":[],"product_cat":[476],"product_tag":[],"class_list":{"0":"post-15260","1":"product","2":"type-product","3":"status-publish","4":"has-post-thumbnail","6":"product_cat-chimeneas-y-estufa-de-bioetanol","8":"first","9":"instock","10":"shipping-taxable","11":"product-type-simple"},"_links":{"self":[{"href":"https:\/\/www.ambifuego.net\/es\/wp-json\/wp\/v2\/product\/15260","targetHints":{"allow":["GET"]}}],"collection":[{"href":"https:\/\/www.ambifuego.net\/es\/wp-json\/wp\/v2\/product"}],"about":[{"href":"https:\/\/www.ambifuego.net\/es\/wp-json\/wp\/v2\/types\/product"}],"version-history":[{"count":0,"href":"https:\/\/www.ambifuego.net\/es\/wp-json\/wp\/v2\/product\/15260\/revisions"}],"wp:featuredmedia":[{"embeddable":true,"href":"https:\/\/www.ambifuego.net\/es\/wp-json\/wp\/v2\/media\/79997"}],"wp:attachment":[{"href":"https:\/\/www.ambifuego.net\/es\/wp-json\/wp\/v2\/media?parent=15260"}],"wp:term":[{"taxonomy":"product_brand","embeddable":true,"href":"https:\/\/www.ambifuego.net\/es\/wp-json\/wp\/v2\/product_brand?post=15260"},{"taxonomy":"product_cat","embeddable":true,"href":"https:\/\/www.ambifuego.net\/es\/wp-json\/wp\/v2\/product_cat?post=15260"},{"taxonomy":"product_tag","embeddable":true,"href":"https:\/\/www.ambifuego.net\/es\/wp-json\/wp\/v2\/product_tag?post=15260"}],"curies":[{"name":"wp","href":"https:\/\/api.w.org\/{rel}","templated":true}]}}