{"id":15177,"date":"2017-09-26T15:12:11","date_gmt":"2017-09-26T15:12:11","guid":{"rendered":"https:\/\/www.ambifuego.net\/xtempx\/web17\/?post_type=product&#038;p=15177"},"modified":"2024-05-08T11:20:17","modified_gmt":"2024-05-08T09:20:17","slug":"78-64-estufa-de-lena-y-carbon-de-fundicion","status":"publish","type":"product","link":"https:\/\/www.ambifuego.net\/es\/producto\/78-64-estufa-de-lena-y-carbon-de-fundicion\/","title":{"rendered":"DRU 78 \/ 64"},"content":{"rendered":"<ul>\n<li><span style=\"font-family: verdana, geneva, sans-serif;\">Estufa fundici\u00f3n robusta le\u00f1a.<\/span><\/li>\n<li><span style=\"font-family: verdana, geneva, sans-serif;\">Resistente e indestructible.<\/span><\/li>\n<li><span style=\"font-family: verdana, geneva, sans-serif;\">CB- combusti\u00f3n Limpia- primaria \/ secundaria \/ terciaria.<\/span><\/li>\n<li><span style=\"font-family: verdana, geneva, sans-serif;\">Multi-combustible: Le\u00f1a y carb\u00f3n.<\/span><\/li>\n<li><span style=\"font-family: verdana, geneva, sans-serif;\">Potencia:\u00a0 78 CB-13 Kw\u00a0 \/ 64 CB-8 Kw.<\/span><\/li>\n<li><span style=\"font-family: verdana, geneva, sans-serif;\">Eficiencia: 75%.<\/span><\/li>\n<li><span style=\"font-family: verdana, geneva, sans-serif;\">Peso: 78CB &#8211; 245 kg \/ 64CB &#8211; 195 kg.<\/span><\/li>\n<li><span style=\"font-family: verdana, geneva, sans-serif;\">Salida de humos: Salida Superior o Trasera.<\/span><\/li>\n<li><span style=\"font-family: verdana, geneva, sans-serif;\">Carga de le\u00f1a: Frente o por puerta lateral.<\/span><\/li>\n<li><span style=\"font-family: verdana, geneva, sans-serif;\">Cristal limpio.<\/span><\/li>\n<li><span style=\"font-family: verdana, geneva, sans-serif;\">Colores; Antracita.<\/span><\/li>\n<li><span style=\"font-family: verdana, geneva, sans-serif;\">*Mas informaci\u00f3n &#8211; <a href=\"https:\/\/www.ambifuego.net\/wp-content\/uploads\/2021\/05\/DRU-wood-and-multi-fuel-stoves-EN-DU-.pdf\">Cat\u00e1logo<\/a> &#8211;<\/span><\/li>\n<\/ul>\n<p><img fetchpriority=\"high\" decoding=\"async\" class=\"alignnone wp-image-46842\" src=\"https:\/\/www.ambifuego.net\/wp-content\/uploads\/2017\/09\/78-clean-burning_optimized.jpg\" alt=\"\" width=\"625\" height=\"219\" srcset=\"https:\/\/www.ambifuego.net\/wp-content\/uploads\/2017\/09\/78-clean-burning_optimized.jpg 914w, https:\/\/www.ambifuego.net\/wp-content\/uploads\/2017\/09\/78-clean-burning_optimized-480x168.jpg 480w, https:\/\/www.ambifuego.net\/wp-content\/uploads\/2017\/09\/78-clean-burning_optimized-768x269.jpg 768w, https:\/\/www.ambifuego.net\/wp-content\/uploads\/2017\/09\/78-clean-burning_optimized-780x273.jpg 780w, https:\/\/www.ambifuego.net\/wp-content\/uploads\/2017\/09\/78-clean-burning_optimized-880x308.jpg 880w, https:\/\/www.ambifuego.net\/wp-content\/uploads\/2017\/09\/78-clean-burning_optimized-800x280.jpg 800w\" sizes=\"(max-width: 625px) 100vw, 625px\" \/> <img decoding=\"async\" class=\"alignnone wp-image-46833\" src=\"https:\/\/www.ambifuego.net\/wp-content\/uploads\/2017\/09\/64cb_optimized.jpg\" alt=\"\" width=\"625\" height=\"208\" srcset=\"https:\/\/www.ambifuego.net\/wp-content\/uploads\/2017\/09\/64cb_optimized.jpg 962w, https:\/\/www.ambifuego.net\/wp-content\/uploads\/2017\/09\/64cb_optimized-480x160.jpg 480w, https:\/\/www.ambifuego.net\/wp-content\/uploads\/2017\/09\/64cb_optimized-768x255.jpg 768w, https:\/\/www.ambifuego.net\/wp-content\/uploads\/2017\/09\/64cb_optimized-780x259.jpg 780w, https:\/\/www.ambifuego.net\/wp-content\/uploads\/2017\/09\/64cb_optimized-880x293.jpg 880w, https:\/\/www.ambifuego.net\/wp-content\/uploads\/2017\/09\/64cb_optimized-800x266.jpg 800w\" sizes=\"(max-width: 625px) 100vw, 625px\" \/><\/p>\n","protected":false},"excerpt":{"rendered":"[caption id=\"attachment_46836\" align=\"alignnone\" width=\"350\"]<img decoding=\"async\" class=\"wp-image-46836 size-full\" src=\"https:\/\/www.ambifuego.net\/wp-content\/uploads\/2017\/09\/64cb-tetera_optimized.jpg\" alt=\"Estufa fundici\u00f3n robusta le\u00f1a\" width=\"350\" height=\"350\" srcset=\"https:\/\/www.ambifuego.net\/wp-content\/uploads\/2017\/09\/64cb-tetera_optimized.jpg 350w, https:\/\/www.ambifuego.net\/wp-content\/uploads\/2017\/09\/64cb-tetera_optimized-150x150.jpg 150w, https:\/\/www.ambifuego.net\/wp-content\/uploads\/2017\/09\/64cb-tetera_optimized-270x270.jpg 270w, https:\/\/www.ambifuego.net\/wp-content\/uploads\/2017\/09\/64cb-tetera_optimized-40x40.jpg 40w, https:\/\/www.ambifuego.net\/wp-content\/uploads\/2017\/09\/64cb-tetera_optimized-100x100.jpg 100w\" sizes=\"(max-width: 350px) 100vw, 350px\" \/> Estufa fundici\u00f3n robusta le\u00f1a y carb\u00f3n[\/caption]\n","protected":false},"featured_media":46851,"template":"","meta":[],"product_brand":[],"product_cat":[265,273],"product_tag":[],"class_list":{"0":"post-15177","1":"product","2":"type-product","3":"status-publish","4":"has-post-thumbnail","6":"product_cat-chimeneas-y-estufas-de-lena","7":"product_cat-estufas-clasicas-de-fundicion","9":"first","10":"instock","11":"shipping-taxable","12":"product-type-simple"},"_links":{"self":[{"href":"https:\/\/www.ambifuego.net\/es\/wp-json\/wp\/v2\/product\/15177","targetHints":{"allow":["GET"]}}],"collection":[{"href":"https:\/\/www.ambifuego.net\/es\/wp-json\/wp\/v2\/product"}],"about":[{"href":"https:\/\/www.ambifuego.net\/es\/wp-json\/wp\/v2\/types\/product"}],"version-history":[{"count":0,"href":"https:\/\/www.ambifuego.net\/es\/wp-json\/wp\/v2\/product\/15177\/revisions"}],"wp:featuredmedia":[{"embeddable":true,"href":"https:\/\/www.ambifuego.net\/es\/wp-json\/wp\/v2\/media\/46851"}],"wp:attachment":[{"href":"https:\/\/www.ambifuego.net\/es\/wp-json\/wp\/v2\/media?parent=15177"}],"wp:term":[{"taxonomy":"product_brand","embeddable":true,"href":"https:\/\/www.ambifuego.net\/es\/wp-json\/wp\/v2\/product_brand?post=15177"},{"taxonomy":"product_cat","embeddable":true,"href":"https:\/\/www.ambifuego.net\/es\/wp-json\/wp\/v2\/product_cat?post=15177"},{"taxonomy":"product_tag","embeddable":true,"href":"https:\/\/www.ambifuego.net\/es\/wp-json\/wp\/v2\/product_tag?post=15177"}],"curies":[{"name":"wp","href":"https:\/\/api.w.org\/{rel}","templated":true}]}}