{"id":15160,"date":"2017-09-26T15:06:46","date_gmt":"2017-09-26T15:06:46","guid":{"rendered":"https:\/\/www.ambifuego.net\/xtempx\/web17\/?post_type=product&#038;p=15160"},"modified":"2023-10-17T16:28:40","modified_gmt":"2023-10-17T14:28:40","slug":"44mf","status":"publish","type":"product","link":"https:\/\/www.ambifuego.net\/es\/producto\/44mf\/","title":{"rendered":"44 MF"},"content":{"rendered":"<ul>\n<li><span style=\"font-family: verdana, geneva, sans-serif;\">Estufa de carb\u00f3n y le\u00f1a de fundici\u00f3n<\/span><\/li>\n<li><span style=\"font-family: verdana, geneva, sans-serif;\">Potencia: 7 Kw<\/span><\/li>\n<li><span style=\"font-family: verdana, geneva, sans-serif;\">Eficiencia: 78%<\/span><\/li>\n<li><span style=\"font-family: verdana, geneva, sans-serif;\">Peso: 95 kg<\/span><\/li>\n<li><span style=\"font-family: verdana, geneva, sans-serif;\">Salida de humos: \u00d8125 mm<\/span><\/li>\n<li><span style=\"font-family: verdana, geneva, sans-serif;\">Salida superior o trasera<\/span><\/li>\n<li><span style=\"font-family: verdana, geneva, sans-serif;\">Multicombustible<\/span><\/li>\n<li><span style=\"font-family: verdana, geneva, sans-serif;\">Opciones de acabado<\/span><\/li>\n<li><span style=\"font-family: verdana, geneva, sans-serif;\">Medidas en mil\u00edmetros<\/span><\/li>\n<li><span style=\"font-family: verdana, geneva, sans-serif;\">*M\u00e1s informaci\u00f3n &#8211; <a href=\"https:\/\/www.ambifuego.net\/wp-content\/uploads\/2021\/05\/DRU-wood-and-multi-fuel-stoves-EN-DU-.pdf\">Cat\u00e1logo<\/a> &#8211;<\/span><\/li>\n<\/ul>\n<p><img fetchpriority=\"high\" decoding=\"async\" class=\"alignnone wp-image-46827\" src=\"https:\/\/www.ambifuego.net\/wp-content\/uploads\/2017\/09\/dru-44-plano.jpg\" alt=\"\" width=\"652\" height=\"247\" srcset=\"https:\/\/www.ambifuego.net\/wp-content\/uploads\/2017\/09\/dru-44-plano.jpg 844w, https:\/\/www.ambifuego.net\/wp-content\/uploads\/2017\/09\/dru-44-plano-480x182.jpg 480w, https:\/\/www.ambifuego.net\/wp-content\/uploads\/2017\/09\/dru-44-plano-768x291.jpg 768w, https:\/\/www.ambifuego.net\/wp-content\/uploads\/2017\/09\/dru-44-plano-780x296.jpg 780w, https:\/\/www.ambifuego.net\/wp-content\/uploads\/2017\/09\/dru-44-plano-800x303.jpg 800w\" sizes=\"(max-width: 652px) 100vw, 652px\" \/><\/p>\n<p>Estufa de le\u00f1a &#8211; Estufa de fundici\u00f3n<\/p>\n","protected":false},"excerpt":{"rendered":"<p><img decoding=\"async\" class=\"alignnone size-full wp-image-46821\" src=\"https:\/\/www.ambifuego.net\/wp-content\/uploads\/2017\/09\/dru-44-2-1.jpg\" alt=\"\" width=\"380\" height=\"316\" srcset=\"https:\/\/www.ambifuego.net\/wp-content\/uploads\/2017\/09\/dru-44-2-1.jpg 380w, https:\/\/www.ambifuego.net\/wp-content\/uploads\/2017\/09\/dru-44-2-1-325x270.jpg 325w\" sizes=\"(max-width: 380px) 100vw, 380px\" \/><\/p>\n","protected":false},"featured_media":46824,"template":"","meta":[],"product_brand":[],"product_cat":[273],"product_tag":[],"class_list":{"0":"post-15160","1":"product","2":"type-product","3":"status-publish","4":"has-post-thumbnail","6":"product_cat-estufas-clasicas-de-fundicion","8":"first","9":"instock","10":"shipping-taxable","11":"product-type-simple"},"_links":{"self":[{"href":"https:\/\/www.ambifuego.net\/es\/wp-json\/wp\/v2\/product\/15160","targetHints":{"allow":["GET"]}}],"collection":[{"href":"https:\/\/www.ambifuego.net\/es\/wp-json\/wp\/v2\/product"}],"about":[{"href":"https:\/\/www.ambifuego.net\/es\/wp-json\/wp\/v2\/types\/product"}],"version-history":[{"count":0,"href":"https:\/\/www.ambifuego.net\/es\/wp-json\/wp\/v2\/product\/15160\/revisions"}],"wp:featuredmedia":[{"embeddable":true,"href":"https:\/\/www.ambifuego.net\/es\/wp-json\/wp\/v2\/media\/46824"}],"wp:attachment":[{"href":"https:\/\/www.ambifuego.net\/es\/wp-json\/wp\/v2\/media?parent=15160"}],"wp:term":[{"taxonomy":"product_brand","embeddable":true,"href":"https:\/\/www.ambifuego.net\/es\/wp-json\/wp\/v2\/product_brand?post=15160"},{"taxonomy":"product_cat","embeddable":true,"href":"https:\/\/www.ambifuego.net\/es\/wp-json\/wp\/v2\/product_cat?post=15160"},{"taxonomy":"product_tag","embeddable":true,"href":"https:\/\/www.ambifuego.net\/es\/wp-json\/wp\/v2\/product_tag?post=15160"}],"curies":[{"name":"wp","href":"https:\/\/api.w.org\/{rel}","templated":true}]}}