{"id":15118,"date":"2017-09-26T14:05:54","date_gmt":"2017-09-26T14:05:54","guid":{"rendered":"https:\/\/www.ambifuego.net\/xtempx\/web17\/?post_type=product&#038;p=15118"},"modified":"2023-10-23T14:02:27","modified_gmt":"2023-10-23T12:02:27","slug":"estufa-3-lados-lena","status":"publish","type":"product","link":"https:\/\/www.ambifuego.net\/es\/producto\/estufa-3-lados-lena\/","title":{"rendered":"KALLE- FOLKE"},"content":{"rendered":"<p><strong>\u00a0\u00a0<\/strong><span style=\"font-family: verdana, geneva, sans-serif;\">Estufa 3 lados\u00a0 Kalle &#8211;\u00a0 le\u00f1a<\/span><\/p>\n<p style=\"text-align: justify;\"><span style=\"font-family: verdana, geneva, sans-serif;\">Estufa 3 lados.\u00a0 Estufas de estilo moderno\u00a0 con puerta frontal y le\u00f1ero en la parte baja. Kalle y Folge son similares s\u00f3lo se diferencian en el ancho de la estufa. El interior es de acero, fundici\u00f3n y material refractario. La fabricaci\u00f3n es europea de alta calidad\u00a0 y eficiencia. Este modelo es una bonita estufa de le\u00f1a de 3 lados con altas puertas que permiten la vista de las llamas que crean un brillo c\u00e1lido y reconfortante en toda la habitaci\u00f3n. Tiene un elegante acabado antracita una alta eficiencia energ\u00e9tica del 85%. Adem\u00e1s, hay un le\u00f1ero bastante grande debajo.<\/span><\/p>\n<p><span style=\"font-family: verdana, geneva, sans-serif;\">Caracter\u00edsticas;<\/span><\/p>\n<ul>\n<li><span style=\"font-family: verdana, geneva, sans-serif;\">Estufa 3 lados<\/span><\/li>\n<li><span style=\"font-family: verdana, geneva, sans-serif;\">Combustible: Le\u00f1a<\/span><\/li>\n<li><span style=\"font-family: verdana, geneva, sans-serif;\">Fabricaci\u00f3n Europea<\/span><\/li>\n<li><span style=\"font-family: verdana, geneva, sans-serif;\">Alta calidad y eficiencia<\/span><\/li>\n<li><span style=\"font-family: verdana, geneva, sans-serif;\">Potencia: 4-8 Kw<\/span><\/li>\n<li><span style=\"font-family: verdana, geneva, sans-serif;\">Eficiencia: kalle -85% \/ Folke-77,3%\u00a0 \u00a0 \u00a0 \u00a0A+<\/span><\/li>\n<li><span style=\"font-family: verdana, geneva, sans-serif;\">Peso: Kalle &#8211; 130 kg\u00a0 \/ Folke &#8211; 120 kg<\/span><\/li>\n<li><span style=\"font-family: verdana, geneva, sans-serif;\">Vista de llama a 3 caras<\/span><\/li>\n<li><span style=\"font-family: verdana, geneva, sans-serif;\">Cristal refractario (infrarrojo)<\/span><\/li>\n<li><span style=\"font-family: verdana, geneva, sans-serif;\">Suministro aire desde exterior<\/span><\/li>\n<li><span style=\"font-family: verdana, geneva, sans-serif;\">Salida Superior o Trasera<\/span><\/li>\n<li><span style=\"font-family: verdana, geneva, sans-serif;\">Interior Vermiculite<\/span><\/li>\n<li><span style=\"font-family: verdana, geneva, sans-serif;\">*Para m\u00e1s informaci\u00f3n v\u00e9ase &#8211; <a href=\"https:\/\/www.ambifuego.net\/wp-content\/uploads\/2023\/10\/22-23-dik-geurts-comp.pdf\">Cat\u00e1logo<\/a> &#8211;<\/span><\/li>\n<li><a href=\"https:\/\/www.ambifuego.net\/contacto\/\">PVP &#8211; Disponibilidad<\/a><\/li>\n<li><a href=\"https:\/\/vimeo.com\/user155862233\"><span style=\"font-family: verdana, geneva, sans-serif;\">Otras opciones<\/span><\/a><\/li>\n<\/ul>\n<p>&nbsp;<\/p>\n<p><strong><img fetchpriority=\"high\" decoding=\"async\" class=\"alignnone size-full wp-image-47000\" src=\"https:\/\/www.ambifuego.net\/wp-content\/uploads\/2017\/09\/kalle_optimized.jpg\" alt=\"\" width=\"261\" height=\"320\" srcset=\"https:\/\/www.ambifuego.net\/wp-content\/uploads\/2017\/09\/kalle_optimized.jpg 261w, https:\/\/www.ambifuego.net\/wp-content\/uploads\/2017\/09\/kalle_optimized-220x270.jpg 220w\" sizes=\"(max-width: 261px) 100vw, 261px\" \/> <img decoding=\"async\" class=\"alignnone size-full wp-image-47015\" src=\"https:\/\/www.ambifuego.net\/wp-content\/uploads\/2017\/09\/folke_optimized-1.jpg\" alt=\"\" width=\"263\" height=\"320\" srcset=\"https:\/\/www.ambifuego.net\/wp-content\/uploads\/2017\/09\/folke_optimized-1.jpg 263w, https:\/\/www.ambifuego.net\/wp-content\/uploads\/2017\/09\/folke_optimized-1-222x270.jpg 222w\" sizes=\"(max-width: 263px) 100vw, 263px\" \/><\/strong><\/p>\n","protected":false},"excerpt":{"rendered":"[caption id=\"attachment_47009\" align=\"alignnone\" width=\"381\"]<img decoding=\"async\" class=\"wp-image-47009 size-full\" src=\"https:\/\/www.ambifuego.net\/wp-content\/uploads\/2017\/09\/folke-3_optimized.jpg\" alt=\"\u00a0\u00a0Estufa 3 lados\u00a0 le\u00f1a\" width=\"381\" height=\"320\" srcset=\"https:\/\/www.ambifuego.net\/wp-content\/uploads\/2017\/09\/folke-3_optimized.jpg 381w, https:\/\/www.ambifuego.net\/wp-content\/uploads\/2017\/09\/folke-3_optimized-321x270.jpg 321w\" sizes=\"(max-width: 381px) 100vw, 381px\" \/> Estufa 3 lados\u00a0 le\u00f1a[\/caption]\n","protected":false},"featured_media":47003,"template":"","meta":[],"product_brand":[],"product_cat":[265,272],"product_tag":[],"class_list":{"0":"post-15118","1":"product","2":"type-product","3":"status-publish","4":"has-post-thumbnail","6":"product_cat-chimeneas-y-estufas-de-lena","7":"product_cat-chimeneas-estufas-de-disenos","9":"first","10":"instock","11":"shipping-taxable","12":"product-type-simple"},"_links":{"self":[{"href":"https:\/\/www.ambifuego.net\/es\/wp-json\/wp\/v2\/product\/15118","targetHints":{"allow":["GET"]}}],"collection":[{"href":"https:\/\/www.ambifuego.net\/es\/wp-json\/wp\/v2\/product"}],"about":[{"href":"https:\/\/www.ambifuego.net\/es\/wp-json\/wp\/v2\/types\/product"}],"version-history":[{"count":0,"href":"https:\/\/www.ambifuego.net\/es\/wp-json\/wp\/v2\/product\/15118\/revisions"}],"wp:featuredmedia":[{"embeddable":true,"href":"https:\/\/www.ambifuego.net\/es\/wp-json\/wp\/v2\/media\/47003"}],"wp:attachment":[{"href":"https:\/\/www.ambifuego.net\/es\/wp-json\/wp\/v2\/media?parent=15118"}],"wp:term":[{"taxonomy":"product_brand","embeddable":true,"href":"https:\/\/www.ambifuego.net\/es\/wp-json\/wp\/v2\/product_brand?post=15118"},{"taxonomy":"product_cat","embeddable":true,"href":"https:\/\/www.ambifuego.net\/es\/wp-json\/wp\/v2\/product_cat?post=15118"},{"taxonomy":"product_tag","embeddable":true,"href":"https:\/\/www.ambifuego.net\/es\/wp-json\/wp\/v2\/product_tag?post=15118"}],"curies":[{"name":"wp","href":"https:\/\/api.w.org\/{rel}","templated":true}]}}