{"id":15117,"date":"2017-09-26T14:04:38","date_gmt":"2017-09-26T14:04:38","guid":{"rendered":"https:\/\/www.ambifuego.net\/xtempx\/web17\/?post_type=product&#038;p=15117"},"modified":"2023-10-23T14:00:54","modified_gmt":"2023-10-23T12:00:54","slug":"estufa-de-lena-moderna","status":"publish","type":"product","link":"https:\/\/www.ambifuego.net\/es\/producto\/estufa-de-lena-moderna\/","title":{"rendered":"IVAR 8 &#8211; STORE \/ LOW"},"content":{"rendered":"<p style=\"text-align: justify;\"><span style=\"font-family: verdana, geneva, sans-serif;\">Estufa de le\u00f1a moderna en acero. Modelo de gran calidad con salida superior. Opci\u00f3n a le\u00f1ero debajo. Fabricaci\u00f3n Europea, modelos muy eficientes. Estufa adaptable de le\u00f1a o carb\u00f3n Ivar, Low es una estufa vers\u00e1til con conexi\u00f3n de aire exterior que puede quemar madera, coque o carb\u00f3n. Tiene una gran puerta con cristal\u00a0 para ver el fuego y puede ser independiente o instalada en un hogar de chimenea existente o de nueva construcci\u00f3n.<\/span><\/p>\n<p><span style=\"font-family: verdana, geneva, sans-serif;\">Modelos de gran calidad robustas con dos opciones a elegir; con le\u00f1ero en la parte baja o sin le\u00f1ero.<\/span><\/p>\n<ul>\n<li><span style=\"font-family: verdana, geneva, sans-serif;\">Estufa de le\u00f1a moderna.<\/span><\/li>\n<li><span style=\"font-family: verdana, geneva, sans-serif;\"><a href=\"https:\/\/vimeo.com\/user155862233\">Dise\u00f1os actuales<\/a> en acero de gran calidad.<\/span><\/li>\n<li><span style=\"font-family: verdana, geneva, sans-serif;\">Con le\u00f1ero o sin le\u00f1ero debajo.<\/span><\/li>\n<li><span style=\"font-family: verdana, geneva, sans-serif;\">Potencia: 6-10 kW<\/span><\/li>\n<li><span style=\"font-family: verdana, geneva, sans-serif;\">Alta eficiencia<\/span><\/li>\n<li><span style=\"font-family: verdana, geneva, sans-serif;\">Peso: Ivar Large 120 kg \/ Ivar Low 100 Kg<\/span><\/li>\n<li><span style=\"font-family: verdana, geneva, sans-serif;\">Suministro aire desde exterior<\/span><\/li>\n<li><span style=\"font-family: verdana, geneva, sans-serif;\">Interior acero y fundici\u00f3n.<\/span><\/li>\n<li><span style=\"font-family: verdana, geneva, sans-serif;\">*M\u00e1s informaci\u00f3n &#8211; <a href=\"https:\/\/www.ambifuego.net\/wp-content\/uploads\/2023\/10\/22-23-dik-geurts-comp.pdf\">Cat\u00e1logo<\/a> &#8211;<\/span><\/li>\n<li><a href=\"https:\/\/www.ambifuego.net\/contacto\/\">PVP &#8211; Disponibilidad<\/a><\/li>\n<\/ul>\n<p><img fetchpriority=\"high\" decoding=\"async\" class=\"alignnone size-full wp-image-46898\" src=\"https:\/\/www.ambifuego.net\/wp-content\/uploads\/2017\/09\/ivar-8_optimized.jpg\" alt=\"\" width=\"528\" height=\"320\" srcset=\"https:\/\/www.ambifuego.net\/wp-content\/uploads\/2017\/09\/ivar-8_optimized.jpg 528w, https:\/\/www.ambifuego.net\/wp-content\/uploads\/2017\/09\/ivar-8_optimized-480x291.jpg 480w, https:\/\/www.ambifuego.net\/wp-content\/uploads\/2017\/09\/ivar-8_optimized-446x270.jpg 446w\" sizes=\"(max-width: 528px) 100vw, 528px\" \/><\/p>\n","protected":false},"excerpt":{"rendered":"<p><img decoding=\"async\" class=\"alignnone size-full wp-image-46907\" src=\"https:\/\/www.ambifuego.net\/wp-content\/uploads\/2017\/09\/ivar-8-low_optimized.jpg\" alt=\"\" width=\"450\" height=\"450\" srcset=\"https:\/\/www.ambifuego.net\/wp-content\/uploads\/2017\/09\/ivar-8-low_optimized.jpg 450w, https:\/\/www.ambifuego.net\/wp-content\/uploads\/2017\/09\/ivar-8-low_optimized-150x150.jpg 150w, https:\/\/www.ambifuego.net\/wp-content\/uploads\/2017\/09\/ivar-8-low_optimized-270x270.jpg 270w, https:\/\/www.ambifuego.net\/wp-content\/uploads\/2017\/09\/ivar-8-low_optimized-439x439.jpg 439w, https:\/\/www.ambifuego.net\/wp-content\/uploads\/2017\/09\/ivar-8-low_optimized-388x388.jpg 388w, https:\/\/www.ambifuego.net\/wp-content\/uploads\/2017\/09\/ivar-8-low_optimized-40x40.jpg 40w, https:\/\/www.ambifuego.net\/wp-content\/uploads\/2017\/09\/ivar-8-low_optimized-100x100.jpg 100w\" sizes=\"(max-width: 450px) 100vw, 450px\" \/><\/p>\n","protected":false},"featured_media":46928,"template":"","meta":[],"product_brand":[],"product_cat":[265,272],"product_tag":[],"class_list":{"0":"post-15117","1":"product","2":"type-product","3":"status-publish","4":"has-post-thumbnail","6":"product_cat-chimeneas-y-estufas-de-lena","7":"product_cat-chimeneas-estufas-de-disenos","9":"first","10":"instock","11":"shipping-taxable","12":"product-type-simple"},"_links":{"self":[{"href":"https:\/\/www.ambifuego.net\/es\/wp-json\/wp\/v2\/product\/15117","targetHints":{"allow":["GET"]}}],"collection":[{"href":"https:\/\/www.ambifuego.net\/es\/wp-json\/wp\/v2\/product"}],"about":[{"href":"https:\/\/www.ambifuego.net\/es\/wp-json\/wp\/v2\/types\/product"}],"version-history":[{"count":0,"href":"https:\/\/www.ambifuego.net\/es\/wp-json\/wp\/v2\/product\/15117\/revisions"}],"wp:featuredmedia":[{"embeddable":true,"href":"https:\/\/www.ambifuego.net\/es\/wp-json\/wp\/v2\/media\/46928"}],"wp:attachment":[{"href":"https:\/\/www.ambifuego.net\/es\/wp-json\/wp\/v2\/media?parent=15117"}],"wp:term":[{"taxonomy":"product_brand","embeddable":true,"href":"https:\/\/www.ambifuego.net\/es\/wp-json\/wp\/v2\/product_brand?post=15117"},{"taxonomy":"product_cat","embeddable":true,"href":"https:\/\/www.ambifuego.net\/es\/wp-json\/wp\/v2\/product_cat?post=15117"},{"taxonomy":"product_tag","embeddable":true,"href":"https:\/\/www.ambifuego.net\/es\/wp-json\/wp\/v2\/product_tag?post=15117"}],"curies":[{"name":"wp","href":"https:\/\/api.w.org\/{rel}","templated":true}]}}