{"id":15111,"date":"2017-09-26T13:55:35","date_gmt":"2017-09-26T13:55:35","guid":{"rendered":"https:\/\/www.ambifuego.net\/xtempx\/web17\/?post_type=product&#038;p=15111"},"modified":"2023-10-26T13:14:41","modified_gmt":"2023-10-26T11:14:41","slug":"estufa-de-lena-esquinera","status":"publish","type":"product","link":"https:\/\/www.ambifuego.net\/es\/producto\/estufa-de-lena-esquinera\/","title":{"rendered":"BORA CORNER"},"content":{"rendered":"<p style=\"text-align: justify;\"><span class=\"Y2IQFc\" lang=\"es\" style=\"font-family: verdana, geneva, sans-serif;\">Estufa de le\u00f1a esquinera modelo <a href=\"https:\/\/www.drufire.com\/nl-be\/dik-geurts\/bora-corner-serie\"><strong>Bora Corner<\/strong>.<\/a> Es una e<span style=\"font-family: verdana, geneva, sans-serif;\">stufa de le\u00f1a que puede ser colgada del techo, fija en la pared o sobre diferentes dise\u00f1os de le\u00f1eros. <\/span><\/span><span class=\"Y2IQFc\" lang=\"es\" style=\"font-family: verdana, geneva, sans-serif;\"><span style=\"font-family: verdana, geneva, sans-serif;\">Dise\u00f1o moderno, fabricadas con acero de gran calidad como tambi\u00e9n lo son los le\u00f1eros opcionales.\u00a0<\/span><\/span><\/p>\n<p style=\"text-align: justify;\"><span style=\"font-family: verdana, geneva, sans-serif;\">Facilidad de funcionamiento de la chimenea, lo cual llama la atenci\u00f3n de toda esta gama es su f\u00e1cil manejo,\u00a0 con un s\u00f3lo deslizador puede regular la entrada del aire de combusti\u00f3n. Con las tres posiciones posibles del deslizador tendr\u00e1 control del fuego y con ello puede regular la si desea m\u00e1s o menos calor en la estancia. De igual modo puede volver a cargarse f\u00e1cilmente la estufa de le\u00f1ar, simplemente abriendo su s\u00f3lida y robusta puerta giratoria. <\/span><\/p>\n<p style=\"text-align: justify;\"><span style=\"font-family: verdana, geneva, sans-serif;\">El modelo <strong>Bora Corner Plateau<\/strong> est\u00e1 disponible con una ventana vista en el lateral en el lado izquierdo o derecho. Gracias a las vistas del fuego a 2 lados, podr\u00e1 disfrutar del espect\u00e1culo de las bellas.<\/span><\/p>\n<p style=\"text-align: justify;\"><span style=\"font-family: verdana, geneva, sans-serif;\"><strong>El Bora Corner Cube, <\/strong>el modelo Bora sobre cubos giratorios, con pr\u00e1cticos compartimentos para los troncos de le\u00f1a. Este modelo\u00a0 se apoya sobre tres cubos que giran y pueden utilizarse para almacenar le\u00f1a. Asimismo usted puede girar los cubos en la posici\u00f3n deseada y definir de este modo el punto focal de la estancia con su estufa de le\u00f1a.\u00a0<\/span><\/p>\n<h2 id=\"tw-target-text\" class=\"tw-data-text tw-text-large tw-ta\" dir=\"ltr\" style=\"text-align: justify;\" data-placeholder=\"Traducci\u00f3n\"><span class=\"Y2IQFc\" lang=\"es\" style=\"font-family: verdana, geneva, sans-serif; font-size: 14pt;\">Estufa de le\u00f1a esquinera con alta eficiencia y combusti\u00f3n limpia.<\/span><\/h2>\n<p class=\"tw-data-text tw-text-large tw-ta\" dir=\"ltr\" data-placeholder=\"Traducci\u00f3n\"><span style=\"font-family: verdana, geneva, sans-serif;\">El revestimiento interior est\u00e1 hecho de vermiculita, un material especial que retiene el calor. Su apariencia oscura proporciona un bonito contraste con amarillo, naranja del fuego. La reflexi\u00f3n de la estufa <\/span><span class=\"Y2IQFc\" lang=\"es\" style=\"font-family: verdana, geneva, sans-serif;\">asegura un calentamiento m\u00e1s r\u00e1pido de la estancia y mayor eficiencia de la chimenea. El resultado: combusti\u00f3n limpia, alta eficiencia y una combusti\u00f3n que cumple con los requisitos de emisiones m\u00e1s estrictos.<\/span><\/p>\n<ul>\n<li style=\"text-align: justify;\"><span style=\"font-family: verdana, geneva, sans-serif;\"><a href=\"https:\/\/www.ambifuego.net\/articulos\/chimeneas-y-estufas-de-lena\/\"><span style=\"font-family: verdana, geneva, sans-serif;\">Estufa de le\u00f1a<\/span><\/a> esquinera lado izquierdo o lado derecho.<\/span><\/li>\n<li><span style=\"font-family: verdana, geneva, sans-serif;\">Sistema de combusti\u00f3n; toma aire del exterior o de la estancia donde se encuentre.<\/span><\/li>\n<li><span style=\"font-family: verdana, geneva, sans-serif;\">Tipo de cristal; vitrocer\u00e1mico e infrarrojo.<\/span><\/li>\n<li><span style=\"font-family: verdana, geneva, sans-serif;\">Salida de humos; 150 cm<\/span><\/li>\n<li><span style=\"font-family: verdana, geneva, sans-serif;\">Entrada de aire para la combusti\u00f3n; por abajo.<\/span><\/li>\n<li><span style=\"font-family: verdana, geneva, sans-serif;\">Tipo de puerta; giratoria.<\/span><\/li>\n<li><span style=\"font-family: verdana, geneva, sans-serif;\">Color; antracita oscuro.<\/span><\/li>\n<li><span style=\"font-family: verdana, geneva, sans-serif;\">Fabricado con acero.<\/span><\/li>\n<li><span style=\"font-family: verdana, geneva, sans-serif;\">Interior de vermiculite (material refractario)<\/span><\/li>\n<li><span style=\"font-family: verdana, geneva, sans-serif;\">Potencia; 4 &#8211; 8 Kg.<\/span><\/li>\n<li><span style=\"font-family: verdana, geneva, sans-serif;\">Peso; 110 Kg.<\/span><\/li>\n<li style=\"text-align: justify;\"><span style=\"font-family: verdana, geneva, sans-serif;\">Estufa fija en la pared, colgada del techo, sobre le\u00f1eros de diferentes dise\u00f1os.<\/span><\/li>\n<li style=\"text-align: justify;\"><span style=\"font-family: verdana, geneva, sans-serif;\">Dise\u00f1o moderno, robusto y eficiente<\/span><\/li>\n<li style=\"text-align: justify;\"><span style=\"font-family: verdana, geneva, sans-serif;\">Eficiencia: 84%\u00a0 \u00a0 \u00a0 A+<\/span><\/li>\n<li><span style=\"font-family: verdana, geneva, sans-serif;\">Montada sobre pared, colgada en el techo o sobre le\u00f1eros.<\/span><\/li>\n<li><span style=\"font-family: verdana, geneva, sans-serif;\">*M\u00e1s <a href=\"https:\/\/www.ambifuego.net\/wp-content\/uploads\/2023\/04\/Lijntek_DG_Bora_Corner_R_L_all_versions_compressed_compressed.pdf\">medidas<\/a><\/span><\/li>\n<li><a href=\"https:\/\/www.ambifuego.net\/wp-content\/uploads\/2023\/10\/22-23-dik-geurts-comp.pdf\"><span style=\"font-family: tahoma, arial, helvetica, sans-serif;\">Cat\u00e1logo<\/span><\/a><\/li>\n<li><a href=\"https:\/\/www.ambifuego.net\/contacto\/\"><span style=\"font-family: verdana, geneva, sans-serif;\">PVP &#8211; Disponibilidad<\/span><\/a><\/li>\n<\/ul>\n<p>&nbsp;<\/p>\n<p><img fetchpriority=\"high\" decoding=\"async\" class=\"alignnone size-medium wp-image-63197\" src=\"https:\/\/www.ambifuego.net\/wp-content\/uploads\/2017\/09\/bora_corner-links-wall_optimized-480x386.jpg\" alt=\"\" width=\"480\" height=\"386\" srcset=\"https:\/\/www.ambifuego.net\/wp-content\/uploads\/2017\/09\/bora_corner-links-wall_optimized-480x386.jpg 480w, https:\/\/www.ambifuego.net\/wp-content\/uploads\/2017\/09\/bora_corner-links-wall_optimized-336x270.jpg 336w, https:\/\/www.ambifuego.net\/wp-content\/uploads\/2017\/09\/bora_corner-links-wall_optimized.jpg 529w\" sizes=\"(max-width: 480px) 100vw, 480px\" \/> <img decoding=\"async\" class=\"alignnone size-medium wp-image-63203\" src=\"https:\/\/www.ambifuego.net\/wp-content\/uploads\/2017\/09\/medias-dg_bora_corner-cube_optimized-480x385.jpg\" alt=\"\" width=\"480\" height=\"385\" srcset=\"https:\/\/www.ambifuego.net\/wp-content\/uploads\/2017\/09\/medias-dg_bora_corner-cube_optimized-480x385.jpg 480w, https:\/\/www.ambifuego.net\/wp-content\/uploads\/2017\/09\/medias-dg_bora_corner-cube_optimized-336x270.jpg 336w, https:\/\/www.ambifuego.net\/wp-content\/uploads\/2017\/09\/medias-dg_bora_corner-cube_optimized-547x439.jpg 547w, https:\/\/www.ambifuego.net\/wp-content\/uploads\/2017\/09\/medias-dg_bora_corner-cube_optimized.jpg 735w\" sizes=\"(max-width: 480px) 100vw, 480px\" \/><\/p>\n<p>&nbsp;<\/p>\n<p>&nbsp;<\/p>\n","protected":false},"excerpt":{"rendered":"[caption id=\"attachment_63153\" align=\"alignnone\" width=\"480\"]<img decoding=\"async\" class=\"size-medium wp-image-63153\" src=\"https:\/\/www.ambifuego.net\/wp-content\/uploads\/2017\/09\/dik_geurts_bora_straight_plateau_optimized-480x320.jpg\" alt=\"estufa de le\u00f1a esquinera\" width=\"480\" height=\"320\" srcset=\"https:\/\/www.ambifuego.net\/wp-content\/uploads\/2017\/09\/dik_geurts_bora_straight_plateau_optimized-480x320.jpg 480w, https:\/\/www.ambifuego.net\/wp-content\/uploads\/2017\/09\/dik_geurts_bora_straight_plateau_optimized-405x270.jpg 405w, https:\/\/www.ambifuego.net\/wp-content\/uploads\/2017\/09\/dik_geurts_bora_straight_plateau_optimized.jpg 525w\" sizes=\"(max-width: 480px) 100vw, 480px\" \/> estufa de le\u00f1a esquinera[\/caption]\n","protected":false},"featured_media":63135,"template":"","meta":[],"product_brand":[],"product_cat":[265,272],"product_tag":[],"class_list":{"0":"post-15111","1":"product","2":"type-product","3":"status-publish","4":"has-post-thumbnail","6":"product_cat-chimeneas-y-estufas-de-lena","7":"product_cat-chimeneas-estufas-de-disenos","9":"first","10":"instock","11":"shipping-taxable","12":"product-type-simple"},"_links":{"self":[{"href":"https:\/\/www.ambifuego.net\/es\/wp-json\/wp\/v2\/product\/15111","targetHints":{"allow":["GET"]}}],"collection":[{"href":"https:\/\/www.ambifuego.net\/es\/wp-json\/wp\/v2\/product"}],"about":[{"href":"https:\/\/www.ambifuego.net\/es\/wp-json\/wp\/v2\/types\/product"}],"version-history":[{"count":0,"href":"https:\/\/www.ambifuego.net\/es\/wp-json\/wp\/v2\/product\/15111\/revisions"}],"wp:featuredmedia":[{"embeddable":true,"href":"https:\/\/www.ambifuego.net\/es\/wp-json\/wp\/v2\/media\/63135"}],"wp:attachment":[{"href":"https:\/\/www.ambifuego.net\/es\/wp-json\/wp\/v2\/media?parent=15111"}],"wp:term":[{"taxonomy":"product_brand","embeddable":true,"href":"https:\/\/www.ambifuego.net\/es\/wp-json\/wp\/v2\/product_brand?post=15111"},{"taxonomy":"product_cat","embeddable":true,"href":"https:\/\/www.ambifuego.net\/es\/wp-json\/wp\/v2\/product_cat?post=15111"},{"taxonomy":"product_tag","embeddable":true,"href":"https:\/\/www.ambifuego.net\/es\/wp-json\/wp\/v2\/product_tag?post=15111"}],"curies":[{"name":"wp","href":"https:\/\/api.w.org\/{rel}","templated":true}]}}