{"id":15087,"date":"2017-09-26T13:47:05","date_gmt":"2017-09-26T13:47:05","guid":{"rendered":"https:\/\/www.ambifuego.net\/xtempx\/web17\/?post_type=product&#038;p=15087"},"modified":"2023-10-23T14:09:28","modified_gmt":"2023-10-23T12:09:28","slug":"vidar-triple","status":"publish","type":"product","link":"https:\/\/www.ambifuego.net\/es\/producto\/vidar-triple\/","title":{"rendered":"VIDAR"},"content":{"rendered":"<p><span style=\"font-family: verdana, geneva, sans-serif;\">Estufa de le\u00f1a moderna. Dise\u00f1o actual y moderno para montar sobre el suelo, con o sin le\u00f1ero. Puede colgarse en el techo o sobre la pared. Fabricada con acero, fundici\u00f3n y materiales refractarios. Muy elegante y eficiente.<\/span><\/p>\n<ul>\n<li><span style=\"font-family: verdana, geneva, sans-serif;\">Estufa de le\u00f1a moderna a 3 lados.<\/span><\/li>\n<li><span style=\"font-family: verdana, geneva, sans-serif;\">Puede acompa\u00f1arse con le\u00f1ero, colgada en techo o montada sobre la pared.<\/span><\/li>\n<li><span style=\"font-family: verdana, geneva, sans-serif;\">Potencia: 4-9 Kw<\/span><\/li>\n<li><span style=\"font-family: verdana, geneva, sans-serif;\">Eficiencia: 88%\u00a0 \u00a0 \u00a0 \u00a0 A+<\/span><\/li>\n<li><span style=\"font-family: verdana, geneva, sans-serif;\">Peso: Vidar Triple 165 kg \/ Vidar Wall 125 kg<\/span><\/li>\n<li><span style=\"font-family: verdana, geneva, sans-serif;\">Vista de llama a 3 lados<\/span><\/li>\n<li><span style=\"font-family: verdana, geneva, sans-serif;\">Cristal vitrocer\u00e1mico refractario (Infrarrojo)<\/span><\/li>\n<li><span style=\"font-family: verdana, geneva, sans-serif;\">Montage sobre suelo o suspendida<\/span><\/li>\n<li><span style=\"font-family: verdana, geneva, sans-serif;\">Suministro aire desde exterior<\/span><\/li>\n<li><span style=\"font-family: verdana, geneva, sans-serif;\">Interior vermiculite<\/span><\/li>\n<li><span style=\"font-family: verdana, geneva, sans-serif;\">Vista de llamas a 3 lados<\/span><\/li>\n<li><span style=\"font-family: verdana, geneva, sans-serif;\">*M\u00e1s informaci\u00f3n &#8211; <a href=\"https:\/\/www.ambifuego.net\/wp-content\/uploads\/2023\/10\/22-23-dik-geurts-comp.pdf\">Cat\u00e1logo<\/a> &#8211; <\/span><\/li>\n<li><span style=\"font-family: verdana, geneva, sans-serif;\"><a href=\"https:\/\/vimeo.com\/user155862233\">Video<\/a><\/span><\/li>\n<li><a href=\"https:\/\/www.ambifuego.net\/contacto\/\"><span style=\"font-family: verdana, geneva, sans-serif;\">PVP &#8211; Disponibilidad<\/span><\/a><\/li>\n<\/ul>\n<p><img fetchpriority=\"high\" decoding=\"async\" class=\"alignnone size-full wp-image-46994\" src=\"https:\/\/www.ambifuego.net\/wp-content\/uploads\/2017\/09\/vidar_optimized.jpg\" alt=\"\" width=\"527\" height=\"300\" srcset=\"https:\/\/www.ambifuego.net\/wp-content\/uploads\/2017\/09\/vidar_optimized.jpg 527w, https:\/\/www.ambifuego.net\/wp-content\/uploads\/2017\/09\/vidar_optimized-480x273.jpg 480w, https:\/\/www.ambifuego.net\/wp-content\/uploads\/2017\/09\/vidar_optimized-474x270.jpg 474w\" sizes=\"(max-width: 527px) 100vw, 527px\" \/><\/p>\n","protected":false},"excerpt":{"rendered":"<p><img decoding=\"async\" class=\"alignnone size-full wp-image-46991\" src=\"https:\/\/www.ambifuego.net\/wp-content\/uploads\/2017\/09\/vidar-colgada_optimized.jpg\" alt=\"\" width=\"385\" height=\"320\" srcset=\"https:\/\/www.ambifuego.net\/wp-content\/uploads\/2017\/09\/vidar-colgada_optimized.jpg 385w, https:\/\/www.ambifuego.net\/wp-content\/uploads\/2017\/09\/vidar-colgada_optimized-325x270.jpg 325w\" sizes=\"(max-width: 385px) 100vw, 385px\" \/><\/p>\n","protected":false},"featured_media":46982,"template":"","meta":[],"product_brand":[],"product_cat":[265,272],"product_tag":[],"class_list":{"0":"post-15087","1":"product","2":"type-product","3":"status-publish","4":"has-post-thumbnail","6":"product_cat-chimeneas-y-estufas-de-lena","7":"product_cat-chimeneas-estufas-de-disenos","9":"first","10":"instock","11":"shipping-taxable","12":"product-type-simple"},"_links":{"self":[{"href":"https:\/\/www.ambifuego.net\/es\/wp-json\/wp\/v2\/product\/15087","targetHints":{"allow":["GET"]}}],"collection":[{"href":"https:\/\/www.ambifuego.net\/es\/wp-json\/wp\/v2\/product"}],"about":[{"href":"https:\/\/www.ambifuego.net\/es\/wp-json\/wp\/v2\/types\/product"}],"version-history":[{"count":0,"href":"https:\/\/www.ambifuego.net\/es\/wp-json\/wp\/v2\/product\/15087\/revisions"}],"wp:featuredmedia":[{"embeddable":true,"href":"https:\/\/www.ambifuego.net\/es\/wp-json\/wp\/v2\/media\/46982"}],"wp:attachment":[{"href":"https:\/\/www.ambifuego.net\/es\/wp-json\/wp\/v2\/media?parent=15087"}],"wp:term":[{"taxonomy":"product_brand","embeddable":true,"href":"https:\/\/www.ambifuego.net\/es\/wp-json\/wp\/v2\/product_brand?post=15087"},{"taxonomy":"product_cat","embeddable":true,"href":"https:\/\/www.ambifuego.net\/es\/wp-json\/wp\/v2\/product_cat?post=15087"},{"taxonomy":"product_tag","embeddable":true,"href":"https:\/\/www.ambifuego.net\/es\/wp-json\/wp\/v2\/product_tag?post=15087"}],"curies":[{"name":"wp","href":"https:\/\/api.w.org\/{rel}","templated":true}]}}