{"id":15024,"date":"2017-09-26T09:05:59","date_gmt":"2017-09-26T09:05:59","guid":{"rendered":"https:\/\/www.ambifuego.net\/xtempx\/web17\/?post_type=product&#038;p=15024"},"modified":"2023-10-23T13:25:31","modified_gmt":"2023-10-23T11:25:31","slug":"estufa-de-lena-oval","status":"publish","type":"product","link":"https:\/\/www.ambifuego.net\/es\/producto\/estufa-de-lena-oval\/","title":{"rendered":"OVAL"},"content":{"rendered":"<p style=\"text-align: justify;\"><span style=\"font-family: verdana, geneva, sans-serif;\">Estufa de le\u00f1a Oval dise\u00f1o exclusivo de forma ovalada para mayor disfrute de la visi\u00f3n del fuego como nunca antes. Modelo moderno con varias opciones; frente, t\u00fanel, fija sobre suelo con soporte o le\u00f1ero, colgada del techo,\u00a0 o sobre un banco con patas de madera.<\/span><\/p>\n<p style=\"text-align: justify;\"><span style=\"font-family: verdana, geneva, sans-serif;\">Qu\u00e9 calienta m\u00e1s una chimenea o una estufa de le\u00f1a? <\/span><\/p>\n<p style=\"text-align: justify;\"><span style=\"font-family: verdana, geneva, sans-serif;\">Teniendo en cuenta la potencia de cada uno de los dos aparatos, ser\u00eda bueno optar mejor por una estufa si se necesita calentar una estancia de gran superficie, dado que\u00a0<b>las estufas tanto de le\u00f1a como de pellets, presentan un mayor rendimiento calor\u00edfico que una chimenea<\/b>, ya sea abierta o cerrada. <\/span><span style=\"font-family: verdana, geneva, sans-serif;\">Las chimeneas de <a href=\"https:\/\/www.ambifuego.net\/articulos\/chimeneas-y-estufas-de-lena\/\">le\u00f1a<\/a>\u00a0producen calor a trav\u00e9s de la combusti\u00f3n de la <b>le\u00f1a<\/b>, por tanto, una vez encendida, lo que sucede es que la\u00a0<b>chimenea o la estufa<\/b>, a trav\u00e9s de la combusti\u00f3n de esa\u00a0<b>le\u00f1a<\/b>, calienta el aire que entra del exterior (que est\u00e1 m\u00e1s fr\u00edo) y \u00e9ste sale f\u00e1cilmente al exterior calentando el ambiente.<\/span><\/p>\n<h2><span class=\"Y2IQFc\" lang=\"es\" style=\"font-size: 14pt;\"><span style=\"font-family: verdana, geneva, sans-serif;\">Estufa de le\u00f1a Oval, A<\/span><span style=\"font-family: verdana, geneva, sans-serif;\">mbiente y la Calidez en toda la habitaci\u00f3n.<\/span><\/span><\/h2>\n<p style=\"text-align: justify;\"><span style=\"font-family: verdana, geneva, sans-serif;\">Esta b<\/span><span class=\"Y2IQFc\" lang=\"es\" style=\"font-family: verdana, geneva, sans-serif;\">ell\u00edsima estufa de le\u00f1a modelo OVAL es muy eficiente y robusta. La intensidad del fuego puede controlarse mediante la entrada del aire en cualquier de las tres posiciones posibles. El interior es de vermiculita color antracita oscuro asegurando una combusti\u00f3n \u00f3ptima y limpia. Con la opci\u00f3n de aire exterior, es una opci\u00f3n muy adecuada para viviendas con buen aislamiento.\u00a0<\/span><\/p>\n<p style=\"text-align: justify;\"><span style=\"font-family: verdana, geneva, sans-serif;\">La versi\u00f3n t\u00fanel del modelo Oval tiene dos amplias ventanas, para una m\u00e1s amplia visi\u00f3n de las llamas del fuego desde ambos lados. De hecho es una de robusta construcci\u00f3n ideal como separador de ambientes. Gracias a su cristal infrarrojo, este modelo es mucho m\u00e1s eficiente que el frontal.<\/span><\/p>\n<ul>\n<li style=\"text-align: justify;\"><span style=\"font-family: verdana, geneva, sans-serif;\">Estufas de le\u00f1a moderna de forma ovalada.<\/span><\/li>\n<li style=\"text-align: justify;\"><span style=\"font-family: verdana, geneva, sans-serif;\">Fabricada con acero.<\/span><\/li>\n<li style=\"text-align: justify;\"><span style=\"font-family: verdana, geneva, sans-serif;\">Salida de humos; superior<\/span><\/li>\n<li><span style=\"font-family: verdana, geneva, sans-serif;\">Di\u00e1metro; 15 cm<\/span><\/li>\n<li><span style=\"font-family: verdana, geneva, sans-serif;\">Color; antracita oscuro.<\/span><\/li>\n<li><span style=\"font-family: verdana, geneva, sans-serif;\">Modelos; Frente o 2 caras tipo t\u00fanel.<\/span><\/li>\n<li style=\"text-align: justify;\"><span style=\"font-family: verdana, geneva, sans-serif;\">Potencia: Oval fijo- Eficiencia; 76% &#8211; 6 &#8211; 10 Kw\u00a0 &#8211; <\/span><\/li>\n<li style=\"text-align: justify;\"><span style=\"font-family: verdana, geneva, sans-serif;\">Oval t\u00fanel -Eficiencia; 89% &#8211; 9 &#8211; 12 Kw<\/span><\/li>\n<li style=\"text-align: justify;\"><span style=\"font-family: verdana, geneva, sans-serif;\">Peso: 130 kg<\/span><\/li>\n<li style=\"text-align: justify;\"><span style=\"font-family: verdana, geneva, sans-serif;\">Suministro para combusti\u00f3n; aire desde exterior o de la estancia.<\/span><\/li>\n<li style=\"text-align: justify;\"><span style=\"font-family: verdana, geneva, sans-serif;\">Interior vermiculite color antracita oscuro<\/span><\/li>\n<li style=\"text-align: justify;\"><span style=\"font-family: verdana, geneva, sans-serif;\">Modelos: suspendida en el techo, fija, sobre soporte\u00a0 o fija sobre le\u00f1ero.<\/span><\/li>\n<li><span style=\"font-family: verdana, geneva, sans-serif;\">Puerta giratoria.<\/span><\/li>\n<li style=\"text-align: justify;\"><span style=\"font-family: verdana, geneva, sans-serif;\"><a href=\"https:\/\/www.ambifuego.net\/wp-content\/uploads\/2023\/10\/22-23-dik-geurts-comp.pdf\">Cat\u00e1logo\u00a0<\/a><\/span><\/li>\n<li><span style=\"font-family: verdana, geneva, sans-serif;\"><a href=\"https:\/\/www.ambifuego.net\/contacto\/\">PVP &#8211; Disponibilidad<\/a><\/span><\/li>\n<\/ul>\n<p><img fetchpriority=\"high\" decoding=\"async\" class=\"alignnone wp-image-63086\" src=\"https:\/\/www.ambifuego.net\/wp-content\/uploads\/2017\/09\/medidas-oval_tunnel_fixed_optimized-336x480.jpg\" alt=\"\" width=\"280\" height=\"400\" srcset=\"https:\/\/www.ambifuego.net\/wp-content\/uploads\/2017\/09\/medidas-oval_tunnel_fixed_optimized-336x480.jpg 336w, https:\/\/www.ambifuego.net\/wp-content\/uploads\/2017\/09\/medidas-oval_tunnel_fixed_optimized-189x270.jpg 189w, https:\/\/www.ambifuego.net\/wp-content\/uploads\/2017\/09\/medidas-oval_tunnel_fixed_optimized-308x439.jpg 308w, https:\/\/www.ambifuego.net\/wp-content\/uploads\/2017\/09\/medidas-oval_tunnel_fixed_optimized.jpg 464w\" sizes=\"(max-width: 280px) 100vw, 280px\" \/> <img decoding=\"async\" class=\"alignnone wp-image-63083\" src=\"https:\/\/www.ambifuego.net\/wp-content\/uploads\/2017\/09\/medidas-oval_front_legs_optimized-367x480.jpg\" alt=\"\" width=\"306\" height=\"400\" srcset=\"https:\/\/www.ambifuego.net\/wp-content\/uploads\/2017\/09\/medidas-oval_front_legs_optimized-367x480.jpg 367w, https:\/\/www.ambifuego.net\/wp-content\/uploads\/2017\/09\/medidas-oval_front_legs_optimized-206x270.jpg 206w, https:\/\/www.ambifuego.net\/wp-content\/uploads\/2017\/09\/medidas-oval_front_legs_optimized-596x780.jpg 596w, https:\/\/www.ambifuego.net\/wp-content\/uploads\/2017\/09\/medidas-oval_front_legs_optimized-336x439.jpg 336w, https:\/\/www.ambifuego.net\/wp-content\/uploads\/2017\/09\/medidas-oval_front_legs_optimized-516x675.jpg 516w, https:\/\/www.ambifuego.net\/wp-content\/uploads\/2017\/09\/medidas-oval_front_legs_optimized-378x493.jpg 378w, https:\/\/www.ambifuego.net\/wp-content\/uploads\/2017\/09\/medidas-oval_front_legs_optimized-673x880.jpg 673w, https:\/\/www.ambifuego.net\/wp-content\/uploads\/2017\/09\/medidas-oval_front_legs_optimized.jpg 697w\" sizes=\"(max-width: 306px) 100vw, 306px\" \/><\/p>\n","protected":false},"excerpt":{"rendered":"[video width=\"1620\" height=\"1080\" mp4=\"https:\/\/www.ambifuego.net\/wp-content\/uploads\/2017\/09\/oval-patas-.mp4\" autoplay=\"true\" preload=\"auto\"][\/video]\n","protected":false},"featured_media":63062,"template":"","meta":[],"product_brand":[],"product_cat":[265,272,269],"product_tag":[],"class_list":{"0":"post-15024","1":"product","2":"type-product","3":"status-publish","4":"has-post-thumbnail","6":"product_cat-chimeneas-y-estufas-de-lena","7":"product_cat-chimeneas-estufas-de-disenos","8":"product_cat-tunel-2-lados","10":"first","11":"instock","12":"shipping-taxable","13":"product-type-simple"},"_links":{"self":[{"href":"https:\/\/www.ambifuego.net\/es\/wp-json\/wp\/v2\/product\/15024","targetHints":{"allow":["GET"]}}],"collection":[{"href":"https:\/\/www.ambifuego.net\/es\/wp-json\/wp\/v2\/product"}],"about":[{"href":"https:\/\/www.ambifuego.net\/es\/wp-json\/wp\/v2\/types\/product"}],"version-history":[{"count":0,"href":"https:\/\/www.ambifuego.net\/es\/wp-json\/wp\/v2\/product\/15024\/revisions"}],"wp:featuredmedia":[{"embeddable":true,"href":"https:\/\/www.ambifuego.net\/es\/wp-json\/wp\/v2\/media\/63062"}],"wp:attachment":[{"href":"https:\/\/www.ambifuego.net\/es\/wp-json\/wp\/v2\/media?parent=15024"}],"wp:term":[{"taxonomy":"product_brand","embeddable":true,"href":"https:\/\/www.ambifuego.net\/es\/wp-json\/wp\/v2\/product_brand?post=15024"},{"taxonomy":"product_cat","embeddable":true,"href":"https:\/\/www.ambifuego.net\/es\/wp-json\/wp\/v2\/product_cat?post=15024"},{"taxonomy":"product_tag","embeddable":true,"href":"https:\/\/www.ambifuego.net\/es\/wp-json\/wp\/v2\/product_tag?post=15024"}],"curies":[{"name":"wp","href":"https:\/\/api.w.org\/{rel}","templated":true}]}}