{"id":14954,"date":"2017-09-25T20:10:03","date_gmt":"2017-09-25T20:10:03","guid":{"rendered":"https:\/\/www.ambifuego.net\/xtempx\/web17\/?post_type=product&#038;p=14954"},"modified":"2024-07-03T12:03:27","modified_gmt":"2024-07-03T10:03:27","slug":"chimenea-lena-frente-650","status":"publish","type":"product","link":"https:\/\/www.ambifuego.net\/es\/producto\/chimenea-lena-frente-650\/","title":{"rendered":"STYLE 650"},"content":{"rendered":"<p><strong><span style=\"font-family: verdana, geneva, sans-serif; font-size: 14pt;\">Chimenea de le\u00f1a frente 650<\/span><\/strong><\/p>\n<p style=\"text-align: justify;\"><span style=\"font-family: verdana, geneva, sans-serif;\">Chimenea le\u00f1a frente 650, un insertable de l\u00edneas minimalistas y muy moderna. Dise\u00f1ada para ser instalada en chimeneas existentes, chimeneas renovadas o de nueva construcci\u00f3n. Una chimenea antigua o cl\u00e1sica puede convertirse f\u00e1cilmente en moderna, respetuosa con el medio ambiente y de gran eficiencia con este insertable. Este modelo pertenece a la gama Instyle &amp; Prostyle del fabricante holand\u00e9s Dik Geuerts. La ventana de cristal es amplia, ofreciendo una gran visi\u00f3n del fuego. Adem\u00e1s est\u00e1 gama viene con los cristales serigrafiados creando un aspecto muy moderno y elegante.<\/span><\/p>\n<ul>\n<li><span style=\"font-family: verdana, geneva, sans-serif;\">Potencia: 3-9 Kw<\/span><\/li>\n<li><span style=\"font-family: verdana, geneva, sans-serif;\">Eficiencia: 80,5%<\/span><\/li>\n<li><span style=\"font-family: verdana, geneva, sans-serif;\">Clase eficiencia &#8211; A<\/span><\/li>\n<li><span style=\"font-family: verdana, geneva, sans-serif;\">Salida de humos: \u00d8180 mm<\/span><\/li>\n<li><span style=\"font-family: verdana, geneva, sans-serif;\">Peso: 132 kg<\/span><\/li>\n<li><span style=\"font-family: verdana, geneva, sans-serif;\">Suministro aire desde exterior<\/span><\/li>\n<li><span style=\"font-family: verdana, geneva, sans-serif;\">Interior vermiculite<\/span><\/li>\n<li><span style=\"font-family: verdana, geneva, sans-serif;\">Medidas; ancho x fondo x alto &#8211; 710x380x552mm<\/span><\/li>\n<li><a href=\"https:\/\/www.ambifuego.net\/wp-content\/uploads\/2023\/10\/22-23-dik-geurts-comp.pdf\"><span style=\"font-family: verdana, geneva, sans-serif;\">Cat\u00e1logo<\/span><\/a><\/li>\n<li><a href=\"https:\/\/vimeo.com\/user155862233\"><span style=\"font-family: verdana, geneva, sans-serif;\">Otras opciones<\/span><\/a><\/li>\n<li><span style=\"font-family: verdana, geneva, sans-serif;\"><a href=\"https:\/\/www.ambifuego.net\/contacto\/\">PVP &#8211; Disponibilidad<\/a><\/span><\/li>\n<\/ul>\n","protected":false},"excerpt":{"rendered":"[caption id=\"attachment_14965\" align=\"alignnone\" width=\"270\"]<img fetchpriority=\"high\" decoding=\"async\" class=\"wp-image-14965 size-full\" src=\"https:\/\/www.ambifuego.net\/wp-content\/uploads\/2017\/09\/prostyle-front-700-01-1.jpg\" alt=\" Chimenea le\u00f1a frente 750 \" width=\"270\" height=\"200\" \/> chimenea insertable de le\u00f1a frente[\/caption]\n","protected":false},"featured_media":14955,"template":"","meta":[],"product_brand":[],"product_cat":[267],"product_tag":[],"class_list":{"0":"post-14954","1":"product","2":"type-product","3":"status-publish","4":"has-post-thumbnail","6":"product_cat-casette-chimeneas-de-lena-frente","8":"first","9":"instock","10":"shipping-taxable","11":"product-type-simple"},"_links":{"self":[{"href":"https:\/\/www.ambifuego.net\/es\/wp-json\/wp\/v2\/product\/14954","targetHints":{"allow":["GET"]}}],"collection":[{"href":"https:\/\/www.ambifuego.net\/es\/wp-json\/wp\/v2\/product"}],"about":[{"href":"https:\/\/www.ambifuego.net\/es\/wp-json\/wp\/v2\/types\/product"}],"version-history":[{"count":0,"href":"https:\/\/www.ambifuego.net\/es\/wp-json\/wp\/v2\/product\/14954\/revisions"}],"wp:featuredmedia":[{"embeddable":true,"href":"https:\/\/www.ambifuego.net\/es\/wp-json\/wp\/v2\/media\/14955"}],"wp:attachment":[{"href":"https:\/\/www.ambifuego.net\/es\/wp-json\/wp\/v2\/media?parent=14954"}],"wp:term":[{"taxonomy":"product_brand","embeddable":true,"href":"https:\/\/www.ambifuego.net\/es\/wp-json\/wp\/v2\/product_brand?post=14954"},{"taxonomy":"product_cat","embeddable":true,"href":"https:\/\/www.ambifuego.net\/es\/wp-json\/wp\/v2\/product_cat?post=14954"},{"taxonomy":"product_tag","embeddable":true,"href":"https:\/\/www.ambifuego.net\/es\/wp-json\/wp\/v2\/product_tag?post=14954"}],"curies":[{"name":"wp","href":"https:\/\/api.w.org\/{rel}","templated":true}]}}