{"id":14950,"date":"2017-09-25T20:07:32","date_gmt":"2017-09-25T20:07:32","guid":{"rendered":"https:\/\/www.ambifuego.net\/xtempx\/web17\/?post_type=product&#038;p=14950"},"modified":"2025-10-23T14:12:28","modified_gmt":"2025-10-23T12:12:28","slug":"estufa-exterior-redonda-gas","status":"publish","type":"product","link":"https:\/\/www.ambifuego.net\/es\/producto\/estufa-exterior-redonda-gas\/","title":{"rendered":"ESTUFA EXTERIOR ELEGANCE &#8211; GAS"},"content":{"rendered":"<p style=\"text-align: justify;\"><span style=\"font-family: verdana, geneva, sans-serif;\">Estufa Exterior redonda gas Elegance, una estufa de exterior de dise\u00f1o que llamar\u00e1 la atenci\u00f3n all\u00ed donde se encuentre. Una estufa de exterior es, una de las mejores maneras de poder seguir disfrutando del jard\u00edn o terraza en los meses de oto\u00f1o e invierno.<\/span><\/p>\n<p style=\"text-align: justify;\"><span style=\"font-family: verdana, geneva, sans-serif;\">El funcionamiento de las estufas de gas para exterior es muy sencillo. Utilizan bombonas de butano o propano, como el resto de calefactores port\u00e1tiles de gas.<\/span><\/p>\n<p style=\"text-align: justify;\"><span style=\"font-family: verdana, geneva, sans-serif;\">Tras el montaje de la estufa, la bombona se conecta a la estufa a trav\u00e9s de la goma y un regulador. Y despu\u00e9s de abrir el gas, se enciende el calentador, normalmente mediante el mecanismo el\u00e9ctrico o mec\u00e1nico que trae incorporado. Finalmente se regula la potencia de salida mediante el regulador para alcanzar la temperatura deseada<\/span><\/p>\n<p style=\"text-align: justify;\"><span style=\"font-family: verdana, geneva, sans-serif;\">Es una de la \u00fanica con un crista cil\u00edndrico de 360\u00ba que le permite disfruta de la vista del fuego desde todos los lados. Viene con piedras volc\u00e1nicas que le dan un toque visual sofisticado. Fabricada con materiales de alta calidad, ideal para crear ambientes c\u00e1lidos en terrazas, azoteas, jardines y espacios libres al exterior.<\/span><\/p>\n<div class='yrm-content yrm-content-1 yrm-content-hide  ' id='yrm-uWHFQ' data-id='1' data-show-status='false' data-after-action='' style=\"visibility: hidden;height: 0;\">\n\t\t\t<div id='yrm-inner-content-yrm-uWHFQ' class='yrm-inner-content-wrapper yrm-cntent-1'><\/p>\n<h1><span style=\"font-family: verdana, geneva, sans-serif; font-size: 12pt;\">Estufa Exterior redonda gas f\u00e1cil de usar y transportar.<\/span><\/h1>\n<p style=\"text-align: justify;\"><span style=\"font-family: verdana, geneva, sans-serif;\">El encendido de esta estufa de exterior es electr\u00f3nico, simplemente presionar un bot\u00f3n. Igualmente est\u00e1 equipado con ruedas para facilitar el desplazamiento. Naturalmente tiene la homologaci\u00f3n CE y cuenta con la \u00faltima tecnolog\u00eda en materia de seguridad, la entrada del gas se corta cuando las llamas se apagan. Adem\u00e1s tambi\u00e9n cuenta con un sensor de seguridad que bloquea el gas cuando la estufa se inclina m\u00e1s de 45\u00ba.<\/span><\/p>\n<p style=\"text-align: justify;\"><span style=\"font-family: verdana, geneva, sans-serif;\">Naturalmente tambi\u00e9n disponemos de <a href=\"https:\/\/www.ambifuego.net\/producto\/estufa-barbacoa-jardin-portable\/\">estufas de exterior a le\u00f1a <\/a>o carb\u00f3n, tambi\u00e9n con ruedas para f\u00e1cil desplazamiento. Todo depende de sus necesidades espacios y necesidades.\u00a0<\/span><\/p>\n<ul>\n<li><span style=\"font-family: verdana, geneva, sans-serif;\"><strong>MATERIAL:<\/strong> Acero inoxidable\u00a0<\/span><\/li>\n<li><span style=\"font-family: verdana, geneva, sans-serif;\"><strong>Altura Patio<\/strong>: 1316 mm<\/span><\/li>\n<li><span style=\"font-family: verdana, geneva, sans-serif;\"><strong>Altura vidrio:<\/strong>\u00a0494 mm<\/span><\/li>\n<li><span style=\"font-family: verdana, geneva, sans-serif;\"><strong>\u00d8<\/strong>: 400 mm<\/span><\/li>\n<li><span style=\"font-family: verdana, geneva, sans-serif;\"><strong>Peso:<\/strong>\u00a027,4 kg<\/span><\/li>\n<li><span style=\"font-family: verdana, geneva, sans-serif;\">Dise\u00f1o elegante<\/span><\/li>\n<li><span style=\"font-family: verdana, geneva, sans-serif;\">Ruedas de alta calidad<\/span><\/li>\n<li><span style=\"font-family: verdana, geneva, sans-serif;\">Ignici\u00f3n electr\u00f3nica<\/span><\/li>\n<li><span style=\"font-family: verdana, geneva, sans-serif;\">Recubrimiento en polvo resistente a la intemperie<\/span><\/li>\n<li><span style=\"font-family: verdana, geneva, sans-serif;\">Potencia calor\u00edfica m\u00e1xima 8,7 kW<\/span><\/li>\n<li><span style=\"font-family: verdana, geneva, sans-serif;\">Hasta 32 horas (botella 11kg)<\/span><\/li>\n<li><span style=\"font-family: verdana, geneva, sans-serif;\">360 \u00b0 de vista a la llama<\/span><\/li>\n<li><span style=\"font-family: verdana, geneva, sans-serif;\">Piedras volc\u00e1nicas<\/span><\/li>\n<li><span style=\"font-family: verdana, geneva, sans-serif;\">F\u00e1cil de mover<\/span><\/li>\n<li><span style=\"font-family: verdana, geneva, sans-serif;\">Homologado CE<\/span><\/li>\n<li><span style=\"font-family: verdana, geneva, sans-serif;\">Color; Negro<\/span><\/li>\n<li><span style=\"font-family: verdana, geneva, sans-serif;\">Cristal; Vitrocer\u00e1micas<\/span><\/li>\n<li><span style=\"font-family: verdana, geneva, sans-serif;\">Otros <a href=\"https:\/\/vimeo.com\/ambifuego\" target=\"_blank\" rel=\"noopener\">productos<\/a><\/span><\/li>\n<\/ul>\n<p><\/div>\n\t\t<\/div><div class='yrm-btn-wrapper yrm-btn-wrapper-1 yrm-more-button-wrapper  '\n\t\tdata-custom-more-class-name='' data-custom-less-class-name=''><span title='' data-less-title='' data-more-title='' class='yrm-toggle-expand  yrm-toggle-expand-1 ' data-rel='yrm-uWHFQ' data-more='M\u00e1s detalles ' data-less='Ver menos'><span class='yrm-text-wrapper yrm-text-wrapper-custom-dimensions'><span class=\"yrm-button-text-1 yrm-button-text-span\">M\u00e1s detalles <\/span><\/span><\/span><\/div>\n<p>&nbsp;<\/p>\n","protected":false},"excerpt":{"rendered":"[video width=\"220\" height=\"180\" mp4=\"https:\/\/www.ambifuego.net\/wp-content\/uploads\/2017\/09\/2-rotado-drcha-elegance-online-video-cutter.com_.mp4\" loop=\"true\" autoplay=\"true\"][\/video]\n","protected":false},"featured_media":79930,"template":"","meta":[],"product_brand":[],"product_cat":[282],"product_tag":[],"class_list":{"0":"post-14950","1":"product","2":"type-product","3":"status-publish","4":"has-post-thumbnail","6":"product_cat-fire-pits-estufas-fuegos-jardin-terrazas-exteriores-farolas","8":"first","9":"instock","10":"shipping-taxable","11":"product-type-simple"},"_links":{"self":[{"href":"https:\/\/www.ambifuego.net\/es\/wp-json\/wp\/v2\/product\/14950","targetHints":{"allow":["GET"]}}],"collection":[{"href":"https:\/\/www.ambifuego.net\/es\/wp-json\/wp\/v2\/product"}],"about":[{"href":"https:\/\/www.ambifuego.net\/es\/wp-json\/wp\/v2\/types\/product"}],"version-history":[{"count":0,"href":"https:\/\/www.ambifuego.net\/es\/wp-json\/wp\/v2\/product\/14950\/revisions"}],"wp:featuredmedia":[{"embeddable":true,"href":"https:\/\/www.ambifuego.net\/es\/wp-json\/wp\/v2\/media\/79930"}],"wp:attachment":[{"href":"https:\/\/www.ambifuego.net\/es\/wp-json\/wp\/v2\/media?parent=14950"}],"wp:term":[{"taxonomy":"product_brand","embeddable":true,"href":"https:\/\/www.ambifuego.net\/es\/wp-json\/wp\/v2\/product_brand?post=14950"},{"taxonomy":"product_cat","embeddable":true,"href":"https:\/\/www.ambifuego.net\/es\/wp-json\/wp\/v2\/product_cat?post=14950"},{"taxonomy":"product_tag","embeddable":true,"href":"https:\/\/www.ambifuego.net\/es\/wp-json\/wp\/v2\/product_tag?post=14950"}],"curies":[{"name":"wp","href":"https:\/\/api.w.org\/{rel}","templated":true}]}}