{"id":14948,"date":"2017-09-25T20:06:28","date_gmt":"2017-09-25T20:06:28","guid":{"rendered":"https:\/\/www.ambifuego.net\/xtempx\/web17\/?post_type=product&#038;p=14948"},"modified":"2023-10-23T15:25:13","modified_gmt":"2023-10-23T13:25:13","slug":"insertable-lena-frente-58cm-style-550","status":"publish","type":"product","link":"https:\/\/www.ambifuego.net\/es\/producto\/insertable-lena-frente-58cm-style-550\/","title":{"rendered":"STYLE 550"},"content":{"rendered":"<p style=\"text-align: justify;\"><span style=\"font-size: 14pt;\"><strong><span style=\"font-family: verdana, geneva, sans-serif;\">Insertable le\u00f1a frente 58cm<\/span><\/strong><\/span><\/p>\n<p style=\"text-align: justify;\"><span style=\"font-size: 12pt; font-family: verdana, geneva, sans-serif;\">Chimenea insertable o chimenea cassette<\/span><\/p>\n<p style=\"text-align: justify;\"><span style=\"font-family: verdana, geneva, sans-serif;\">Seguramente ya sabr\u00e1 que una chimenea cerrada es una opci\u00f3n mucho m\u00e1s eficiente que calentar con una chimenea abierta y tradicional. Aun as\u00ed, le explicaremos por qu\u00e9 elegir un modelo insertable es una buena elecci\u00f3n. Ciertamente con un insertable de <em>le\u00f1a siempre podr\u00e1<\/em>\u00a0 disfrutar del espect\u00e1culo del fuego y sacar el mayor rendimiento a su <em>chimenea.<\/em><\/span><\/p>\n<p style=\"text-align: justify;\"><span style=\"font-family: verdana, geneva, sans-serif;\">La chimeneas insertables destacan por <strong>su est\u00e9tica<\/strong>. Enmarcada con el tipo de marco que elijas y protegida por un cristal panor\u00e1mico, esta chimenea est\u00e1 pensada para adaptarse a cualquier ambiente. La opci\u00f3n de poder\u00a0<strong>elegir el tama\u00f1o de la chimenea insertable para integrarse totalmente<\/strong> en el hueco de la chimenea abierta. Con su\u00a0<strong>sistema de ventilaci\u00f3n integrado<\/strong> distribuye m\u00e1s eficientemente el calor en la habitaci\u00f3n. En t\u00e9rmino medio una chimenea abierta tiene muy poca eficiencia, mientras que los casettes insertables ofrecen rendimientos de hasta el 85%. <\/span><\/p>\n<h2 style=\"text-align: justify;\"><span style=\"font-family: verdana, geneva, sans-serif; font-size: 14pt;\">Los <b>insertables de le\u00f1a<\/b> <\/span><\/h2>\n<p style=\"text-align: justify;\"><span style=\"font-family: verdana, geneva, sans-serif;\">Son de hecho casettes &#8211; hogares que se dise\u00f1an para empotrarse en todas la chimeneas abiertas existentes o de nueva construcci\u00f3n. Existen actualmente, gran cantidad de modelos y tama\u00f1os, y, por esta diversidad, los<strong> insertables <\/strong>pueden adecuarse a cualquier ambiente, bien cl\u00e1sico o si lo desea m\u00e1s moderno.<\/span><\/p>\n<div id=\"exacc_k2PpYcSsL63lgwfbqoyYDA4\" class=\"MBtdbb\" style=\"text-align: justify;\" data-ved=\"2ahUKEwiEwrbdt8D1AhWt8uAKHVsVA8MQ7NUEegQIIBAD\">\n<div class=\"ymu2Hb\">\n<div id=\"_k2PpYcSsL63lgwfbqoyYDA32\" class=\"t0bRye r2fjmd\" data-hveid=\"CCAQBA\" data-ved=\"2ahUKEwiEwrbdt8D1AhWt8uAKHVsVA8MQu04oAHoECCAQBA\">\n<div id=\"WEB_ANSWERS_RESULT_6_k2PpYcSsL63lgwfbqoyYDA__15\">\n<div class=\"wDYxhc\" data-md=\"61\">\n<div class=\"LGOjhe\" role=\"heading\" data-attrid=\"wa:\/description\" aria-level=\"3\" data-hveid=\"CBkQAA\"><span class=\"ILfuVd\"><span class=\"hgKElc\"><span style=\"font-family: verdana, geneva, sans-serif;\">El modelo que presentamos, Insertable le\u00f1a frente 58cm de ancho, medida con marco incluido es un<\/span> modelo q<span style=\"font-family: verdana, geneva, sans-serif;\">ue tiene como caracter\u00edsticas sus reducidas medidas de ancho. Adem\u00e1s tiene la opci\u00f3n de elegir el tipo de marco que m\u00e1s le guste, tradicional o minimalista. Ahora, puede crear su zona de confort con esta chimenea insertable de reducido tama\u00f1o sin perder mucho espacio en el sal\u00f3n o habitaci\u00f3n.\u00a0<\/span><\/span><\/span><\/div>\n<\/div>\n<\/div>\n<\/div>\n<\/div>\n<\/div>\n<ul>\n<li style=\"text-align: justify;\"><span style=\"font-family: verdana, geneva, sans-serif;\">Potencia: 3-7 Kw<\/span><\/li>\n<li style=\"text-align: justify;\"><span style=\"font-family: verdana, geneva, sans-serif;\">Eficiencia: 81%\u00a0 \u00a0 \u00a0 \u00a0 A+<\/span><\/li>\n<li style=\"text-align: justify;\"><span style=\"font-family: verdana, geneva, sans-serif;\">Salida de humos: \u00d8150 mm<\/span><\/li>\n<li><span style=\"font-family: verdana, geneva, sans-serif;\">Peso: 94 kg<\/span><\/li>\n<li><span style=\"font-family: verdana, geneva, sans-serif;\">Suministro aire desde exterior<\/span><\/li>\n<li><span style=\"font-family: verdana, geneva, sans-serif;\">Interior vermiculite<\/span><\/li>\n<li><span style=\"font-family: verdana, geneva, sans-serif;\">Medidas interiores 527x 560x 350<\/span><\/li>\n<li><span style=\"font-family: verdana, geneva, sans-serif;\">Medidas totales (exteriores con marco) 58,7 x 617 x 560 mm<\/span><\/li>\n<li><span style=\"font-family: verdana, geneva, sans-serif;\"><a href=\"https:\/\/vimeo.com\/user155862233\">M\u00e1s opciones<\/a>\u00a0<\/span><\/li>\n<li><span style=\"font-family: verdana, geneva, sans-serif;\"><a href=\"https:\/\/www.ambifuego.net\/wp-content\/uploads\/2023\/10\/22-23-dik-geurts-comp.pdf\">Cat\u00e1logo<\/a> &#8211;<\/span><\/li>\n<li><a href=\"https:\/\/www.ambifuego.net\/contacto\/\"><span style=\"font-family: verdana, geneva, sans-serif;\">PVP &#8211; Disponibilidad<\/span><\/a><\/li>\n<\/ul>\n","protected":false},"excerpt":{"rendered":"<p><img fetchpriority=\"high\" decoding=\"async\" class=\"wp-image-48916 size-medium\" src=\"https:\/\/www.ambifuego.net\/wp-content\/uploads\/2017\/09\/instyle-550_optimized1-480x363.jpg\" alt=\"insertable le\u00f1a frente 58cm\" width=\"480\" height=\"363\" \/><\/p>\n<p>Insertable le\u00f1a frente 58cm<\/p>\n<p>&nbsp;<\/p>\n<p>&nbsp;<\/p>\n","protected":false},"featured_media":48921,"template":"","meta":[],"product_brand":[],"product_cat":[267],"product_tag":[],"class_list":{"0":"post-14948","1":"product","2":"type-product","3":"status-publish","4":"has-post-thumbnail","6":"product_cat-casette-chimeneas-de-lena-frente","8":"first","9":"instock","10":"shipping-taxable","11":"product-type-simple"},"_links":{"self":[{"href":"https:\/\/www.ambifuego.net\/es\/wp-json\/wp\/v2\/product\/14948","targetHints":{"allow":["GET"]}}],"collection":[{"href":"https:\/\/www.ambifuego.net\/es\/wp-json\/wp\/v2\/product"}],"about":[{"href":"https:\/\/www.ambifuego.net\/es\/wp-json\/wp\/v2\/types\/product"}],"version-history":[{"count":0,"href":"https:\/\/www.ambifuego.net\/es\/wp-json\/wp\/v2\/product\/14948\/revisions"}],"wp:featuredmedia":[{"embeddable":true,"href":"https:\/\/www.ambifuego.net\/es\/wp-json\/wp\/v2\/media\/48921"}],"wp:attachment":[{"href":"https:\/\/www.ambifuego.net\/es\/wp-json\/wp\/v2\/media?parent=14948"}],"wp:term":[{"taxonomy":"product_brand","embeddable":true,"href":"https:\/\/www.ambifuego.net\/es\/wp-json\/wp\/v2\/product_brand?post=14948"},{"taxonomy":"product_cat","embeddable":true,"href":"https:\/\/www.ambifuego.net\/es\/wp-json\/wp\/v2\/product_cat?post=14948"},{"taxonomy":"product_tag","embeddable":true,"href":"https:\/\/www.ambifuego.net\/es\/wp-json\/wp\/v2\/product_tag?post=14948"}],"curies":[{"name":"wp","href":"https:\/\/api.w.org\/{rel}","templated":true}]}}