{"id":14859,"date":"2017-09-25T17:38:14","date_gmt":"2017-09-25T17:38:14","guid":{"rendered":"https:\/\/www.ambifuego.net\/xtempx\/web17\/?post_type=product&#038;p=14859"},"modified":"2025-05-30T14:35:11","modified_gmt":"2025-05-30T12:35:11","slug":"fabricante-insertables-electricos-distribuidor","status":"publish","type":"product","link":"https:\/\/www.ambifuego.net\/es\/producto\/fabricante-insertables-electricos-distribuidor\/","title":{"rendered":"FRENTE &#8211; 1500"},"content":{"rendered":"<p style=\"text-align: justify;\"><span style=\"font-family: verdana, geneva, sans-serif;\">Fabricante de insertables electricos y distribuidor exclusivo de la marca Evonic Fires. De hecho, este es un fabricante galardonado y reconocido en Europa siempre a la vanguardia de la tecnolog\u00eda.<\/span><\/p>\n<p style=\"text-align: justify;\"><span style=\"font-family: verdana, geneva, sans-serif;\">La chimenea el\u00e9ctrica 1500 gf es un insertable frontal aunque tambi\u00e9n puede conseguirlo para esquina o a 3 lados. El modelo\u00a0 incorpora un sistema de iluminaci\u00f3n llamado evoflame para una llama rica y profunda. Este galardonado efecto LED y est\u00e1 integrado en la mayor\u00eda de las <b>chimeneas<\/b>.\u00a0<\/span><\/p>\n<p style=\"text-align: justify;\"><span style=\"font-family: verdana, geneva, sans-serif;\"><span style=\"font-size: 12pt;\">Estas chimeneas poseen grandes <\/span><span style=\"font-size: 12pt;\">cristales y por lo tanto ofrece una gran visi\u00f3n del fuego y los le\u00f1os decorativos. El efecto del fuego se logra mediante bombillas Leds y asimismo se controla con la <\/span><span style=\"font-size: 12pt;\">App del fabricante.<\/span><\/span><\/p>\n<p style=\"text-align: justify;\"><span style=\"font-family: verdana, geneva, sans-serif;\">Las chimeneas con la tecnolog\u00eda evoflame tambi\u00e9n tienen un cristal <strong>Schott conturan Magic,<\/strong>\u00a0que reduce los reflejos de la superficie \u00f3pticamente hasta en un 90%, haciendo que el vidrio parezca invisible.<\/span><\/p>\n<h2 style=\"text-align: justify;\"><span style=\"font-size: 12pt;\"><span style=\"font-family: verdana, geneva, sans-serif;\">Fabricante de insertables el\u00e9ctricos distribuidor de la c<\/span><span style=\"font-family: verdana, geneva, sans-serif;\">himenea Insertable El\u00e9ctrica 1500, es sobre todo un producto de bajo consumo.<\/span><\/span><\/h2>\n<p style=\"text-align: justify;\"><span style=\"font-family: verdana, geneva, sans-serif;\">El efecto evoflame de hecho, produce la impresi\u00f3n de una imagen del fuego rica y profunda. Adem\u00e1s, se imitan con efectos luminosos brasas calientes todo ello gracias a bombillas Leds que pueden funcionar hasta 50.000 horas.<\/span><\/p>\n<p style=\"text-align: justify;\"><span style=\"font-family: verdana, geneva, sans-serif;\"> Tambi\u00e9n incorpora un efecto de parpadeo \u00fanico que agrega gran realismo y movimiento en la cama de combustible. <\/span><strong style=\"text-align: justify; font-family: verdana, geneva, sans-serif;\">El sistema e-touch\u00ae<\/strong><span style=\"text-align: justify; font-family: verdana, geneva, sans-serif;\"> permite ciertamente un completo control de cualquier producto de esta gama. El sistema de control es una unidad de pantalla t\u00e1ctil basada en bluetooth recargable, totalmente port\u00e1til. Igualmente puede regular su chimenea a trav\u00e9s de su tel\u00e9fono con la App del fabricante.<\/span><\/p>\n<p style=\"text-align: justify;\"><span style=\"font-family: verdana, geneva, sans-serif;\">Estas bell\u00edsimas chimeneas pueden adquirirse en Ambifuego, Fabricante insertables el\u00e9ctricos distribuidor.<\/span><\/p>\n<ul>\n<li><span style=\"font-family: verdana, geneva, sans-serif;\">Modelo frontal de 1500mm de ancho<\/span><\/li>\n<li><span style=\"font-family: verdana, geneva, sans-serif;\">Chimenea el\u00e9ctrica disponible con 1 &#8211; 2 o 3 lados<\/span><\/li>\n<li><span style=\"font-family: verdana, geneva, sans-serif;\">Cristal anti-reflejos<\/span><\/li>\n<li><span id=\"result_box\" class=\"\" lang=\"es\" style=\"font-family: verdana, geneva, sans-serif;\"><span class=\"\">Vista de llamas &#8211; Frente &#8211;<\/span><\/span><\/li>\n<li><span style=\"font-family: verdana, geneva, sans-serif;\">Gran realismo b<span id=\"result_box\" class=\"\" lang=\"es\"><span class=\"\">ombillas LED, bajo consumo<\/span><br \/>\n<\/span><\/span><\/li>\n<li><span style=\"font-family: verdana, geneva, sans-serif;\">Totalmente acristalada<\/span><\/li>\n<li><span style=\"font-family: verdana, geneva, sans-serif;\">Amplia visi\u00f3n del fuego<\/span><\/li>\n<li><span style=\"font-family: verdana, geneva, sans-serif;\"><strong>Le\u00f1os cer\u00e1mico -Gran Calidad &#8211; Piedras<\/strong><\/span><\/li>\n<li><span id=\"result_box\" class=\"\" lang=\"es\" style=\"font-family: verdana, geneva, sans-serif;\"><span class=\"\">Potencia; calefactor 750 &#8211; 1500 W<\/span><br \/>\n<\/span><\/li>\n<li><span id=\"result_box\" class=\"\" lang=\"es\" style=\"font-family: verdana, geneva, sans-serif;\">Control; App-Tel\u00e9fono &#8211; Mando (Disponible en breve)<br \/>\n<\/span><\/li>\n<li><span style=\"font-family: verdana, geneva, sans-serif;\"><span id=\"result_box\" class=\"\" lang=\"es\">Efecto de llamas abundantes y profundos con efecto de ceniza caliente<\/span><span id=\"result_box\" class=\"\" lang=\"es\"><br \/>\n<\/span><\/span><\/li>\n<li><span style=\"font-family: verdana, geneva, sans-serif;\">Opci\u00f3n Nitra-Flame &#8211; Llamas de colores.<\/span><\/li>\n<li><span style=\"font-family: verdana, geneva, sans-serif;\"><strong>Dise\u00f1os galardonados<\/strong><\/span><\/li>\n<li><span style=\"font-family: verdana, geneva, sans-serif;\">*Para m\u00e1s informaci\u00f3n &#8211; <\/span><\/li>\n<li><span style=\"font-family: verdana, geneva, sans-serif;\"><a href=\"https:\/\/www.ambifuego.net\/wp-content\/uploads\/2021\/05\/EVONIC-2021.pdf\" target=\"_blank\" rel=\"noopener\">Cat\u00e1logo<\/a>\u00a0<\/span><\/li>\n<li><a href=\"https:\/\/vimeo.com\/ambifuego\" target=\"_blank\" rel=\"noopener\"><span style=\"font-family: verdana, geneva, sans-serif;\">Videos<\/span><\/a><\/li>\n<\/ul>\n<p>&nbsp;<\/p>\n<p><img fetchpriority=\"high\" decoding=\"async\" class=\"alignnone wp-image-39971\" src=\"https:\/\/www.ambifuego.net\/wp-content\/uploads\/2017\/09\/1500gf-closed.jpg\" alt=\"\" width=\"339\" height=\"228\" \/><span style=\"font-family: 'times new roman', times, serif;\"><span style=\"font-size: 14pt;\">\u00a01500 &#8211; Frente<\/span><\/span><\/p>\n","protected":false},"excerpt":{"rendered":"[caption id=\"attachment_51094\" align=\"alignnone\" width=\"380\"]<img decoding=\"async\" class=\"size-full wp-image-51094\" src=\"https:\/\/www.ambifuego.net\/wp-content\/uploads\/2017\/09\/1500gf3-3lados_optimized.jpg\" alt=\"Distribuidor chimeneas evonic fires -1500 chimenea panoramica electrica\" width=\"380\" height=\"316\" \/> 1500 chimenea[\/caption]\n","protected":false},"featured_media":74422,"template":"","meta":[],"product_brand":[],"product_cat":[259,260],"product_tag":[],"class_list":{"0":"post-14859","1":"product","2":"type-product","3":"status-publish","4":"has-post-thumbnail","6":"product_cat-chimeneas-electricas-decorativas-modernas-calefactor","7":"product_cat-electricas-panoramicas","9":"first","10":"instock","11":"shipping-taxable","12":"product-type-simple"},"_links":{"self":[{"href":"https:\/\/www.ambifuego.net\/es\/wp-json\/wp\/v2\/product\/14859","targetHints":{"allow":["GET"]}}],"collection":[{"href":"https:\/\/www.ambifuego.net\/es\/wp-json\/wp\/v2\/product"}],"about":[{"href":"https:\/\/www.ambifuego.net\/es\/wp-json\/wp\/v2\/types\/product"}],"version-history":[{"count":0,"href":"https:\/\/www.ambifuego.net\/es\/wp-json\/wp\/v2\/product\/14859\/revisions"}],"wp:featuredmedia":[{"embeddable":true,"href":"https:\/\/www.ambifuego.net\/es\/wp-json\/wp\/v2\/media\/74422"}],"wp:attachment":[{"href":"https:\/\/www.ambifuego.net\/es\/wp-json\/wp\/v2\/media?parent=14859"}],"wp:term":[{"taxonomy":"product_brand","embeddable":true,"href":"https:\/\/www.ambifuego.net\/es\/wp-json\/wp\/v2\/product_brand?post=14859"},{"taxonomy":"product_cat","embeddable":true,"href":"https:\/\/www.ambifuego.net\/es\/wp-json\/wp\/v2\/product_cat?post=14859"},{"taxonomy":"product_tag","embeddable":true,"href":"https:\/\/www.ambifuego.net\/es\/wp-json\/wp\/v2\/product_tag?post=14859"}],"curies":[{"name":"wp","href":"https:\/\/api.w.org\/{rel}","templated":true}]}}