{"id":14809,"date":"2017-09-24T20:15:20","date_gmt":"2017-09-24T20:15:20","guid":{"rendered":"https:\/\/www.ambifuego.net\/xtempx\/web17\/?post_type=product&#038;p=14809"},"modified":"2023-10-16T16:28:55","modified_gmt":"2023-10-16T14:28:55","slug":"kayden","status":"publish","type":"product","link":"https:\/\/www.ambifuego.net\/es\/producto\/kayden\/","title":{"rendered":"KAYDEN 1300 &#8211; 900"},"content":{"rendered":"<ul>\n<li><span style=\"font-family: verdana, geneva, sans-serif;\">Montaje f\u00e1cil sobre el suelo junto a una pared<\/span><\/li>\n<li><span style=\"font-family: verdana, geneva, sans-serif;\">Efecto de llama le\u00f1os<\/span><\/li>\n<li><span style=\"font-family: verdana, geneva, sans-serif;\">Control termost\u00e1tico calefactor 750w &#8211; 1500w<\/span><\/li>\n<li><span style=\"font-family: verdana, geneva, sans-serif;\">Efecto OmniGlide 2 posiciones del cristal frontal para mayor efecto de las llamas<\/span><\/li>\n<li><span style=\"font-family: verdana, geneva, sans-serif;\">Opci\u00f3n Dimmer (Control de luminosidad)<\/span><\/li>\n<li><span style=\"font-family: verdana, geneva, sans-serif;\">Opci\u00f3n de efectos multicolores \/Radia &amp; Nitra<\/span><\/li>\n<li><span style=\"font-family: verdana, geneva, sans-serif;\">Acabado texturado o liso<\/span><\/li>\n<li><span style=\"font-family: verdana, geneva, sans-serif;\">Control del aparato mediante App-Telef\u00f3n<\/span><\/li>\n<li><span style=\"font-family: verdana, geneva, sans-serif;\">Colores; Blanco marfil &#8211; Blanco \u00e1rtico &#8211; Gris pastel<\/span><\/li>\n<li><span style=\"font-family: verdana, geneva, sans-serif;\">Mod- 1300: Alto 1300 &#8211; Ancho 2000 &#8211; Fondo 350<\/span><\/li>\n<li><span style=\"font-family: verdana, geneva, sans-serif;\">Mod-\u00a0 900: Alto\u00a0 \u00a0900 &#8211; Ancho 1595\u00a0 &#8211;\u00a0 Fondo 350<\/span><\/li>\n<li><span style=\"font-family: verdana, geneva, sans-serif;\">*Para m\u00e1s informaci\u00f3n descargar &#8211; Cat\u00e1logo &#8211;<\/span><\/li>\n<\/ul>\n","protected":false},"excerpt":{"rendered":"<p><img fetchpriority=\"high\" decoding=\"async\" class=\"alignnone size-full wp-image-36477\" src=\"https:\/\/www.ambifuego.net\/wp-content\/uploads\/2017\/09\/kayden3-1.jpg\" alt=\"\" width=\"460\" height=\"350\" \/><\/p>\n","protected":false},"featured_media":36471,"template":"","meta":[],"product_brand":[],"product_cat":[264],"product_tag":[],"class_list":{"0":"post-14809","1":"product","2":"type-product","3":"status-publish","4":"has-post-thumbnail","6":"product_cat-chimeneas-electricas-conjuntos-suite","8":"first","9":"instock","10":"shipping-taxable","11":"product-type-simple"},"_links":{"self":[{"href":"https:\/\/www.ambifuego.net\/es\/wp-json\/wp\/v2\/product\/14809","targetHints":{"allow":["GET"]}}],"collection":[{"href":"https:\/\/www.ambifuego.net\/es\/wp-json\/wp\/v2\/product"}],"about":[{"href":"https:\/\/www.ambifuego.net\/es\/wp-json\/wp\/v2\/types\/product"}],"version-history":[{"count":0,"href":"https:\/\/www.ambifuego.net\/es\/wp-json\/wp\/v2\/product\/14809\/revisions"}],"wp:featuredmedia":[{"embeddable":true,"href":"https:\/\/www.ambifuego.net\/es\/wp-json\/wp\/v2\/media\/36471"}],"wp:attachment":[{"href":"https:\/\/www.ambifuego.net\/es\/wp-json\/wp\/v2\/media?parent=14809"}],"wp:term":[{"taxonomy":"product_brand","embeddable":true,"href":"https:\/\/www.ambifuego.net\/es\/wp-json\/wp\/v2\/product_brand?post=14809"},{"taxonomy":"product_cat","embeddable":true,"href":"https:\/\/www.ambifuego.net\/es\/wp-json\/wp\/v2\/product_cat?post=14809"},{"taxonomy":"product_tag","embeddable":true,"href":"https:\/\/www.ambifuego.net\/es\/wp-json\/wp\/v2\/product_tag?post=14809"}],"curies":[{"name":"wp","href":"https:\/\/api.w.org\/{rel}","templated":true}]}}