{"id":14754,"date":"2017-09-24T19:48:45","date_gmt":"2017-09-24T19:48:45","guid":{"rendered":"https:\/\/www.ambifuego.net\/xtempx\/web17\/?post_type=product&#038;p=14754"},"modified":"2023-11-17T13:05:03","modified_gmt":"2023-11-17T12:05:03","slug":"chimenea-electrica-frente-omniglide","status":"publish","type":"product","link":"https:\/\/www.ambifuego.net\/es\/producto\/chimenea-electrica-frente-omniglide\/","title":{"rendered":"OMNIGLIDE 900"},"content":{"rendered":"<p style=\"text-align: justify;\"><span style=\"font-size: 14pt;\"><span style=\"font-family: verdana, geneva, sans-serif;\">Chimenea el\u00e9ctrica frente colgada o mural con gran vista del fuego, muy elegante.<\/span><\/span><\/p>\n<h2 style=\"text-align: justify;\"><span style=\"font-size: 14pt; font-family: verdana, geneva, sans-serif;\"><em>Modelo el\u00e9ctrico colgado o tambi\u00e9n para empotrar o encastrar &#8211;\u00a0 Omniglide 900<\/em><\/span><\/h2>\n<p style=\"text-align: justify;\"><span style=\"font-family: verdana, geneva, sans-serif;\">Muchas veces tenemos la necesidad de decorar y calentar un poco una habitaci\u00f3n o espacio. Para quien no quiere hacer obras, tenemos una soluci\u00f3n colocar una chimenea el\u00e9ctrica.<\/span><\/p>\n<p style=\"text-align: justify;\"><span style=\"font-family: verdana, geneva, sans-serif;\">Este tipo de aparatos no son ninguna novedad, hace a\u00f1os que existen insertables el\u00e9ctricos para encajar\u00a0 en huecos de chimeneas existentes o simplemente modelos para colgar.\u00a0 De hecho,\u00a0 se simula muy bien el fuego y de igual forma imitan una chimenea tradicional. Adem\u00e1s, al mismo tiempo tienen incorporado un peque\u00f1o calefactor en la parte baja del aparato. La tecnolog\u00eda de hoy en d\u00eda,\u00a0 permite fabricar aparatos tan finos que no necesitan encastrarse en ning\u00fan hueco. Por lo tanto, pueden montarse sobre la pared y con un punto de luz cercano para el enchufe.<\/span><\/p>\n<p style=\"text-align: justify;\"><span style=\"font-family: verdana, geneva, sans-serif;\">Seguramente, las chimeneas m\u00e1s innovadora son las que son entre un h\u00edbrido entre pantalla de televisi\u00f3n y chimenea. Por lo tanto, gracias a al poco peso y ancho del frente se montan o encastran pueden montarse sobre una pared. Ciertamente estas pantallas reproducen un fuego tradicional casi como si fuera real.\u00a0 Claro est\u00e1, podemos escoger entre distintas intensidades de la llama y colores.<\/span><\/p>\n<p style=\"text-align: justify;\"><span style=\"font-family: verdana, geneva, sans-serif;\">El modelo que presentamos Omniglide es chimenea el\u00e9ctrica colgada, empotrada o encastrada con efecto de llamas panor\u00e1mico para un mayor impacto \u00f3ptico y con mando multifuncional con doble \u201cDimmer\u201d para regular la intensidad de las llamas.<\/span><\/p>\n<ul>\n<li>\n<h2 style=\"text-align: justify;\"><span style=\"font-size: 12pt; font-family: verdana, geneva, sans-serif;\">Chimenea el\u00e9ctrica frente colgada &#8211; <a href=\"https:\/\/flameritefires.com\/en\/product-category\/fires\/fire-fitting\/built-in-wall-mounted-fires\/\" target=\"_blank\" rel=\"noopener\">Modelo Omniglide<\/a><\/span><\/h2>\n<\/li>\n<li><span style=\"font-family: verdana, geneva, sans-serif;\">FABRICADO EN EUROPA<\/span><\/li>\n<li><span id=\"result_box\" class=\"\" lang=\"es\" style=\"font-family: verdana, geneva, sans-serif;\"><span class=\"\">Instalaci\u00f3n f\u00e1cil, montada en la pared igual que un televisor<\/span><\/span><\/li>\n<li><span style=\"font-family: verdana, geneva, sans-serif;\">Equipada con vidrio frontal m\u00f3vil, es decir, duplica los efectos opticos de las llamas<\/span><\/li>\n<li><span style=\"font-family: verdana, geneva, sans-serif;\">Efecto llama panor\u00e1mico, por lo tanto mayor impacto \u00f3ptico<\/span><\/li>\n<li><span id=\"result_box\" class=\"\" lang=\"es\" style=\"font-family: verdana, geneva, sans-serif;\">Efecto llama sin calor mediante LED bajo consumo<br \/>\n<\/span><\/li>\n<li><span style=\"font-family: verdana, geneva, sans-serif;\">Opci\u00f3n de llamas multicolores \/ Radia &amp; Nitra<\/span><\/li>\n<li><span id=\"result_box\" class=\"\" lang=\"es\" style=\"font-family: verdana, geneva, sans-serif;\">Con calefactor dos posiciones 750 W \/ 1500W<br \/>\n<\/span><\/li>\n<li><span style=\"font-family: verdana, geneva, sans-serif;\"><span id=\"result_box\" class=\"\" lang=\"es\">Panel de control manual &#8211; App Tel\u00e9fono<\/span><span id=\"result_box\" class=\"\" lang=\"es\"><br \/>\n<\/span><\/span><\/li>\n<li><span style=\"font-family: verdana, geneva, sans-serif;\">Marco negro o en cambio plata<\/span><\/li>\n<li><span style=\"font-family: verdana, geneva, sans-serif;\"><a href=\"https:\/\/www.ambifuego.net\/wp-content\/uploads\/2020\/11\/20-21-Flamerite-catalogo-27-11-20.pdf\" target=\"_blank\" rel=\"noopener\">Cat\u00e1logo<\/a><\/span><\/li>\n<li><span style=\"font-family: verdana, geneva, sans-serif;\">Efecto de troncos Cinderwood<\/span><\/li>\n<li><span style=\"font-family: verdana, geneva, sans-serif;\">Opcional accesorio para colgar en la pared . Otra opci\u00f3n ser\u00eda con un adaptador para reducir el hueco necesario si se quiere insertar en la pared.<\/span><\/li>\n<li><span style=\"font-family: verdana, geneva, sans-serif;\">Puede controlar el color de las llamas &#8211; Radia Flame 3D color amarillo mediante App-Tel\u00e9fono y manual (encender-apagar)<\/span><\/li>\n<li><span style=\"font-family: verdana, geneva, sans-serif;\">Opci\u00f3n control colores de llamas &#8211;\u00a0 Nitra Flame &#8211; Colores varios, multicolor, control App- Tel\u00e9fono, manual o mando a distancia.<\/span><\/li>\n<li><span style=\"font-family: verdana, geneva, sans-serif;\">Ventilador oculto de 750 W\/1500 W con control termost\u00e1tico<\/span><\/li>\n<li><a href=\"https:\/\/www.ambifuego.net\/contacto\/\" target=\"_blank\" rel=\"noopener\"><span style=\"font-family: verdana, geneva, sans-serif;\">PVP &#8211; Disponibilidad<\/span><\/a><\/li>\n<li><a href=\"https:\/\/vimeo.com\/ambifuego\" target=\"_blank\" rel=\"noopener\"><span style=\"font-family: verdana, geneva, sans-serif;\">Videos<\/span><\/a><\/li>\n<\/ul>\n<p><img fetchpriority=\"high\" decoding=\"async\" class=\"alignnone wp-image-36386\" src=\"https:\/\/www.ambifuego.net\/wp-content\/uploads\/2017\/09\/medidas-omniglide-900.jpg\" alt=\"\" width=\"538\" height=\"273\" \/><\/p>\n<p>&nbsp;<\/p>\n","protected":false},"excerpt":{"rendered":"[caption id=\"attachment_19019\" align=\"alignnone\" width=\"550\"]<img decoding=\"async\" class=\"size-full wp-image-19019\" src=\"https:\/\/www.ambifuego.net\/wp-content\/uploads\/2017\/09\/Chimenea-electrica-Omni-glide-alto-i.jpg\" alt=\"chimenea electrica omniglide frente\" width=\"550\" height=\"550\" srcset=\"https:\/\/www.ambifuego.net\/wp-content\/uploads\/2017\/09\/Chimenea-electrica-Omni-glide-alto-i.jpg 550w, https:\/\/www.ambifuego.net\/wp-content\/uploads\/2017\/09\/Chimenea-electrica-Omni-glide-alto-i-100x100.jpg 100w\" sizes=\"(max-width: 550px) 100vw, 550px\" \/> chimenea electrica insertar colgar frente omniglide frente plata[\/caption]\n","protected":false},"featured_media":19022,"template":"","meta":[],"product_brand":[],"product_cat":[259,261,262],"product_tag":[],"class_list":{"0":"post-14754","1":"product","2":"type-product","3":"status-publish","4":"has-post-thumbnail","6":"product_cat-chimeneas-electricas-decorativas-modernas-calefactor","7":"product_cat-chimeneas-electricas-empotrar-insertar","8":"product_cat-electricas-sobre-pared","10":"first","11":"instock","12":"shipping-taxable","13":"product-type-simple"},"_links":{"self":[{"href":"https:\/\/www.ambifuego.net\/es\/wp-json\/wp\/v2\/product\/14754","targetHints":{"allow":["GET"]}}],"collection":[{"href":"https:\/\/www.ambifuego.net\/es\/wp-json\/wp\/v2\/product"}],"about":[{"href":"https:\/\/www.ambifuego.net\/es\/wp-json\/wp\/v2\/types\/product"}],"version-history":[{"count":0,"href":"https:\/\/www.ambifuego.net\/es\/wp-json\/wp\/v2\/product\/14754\/revisions"}],"wp:featuredmedia":[{"embeddable":true,"href":"https:\/\/www.ambifuego.net\/es\/wp-json\/wp\/v2\/media\/19022"}],"wp:attachment":[{"href":"https:\/\/www.ambifuego.net\/es\/wp-json\/wp\/v2\/media?parent=14754"}],"wp:term":[{"taxonomy":"product_brand","embeddable":true,"href":"https:\/\/www.ambifuego.net\/es\/wp-json\/wp\/v2\/product_brand?post=14754"},{"taxonomy":"product_cat","embeddable":true,"href":"https:\/\/www.ambifuego.net\/es\/wp-json\/wp\/v2\/product_cat?post=14754"},{"taxonomy":"product_tag","embeddable":true,"href":"https:\/\/www.ambifuego.net\/es\/wp-json\/wp\/v2\/product_tag?post=14754"}],"curies":[{"name":"wp","href":"https:\/\/api.w.org\/{rel}","templated":true}]}}