{"id":14742,"date":"2017-09-24T19:42:05","date_gmt":"2017-09-24T19:42:05","guid":{"rendered":"https:\/\/www.ambifuego.net\/xtempx\/web17\/?post_type=product&#038;p=14742"},"modified":"2023-11-17T12:24:02","modified_gmt":"2023-11-17T11:24:02","slug":"chimenea-electrica-empotrada-flamerite","status":"publish","type":"product","link":"https:\/\/www.ambifuego.net\/es\/producto\/chimenea-electrica-empotrada-flamerite\/","title":{"rendered":"CISCO"},"content":{"rendered":"<div id=\"tw-target-text-container\" class=\"tw-ta-container F0azHf tw-nfl\" tabindex=\"0\">\n<p style=\"text-align: justify;\"><span style=\"font-family: verdana, geneva, sans-serif;\">Chimenea el\u00e9ctrica empotrada Flamerite, modelo Cisco, una opci\u00f3n f\u00e1cil si desea crear un acogedor ambiente en el sal\u00f3n de su casa.\u00a0 El hogar de una casa usualmente est\u00e1 donde sed encuentra la chimenea, ya que el calor y el ambiente de una chimenea dan vida a un hogar. Una chimenea el\u00e9ctrica ofrece una alternativa positiva a una chimenea de llama abierta, pero le permite relajarse en la comodidad de su propia casa disfrutando de los beneficios, sin el coste o el mantenimiento asociado con el gas o el combustible s\u00f3lido.<\/span><\/p>\n<p style=\"text-align: justify;\"><span style=\"font-family: verdana, geneva, sans-serif;\">La chimenea el\u00e9ctrica empotrada <a href=\"https:\/\/flameritefires.com\/en\/product\/cisco-22\/\" target=\"_blank\" rel=\"noopener\">Flamerite Cisco<\/a> tiene un dise\u00f1o atractivo que realzar\u00e1 el interior moderno de su hogar. Un fuego de hogar con una inserci\u00f3n delgada y un espaciador de pared disponible para evitar la inserci\u00f3n, viene con una imagen de combustible Radia Flame 3D para producir una imagen de llama c\u00e1lida y viva con un profundo reflejo de combustible. Tambi\u00e9n est\u00e1 iluminado internamente detr\u00e1s del traste para un efecto adicional.<\/span><\/p>\n<h2><span style=\"font-size: 14pt;\">Chimenea el\u00e9ctrica moderna empotrada, para disfrutar todo el a\u00f1o, tambi\u00e9n sin calefactor.<\/span><\/h2>\n<p style=\"text-align: justify;\"><span style=\"font-family: verdana, geneva, sans-serif;\">Desde tan solo 6 W, nuestros efectos de llama LED pueden disfrutarse durante todo el a\u00f1o, con o sin calefacci\u00f3n. Tiene m\u00e1s opciones, no solo el estilo de fuego sino tambi\u00e9n el efecto de la llama y la tecnolog\u00eda de control. Nuestras chimeneas de conformidad con el dise\u00f1o ecol\u00f3gico son 100 % eficientes a partir de tan solo 750 W de calor, no se desperdicia nada. No solo es muy positivo para usted, sino tambi\u00e9n para el medio ambiente. Nuestra gama de chimeneas el\u00e9ctricas son perfectas para transformar muy f\u00e1cilmente. cualquier estancia Con la garant\u00eda a\u00f1adida de que est\u00e1 comprando productos de fabricaci\u00f3n brit\u00e1nica y de una empresa familiar con m\u00e1s de 50 a\u00f1os de experiencia en el sector y con un servicio de atenci\u00f3n al cliente sin precedentes.<\/span><\/p>\n<p style=\"text-align: justify;\"><span style=\"font-family: verdana, geneva, sans-serif;\">La chimenea el\u00e9ctrica moderna Flamerite modelo Cisco puede tener efectos de llamas a elegir son <a href=\"https:\/\/flameritefires.com\/es\/control-features\/\" target=\"_blank\" rel=\"noopener\">RADIA O NITRA.<\/a>\u00a0 Estos son efectos de llamas y combustibles vibrantes y coloridos con profundos reflejos de alta definici\u00f3n. Los efectos de llamas con LEDs, son regulables y con funci\u00f3n de cambio de color y 5 animaciones de llamas preestablecidas.<\/span><\/p>\n<h2><span style=\"font-size: 14pt;\"><strong>Flamerite, el\u00a0 fabricante de chimeneas el\u00e9ctricas con m\u00e1s antig\u00fcedad en el Reino Unido.<\/strong><\/span><\/h2>\n<ul>\n<li><span style=\"font-family: verdana, geneva, sans-serif;\">Chimenea el\u00e9ctrica moderna para insertar o montar en una pared.<\/span><\/li>\n<li><span style=\"font-family: verdana, geneva, sans-serif;\">Le\u00f1os y tambi\u00e9n brasas decorativas.<\/span><\/li>\n<li><span style=\"font-family: verdana, geneva, sans-serif;\">Adem\u00e1s con temporizador programable adaptativo de 7 d\u00edas con una sola programaci\u00f3n.<\/span><\/li>\n<li><span style=\"font-family: verdana, geneva, sans-serif;\">Detecci\u00f3n de ventana abierta.<\/span><\/li>\n<li><span style=\"font-family: verdana, geneva, sans-serif;\">Opcion efecto de llamas Radia Flame 3D y adem\u00e1s Nitra Flame (con diversos colores)<\/span><\/li>\n<li><span style=\"font-family: verdana, geneva, sans-serif;\">Control manual, con mando a distancia as\u00ed como con una aplicaci\u00f3n (tel\u00e9fono)<\/span><\/li>\n<li><span style=\"font-family: verdana, geneva, sans-serif;\">Calefactor oculto con control termost\u00e1tico 750 \/ 1500 W.<\/span><\/li>\n<li><span style=\"font-family: verdana, geneva, sans-serif;\">Color de marco; plata, bronce o lat\u00f3n.<\/span><\/li>\n<li><span style=\"font-family: verdana, geneva, sans-serif;\">Insertable para hueco de 42 x 57 cm.<\/span><\/li>\n<li><span style=\"font-family: verdana, geneva, sans-serif;\">Tambi\u00e9n disponible un espaciador para adaptar a una pared plana.<strong>\u00a0<\/strong><\/span><\/li>\n<li><span style=\"font-family: verdana, geneva, sans-serif;\"><a href=\"https:\/\/www.ambifuego.net\/wp-content\/uploads\/2023\/10\/20-10-23-cat.general-comprimido.pdf\" target=\"_blank\" rel=\"noopener\">Cat\u00e1logo<\/a><\/span><\/li>\n<li><a href=\"https:\/\/www.ambifuego.net\/contacto\/\" target=\"_blank\" rel=\"noopener\"><span style=\"font-family: verdana, geneva, sans-serif;\">PVP &#8211; Disponibilidad<\/span><\/a><\/li>\n<\/ul>\n<p><img fetchpriority=\"high\" decoding=\"async\" class=\"alignnone size-full wp-image-57531\" src=\"https:\/\/www.ambifuego.net\/wp-content\/uploads\/2017\/09\/arlo-medidas_optimized.jpg\" alt=\"\" width=\"480\" height=\"380\" srcset=\"https:\/\/www.ambifuego.net\/wp-content\/uploads\/2017\/09\/arlo-medidas_optimized.jpg 480w, https:\/\/www.ambifuego.net\/wp-content\/uploads\/2017\/09\/arlo-medidas_optimized-341x270.jpg 341w\" sizes=\"(max-width: 480px) 100vw, 480px\" \/><\/p>\n<\/div>\n<div id=\"tw-target-rmn-container\" class=\"tw-target-rmn tw-ta-container F0azHf tw-nfl\">\n<pre id=\"tw-target-rmn\" class=\"tw-data-placeholder tw-text-small tw-ta\" dir=\"ltr\" data-placeholder=\"\"><\/pre>\n<\/div>\n<div class=\"iYB33c\">\n<div id=\"tw-tmenu\" class=\"tw-menu\"><\/div>\n<\/div>\n","protected":false},"excerpt":{"rendered":"<p><img decoding=\"async\" class=\"alignnone size-medium wp-image-57560\" src=\"https:\/\/www.ambifuego.net\/wp-content\/uploads\/2017\/09\/cisco-22-extreme-glass-beads_optimized-480x360.jpg\" alt=\"\" width=\"480\" height=\"360\" srcset=\"https:\/\/www.ambifuego.net\/wp-content\/uploads\/2017\/09\/cisco-22-extreme-glass-beads_optimized-480x360.jpg 480w, https:\/\/www.ambifuego.net\/wp-content\/uploads\/2017\/09\/cisco-22-extreme-glass-beads_optimized-360x270.jpg 360w, https:\/\/www.ambifuego.net\/wp-content\/uploads\/2017\/09\/cisco-22-extreme-glass-beads_optimized-585x439.jpg 585w, https:\/\/www.ambifuego.net\/wp-content\/uploads\/2017\/09\/cisco-22-extreme-glass-beads_optimized.jpg 600w\" sizes=\"(max-width: 480px) 100vw, 480px\" \/><\/p>\n","protected":false},"featured_media":57557,"template":"","meta":[],"product_brand":[],"product_cat":[259,261],"product_tag":[],"class_list":{"0":"post-14742","1":"product","2":"type-product","3":"status-publish","4":"has-post-thumbnail","6":"product_cat-chimeneas-electricas-decorativas-modernas-calefactor","7":"product_cat-chimeneas-electricas-empotrar-insertar","9":"first","10":"instock","11":"shipping-taxable","12":"product-type-simple"},"_links":{"self":[{"href":"https:\/\/www.ambifuego.net\/es\/wp-json\/wp\/v2\/product\/14742","targetHints":{"allow":["GET"]}}],"collection":[{"href":"https:\/\/www.ambifuego.net\/es\/wp-json\/wp\/v2\/product"}],"about":[{"href":"https:\/\/www.ambifuego.net\/es\/wp-json\/wp\/v2\/types\/product"}],"version-history":[{"count":0,"href":"https:\/\/www.ambifuego.net\/es\/wp-json\/wp\/v2\/product\/14742\/revisions"}],"wp:featuredmedia":[{"embeddable":true,"href":"https:\/\/www.ambifuego.net\/es\/wp-json\/wp\/v2\/media\/57557"}],"wp:attachment":[{"href":"https:\/\/www.ambifuego.net\/es\/wp-json\/wp\/v2\/media?parent=14742"}],"wp:term":[{"taxonomy":"product_brand","embeddable":true,"href":"https:\/\/www.ambifuego.net\/es\/wp-json\/wp\/v2\/product_brand?post=14742"},{"taxonomy":"product_cat","embeddable":true,"href":"https:\/\/www.ambifuego.net\/es\/wp-json\/wp\/v2\/product_cat?post=14742"},{"taxonomy":"product_tag","embeddable":true,"href":"https:\/\/www.ambifuego.net\/es\/wp-json\/wp\/v2\/product_tag?post=14742"}],"curies":[{"name":"wp","href":"https:\/\/api.w.org\/{rel}","templated":true}]}}