{"id":14731,"date":"2017-09-24T19:37:56","date_gmt":"2017-09-24T19:37:56","guid":{"rendered":"https:\/\/www.ambifuego.net\/xtempx\/web17\/?post_type=product&#038;p=14731"},"modified":"2024-05-02T09:52:06","modified_gmt":"2024-05-02T07:52:06","slug":"chimenea-electrica-colgada-suelo-conjunto","status":"publish","type":"product","link":"https:\/\/www.ambifuego.net\/es\/producto\/chimenea-electrica-colgada-suelo-conjunto\/","title":{"rendered":"ADOR"},"content":{"rendered":"<p style=\"text-align: justify;\">Chimenea el\u00e9ctrica colgada &#8211; suelo y tambi\u00e9n con calefacci\u00f3n incluida.\u00a0 Sin cristal frontal y adem\u00e1s con simulaci\u00f3n llama c\u00e1lida. Por lo tanto vemos\u00a0 una imagen de llama c\u00e1lida y vivaz con un reflejo de combustible profundo. Igualmente tambi\u00e9n tiene la opci\u00f3n a llamas de colores (Nitra flame).<\/p>\n<h2 style=\"text-align: justify;\"><span style=\"font-size: 12pt;\">Chimenea el\u00e9ctrica colgada o de pie moderna<\/span><\/h2>\n<p style=\"text-align: justify;\"><span style=\"font-family: verdana, geneva, sans-serif;\">Por lo tanto este modelo de Chimenea el\u00e9ctrica\u00a0 puede montarse sobre una pared o simplemente sobre el suelo. Casi s\u00f3lo se necesita una toma el\u00e9ctrica cerca y ya puede disfrutar de su chimenea.<\/span><\/p>\n<p style=\"text-align: justify;\"><span style=\"font-family: verdana, geneva, sans-serif;\">En consecuencia, estas chimeneas de gran belleza y visi\u00f3n de las llamas son muy f\u00e1ciles de montar. Adem\u00e1s estos modelos requieren un m\u00ednimo de mantenimiento y tambi\u00e9n son de bajo consumo ya que sus bombillas son Leds. Chimenea <strong>modelo Ador,<\/strong>\u00a0 es un conjunto moderno, muy decorativo y por lo tanto ideal\u00a0 para crear\u00a0 ambientes en cualquier estancia. Esta chimenea el\u00e9ctrica colgada o m\u00e1s bien mural, requiere s\u00f3lo dos puntos de anclaje y ya est\u00e1!<\/span><\/p>\n<p style=\"text-align: justify;\"><span style=\"font-family: verdana, geneva, sans-serif;\">Ciertamente ofrece todas las ventajas del calor el\u00e9ctrico con la belleza de\u00a0 llamas.<\/span><\/p>\n<ul>\n<li style=\"text-align: justify;\"><span style=\"font-family: verdana, geneva, sans-serif;\">Control remoto mediante App\u00a0 adem\u00e1s de opci\u00f3n a mando.<\/span><\/li>\n<li style=\"text-align: justify;\"><span style=\"font-family: verdana, geneva, sans-serif;\">Estructura exterior en madera Dm lacada en pintura lisa o m\u00e1s bien texturizada<\/span><\/li>\n<li style=\"text-align: justify;\"><span style=\"font-family: verdana, geneva, sans-serif;\">Colores de tonos crema marfil, as\u00ed como blanco \u00e1rtico o igualmente gris pastel<\/span><\/li>\n<li style=\"text-align: justify;\"><span style=\"font-family: verdana, geneva, sans-serif;\">Conjunto chimenea colgada o en cambio sobre el suelo<\/span><\/li>\n<li style=\"text-align: justify;\"><span style=\"font-family: verdana, geneva, sans-serif;\">Calefactor oculto 750 &#8211; 1500 W<\/span><\/li>\n<li style=\"text-align: justify;\"><span style=\"font-family: verdana, geneva, sans-serif;\">Paneles laterales de cristal<\/span><\/li>\n<li style=\"text-align: justify;\"><span style=\"font-family: verdana, geneva, sans-serif;\">Paneles trasero imitaci\u00f3n cer\u00e1mica decorativa<\/span><\/li>\n<li style=\"text-align: justify;\"><span style=\"font-family: verdana, geneva, sans-serif;\">Iluminaciones laterales<\/span><\/li>\n<li style=\"text-align: justify;\"><span style=\"font-family: verdana, geneva, sans-serif;\">Juego de troncos de abedul plateado o Woodland<\/span><\/li>\n<li style=\"text-align: justify;\"><span style=\"font-family: verdana, geneva, sans-serif;\">Colores; blanco, piedra blanca, beige, piedra beige o gris minera<\/span><\/li>\n<li style=\"text-align: justify;\"><span style=\"font-family: verdana, geneva, sans-serif;\"><strong>Bombillas-Led<\/strong><\/span><\/li>\n<li style=\"text-align: justify;\"><span style=\"font-family: verdana, geneva, sans-serif;\">Acabado de pintura fina o tambi\u00e9n texturado . Disponible tambi\u00e9n color crema marfil, Blanco \u00e1rtico, gris pastel<\/span><\/li>\n<li style=\"text-align: justify;\"><span style=\"font-family: verdana, geneva, sans-serif;\">Sobre pared- Alto- 610 \/ Ancho-1200 \/ Fondo- 255 mm<\/span><\/li>\n<li style=\"text-align: justify;\"><span style=\"font-family: verdana, geneva, sans-serif;\">Sobre Suelo- Alto-760 \/ Ancho 1200 \/ Fondo-255 mm<\/span><\/li>\n<li style=\"text-align: justify;\"><span style=\"font-family: verdana, geneva, sans-serif;\"><a href=\"https:\/\/www.ambifuego.net\/wp-content\/uploads\/2023\/10\/20-10-23-cat.general-comprimido.pdf\" target=\"_blank\" rel=\"noopener\">Cat\u00e1logo<\/a>\u00a0<\/span><\/li>\n<li><a href=\"https:\/\/www.ambifuego.net\/contacto\/\" target=\"_blank\" rel=\"noopener\">PVP &#8211; Disponibilidad<\/a><\/li>\n<\/ul>\n<table style=\"border-collapse: collapse; width: 49.23%; height: 177px;\">\n<tbody>\n<tr>\n<td style=\"width: 20%;\">Modelo<\/td>\n<td style=\"width: 12.2747%;\">\u00a0 \u00a0 \u00a0A<\/td>\n<td style=\"width: 12.2747%;\">\u00a0 \u00a0 \u00a0B<\/td>\n<td style=\"width: 12.06%;\">\u00a0 \u00a0 \u00a0C<\/td>\n<td style=\"width: 12.146%;\">\u00a0 \u00a0Kw<\/td>\n<td style=\"width: 14.5064%;\">\u00a0 Mando<\/td>\n<\/tr>\n<tr>\n<td style=\"width: 20%;\">\u00a0Ador-Pared<\/td>\n<td style=\"width: 12.2747%;\">\u00a0 1200<\/td>\n<td style=\"width: 12.2747%;\">\u00a0 \u00a0610<\/td>\n<td style=\"width: 12.06%;\">\u00a0 \u00a0255<\/td>\n<td style=\"width: 12.146%;\">\u00a0 \u00a0 1,5<\/td>\n<td style=\"width: 14.5064%;\">\u00a0 \u00a0 \u00a0Si<\/td>\n<\/tr>\n<tr>\n<td style=\"width: 20%;\">\u00a0Ador-Suelo<\/td>\n<td style=\"width: 12.2747%;\">\u00a0 1200<\/td>\n<td style=\"width: 12.2747%;\">\u00a0 \u00a0760<\/td>\n<td style=\"width: 12.06%;\">\u00a0 \u00a0255<\/td>\n<td style=\"width: 12.146%;\">\u00a0 \u00a0 1,5<\/td>\n<td style=\"width: 14.5064%;\">\u00a0 \u00a0 \u00a0Si<\/td>\n<\/tr>\n<\/tbody>\n<\/table>\n<p>&nbsp;<\/p>\n<figure id=\"attachment_49048\" aria-describedby=\"caption-attachment-49048\" style=\"width: 330px\" class=\"wp-caption alignnone\"><img fetchpriority=\"high\" decoding=\"async\" class=\" wp-image-49048\" src=\"https:\/\/www.ambifuego.net\/wp-content\/uploads\/2017\/09\/ador-plano-1.jpg\" alt=\"plano ador suelo colgada\" width=\"330\" height=\"191\" \/><figcaption id=\"caption-attachment-49048\" class=\"wp-caption-text\">Chimenea el\u00e9ctrica ador suelo colgada . plano<\/figcaption><\/figure>\n","protected":false},"excerpt":{"rendered":"[caption id=\"attachment_49045\" align=\"alignnone\" width=\"425\"]<img decoding=\"async\" class=\"size-full wp-image-49045\" src=\"https:\/\/www.ambifuego.net\/wp-content\/uploads\/2017\/09\/ador-suite-1-copia_optimized.jpg\" alt=\"chimenea conjunto electrico ador sobre suelo\" width=\"425\" height=\"284\" srcset=\"https:\/\/www.ambifuego.net\/wp-content\/uploads\/2017\/09\/ador-suite-1-copia_optimized.jpg 425w, https:\/\/www.ambifuego.net\/wp-content\/uploads\/2017\/09\/ador-suite-1-copia_optimized-404x270.jpg 404w\" sizes=\"(max-width: 425px) 100vw, 425px\" \/> chimenea electrica conjunto sobre suelo ador[\/caption]\n","protected":false},"featured_media":49039,"template":"","meta":[],"product_brand":[],"product_cat":[264,262],"product_tag":[],"class_list":{"0":"post-14731","1":"product","2":"type-product","3":"status-publish","4":"has-post-thumbnail","6":"product_cat-chimeneas-electricas-conjuntos-suite","7":"product_cat-electricas-sobre-pared","9":"first","10":"instock","11":"shipping-taxable","12":"product-type-simple"},"_links":{"self":[{"href":"https:\/\/www.ambifuego.net\/es\/wp-json\/wp\/v2\/product\/14731","targetHints":{"allow":["GET"]}}],"collection":[{"href":"https:\/\/www.ambifuego.net\/es\/wp-json\/wp\/v2\/product"}],"about":[{"href":"https:\/\/www.ambifuego.net\/es\/wp-json\/wp\/v2\/types\/product"}],"version-history":[{"count":0,"href":"https:\/\/www.ambifuego.net\/es\/wp-json\/wp\/v2\/product\/14731\/revisions"}],"wp:featuredmedia":[{"embeddable":true,"href":"https:\/\/www.ambifuego.net\/es\/wp-json\/wp\/v2\/media\/49039"}],"wp:attachment":[{"href":"https:\/\/www.ambifuego.net\/es\/wp-json\/wp\/v2\/media?parent=14731"}],"wp:term":[{"taxonomy":"product_brand","embeddable":true,"href":"https:\/\/www.ambifuego.net\/es\/wp-json\/wp\/v2\/product_brand?post=14731"},{"taxonomy":"product_cat","embeddable":true,"href":"https:\/\/www.ambifuego.net\/es\/wp-json\/wp\/v2\/product_cat?post=14731"},{"taxonomy":"product_tag","embeddable":true,"href":"https:\/\/www.ambifuego.net\/es\/wp-json\/wp\/v2\/product_tag?post=14731"}],"curies":[{"name":"wp","href":"https:\/\/api.w.org\/{rel}","templated":true}]}}