{"id":14718,"date":"2017-09-24T19:33:26","date_gmt":"2017-09-24T19:33:26","guid":{"rendered":"https:\/\/www.ambifuego.net\/xtempx\/web17\/?post_type=product&#038;p=14718"},"modified":"2023-11-17T14:37:31","modified_gmt":"2023-11-17T13:37:31","slug":"chimenea-electrica-3-lados","status":"publish","type":"product","link":"https:\/\/www.ambifuego.net\/es\/producto\/chimenea-electrica-3-lados\/","title":{"rendered":"1-2-3 LADOS &#8211; 800"},"content":{"rendered":"<p>&nbsp;<\/p>\n<h2><span style=\"font-family: verdana, geneva, sans-serif; font-size: 14pt;\">Chimenea el\u00e9ctrica 3 lados, con amplia visi\u00f3n del juego de las llamas y con le\u00f1os cer\u00e1micos de gran realismo.<\/span><\/h2>\n<ul>\n<li><span style=\"font-family: verdana, geneva, sans-serif;\">Chimenea el\u00e9ctrica CON CRISTAL FRONTAL<\/span><\/li>\n<li><span style=\"font-family: verdana, geneva, sans-serif;\">Vista de llamas a 1 &#8211;\u00a0 2\u00a0 o 3 lados<\/span><\/li>\n<li><span style=\"font-family: verdana, geneva, sans-serif;\">Cristal anti-reflejos<\/span><\/li>\n<li><span style=\"font-family: verdana, geneva, sans-serif;\">Gran realismo y visi\u00f3n del fuego<\/span><\/li>\n<li><span style=\"font-family: verdana, geneva, sans-serif;\">Led-bajo consumo, larga duraci\u00f3n<\/span><\/li>\n<li><span style=\"font-family: verdana, geneva, sans-serif;\">Potencia calefactor 750 &#8211; 1500 W<\/span><\/li>\n<li><span style=\"font-family: verdana, geneva, sans-serif;\">Control &#8211; APP-(Tel\u00e9fono) &#8211; Mando a distancia (Disponible en breve)<\/span><\/li>\n<li><span style=\"font-family: verdana, geneva, sans-serif;\">Efecto de llamas abundantes y profundas<\/span><\/li>\n<li><span style=\"font-family: verdana, geneva, sans-serif;\"><strong> Le\u00f1os cer\u00e1micos &#8211; Gran Calidad<\/strong> &#8211; Piedras<\/span><\/li>\n<li><span style=\"font-family: verdana, geneva, sans-serif;\">Opci\u00f3n <strong>Nitra-Flame- <\/strong>Llamas de colores<\/span><\/li>\n<li><a href=\"https:\/\/www.ambifuego.net\/contacto\/\" target=\"_blank\" rel=\"noopener\"><span style=\"font-family: verdana, geneva, sans-serif;\">PVP &#8211; Disponibilidad<\/span><\/a><\/li>\n<li><span style=\"font-family: verdana, geneva, sans-serif;\"><a href=\"https:\/\/www.ambifuego.net\/wp-content\/uploads\/2023\/10\/20-10-23-cat.general-comprimido.pdf\" target=\"_blank\" rel=\"noopener\">Cat\u00e1logo<\/a>\u00a0<\/span><\/li>\n<\/ul>\n<p>&nbsp;<\/p>\n<p><img fetchpriority=\"high\" decoding=\"async\" class=\"alignnone wp-image-40085\" src=\"https:\/\/www.ambifuego.net\/wp-content\/uploads\/2017\/09\/800gf2-1.jpg\" alt=\"\" width=\"409\" height=\"260\" \/> <img decoding=\"async\" class=\"alignnone wp-image-40088\" src=\"https:\/\/www.ambifuego.net\/wp-content\/uploads\/2017\/09\/800gf.jpg\" alt=\"\" width=\"380\" height=\"260\" \/><\/p>\n","protected":false},"excerpt":{"rendered":"<p><img decoding=\"async\" class=\"alignnone size-full wp-image-24555\" src=\"https:\/\/www.ambifuego.net\/wp-content\/uploads\/2017\/09\/800e-3lados2-1.jpg\" alt=\"\" width=\"380\" height=\"316\" \/><\/p>\n<p>&nbsp;<\/p>\n<p>&nbsp;<\/p>\n<p>&nbsp;<\/p>\n","protected":false},"featured_media":21644,"template":"","meta":[],"product_brand":[],"product_cat":[259,260],"product_tag":[],"class_list":{"0":"post-14718","1":"product","2":"type-product","3":"status-publish","4":"has-post-thumbnail","6":"product_cat-chimeneas-electricas-decorativas-modernas-calefactor","7":"product_cat-electricas-panoramicas","9":"first","10":"instock","11":"shipping-taxable","12":"product-type-simple"},"_links":{"self":[{"href":"https:\/\/www.ambifuego.net\/es\/wp-json\/wp\/v2\/product\/14718","targetHints":{"allow":["GET"]}}],"collection":[{"href":"https:\/\/www.ambifuego.net\/es\/wp-json\/wp\/v2\/product"}],"about":[{"href":"https:\/\/www.ambifuego.net\/es\/wp-json\/wp\/v2\/types\/product"}],"version-history":[{"count":0,"href":"https:\/\/www.ambifuego.net\/es\/wp-json\/wp\/v2\/product\/14718\/revisions"}],"wp:featuredmedia":[{"embeddable":true,"href":"https:\/\/www.ambifuego.net\/es\/wp-json\/wp\/v2\/media\/21644"}],"wp:attachment":[{"href":"https:\/\/www.ambifuego.net\/es\/wp-json\/wp\/v2\/media?parent=14718"}],"wp:term":[{"taxonomy":"product_brand","embeddable":true,"href":"https:\/\/www.ambifuego.net\/es\/wp-json\/wp\/v2\/product_brand?post=14718"},{"taxonomy":"product_cat","embeddable":true,"href":"https:\/\/www.ambifuego.net\/es\/wp-json\/wp\/v2\/product_cat?post=14718"},{"taxonomy":"product_tag","embeddable":true,"href":"https:\/\/www.ambifuego.net\/es\/wp-json\/wp\/v2\/product_tag?post=14718"}],"curies":[{"name":"wp","href":"https:\/\/api.w.org\/{rel}","templated":true}]}}